{"id":12869,"date":"2025-12-13T12:29:40","date_gmt":"2025-12-13T12:29:40","guid":{"rendered":"https:\/\/schrittmacherfestival.nl\/desire\/"},"modified":"2025-12-18T13:28:37","modified_gmt":"2025-12-18T13:28:37","slug":"desire","status":"publish","type":"page","link":"https:\/\/schrittmacherfestival.nl\/de\/desire\/","title":{"rendered":"DESIRE"},"content":{"rendered":"\n<h1 class=\"wp-block-heading has-black-color has-text-color\" id=\"hofesh-shechter-company-gbr\"><strong>Inclusive Dance Creation<\/strong><\/h1>\n\n<p><strong>Swing Inn Heerlen<\/strong><br\/><strong>Fr 13.03.2026<\/strong><br\/><strong>15:00 &#8211; 16:00 Uhr<br\/>5,00 \u20ac<\/strong><\/p>\n\n<figure class=\"wp-block-image alignwide size-large\"><img data-recalc-dims=\"1\" fetchpriority=\"high\" decoding=\"async\" width=\"640\" height=\"267\" src=\"https:\/\/i0.wp.com\/schrittmacherfestival.nl\/wp-content\/uploads\/2025\/12\/DSC_3920-scaled-e1765533837104-1024x427.jpg?resize=640%2C267&#038;ssl=1\" alt=\"\" class=\"wp-image-12743\" srcset=\"https:\/\/i0.wp.com\/schrittmacherfestival.nl\/wp-content\/uploads\/2025\/12\/DSC_3920-scaled-e1765533837104.jpg?resize=1024%2C427&amp;ssl=1 1024w, https:\/\/i0.wp.com\/schrittmacherfestival.nl\/wp-content\/uploads\/2025\/12\/DSC_3920-scaled-e1765533837104.jpg?resize=300%2C125&amp;ssl=1 300w, https:\/\/i0.wp.com\/schrittmacherfestival.nl\/wp-content\/uploads\/2025\/12\/DSC_3920-scaled-e1765533837104.jpg?resize=768%2C320&amp;ssl=1 768w, https:\/\/i0.wp.com\/schrittmacherfestival.nl\/wp-content\/uploads\/2025\/12\/DSC_3920-scaled-e1765533837104.jpg?resize=31%2C13&amp;ssl=1 31w, https:\/\/i0.wp.com\/schrittmacherfestival.nl\/wp-content\/uploads\/2025\/12\/DSC_3920-scaled-e1765533837104.jpg?w=1200&amp;ssl=1 1200w\" sizes=\"(max-width: 640px) 100vw, 640px\" \/><\/figure>\n\n<hr class=\"wp-block-separator has-css-opacity\"\/>\n\n<p>Im Rahmen des \u201eDESIRE\u201d-Projekts \u2013 zur F\u00f6rderung inklusiver Tanzpraktiken in der Euregio \u2013 zeigen Studierende der Mosa Ballet School und T\u00e4nzer*innen mit Behinderung aus L\u00fcttich kurze St\u00fccke zu Rhythmus, Blickkontakt und Ber\u00fchrung. Das Programm beginnt mit einer Einf\u00fchrung und schlie\u00dft nach jeder Auff\u00fchrung ein Gespr\u00e4ch \u00fcber Inklusion und Zusammenarbeit ein. Zuvor kann man an dem Vortrag \u201eDancing and the Brain\u201c  \u2018<a href=\"https:\/\/schrittmacherfestival.nl\/de\/dancing-and-the-brain\/\" title=\"\">Dancing and the Brain<\/a>\u2019 teilnehmen<\/p>\n\n<p>Duration: ~ 60 min. incl. Introduction and Aftertalk<\/p>\n\n<hr class=\"wp-block-separator has-css-opacity\"\/>\n\n<div class=\"wp-block-buttons is-horizontal is-content-justification-center is-layout-flex wp-container-core-buttons-is-layout-499968f5 wp-block-buttons-is-layout-flex\">\n<div class=\"wp-block-button\"><a class=\"wp-block-button__link has-white-color has-black-background-color has-text-color has-background wp-element-button\" href=\"https:\/\/bestellen.plt.nl\/bestel\/13794\" target=\"_blank\" rel=\"noreferrer noopener\"><strong>Tickets Fr 13.03 | 15.00 Uhr<\/strong><\/a><\/div>\n<\/div>\n\n<hr class=\"wp-block-separator has-css-opacity\"\/>\n\n<figure class=\"wp-block-gallery has-nested-images columns-default is-cropped wp-block-gallery-1 is-layout-flex wp-block-gallery-is-layout-flex\">\n<figure class=\"wp-block-image size-large\"><img data-recalc-dims=\"1\" decoding=\"async\" width=\"640\" height=\"962\" data-id=\"12866\" src=\"https:\/\/i0.wp.com\/schrittmacherfestival.nl\/wp-content\/uploads\/2025\/12\/DSC_3653.jpg?resize=640%2C962&#038;ssl=1\" alt=\"\" class=\"wp-image-12866\" srcset=\"https:\/\/i0.wp.com\/schrittmacherfestival.nl\/wp-content\/uploads\/2025\/12\/DSC_3653-scaled.jpg?resize=681%2C1024&amp;ssl=1 681w, https:\/\/i0.wp.com\/schrittmacherfestival.nl\/wp-content\/uploads\/2025\/12\/DSC_3653-scaled.jpg?resize=200%2C300&amp;ssl=1 200w, https:\/\/i0.wp.com\/schrittmacherfestival.nl\/wp-content\/uploads\/2025\/12\/DSC_3653-scaled.jpg?resize=768%2C1154&amp;ssl=1 768w, https:\/\/i0.wp.com\/schrittmacherfestival.nl\/wp-content\/uploads\/2025\/12\/DSC_3653-scaled.jpg?resize=1022%2C1536&amp;ssl=1 1022w, https:\/\/i0.wp.com\/schrittmacherfestival.nl\/wp-content\/uploads\/2025\/12\/DSC_3653-scaled.jpg?resize=1363%2C2048&amp;ssl=1 1363w, https:\/\/i0.wp.com\/schrittmacherfestival.nl\/wp-content\/uploads\/2025\/12\/DSC_3653-scaled.jpg?resize=18%2C27&amp;ssl=1 18w, https:\/\/i0.wp.com\/schrittmacherfestival.nl\/wp-content\/uploads\/2025\/12\/DSC_3653-scaled.jpg?w=1703&amp;ssl=1 1703w, https:\/\/i0.wp.com\/schrittmacherfestival.nl\/wp-content\/uploads\/2025\/12\/DSC_3653-scaled.jpg?w=1280&amp;ssl=1 1280w\" sizes=\"(max-width: 640px) 100vw, 640px\" \/><\/figure>\n\n\n\n<figure class=\"wp-block-image size-large\"><img data-recalc-dims=\"1\" decoding=\"async\" width=\"640\" height=\"962\" data-id=\"12865\" src=\"https:\/\/i0.wp.com\/schrittmacherfestival.nl\/wp-content\/uploads\/2025\/12\/DSC_3920-1.jpg?resize=640%2C962&#038;ssl=1\" alt=\"\" class=\"wp-image-12865\" srcset=\"https:\/\/i0.wp.com\/schrittmacherfestival.nl\/wp-content\/uploads\/2025\/12\/DSC_3920-1-scaled.jpg?resize=681%2C1024&amp;ssl=1 681w, https:\/\/i0.wp.com\/schrittmacherfestival.nl\/wp-content\/uploads\/2025\/12\/DSC_3920-1-scaled.jpg?resize=200%2C300&amp;ssl=1 200w, https:\/\/i0.wp.com\/schrittmacherfestival.nl\/wp-content\/uploads\/2025\/12\/DSC_3920-1-scaled.jpg?resize=768%2C1154&amp;ssl=1 768w, https:\/\/i0.wp.com\/schrittmacherfestival.nl\/wp-content\/uploads\/2025\/12\/DSC_3920-1-scaled.jpg?resize=1022%2C1536&amp;ssl=1 1022w, https:\/\/i0.wp.com\/schrittmacherfestival.nl\/wp-content\/uploads\/2025\/12\/DSC_3920-1-scaled.jpg?resize=1363%2C2048&amp;ssl=1 1363w, https:\/\/i0.wp.com\/schrittmacherfestival.nl\/wp-content\/uploads\/2025\/12\/DSC_3920-1-scaled.jpg?resize=18%2C27&amp;ssl=1 18w, https:\/\/i0.wp.com\/schrittmacherfestival.nl\/wp-content\/uploads\/2025\/12\/DSC_3920-1-scaled.jpg?w=1703&amp;ssl=1 1703w, https:\/\/i0.wp.com\/schrittmacherfestival.nl\/wp-content\/uploads\/2025\/12\/DSC_3920-1-scaled.jpg?w=1280&amp;ssl=1 1280w\" sizes=\"(max-width: 640px) 100vw, 640px\" \/><\/figure>\n\n\n\n<figure class=\"wp-block-image size-large\"><img data-recalc-dims=\"1\" loading=\"lazy\" decoding=\"async\" width=\"640\" height=\"962\" data-id=\"12864\" src=\"https:\/\/i0.wp.com\/schrittmacherfestival.nl\/wp-content\/uploads\/2025\/12\/DSC_3886.jpg?resize=640%2C962&#038;ssl=1\" alt=\"\" class=\"wp-image-12864\" srcset=\"https:\/\/i0.wp.com\/schrittmacherfestival.nl\/wp-content\/uploads\/2025\/12\/DSC_3886-scaled.jpg?resize=681%2C1024&amp;ssl=1 681w, https:\/\/i0.wp.com\/schrittmacherfestival.nl\/wp-content\/uploads\/2025\/12\/DSC_3886-scaled.jpg?resize=200%2C300&amp;ssl=1 200w, https:\/\/i0.wp.com\/schrittmacherfestival.nl\/wp-content\/uploads\/2025\/12\/DSC_3886-scaled.jpg?resize=768%2C1154&amp;ssl=1 768w, https:\/\/i0.wp.com\/schrittmacherfestival.nl\/wp-content\/uploads\/2025\/12\/DSC_3886-scaled.jpg?resize=1022%2C1536&amp;ssl=1 1022w, https:\/\/i0.wp.com\/schrittmacherfestival.nl\/wp-content\/uploads\/2025\/12\/DSC_3886-scaled.jpg?resize=1363%2C2048&amp;ssl=1 1363w, https:\/\/i0.wp.com\/schrittmacherfestival.nl\/wp-content\/uploads\/2025\/12\/DSC_3886-scaled.jpg?resize=18%2C27&amp;ssl=1 18w, https:\/\/i0.wp.com\/schrittmacherfestival.nl\/wp-content\/uploads\/2025\/12\/DSC_3886-scaled.jpg?w=1703&amp;ssl=1 1703w, https:\/\/i0.wp.com\/schrittmacherfestival.nl\/wp-content\/uploads\/2025\/12\/DSC_3886-scaled.jpg?w=1280&amp;ssl=1 1280w\" sizes=\"(max-width: 640px) 100vw, 640px\" \/><\/figure>\n<\/figure>\n\n<hr class=\"wp-block-separator has-css-opacity\"\/>\n\n<p><\/p>\n","protected":false},"excerpt":{"rendered":"<p>Inclusive Dance Creation Swing Inn HeerlenFr 13.03.202615:00 &#8211; 16:00 Uhr5,00 \u20ac Im Rahmen des \u201eDESIRE\u201d-Projekts \u2013 zur F\u00f6rderung inklusiver Tanzpraktiken in der Euregio \u2013 zeigen Studierende der Mosa Ballet School und T\u00e4nzer*innen mit Behinderung aus L\u00fcttich kurze St\u00fccke zu Rhythmus, Blickkontakt und Ber\u00fchrung. Das Programm beginnt mit einer Einf\u00fchrung und schlie\u00dft nach jeder Auff\u00fchrung ein Gespr\u00e4ch \u00fcber Inklusion und Zusammenarbeit [&hellip;]<\/p>\n","protected":false},"author":1,"featured_media":0,"parent":0,"menu_order":0,"comment_status":"closed","ping_status":"closed","template":"","meta":{"_acf_changed":false,"footnotes":""},"class_list":["post-12869","page","type-page","status-publish","hentry"],"aioseo_notices":[],"acf":[],"jetpack_sharing_enabled":true,"_links":{"self":[{"href":"https:\/\/schrittmacherfestival.nl\/de\/wp-json\/wp\/v2\/pages\/12869","targetHints":{"allow":["GET"]}}],"collection":[{"href":"https:\/\/schrittmacherfestival.nl\/de\/wp-json\/wp\/v2\/pages"}],"about":[{"href":"https:\/\/schrittmacherfestival.nl\/de\/wp-json\/wp\/v2\/types\/page"}],"author":[{"embeddable":true,"href":"https:\/\/schrittmacherfestival.nl\/de\/wp-json\/wp\/v2\/users\/1"}],"replies":[{"embeddable":true,"href":"https:\/\/schrittmacherfestival.nl\/de\/wp-json\/wp\/v2\/comments?post=12869"}],"version-history":[{"count":4,"href":"https:\/\/schrittmacherfestival.nl\/de\/wp-json\/wp\/v2\/pages\/12869\/revisions"}],"predecessor-version":[{"id":13394,"href":"https:\/\/schrittmacherfestival.nl\/de\/wp-json\/wp\/v2\/pages\/12869\/revisions\/13394"}],"wp:attachment":[{"href":"https:\/\/schrittmacherfestival.nl\/de\/wp-json\/wp\/v2\/media?parent=12869"}],"curies":[{"name":"wp","href":"https:\/\/api.w.org\/{rel}","templated":true}]}}