{"id":12885,"date":"2025-12-13T12:45:47","date_gmt":"2025-12-13T12:45:47","guid":{"rendered":"https:\/\/schrittmacherfestival.nl\/interactive-lecture-touch-why-and-to-what-extent-do-we-benefit-from-it-when-we-dance-ci\/"},"modified":"2025-12-17T11:06:27","modified_gmt":"2025-12-17T11:06:27","slug":"interactive-lecture-touch-why-and-to-what-extent-do-we-benefit-from-it-when-we-dance-ci","status":"publish","type":"page","link":"https:\/\/schrittmacherfestival.nl\/de\/interactive-lecture-touch-why-and-to-what-extent-do-we-benefit-from-it-when-we-dance-ci\/","title":{"rendered":"Interactive Lecture \u201cTouch \u2013 why and to what extent do we benefit from it when we dance CI?\u201d"},"content":{"rendered":"\n<h1 class=\"wp-block-heading has-black-color has-text-color\" id=\"hofesh-shechter-company-gbr\"><strong>Ariane Puhr<\/strong> (DE)<\/h1>\n\n<p><strong>Centre Charlemagne Aachen<\/strong><br\/><strong>Sa 14.03.2026<\/strong><br\/><strong>13.30 Uhr<br\/>8,00 \u20ac, box office only<\/strong><\/p>\n\n<figure class=\"wp-block-image alignwide size-full\"><img data-recalc-dims=\"1\" fetchpriority=\"high\" decoding=\"async\" width=\"640\" height=\"336\" src=\"https:\/\/i0.wp.com\/schrittmacherfestival.nl\/wp-content\/uploads\/2025\/12\/474645088_2072833606474022_2793396944777704641_n-1024x749-2-e1765629736116.jpg?resize=640%2C336&#038;ssl=1\" alt=\"\" class=\"wp-image-12881\" srcset=\"https:\/\/i0.wp.com\/schrittmacherfestival.nl\/wp-content\/uploads\/2025\/12\/474645088_2072833606474022_2793396944777704641_n-1024x749-2-e1765629736116.jpg?w=1024&amp;ssl=1 1024w, https:\/\/i0.wp.com\/schrittmacherfestival.nl\/wp-content\/uploads\/2025\/12\/474645088_2072833606474022_2793396944777704641_n-1024x749-2-e1765629736116.jpg?resize=300%2C158&amp;ssl=1 300w, https:\/\/i0.wp.com\/schrittmacherfestival.nl\/wp-content\/uploads\/2025\/12\/474645088_2072833606474022_2793396944777704641_n-1024x749-2-e1765629736116.jpg?resize=768%2C404&amp;ssl=1 768w, https:\/\/i0.wp.com\/schrittmacherfestival.nl\/wp-content\/uploads\/2025\/12\/474645088_2072833606474022_2793396944777704641_n-1024x749-2-e1765629736116.jpg?resize=31%2C16&amp;ssl=1 31w\" sizes=\"(max-width: 640px) 100vw, 640px\" \/><\/figure>\n\n<hr class=\"wp-block-separator has-css-opacity\"\/>\n\n<p>Ariane Puhr ist Psychologin, Heilpraktikerin f\u00fcr Psychotherapie, Musiktherapeutin und T\u00e4nzerin. Contact Improvisation beruht auf nonverbaler Kommunikation \u00fcber Ber\u00fchrung, dem Teilen von Gewicht und gemeinsamem Improvisieren. Sie wird h\u00e4ufig als Quelle von Resilienz, Wachstum, Ausgeglichenheit und Freude erlebt. Ariane Puhr hat in 96 Begegnungen psychologische Wirkungen dieser Praxis untersucht. In ihrer Lesung l\u00e4dt sie ein, mehr \u00fcber die Wissenschaft der Ber\u00fchrung zu erfahren \u2013 und dar\u00fcber, wie Contact Improvisation unser Wohlbefinden st\u00e4rkt.<\/p>\n\n<p>Duration: ~ 60 min. plus 30 min. Q&amp;A<\/p>\n\n<hr class=\"wp-block-separator has-css-opacity\"\/>\n\n<figure class=\"wp-block-gallery has-nested-images columns-default is-cropped wp-block-gallery-1 is-layout-flex wp-block-gallery-is-layout-flex\">\n<figure class=\"wp-block-image size-large\"><img data-recalc-dims=\"1\" decoding=\"async\" width=\"640\" height=\"427\" data-id=\"12817\" src=\"https:\/\/i0.wp.com\/schrittmacherfestival.nl\/wp-content\/uploads\/2025\/12\/Ariane-Puhr-15.03.-CI-PerformanceJam-c-Patrick-Beelaert-1.jpg?resize=640%2C427&#038;ssl=1\" alt=\"\" class=\"wp-image-12817\" srcset=\"https:\/\/i0.wp.com\/schrittmacherfestival.nl\/wp-content\/uploads\/2025\/12\/Ariane-Puhr-15.03.-CI-PerformanceJam-c-Patrick-Beelaert-1-scaled.jpg?resize=1024%2C683&amp;ssl=1 1024w, https:\/\/i0.wp.com\/schrittmacherfestival.nl\/wp-content\/uploads\/2025\/12\/Ariane-Puhr-15.03.-CI-PerformanceJam-c-Patrick-Beelaert-1-scaled.jpg?resize=300%2C200&amp;ssl=1 300w, https:\/\/i0.wp.com\/schrittmacherfestival.nl\/wp-content\/uploads\/2025\/12\/Ariane-Puhr-15.03.-CI-PerformanceJam-c-Patrick-Beelaert-1-scaled.jpg?resize=768%2C512&amp;ssl=1 768w, https:\/\/i0.wp.com\/schrittmacherfestival.nl\/wp-content\/uploads\/2025\/12\/Ariane-Puhr-15.03.-CI-PerformanceJam-c-Patrick-Beelaert-1-scaled.jpg?resize=1536%2C1024&amp;ssl=1 1536w, https:\/\/i0.wp.com\/schrittmacherfestival.nl\/wp-content\/uploads\/2025\/12\/Ariane-Puhr-15.03.-CI-PerformanceJam-c-Patrick-Beelaert-1-scaled.jpg?resize=2048%2C1365&amp;ssl=1 2048w, https:\/\/i0.wp.com\/schrittmacherfestival.nl\/wp-content\/uploads\/2025\/12\/Ariane-Puhr-15.03.-CI-PerformanceJam-c-Patrick-Beelaert-1-scaled.jpg?resize=600%2C400&amp;ssl=1 600w, https:\/\/i0.wp.com\/schrittmacherfestival.nl\/wp-content\/uploads\/2025\/12\/Ariane-Puhr-15.03.-CI-PerformanceJam-c-Patrick-Beelaert-1-scaled.jpg?resize=31%2C21&amp;ssl=1 31w, https:\/\/i0.wp.com\/schrittmacherfestival.nl\/wp-content\/uploads\/2025\/12\/Ariane-Puhr-15.03.-CI-PerformanceJam-c-Patrick-Beelaert-1-scaled.jpg?w=1280&amp;ssl=1 1280w, https:\/\/i0.wp.com\/schrittmacherfestival.nl\/wp-content\/uploads\/2025\/12\/Ariane-Puhr-15.03.-CI-PerformanceJam-c-Patrick-Beelaert-1-scaled.jpg?w=1920&amp;ssl=1 1920w\" sizes=\"(max-width: 640px) 100vw, 640px\" \/><\/figure>\n\n\n\n<figure class=\"wp-block-image size-large\"><img data-recalc-dims=\"1\" decoding=\"async\" width=\"640\" height=\"960\" data-id=\"12744\" src=\"https:\/\/i0.wp.com\/schrittmacherfestival.nl\/wp-content\/uploads\/2025\/12\/Ariane-Puhr-14.03.-CI-Lecture-c-Chris-vant-Hoen.jpeg?resize=640%2C960&#038;ssl=1\" alt=\"\" class=\"wp-image-12744\"\/><\/figure>\n<\/figure>\n\n<hr class=\"wp-block-separator has-css-opacity\"\/>\n\n<p><\/p>\n","protected":false},"excerpt":{"rendered":"<p>Ariane Puhr (DE) Centre Charlemagne AachenSa 14.03.202613.30 Uhr8,00 \u20ac, box office only Ariane Puhr ist Psychologin, Heilpraktikerin f\u00fcr Psychotherapie, Musiktherapeutin und T\u00e4nzerin. Contact Improvisation beruht auf nonverbaler Kommunikation \u00fcber Ber\u00fchrung, dem Teilen von Gewicht und gemeinsamem Improvisieren. Sie wird h\u00e4ufig als Quelle von Resilienz, Wachstum, Ausgeglichenheit und Freude erlebt. Ariane Puhr hat in 96 Begegnungen psychologische Wirkungen dieser Praxis untersucht. [&hellip;]<\/p>\n","protected":false},"author":1,"featured_media":0,"parent":0,"menu_order":0,"comment_status":"closed","ping_status":"closed","template":"","meta":{"_acf_changed":false,"footnotes":""},"class_list":["post-12885","page","type-page","status-publish","hentry"],"aioseo_notices":[],"acf":[],"jetpack_sharing_enabled":true,"_links":{"self":[{"href":"https:\/\/schrittmacherfestival.nl\/de\/wp-json\/wp\/v2\/pages\/12885","targetHints":{"allow":["GET"]}}],"collection":[{"href":"https:\/\/schrittmacherfestival.nl\/de\/wp-json\/wp\/v2\/pages"}],"about":[{"href":"https:\/\/schrittmacherfestival.nl\/de\/wp-json\/wp\/v2\/types\/page"}],"author":[{"embeddable":true,"href":"https:\/\/schrittmacherfestival.nl\/de\/wp-json\/wp\/v2\/users\/1"}],"replies":[{"embeddable":true,"href":"https:\/\/schrittmacherfestival.nl\/de\/wp-json\/wp\/v2\/comments?post=12885"}],"version-history":[{"count":3,"href":"https:\/\/schrittmacherfestival.nl\/de\/wp-json\/wp\/v2\/pages\/12885\/revisions"}],"predecessor-version":[{"id":13178,"href":"https:\/\/schrittmacherfestival.nl\/de\/wp-json\/wp\/v2\/pages\/12885\/revisions\/13178"}],"wp:attachment":[{"href":"https:\/\/schrittmacherfestival.nl\/de\/wp-json\/wp\/v2\/media?parent=12885"}],"curies":[{"name":"wp","href":"https:\/\/api.w.org\/{rel}","templated":true}]}}