{"id":12892,"date":"2025-12-13T13:29:32","date_gmt":"2025-12-13T13:29:32","guid":{"rendered":"https:\/\/schrittmacherfestival.nl\/movement-of-the-soul\/"},"modified":"2026-03-16T14:21:46","modified_gmt":"2026-03-16T14:21:46","slug":"movement-of-the-soul","status":"publish","type":"page","link":"https:\/\/schrittmacherfestival.nl\/de\/movement-of-the-soul\/","title":{"rendered":"Movement of the soul"},"content":{"rendered":"\n<h1 class=\"wp-block-heading has-black-color has-text-color\" id=\"hofesh-shechter-company-gbr\"><strong>Klasse Apart Projects <\/strong>(NL)<\/h1>\n\n<p>Fr 20.03.2026 Carribean Night<br\/>19:00 &#8211; 23:00 Uhr &#8211; Centrale hal SCHUNCK Glaspaleis<br\/>kostenlos ((Bitte reservieren Sie))<\/p>\n\n<p>Sa 21.03.2026 (<strong>Abgesagt) <\/strong><br\/>workshops<\/p>\n\n<figure class=\"wp-block-image alignwide size-full\"><img data-recalc-dims=\"1\" fetchpriority=\"high\" decoding=\"async\" width=\"600\" height=\"251\" src=\"https:\/\/i0.wp.com\/schrittmacherfestival.nl\/wp-content\/uploads\/2025\/12\/smf26_EXCHANGE_Movement-of-the-Soul-by-Shurick-Jantje_004-e1765534473705.jpg?resize=600%2C251&#038;ssl=1\" alt=\"\" class=\"wp-image-12745\" srcset=\"https:\/\/i0.wp.com\/schrittmacherfestival.nl\/wp-content\/uploads\/2025\/12\/smf26_EXCHANGE_Movement-of-the-Soul-by-Shurick-Jantje_004-e1765534473705.jpg?w=600&amp;ssl=1 600w, https:\/\/i0.wp.com\/schrittmacherfestival.nl\/wp-content\/uploads\/2025\/12\/smf26_EXCHANGE_Movement-of-the-Soul-by-Shurick-Jantje_004-e1765534473705.jpg?resize=300%2C126&amp;ssl=1 300w, https:\/\/i0.wp.com\/schrittmacherfestival.nl\/wp-content\/uploads\/2025\/12\/smf26_EXCHANGE_Movement-of-the-Soul-by-Shurick-Jantje_004-e1765534473705.jpg?resize=31%2C13&amp;ssl=1 31w\" sizes=\"(max-width: 600px) 100vw, 600px\" \/><\/figure>\n\n<hr class=\"wp-block-separator has-css-opacity\"\/>\n\n<h2 class=\"wp-block-heading\"> Internationale Tanzformen zwischen Ritual und Experiment<\/h2>\n\n<p><em>Movement of the Soul<\/em>\u00a0ist eine sinnliche Entdeckungsreise, in der Tanz, Spiritualit\u00e4t und Gemeinschaft zusammenkommen. Zwei Tage lang l\u00e4dt Klasse Apart Projects zu einem aktiven Programm ein, in dem Begegnung, Bewegung und gemeinsames Erleben im Mittelpunkt stehen.<\/p>\n\n<p>Gemeinsam mit professionellen T\u00e4nzer:innen, DJs und Musiker:innen erkundest du afro-karibische Tanzstile, Capoeira, Dabke und andere rituelle sowie zeitgen\u00f6ssische Formen. Zusammen mit diesen K\u00fcnstler:innen und Performer:innen aus verschiedenen Kulturen erlebst du, wie Tanz als Sprache der Erinnerung, des Widerstands, der Heilung und der Verbundenheit funktioniert. Jede Bewegung tr\u00e4gt Geschichte in sich, jeder Atemzug erz\u00e4hlt eine Geschichte.<\/p>\n\n<p>Dieser Programmpunkt des schrit_tmacher Festivals ist keine Vorstellung zum blo\u00dfen Zuschauen, sondern eine Einladung, zu entschleunigen, mitzuschwingen und Teil einer gemeinsamen Erfahrung zu werden \u2013 in der Individuum und Gemeinschaft einander begegnen.<\/p>\n\n<hr class=\"wp-block-separator has-css-opacity\"\/>\n\n<h2 class=\"wp-block-heading\">Caribbean Night<\/h2>\n\n<p>W\u00e4hrend\u00a0<em>Movement of the Soul<\/em>\u00a0bildet die <em>Caribbean Night\u00a0<\/em> am Freitag, den 20. M\u00e4rz, einen Abend voller Bewegung, Musik und Begegnung.<\/p>\n\n<p>Um 19.00 Uhr beginnt\u00a0<em><strong>Warming Soul<\/strong><\/em>, ein offener und energiegeladener Tanzworkshop von Pedro Ricardo Henry. In diesem Afro-Contemporary-Workshop \u2013 einer Mischung aus afrikanischen und kubanischen Bewegungen, getragen von Live-Drum-Rhythmen \u2013 arbeitest du an Erdung, Flow und K\u00f6rperbewusstsein. Du lernst, auf deinen K\u00f6rper zu h\u00f6ren, mit Tempo und Energie zu spielen und zu entdecken, wie Musik dich ganz nat\u00fcrlich in Bewegung versetzt. Vorkenntnisse sind nicht erforderlich: Mitmachen, Ausprobieren und Freude stehen im Mittelpunkt.<\/p>\n\n<p>Anschlie\u00dfend, von 20.00 bis 23.00 Uhr, folgt die\u00a0<em><strong>Caribbean Soulparty<\/strong><\/em>. Die DJs Angelo und SalsaPleasure nehmen dich mit auf eine Reise durch warme, soulvolle Kl\u00e4nge der afro-karibischen Diaspora, mit Stilen wie Soca, Salsa, Kizomba, Kompa, Merengue und Ritmo Kombina. Ein Abend voller Tanz, Begegnung und karibischem Spirit.<\/p>\n\n<p>Zieh bequeme Kleidung an, komm so, wie du bist, und lass dich vom Rhythmus tragen.<\/p>\n\n<p>Duration: ~ 240 min.<br\/>kostenlos (Bitte reservieren Sie) <\/p>\n\n<div class=\"wp-block-buttons is-horizontal is-content-justification-center is-layout-flex wp-container-core-buttons-is-layout-499968f5 wp-block-buttons-is-layout-flex\">\n<div class=\"wp-block-button\"><a class=\"wp-block-button__link has-white-color has-black-background-color has-text-color has-background wp-element-button\" href=\"https:\/\/bestellen.plt.nl\/bestel\/13838\" target=\"_blank\" rel=\"noreferrer noopener\"><strong>Tickets Fr 20.03 | 19.00 Uhr<\/strong><\/a><\/div>\n<\/div>\n\n<hr class=\"wp-block-separator has-css-opacity\"\/>\n\n<figure class=\"wp-block-gallery has-nested-images columns-default is-cropped wp-block-gallery-1 is-layout-flex wp-block-gallery-is-layout-flex\">\n<figure class=\"wp-block-image size-large\"><img data-recalc-dims=\"1\" decoding=\"async\" width=\"640\" height=\"853\" data-id=\"12804\" src=\"https:\/\/i0.wp.com\/schrittmacherfestival.nl\/wp-content\/uploads\/2025\/12\/smf26_EXCHANGE_Movement-of-the-Soul-by-Shurick-Jantje_004-1.jpg?resize=640%2C853&#038;ssl=1\" alt=\"\" class=\"wp-image-12804\" srcset=\"https:\/\/i0.wp.com\/schrittmacherfestival.nl\/wp-content\/uploads\/2025\/12\/smf26_EXCHANGE_Movement-of-the-Soul-by-Shurick-Jantje_004-1.jpg?w=709&amp;ssl=1 709w, https:\/\/i0.wp.com\/schrittmacherfestival.nl\/wp-content\/uploads\/2025\/12\/smf26_EXCHANGE_Movement-of-the-Soul-by-Shurick-Jantje_004-1.jpg?resize=225%2C300&amp;ssl=1 225w, https:\/\/i0.wp.com\/schrittmacherfestival.nl\/wp-content\/uploads\/2025\/12\/smf26_EXCHANGE_Movement-of-the-Soul-by-Shurick-Jantje_004-1.jpg?resize=20%2C27&amp;ssl=1 20w\" sizes=\"(max-width: 640px) 100vw, 640px\" \/><\/figure>\n\n\n\n<figure class=\"wp-block-image size-large\"><img data-recalc-dims=\"1\" decoding=\"async\" width=\"640\" height=\"426\" data-id=\"13768\" src=\"https:\/\/i0.wp.com\/schrittmacherfestival.nl\/wp-content\/uploads\/2026\/02\/Pedro-Ricardo-Henry.jpg?resize=640%2C426&#038;ssl=1\" alt=\"\" class=\"wp-image-13768\" srcset=\"https:\/\/i0.wp.com\/schrittmacherfestival.nl\/wp-content\/uploads\/2026\/02\/Pedro-Ricardo-Henry.jpg?w=980&amp;ssl=1 980w, https:\/\/i0.wp.com\/schrittmacherfestival.nl\/wp-content\/uploads\/2026\/02\/Pedro-Ricardo-Henry.jpg?resize=300%2C200&amp;ssl=1 300w, https:\/\/i0.wp.com\/schrittmacherfestival.nl\/wp-content\/uploads\/2026\/02\/Pedro-Ricardo-Henry.jpg?resize=768%2C512&amp;ssl=1 768w, https:\/\/i0.wp.com\/schrittmacherfestival.nl\/wp-content\/uploads\/2026\/02\/Pedro-Ricardo-Henry.jpg?resize=600%2C400&amp;ssl=1 600w, https:\/\/i0.wp.com\/schrittmacherfestival.nl\/wp-content\/uploads\/2026\/02\/Pedro-Ricardo-Henry.jpg?resize=31%2C21&amp;ssl=1 31w\" sizes=\"(max-width: 640px) 100vw, 640px\" \/><\/figure>\n<\/figure>\n\n<hr class=\"wp-block-separator has-css-opacity\"\/>\n\n<p><\/p>\n","protected":false},"excerpt":{"rendered":"<p>Klasse Apart Projects (NL) Fr 20.03.2026 Carribean Night19:00 &#8211; 23:00 Uhr &#8211; Centrale hal SCHUNCK Glaspaleiskostenlos ((Bitte reservieren Sie)) Sa 21.03.2026 (Abgesagt) workshops Internationale Tanzformen zwischen Ritual und Experiment Movement of the Soul\u00a0ist eine sinnliche Entdeckungsreise, in der Tanz, Spiritualit\u00e4t und Gemeinschaft zusammenkommen. Zwei Tage lang l\u00e4dt Klasse Apart Projects zu einem aktiven Programm ein, in dem Begegnung, Bewegung und [&hellip;]<\/p>\n","protected":false},"author":1,"featured_media":0,"parent":0,"menu_order":0,"comment_status":"closed","ping_status":"closed","template":"","meta":{"_acf_changed":false,"footnotes":""},"class_list":["post-12892","page","type-page","status-publish","hentry"],"aioseo_notices":[],"acf":[],"jetpack_sharing_enabled":true,"_links":{"self":[{"href":"https:\/\/schrittmacherfestival.nl\/de\/wp-json\/wp\/v2\/pages\/12892","targetHints":{"allow":["GET"]}}],"collection":[{"href":"https:\/\/schrittmacherfestival.nl\/de\/wp-json\/wp\/v2\/pages"}],"about":[{"href":"https:\/\/schrittmacherfestival.nl\/de\/wp-json\/wp\/v2\/types\/page"}],"author":[{"embeddable":true,"href":"https:\/\/schrittmacherfestival.nl\/de\/wp-json\/wp\/v2\/users\/1"}],"replies":[{"embeddable":true,"href":"https:\/\/schrittmacherfestival.nl\/de\/wp-json\/wp\/v2\/comments?post=12892"}],"version-history":[{"count":18,"href":"https:\/\/schrittmacherfestival.nl\/de\/wp-json\/wp\/v2\/pages\/12892\/revisions"}],"predecessor-version":[{"id":13903,"href":"https:\/\/schrittmacherfestival.nl\/de\/wp-json\/wp\/v2\/pages\/12892\/revisions\/13903"}],"wp:attachment":[{"href":"https:\/\/schrittmacherfestival.nl\/de\/wp-json\/wp\/v2\/media?parent=12892"}],"curies":[{"name":"wp","href":"https:\/\/api.w.org\/{rel}","templated":true}]}}