{"id":12913,"date":"2025-12-13T13:42:20","date_gmt":"2025-12-13T13:42:20","guid":{"rendered":"https:\/\/schrittmacherfestival.nl\/echoes-of-bharata-natyam-cultural-memory-in-the-netherlands\/"},"modified":"2026-03-20T09:43:53","modified_gmt":"2026-03-20T09:43:53","slug":"echoes-of-bharata-natyam-cultural-memory-in-the-netherlands","status":"publish","type":"page","link":"https:\/\/schrittmacherfestival.nl\/de\/echoes-of-bharata-natyam-cultural-memory-in-the-netherlands\/","title":{"rendered":"Lecture\/performance:\u00a0Echoes of Bharata Natyam &#8211; Cultural Memory in the Netherlands"},"content":{"rendered":"\n<h1 class=\"wp-block-heading has-black-color has-text-color\" id=\"hofesh-shechter-company-gbr\"><strong>Poernima Dance Company <\/strong>(NL)<\/h1>\n\n<p><strong>Theater Heerlen, Kleine Zaal<\/strong><br\/><strong>So 22.03.2026<\/strong> (Abgesagt)<br\/><\/p>\n\n<figure class=\"wp-block-image alignwide size-large\"><img data-recalc-dims=\"1\" fetchpriority=\"high\" decoding=\"async\" width=\"640\" height=\"267\" src=\"https:\/\/i0.wp.com\/schrittmacherfestival.nl\/wp-content\/uploads\/2025\/12\/Poernima_28605-2-scaled-e1765534678609-1024x427.jpg?resize=640%2C267&#038;ssl=1\" alt=\"\" class=\"wp-image-12746\" srcset=\"https:\/\/i0.wp.com\/schrittmacherfestival.nl\/wp-content\/uploads\/2025\/12\/Poernima_28605-2-scaled-e1765534678609.jpg?resize=1024%2C427&amp;ssl=1 1024w, https:\/\/i0.wp.com\/schrittmacherfestival.nl\/wp-content\/uploads\/2025\/12\/Poernima_28605-2-scaled-e1765534678609.jpg?resize=300%2C125&amp;ssl=1 300w, https:\/\/i0.wp.com\/schrittmacherfestival.nl\/wp-content\/uploads\/2025\/12\/Poernima_28605-2-scaled-e1765534678609.jpg?resize=768%2C320&amp;ssl=1 768w, https:\/\/i0.wp.com\/schrittmacherfestival.nl\/wp-content\/uploads\/2025\/12\/Poernima_28605-2-scaled-e1765534678609.jpg?resize=31%2C13&amp;ssl=1 31w, https:\/\/i0.wp.com\/schrittmacherfestival.nl\/wp-content\/uploads\/2025\/12\/Poernima_28605-2-scaled-e1765534678609.jpg?w=1200&amp;ssl=1 1200w\" sizes=\"(max-width: 640px) 100vw, 640px\" \/><\/figure>\n\n<hr class=\"wp-block-separator has-css-opacity\"\/>\n\n<p>In &#8222;Echoes of Bharata Natyam&#8220; untersucht die Poernima Dance Company die Reise dieser indischen Tanzform innerhalb der niederl\u00e4ndischen Geschichte und ihre Bedeutung heute. Mit Live-Tanz, pers\u00f6nlichen Geschichten und Reflexionen \u00fcber Migration und kulturelles Erbe. Dabei richtet Poernima auch den Blick auf die k\u00fcnstlerische Praxis von Akram Khan im Verh\u00e4ltnis zu ihrer eigenen, wobei ihre Arbeiten durch die Linse von Gender, Migration und Mobilit\u00e4t betrachtet werden, mit einem besonderen Fokus auf die s\u00fcdasiatische Diaspora.<\/p>\n\n<p>Duration: ~ 120 min.<\/p>\n\n<p>So 22.03.2026<br\/><a href=\"https:\/\/schrittmacherfestival.nl\/de\/workshop-embodied-approach-exploration-of-bharata-natyam\/\">Workshop<\/a><br\/>Poernima Gobardhan Company | NL<\/p>\n\n<hr class=\"wp-block-separator has-css-opacity\"\/>\n\n<div class=\"wp-block-buttons is-horizontal is-content-justification-center is-layout-flex wp-container-core-buttons-is-layout-499968f5 wp-block-buttons-is-layout-flex\">\n<div class=\"wp-block-button\"><a class=\"wp-block-button__link has-white-color has-black-background-color has-text-color has-background wp-element-button\"><strong>Abgesagt\/strong&gt;<\/strong><\/a><\/div>\n<\/div>\n\n<hr class=\"wp-block-separator has-css-opacity\"\/>\n\n<figure class=\"wp-block-gallery has-nested-images columns-default is-cropped wp-block-gallery-1 is-layout-flex wp-block-gallery-is-layout-flex\">\n<figure class=\"wp-block-image size-large\"><img data-recalc-dims=\"1\" decoding=\"async\" width=\"640\" height=\"800\" data-id=\"12904\" src=\"https:\/\/i0.wp.com\/schrittmacherfestival.nl\/wp-content\/uploads\/2025\/12\/Poernima_2.jpg?resize=640%2C800&#038;ssl=1\" alt=\"\" class=\"wp-image-12904\" srcset=\"https:\/\/i0.wp.com\/schrittmacherfestival.nl\/wp-content\/uploads\/2025\/12\/Poernima_2.jpg?resize=819%2C1024&amp;ssl=1 819w, https:\/\/i0.wp.com\/schrittmacherfestival.nl\/wp-content\/uploads\/2025\/12\/Poernima_2.jpg?resize=240%2C300&amp;ssl=1 240w, https:\/\/i0.wp.com\/schrittmacherfestival.nl\/wp-content\/uploads\/2025\/12\/Poernima_2.jpg?resize=768%2C960&amp;ssl=1 768w, https:\/\/i0.wp.com\/schrittmacherfestival.nl\/wp-content\/uploads\/2025\/12\/Poernima_2.jpg?resize=22%2C27&amp;ssl=1 22w, https:\/\/i0.wp.com\/schrittmacherfestival.nl\/wp-content\/uploads\/2025\/12\/Poernima_2.jpg?w=1200&amp;ssl=1 1200w\" sizes=\"(max-width: 640px) 100vw, 640px\" \/><\/figure>\n\n\n\n<figure class=\"wp-block-image size-large\"><img data-recalc-dims=\"1\" decoding=\"async\" width=\"640\" height=\"897\" data-id=\"12903\" src=\"https:\/\/i0.wp.com\/schrittmacherfestival.nl\/wp-content\/uploads\/2025\/12\/Poernima_28680-2.jpg?resize=640%2C897&#038;ssl=1\" alt=\"\" class=\"wp-image-12903\" srcset=\"https:\/\/i0.wp.com\/schrittmacherfestival.nl\/wp-content\/uploads\/2025\/12\/Poernima_28680-2.jpg?resize=731%2C1024&amp;ssl=1 731w, https:\/\/i0.wp.com\/schrittmacherfestival.nl\/wp-content\/uploads\/2025\/12\/Poernima_28680-2.jpg?resize=214%2C300&amp;ssl=1 214w, https:\/\/i0.wp.com\/schrittmacherfestival.nl\/wp-content\/uploads\/2025\/12\/Poernima_28680-2.jpg?resize=768%2C1075&amp;ssl=1 768w, https:\/\/i0.wp.com\/schrittmacherfestival.nl\/wp-content\/uploads\/2025\/12\/Poernima_28680-2.jpg?resize=1097%2C1536&amp;ssl=1 1097w, https:\/\/i0.wp.com\/schrittmacherfestival.nl\/wp-content\/uploads\/2025\/12\/Poernima_28680-2.jpg?resize=19%2C27&amp;ssl=1 19w, https:\/\/i0.wp.com\/schrittmacherfestival.nl\/wp-content\/uploads\/2025\/12\/Poernima_28680-2.jpg?w=1200&amp;ssl=1 1200w\" sizes=\"(max-width: 640px) 100vw, 640px\" \/><\/figure>\n\n\n\n<figure class=\"wp-block-image size-large\"><img data-recalc-dims=\"1\" loading=\"lazy\" decoding=\"async\" width=\"640\" height=\"897\" data-id=\"12902\" src=\"https:\/\/i0.wp.com\/schrittmacherfestival.nl\/wp-content\/uploads\/2025\/12\/Poernima_28605-2-1.jpg?resize=640%2C897&#038;ssl=1\" alt=\"\" class=\"wp-image-12902\" srcset=\"https:\/\/i0.wp.com\/schrittmacherfestival.nl\/wp-content\/uploads\/2025\/12\/Poernima_28605-2-1.jpg?resize=731%2C1024&amp;ssl=1 731w, https:\/\/i0.wp.com\/schrittmacherfestival.nl\/wp-content\/uploads\/2025\/12\/Poernima_28605-2-1.jpg?resize=214%2C300&amp;ssl=1 214w, https:\/\/i0.wp.com\/schrittmacherfestival.nl\/wp-content\/uploads\/2025\/12\/Poernima_28605-2-1.jpg?resize=768%2C1075&amp;ssl=1 768w, https:\/\/i0.wp.com\/schrittmacherfestival.nl\/wp-content\/uploads\/2025\/12\/Poernima_28605-2-1.jpg?resize=1097%2C1536&amp;ssl=1 1097w, https:\/\/i0.wp.com\/schrittmacherfestival.nl\/wp-content\/uploads\/2025\/12\/Poernima_28605-2-1.jpg?resize=19%2C27&amp;ssl=1 19w, https:\/\/i0.wp.com\/schrittmacherfestival.nl\/wp-content\/uploads\/2025\/12\/Poernima_28605-2-1.jpg?w=1200&amp;ssl=1 1200w\" sizes=\"(max-width: 640px) 100vw, 640px\" \/><\/figure>\n\n\n\n<figure class=\"wp-block-image size-large\"><img data-recalc-dims=\"1\" loading=\"lazy\" decoding=\"async\" width=\"640\" height=\"897\" data-id=\"12901\" src=\"https:\/\/i0.wp.com\/schrittmacherfestival.nl\/wp-content\/uploads\/2025\/12\/Poernima_28078-2.jpg?resize=640%2C897&#038;ssl=1\" alt=\"\" class=\"wp-image-12901\" srcset=\"https:\/\/i0.wp.com\/schrittmacherfestival.nl\/wp-content\/uploads\/2025\/12\/Poernima_28078-2.jpg?resize=731%2C1024&amp;ssl=1 731w, https:\/\/i0.wp.com\/schrittmacherfestival.nl\/wp-content\/uploads\/2025\/12\/Poernima_28078-2.jpg?resize=214%2C300&amp;ssl=1 214w, https:\/\/i0.wp.com\/schrittmacherfestival.nl\/wp-content\/uploads\/2025\/12\/Poernima_28078-2.jpg?resize=768%2C1075&amp;ssl=1 768w, https:\/\/i0.wp.com\/schrittmacherfestival.nl\/wp-content\/uploads\/2025\/12\/Poernima_28078-2.jpg?resize=1097%2C1536&amp;ssl=1 1097w, https:\/\/i0.wp.com\/schrittmacherfestival.nl\/wp-content\/uploads\/2025\/12\/Poernima_28078-2.jpg?resize=19%2C27&amp;ssl=1 19w, https:\/\/i0.wp.com\/schrittmacherfestival.nl\/wp-content\/uploads\/2025\/12\/Poernima_28078-2.jpg?w=1200&amp;ssl=1 1200w\" sizes=\"(max-width: 640px) 100vw, 640px\" \/><\/figure>\n\n\n\n<figure class=\"wp-block-image size-large\"><img data-recalc-dims=\"1\" loading=\"lazy\" decoding=\"async\" width=\"640\" height=\"853\" data-id=\"12899\" src=\"https:\/\/i0.wp.com\/schrittmacherfestival.nl\/wp-content\/uploads\/2025\/12\/Poernima_7910.jpg?resize=640%2C853&#038;ssl=1\" alt=\"\" class=\"wp-image-12899\" srcset=\"https:\/\/i0.wp.com\/schrittmacherfestival.nl\/wp-content\/uploads\/2025\/12\/Poernima_7910.jpg?resize=768%2C1024&amp;ssl=1 768w, https:\/\/i0.wp.com\/schrittmacherfestival.nl\/wp-content\/uploads\/2025\/12\/Poernima_7910.jpg?resize=225%2C300&amp;ssl=1 225w, https:\/\/i0.wp.com\/schrittmacherfestival.nl\/wp-content\/uploads\/2025\/12\/Poernima_7910.jpg?resize=1152%2C1536&amp;ssl=1 1152w, https:\/\/i0.wp.com\/schrittmacherfestival.nl\/wp-content\/uploads\/2025\/12\/Poernima_7910.jpg?resize=20%2C27&amp;ssl=1 20w, https:\/\/i0.wp.com\/schrittmacherfestival.nl\/wp-content\/uploads\/2025\/12\/Poernima_7910.jpg?w=1200&amp;ssl=1 1200w\" sizes=\"(max-width: 640px) 100vw, 640px\" \/><\/figure>\n\n\n\n<figure class=\"wp-block-image size-large\"><img data-recalc-dims=\"1\" loading=\"lazy\" decoding=\"async\" width=\"640\" height=\"897\" data-id=\"12900\" src=\"https:\/\/i0.wp.com\/schrittmacherfestival.nl\/wp-content\/uploads\/2025\/12\/Poernima_2092.jpg?resize=640%2C897&#038;ssl=1\" alt=\"\" class=\"wp-image-12900\" srcset=\"https:\/\/i0.wp.com\/schrittmacherfestival.nl\/wp-content\/uploads\/2025\/12\/Poernima_2092.jpg?resize=731%2C1024&amp;ssl=1 731w, https:\/\/i0.wp.com\/schrittmacherfestival.nl\/wp-content\/uploads\/2025\/12\/Poernima_2092.jpg?resize=214%2C300&amp;ssl=1 214w, https:\/\/i0.wp.com\/schrittmacherfestival.nl\/wp-content\/uploads\/2025\/12\/Poernima_2092.jpg?resize=768%2C1075&amp;ssl=1 768w, https:\/\/i0.wp.com\/schrittmacherfestival.nl\/wp-content\/uploads\/2025\/12\/Poernima_2092.jpg?resize=1097%2C1536&amp;ssl=1 1097w, https:\/\/i0.wp.com\/schrittmacherfestival.nl\/wp-content\/uploads\/2025\/12\/Poernima_2092.jpg?resize=19%2C27&amp;ssl=1 19w, https:\/\/i0.wp.com\/schrittmacherfestival.nl\/wp-content\/uploads\/2025\/12\/Poernima_2092.jpg?w=1200&amp;ssl=1 1200w\" sizes=\"(max-width: 640px) 100vw, 640px\" \/><\/figure>\n<\/figure>\n\n<hr class=\"wp-block-separator has-css-opacity\"\/>\n\n<p><\/p>\n","protected":false},"excerpt":{"rendered":"<p>Poernima Dance Company (NL) Theater Heerlen, Kleine ZaalSo 22.03.2026 (Abgesagt) In &#8222;Echoes of Bharata Natyam&#8220; untersucht die Poernima Dance Company die Reise dieser indischen Tanzform innerhalb der niederl\u00e4ndischen Geschichte und ihre Bedeutung heute. Mit Live-Tanz, pers\u00f6nlichen Geschichten und Reflexionen \u00fcber Migration und kulturelles Erbe. Dabei richtet Poernima auch den Blick auf die k\u00fcnstlerische Praxis von Akram Khan im Verh\u00e4ltnis zu [&hellip;]<\/p>\n","protected":false},"author":1,"featured_media":0,"parent":0,"menu_order":0,"comment_status":"closed","ping_status":"closed","template":"","meta":{"_acf_changed":false,"footnotes":""},"class_list":["post-12913","page","type-page","status-publish","hentry"],"aioseo_notices":[],"acf":[],"jetpack_sharing_enabled":true,"_links":{"self":[{"href":"https:\/\/schrittmacherfestival.nl\/de\/wp-json\/wp\/v2\/pages\/12913","targetHints":{"allow":["GET"]}}],"collection":[{"href":"https:\/\/schrittmacherfestival.nl\/de\/wp-json\/wp\/v2\/pages"}],"about":[{"href":"https:\/\/schrittmacherfestival.nl\/de\/wp-json\/wp\/v2\/types\/page"}],"author":[{"embeddable":true,"href":"https:\/\/schrittmacherfestival.nl\/de\/wp-json\/wp\/v2\/users\/1"}],"replies":[{"embeddable":true,"href":"https:\/\/schrittmacherfestival.nl\/de\/wp-json\/wp\/v2\/comments?post=12913"}],"version-history":[{"count":8,"href":"https:\/\/schrittmacherfestival.nl\/de\/wp-json\/wp\/v2\/pages\/12913\/revisions"}],"predecessor-version":[{"id":13928,"href":"https:\/\/schrittmacherfestival.nl\/de\/wp-json\/wp\/v2\/pages\/12913\/revisions\/13928"}],"wp:attachment":[{"href":"https:\/\/schrittmacherfestival.nl\/de\/wp-json\/wp\/v2\/media?parent=12913"}],"curies":[{"name":"wp","href":"https:\/\/api.w.org\/{rel}","templated":true}]}}