{"id":13044,"date":"2025-12-15T11:23:13","date_gmt":"2025-12-15T11:23:13","guid":{"rendered":"https:\/\/schrittmacherfestival.nl\/open-air-dance-workshops\/"},"modified":"2026-03-25T09:04:07","modified_gmt":"2026-03-25T09:04:07","slug":"open-air-dance-workshops","status":"publish","type":"page","link":"https:\/\/schrittmacherfestival.nl\/de\/open-air-dance-workshops\/","title":{"rendered":"Open air dance workshops"},"content":{"rendered":"\n<h1 class=\"wp-block-heading has-black-color has-text-color\" id=\"hofesh-shechter-company-gbr\"><strong>Tanze mit den K\u00fcnstler*innen<\/strong><\/h1>\n\n<p><strong>Elisenbrunnen Aachen, Rotunde, Markt Kerkrade, Promenade II Heerlen<\/strong><br\/><strong>Fr 27.02.2026 \u2013 Mi 25.03.2026<\/strong><br\/><\/p>\n\n<figure class=\"wp-block-image alignwide size-large\"><img data-recalc-dims=\"1\" fetchpriority=\"high\" decoding=\"async\" width=\"640\" height=\"267\" src=\"https:\/\/i0.wp.com\/schrittmacherfestival.nl\/wp-content\/uploads\/2025\/12\/Dancing-in-the-city-Luc-Lodder-3-scaled-e1765790697310-1024x427.jpg?resize=640%2C267&#038;ssl=1\" alt=\"\" class=\"wp-image-12983\" srcset=\"https:\/\/i0.wp.com\/schrittmacherfestival.nl\/wp-content\/uploads\/2025\/12\/Dancing-in-the-city-Luc-Lodder-3-scaled-e1765790697310.jpg?resize=1024%2C427&amp;ssl=1 1024w, https:\/\/i0.wp.com\/schrittmacherfestival.nl\/wp-content\/uploads\/2025\/12\/Dancing-in-the-city-Luc-Lodder-3-scaled-e1765790697310.jpg?resize=300%2C125&amp;ssl=1 300w, https:\/\/i0.wp.com\/schrittmacherfestival.nl\/wp-content\/uploads\/2025\/12\/Dancing-in-the-city-Luc-Lodder-3-scaled-e1765790697310.jpg?resize=768%2C320&amp;ssl=1 768w, https:\/\/i0.wp.com\/schrittmacherfestival.nl\/wp-content\/uploads\/2025\/12\/Dancing-in-the-city-Luc-Lodder-3-scaled-e1765790697310.jpg?resize=31%2C13&amp;ssl=1 31w, https:\/\/i0.wp.com\/schrittmacherfestival.nl\/wp-content\/uploads\/2025\/12\/Dancing-in-the-city-Luc-Lodder-3-scaled-e1765790697310.jpg?w=1200&amp;ssl=1 1200w\" sizes=\"(max-width: 640px) 100vw, 640px\" \/><\/figure>\n\n<hr class=\"wp-block-separator has-css-opacity\"\/>\n\n<p>Tanze mit den K\u00fcnstler*innen der 31. Ausgabe von schrit_tmacher! W\u00e4hrend des Festivals verlassen Choreograf*innen und T\u00e4nzer*innen der Gastkompanien die B\u00fchne und geben offene Klassen an besonderen Orten in der Stadt. Alle sind willkommen \u2013 ob Anf\u00e4nger*in oder Fortgeschrittene*r, Vorkenntnisse sind nicht n\u00f6tig. Zieh bequeme Schuhe an, folge den Anweisungen der Choreograf*innen und erlebe, wie Tanz Menschen \u00fcberall miteinander verbindet.<\/p>\n\n<p><a href=\"https:\/\/schrittmacherfestival.nl\/de\/hype-the-pain\/\" title=\"\"><strong>Miller de\u2019 Nobili<\/strong> (DE)<strong>\u00a0<\/strong><\/a><br\/>Fr 27.02.2026<strong><br\/><\/strong>14:00, Elisenbrunnen Aachen, Rotunde<br\/>Duration: ~ 60 min.<br\/>Free<\/p>\n\n<p><a href=\"https:\/\/schrittmacherfestival.nl\/de\/tellus\/\" title=\"\"><strong>Dickson Mbi<\/strong> (GB)<\/a><strong><br\/><\/strong>Mi 18.03.2026<strong><br\/><\/strong>13:00, Markt Kerkrade<br\/>Duration: ~ 60 min.<br\/>Free<\/p>\n\n<p><a href=\"https:\/\/schrittmacherfestival.nl\/de\/vortex\/\" title=\"\"><strong>Humanhood Dance Company <\/strong>(GB\/ES)<\/a><br\/>Sa 21.03.2026<br\/>14:00, Elisenbrunnen Aachen, Rotunde<br\/>Duration: ~ 60 min.<br\/>Free<\/p>\n\n<p><strong><a href=\"https:\/\/schrittmacherfestival.nl\/de\/thikra-night-of-remembering\/\" title=\"\">Akram Khan<\/a> <br\/><\/strong>Mi 25.03.2026<strong><br\/><\/strong>13:00, Dieser Workshop wurde aufgrund der Wetterbedingungen verlegt und findet im <strong>Foyer des Theater Heerlen<\/strong> statt.<br\/>Duration: ~ 60 min.<br\/>Free<\/p>\n\n<hr class=\"wp-block-separator has-css-opacity\"\/>\n\n<div class=\"wp-block-buttons is-content-justification-center is-layout-flex wp-container-core-buttons-is-layout-16018d1d wp-block-buttons-is-layout-flex\">\n<div class=\"wp-block-button\"><a class=\"wp-block-button__link has-black-background-color has-background has-text-align-center wp-element-button\" href=\"https:\/\/bestellen.plt.nl\/bestel\/13795\" target=\"_blank\" rel=\"noreferrer noopener\"><strong>Tickets Mi 18.03.2026 | 13.00 Uhr<\/strong><\/a><\/div>\n\n\n\n<div class=\"wp-block-button\"><a class=\"wp-block-button__link has-black-background-color has-background has-text-align-center wp-element-button\" href=\"https:\/\/bestellen.plt.nl\/bestel\/13801\" target=\"_blank\" rel=\"noreferrer noopener\"><strong>Tickets Mi 25.03.2026 | 13.00 Uhr<\/strong><\/a><\/div>\n<\/div>\n\n<hr class=\"wp-block-separator has-css-opacity\"\/>\n\n<figure class=\"wp-block-gallery has-nested-images columns-default is-cropped wp-block-gallery-1 is-layout-flex wp-block-gallery-is-layout-flex\">\n<figure class=\"wp-block-image size-large\"><img data-recalc-dims=\"1\" decoding=\"async\" width=\"640\" height=\"427\" data-id=\"13038\" src=\"https:\/\/i0.wp.com\/schrittmacherfestival.nl\/wp-content\/uploads\/2025\/12\/Dancing-in-the-city-Luc-Lodder-1.jpg?resize=640%2C427&#038;ssl=1\" alt=\"\" class=\"wp-image-13038\" srcset=\"https:\/\/i0.wp.com\/schrittmacherfestival.nl\/wp-content\/uploads\/2025\/12\/Dancing-in-the-city-Luc-Lodder-1-scaled.jpg?resize=1024%2C683&amp;ssl=1 1024w, https:\/\/i0.wp.com\/schrittmacherfestival.nl\/wp-content\/uploads\/2025\/12\/Dancing-in-the-city-Luc-Lodder-1-scaled.jpg?resize=300%2C200&amp;ssl=1 300w, https:\/\/i0.wp.com\/schrittmacherfestival.nl\/wp-content\/uploads\/2025\/12\/Dancing-in-the-city-Luc-Lodder-1-scaled.jpg?resize=768%2C512&amp;ssl=1 768w, https:\/\/i0.wp.com\/schrittmacherfestival.nl\/wp-content\/uploads\/2025\/12\/Dancing-in-the-city-Luc-Lodder-1-scaled.jpg?resize=1536%2C1024&amp;ssl=1 1536w, https:\/\/i0.wp.com\/schrittmacherfestival.nl\/wp-content\/uploads\/2025\/12\/Dancing-in-the-city-Luc-Lodder-1-scaled.jpg?resize=2048%2C1365&amp;ssl=1 2048w, https:\/\/i0.wp.com\/schrittmacherfestival.nl\/wp-content\/uploads\/2025\/12\/Dancing-in-the-city-Luc-Lodder-1-scaled.jpg?resize=600%2C400&amp;ssl=1 600w, https:\/\/i0.wp.com\/schrittmacherfestival.nl\/wp-content\/uploads\/2025\/12\/Dancing-in-the-city-Luc-Lodder-1-scaled.jpg?resize=31%2C21&amp;ssl=1 31w, https:\/\/i0.wp.com\/schrittmacherfestival.nl\/wp-content\/uploads\/2025\/12\/Dancing-in-the-city-Luc-Lodder-1-scaled.jpg?w=1280&amp;ssl=1 1280w, https:\/\/i0.wp.com\/schrittmacherfestival.nl\/wp-content\/uploads\/2025\/12\/Dancing-in-the-city-Luc-Lodder-1-scaled.jpg?w=1920&amp;ssl=1 1920w\" sizes=\"(max-width: 640px) 100vw, 640px\" \/><\/figure>\n\n\n\n<figure class=\"wp-block-image size-large\"><img data-recalc-dims=\"1\" decoding=\"async\" width=\"640\" height=\"427\" data-id=\"13040\" src=\"https:\/\/i0.wp.com\/schrittmacherfestival.nl\/wp-content\/uploads\/2025\/12\/Dancing-in-the-city-Luc-Lodder-4.jpg?resize=640%2C427&#038;ssl=1\" alt=\"\" class=\"wp-image-13040\" srcset=\"https:\/\/i0.wp.com\/schrittmacherfestival.nl\/wp-content\/uploads\/2025\/12\/Dancing-in-the-city-Luc-Lodder-4-scaled.jpg?resize=1024%2C683&amp;ssl=1 1024w, https:\/\/i0.wp.com\/schrittmacherfestival.nl\/wp-content\/uploads\/2025\/12\/Dancing-in-the-city-Luc-Lodder-4-scaled.jpg?resize=300%2C200&amp;ssl=1 300w, https:\/\/i0.wp.com\/schrittmacherfestival.nl\/wp-content\/uploads\/2025\/12\/Dancing-in-the-city-Luc-Lodder-4-scaled.jpg?resize=768%2C512&amp;ssl=1 768w, https:\/\/i0.wp.com\/schrittmacherfestival.nl\/wp-content\/uploads\/2025\/12\/Dancing-in-the-city-Luc-Lodder-4-scaled.jpg?resize=1536%2C1024&amp;ssl=1 1536w, https:\/\/i0.wp.com\/schrittmacherfestival.nl\/wp-content\/uploads\/2025\/12\/Dancing-in-the-city-Luc-Lodder-4-scaled.jpg?resize=2048%2C1365&amp;ssl=1 2048w, https:\/\/i0.wp.com\/schrittmacherfestival.nl\/wp-content\/uploads\/2025\/12\/Dancing-in-the-city-Luc-Lodder-4-scaled.jpg?resize=600%2C400&amp;ssl=1 600w, https:\/\/i0.wp.com\/schrittmacherfestival.nl\/wp-content\/uploads\/2025\/12\/Dancing-in-the-city-Luc-Lodder-4-scaled.jpg?resize=31%2C21&amp;ssl=1 31w, https:\/\/i0.wp.com\/schrittmacherfestival.nl\/wp-content\/uploads\/2025\/12\/Dancing-in-the-city-Luc-Lodder-4-scaled.jpg?w=1280&amp;ssl=1 1280w, https:\/\/i0.wp.com\/schrittmacherfestival.nl\/wp-content\/uploads\/2025\/12\/Dancing-in-the-city-Luc-Lodder-4-scaled.jpg?w=1920&amp;ssl=1 1920w\" sizes=\"(max-width: 640px) 100vw, 640px\" \/><\/figure>\n\n\n\n<figure class=\"wp-block-image size-large\"><img data-recalc-dims=\"1\" loading=\"lazy\" decoding=\"async\" width=\"640\" height=\"427\" data-id=\"13039\" src=\"https:\/\/i0.wp.com\/schrittmacherfestival.nl\/wp-content\/uploads\/2025\/12\/Dancing-in-the-city-Luc-Lodder-3-1.jpg?resize=640%2C427&#038;ssl=1\" alt=\"\" class=\"wp-image-13039\" srcset=\"https:\/\/i0.wp.com\/schrittmacherfestival.nl\/wp-content\/uploads\/2025\/12\/Dancing-in-the-city-Luc-Lodder-3-1-scaled.jpg?resize=1024%2C683&amp;ssl=1 1024w, https:\/\/i0.wp.com\/schrittmacherfestival.nl\/wp-content\/uploads\/2025\/12\/Dancing-in-the-city-Luc-Lodder-3-1-scaled.jpg?resize=300%2C200&amp;ssl=1 300w, https:\/\/i0.wp.com\/schrittmacherfestival.nl\/wp-content\/uploads\/2025\/12\/Dancing-in-the-city-Luc-Lodder-3-1-scaled.jpg?resize=768%2C512&amp;ssl=1 768w, https:\/\/i0.wp.com\/schrittmacherfestival.nl\/wp-content\/uploads\/2025\/12\/Dancing-in-the-city-Luc-Lodder-3-1-scaled.jpg?resize=1536%2C1024&amp;ssl=1 1536w, https:\/\/i0.wp.com\/schrittmacherfestival.nl\/wp-content\/uploads\/2025\/12\/Dancing-in-the-city-Luc-Lodder-3-1-scaled.jpg?resize=2048%2C1365&amp;ssl=1 2048w, https:\/\/i0.wp.com\/schrittmacherfestival.nl\/wp-content\/uploads\/2025\/12\/Dancing-in-the-city-Luc-Lodder-3-1-scaled.jpg?resize=600%2C400&amp;ssl=1 600w, https:\/\/i0.wp.com\/schrittmacherfestival.nl\/wp-content\/uploads\/2025\/12\/Dancing-in-the-city-Luc-Lodder-3-1-scaled.jpg?resize=31%2C21&amp;ssl=1 31w, https:\/\/i0.wp.com\/schrittmacherfestival.nl\/wp-content\/uploads\/2025\/12\/Dancing-in-the-city-Luc-Lodder-3-1-scaled.jpg?w=1280&amp;ssl=1 1280w, https:\/\/i0.wp.com\/schrittmacherfestival.nl\/wp-content\/uploads\/2025\/12\/Dancing-in-the-city-Luc-Lodder-3-1-scaled.jpg?w=1920&amp;ssl=1 1920w\" sizes=\"(max-width: 640px) 100vw, 640px\" \/><\/figure>\n\n\n\n<figure class=\"wp-block-image size-large\"><img data-recalc-dims=\"1\" loading=\"lazy\" decoding=\"async\" width=\"640\" height=\"426\" data-id=\"13037\" src=\"https:\/\/i0.wp.com\/schrittmacherfestival.nl\/wp-content\/uploads\/2025\/12\/Dancing-in-the-city-Luc-Lodder-2.jpg?resize=640%2C426&#038;ssl=1\" alt=\"\" class=\"wp-image-13037\" srcset=\"https:\/\/i0.wp.com\/schrittmacherfestival.nl\/wp-content\/uploads\/2025\/12\/Dancing-in-the-city-Luc-Lodder-2.jpg?resize=1024%2C682&amp;ssl=1 1024w, https:\/\/i0.wp.com\/schrittmacherfestival.nl\/wp-content\/uploads\/2025\/12\/Dancing-in-the-city-Luc-Lodder-2.jpg?resize=300%2C200&amp;ssl=1 300w, https:\/\/i0.wp.com\/schrittmacherfestival.nl\/wp-content\/uploads\/2025\/12\/Dancing-in-the-city-Luc-Lodder-2.jpg?resize=768%2C512&amp;ssl=1 768w, https:\/\/i0.wp.com\/schrittmacherfestival.nl\/wp-content\/uploads\/2025\/12\/Dancing-in-the-city-Luc-Lodder-2.jpg?resize=1536%2C1024&amp;ssl=1 1536w, https:\/\/i0.wp.com\/schrittmacherfestival.nl\/wp-content\/uploads\/2025\/12\/Dancing-in-the-city-Luc-Lodder-2.jpg?resize=600%2C400&amp;ssl=1 600w, https:\/\/i0.wp.com\/schrittmacherfestival.nl\/wp-content\/uploads\/2025\/12\/Dancing-in-the-city-Luc-Lodder-2.jpg?resize=31%2C21&amp;ssl=1 31w, https:\/\/i0.wp.com\/schrittmacherfestival.nl\/wp-content\/uploads\/2025\/12\/Dancing-in-the-city-Luc-Lodder-2.jpg?w=2000&amp;ssl=1 2000w, https:\/\/i0.wp.com\/schrittmacherfestival.nl\/wp-content\/uploads\/2025\/12\/Dancing-in-the-city-Luc-Lodder-2.jpg?w=1280&amp;ssl=1 1280w, https:\/\/i0.wp.com\/schrittmacherfestival.nl\/wp-content\/uploads\/2025\/12\/Dancing-in-the-city-Luc-Lodder-2.jpg?w=1920&amp;ssl=1 1920w\" sizes=\"(max-width: 640px) 100vw, 640px\" \/><\/figure>\n<\/figure>\n\n<hr class=\"wp-block-separator has-css-opacity\"\/>\n","protected":false},"excerpt":{"rendered":"<p>Tanze mit den K\u00fcnstler*innen Elisenbrunnen Aachen, Rotunde, Markt Kerkrade, Promenade II HeerlenFr 27.02.2026 \u2013 Mi 25.03.2026 Tanze mit den K\u00fcnstler*innen der 31. Ausgabe von schrit_tmacher! W\u00e4hrend des Festivals verlassen Choreograf*innen und T\u00e4nzer*innen der Gastkompanien die B\u00fchne und geben offene Klassen an besonderen Orten in der Stadt. Alle sind willkommen \u2013 ob Anf\u00e4nger*in oder Fortgeschrittene*r, Vorkenntnisse sind nicht n\u00f6tig. Zieh bequeme [&hellip;]<\/p>\n","protected":false},"author":1,"featured_media":0,"parent":0,"menu_order":0,"comment_status":"closed","ping_status":"closed","template":"","meta":{"_acf_changed":false,"footnotes":""},"class_list":["post-13044","page","type-page","status-publish","hentry"],"aioseo_notices":[],"acf":[],"jetpack_sharing_enabled":true,"_links":{"self":[{"href":"https:\/\/schrittmacherfestival.nl\/de\/wp-json\/wp\/v2\/pages\/13044","targetHints":{"allow":["GET"]}}],"collection":[{"href":"https:\/\/schrittmacherfestival.nl\/de\/wp-json\/wp\/v2\/pages"}],"about":[{"href":"https:\/\/schrittmacherfestival.nl\/de\/wp-json\/wp\/v2\/types\/page"}],"author":[{"embeddable":true,"href":"https:\/\/schrittmacherfestival.nl\/de\/wp-json\/wp\/v2\/users\/1"}],"replies":[{"embeddable":true,"href":"https:\/\/schrittmacherfestival.nl\/de\/wp-json\/wp\/v2\/comments?post=13044"}],"version-history":[{"count":9,"href":"https:\/\/schrittmacherfestival.nl\/de\/wp-json\/wp\/v2\/pages\/13044\/revisions"}],"predecessor-version":[{"id":13939,"href":"https:\/\/schrittmacherfestival.nl\/de\/wp-json\/wp\/v2\/pages\/13044\/revisions\/13939"}],"wp:attachment":[{"href":"https:\/\/schrittmacherfestival.nl\/de\/wp-json\/wp\/v2\/media?parent=13044"}],"curies":[{"name":"wp","href":"https:\/\/api.w.org\/{rel}","templated":true}]}}