{"id":13059,"date":"2025-12-15T11:39:10","date_gmt":"2025-12-15T11:39:10","guid":{"rendered":"https:\/\/schrittmacherfestival.nl\/dance-on-prescription\/"},"modified":"2026-02-25T12:48:03","modified_gmt":"2026-02-25T12:48:04","slug":"dance-on-prescription","status":"publish","type":"page","link":"https:\/\/schrittmacherfestival.nl\/de\/dance-on-prescription\/","title":{"rendered":"Dance on prescription"},"content":{"rendered":"\n<h1 class=\"wp-block-heading has-black-color has-text-color\" id=\"hofesh-shechter-company-gbr\"><strong>Move, meet, and enjoy<\/strong> (Auf Niederl\u00e4ndisch)<\/h1>\n\n<p><strong>Cultuurhuis Heerlen<\/strong><br\/><strong>Sa 28.02.2026 + 07.03.2026 + 14.03.2026 + 21.03.2026 + 28.03.2026<br\/>13:00 &#8211; 15:00 Uhr<br\/>50,00 \u20ac for the 5-day course (incl coffee\/tea)<\/strong><br\/><br\/><strong>Sa 28.03.2026<\/strong><br\/><strong>Presentation<br\/>15:30, Cultuurhuis Heerlen<br\/>5,00 \u20ac<\/strong><\/p>\n\n<figure class=\"wp-block-image alignwide size-large\"><img data-recalc-dims=\"1\" fetchpriority=\"high\" decoding=\"async\" width=\"640\" height=\"267\" src=\"https:\/\/i0.wp.com\/schrittmacherfestival.nl\/wp-content\/uploads\/2025\/12\/dans-op-recept-2-e1765791030474-1024x427.jpg?resize=640%2C267&#038;ssl=1\" alt=\"\" class=\"wp-image-12988\" srcset=\"https:\/\/i0.wp.com\/schrittmacherfestival.nl\/wp-content\/uploads\/2025\/12\/dans-op-recept-2-e1765791030474.jpg?resize=1024%2C427&amp;ssl=1 1024w, https:\/\/i0.wp.com\/schrittmacherfestival.nl\/wp-content\/uploads\/2025\/12\/dans-op-recept-2-e1765791030474.jpg?resize=300%2C125&amp;ssl=1 300w, https:\/\/i0.wp.com\/schrittmacherfestival.nl\/wp-content\/uploads\/2025\/12\/dans-op-recept-2-e1765791030474.jpg?resize=768%2C320&amp;ssl=1 768w, https:\/\/i0.wp.com\/schrittmacherfestival.nl\/wp-content\/uploads\/2025\/12\/dans-op-recept-2-e1765791030474.jpg?resize=31%2C13&amp;ssl=1 31w, https:\/\/i0.wp.com\/schrittmacherfestival.nl\/wp-content\/uploads\/2025\/12\/dans-op-recept-2-e1765791030474.jpg?w=1200&amp;ssl=1 1200w\" sizes=\"(max-width: 640px) 100vw, 640px\" \/><\/figure>\n\n<hr class=\"wp-block-separator has-css-opacity\"\/>\n\n<p>Bewege dich, begegne anderen und genie\u00dfe den f\u00fcnft\u00e4gigen Kurs \u201eTanz auf Rezept\u201d. An f\u00fcnf Samstagen entsteht etwas Einzigartiges, mit einer Abschlusspr\u00e4sentation f\u00fcr Familie, Freunde und Interessierte. Der Kurs richtet sich an Menschen mit chronischen Erkrankungen wie Asthma, Rheuma, Parkinson, MS, Krebs oder Diabetes. Alle k\u00f6nnen mitmachen \u2013 k\u00f6rperliche Einschr\u00e4nkungen werden ber\u00fccksichtigt. Niedrigschwellig, gesellig und voller Freude, mit Raum f\u00fcr das, was m\u00f6glich ist. Der Kaffeemoment nach dem Kurs ist genauso sch\u00f6n wie das Tanzen selbst.<\/p>\n\n<p>Auf Niederl\u00e4ndisch<\/p>\n\n<hr class=\"wp-block-separator has-css-opacity\"\/>\n\n<div class=\"wp-block-buttons is-horizontal is-content-justification-center is-layout-flex wp-container-core-buttons-is-layout-499968f5 wp-block-buttons-is-layout-flex\">\n<div class=\"wp-block-button\"><a class=\"wp-block-button__link has-white-color has-black-background-color has-text-color has-background wp-element-button\" href=\"https:\/\/bestellen.plt.nl\/bestel\/13778\" target=\"_blank\" rel=\"noreferrer noopener\"><strong>Tickets <strong>5-day course<\/strong><\/strong><\/a><\/div>\n\n\n\n<div class=\"wp-block-button\"><a class=\"wp-block-button__link has-white-color has-black-background-color has-text-color has-background wp-element-button\" href=\"https:\/\/bestellen.plt.nl\/bestel\/13779\" target=\"_blank\" rel=\"noreferrer noopener\"><strong>Tickets Sa 28.03.2026 | 15.30 Uhr<\/strong><\/a><\/div>\n<\/div>\n\n<hr class=\"wp-block-separator has-css-opacity\"\/>\n\n<figure class=\"wp-block-gallery has-nested-images columns-default is-cropped wp-block-gallery-1 is-layout-flex wp-block-gallery-is-layout-flex\">\n<figure class=\"wp-block-image size-large\"><img data-recalc-dims=\"1\" decoding=\"async\" width=\"640\" height=\"480\" data-id=\"13055\" src=\"https:\/\/i0.wp.com\/schrittmacherfestival.nl\/wp-content\/uploads\/2025\/12\/dans-op-recept-1.jpg?resize=640%2C480&#038;ssl=1\" alt=\"\" class=\"wp-image-13055\" srcset=\"https:\/\/i0.wp.com\/schrittmacherfestival.nl\/wp-content\/uploads\/2025\/12\/dans-op-recept-1-scaled.jpg?resize=1024%2C768&amp;ssl=1 1024w, https:\/\/i0.wp.com\/schrittmacherfestival.nl\/wp-content\/uploads\/2025\/12\/dans-op-recept-1-scaled.jpg?resize=300%2C225&amp;ssl=1 300w, https:\/\/i0.wp.com\/schrittmacherfestival.nl\/wp-content\/uploads\/2025\/12\/dans-op-recept-1-scaled.jpg?resize=768%2C576&amp;ssl=1 768w, https:\/\/i0.wp.com\/schrittmacherfestival.nl\/wp-content\/uploads\/2025\/12\/dans-op-recept-1-scaled.jpg?resize=1536%2C1152&amp;ssl=1 1536w, https:\/\/i0.wp.com\/schrittmacherfestival.nl\/wp-content\/uploads\/2025\/12\/dans-op-recept-1-scaled.jpg?resize=2048%2C1536&amp;ssl=1 2048w, https:\/\/i0.wp.com\/schrittmacherfestival.nl\/wp-content\/uploads\/2025\/12\/dans-op-recept-1-scaled.jpg?resize=31%2C23&amp;ssl=1 31w, https:\/\/i0.wp.com\/schrittmacherfestival.nl\/wp-content\/uploads\/2025\/12\/dans-op-recept-1-scaled.jpg?w=1280&amp;ssl=1 1280w, https:\/\/i0.wp.com\/schrittmacherfestival.nl\/wp-content\/uploads\/2025\/12\/dans-op-recept-1-scaled.jpg?w=1920&amp;ssl=1 1920w\" sizes=\"(max-width: 640px) 100vw, 640px\" \/><\/figure>\n\n\n\n<figure class=\"wp-block-image size-large\"><img data-recalc-dims=\"1\" decoding=\"async\" width=\"640\" height=\"427\" data-id=\"13054\" src=\"https:\/\/i0.wp.com\/schrittmacherfestival.nl\/wp-content\/uploads\/2025\/12\/dans-op-recept-2-1.jpg?resize=640%2C427&#038;ssl=1\" alt=\"\" class=\"wp-image-13054\" srcset=\"https:\/\/i0.wp.com\/schrittmacherfestival.nl\/wp-content\/uploads\/2025\/12\/dans-op-recept-2-1.jpg?resize=1024%2C683&amp;ssl=1 1024w, https:\/\/i0.wp.com\/schrittmacherfestival.nl\/wp-content\/uploads\/2025\/12\/dans-op-recept-2-1.jpg?resize=300%2C200&amp;ssl=1 300w, https:\/\/i0.wp.com\/schrittmacherfestival.nl\/wp-content\/uploads\/2025\/12\/dans-op-recept-2-1.jpg?resize=768%2C512&amp;ssl=1 768w, https:\/\/i0.wp.com\/schrittmacherfestival.nl\/wp-content\/uploads\/2025\/12\/dans-op-recept-2-1.jpg?resize=1536%2C1025&amp;ssl=1 1536w, https:\/\/i0.wp.com\/schrittmacherfestival.nl\/wp-content\/uploads\/2025\/12\/dans-op-recept-2-1.jpg?resize=600%2C400&amp;ssl=1 600w, https:\/\/i0.wp.com\/schrittmacherfestival.nl\/wp-content\/uploads\/2025\/12\/dans-op-recept-2-1.jpg?resize=31%2C21&amp;ssl=1 31w, https:\/\/i0.wp.com\/schrittmacherfestival.nl\/wp-content\/uploads\/2025\/12\/dans-op-recept-2-1.jpg?w=2000&amp;ssl=1 2000w, https:\/\/i0.wp.com\/schrittmacherfestival.nl\/wp-content\/uploads\/2025\/12\/dans-op-recept-2-1.jpg?w=1280&amp;ssl=1 1280w, https:\/\/i0.wp.com\/schrittmacherfestival.nl\/wp-content\/uploads\/2025\/12\/dans-op-recept-2-1.jpg?w=1920&amp;ssl=1 1920w\" sizes=\"(max-width: 640px) 100vw, 640px\" \/><\/figure>\n<\/figure>\n\n<hr class=\"wp-block-separator has-css-opacity\"\/>\n","protected":false},"excerpt":{"rendered":"<p>Move, meet, and enjoy (Auf Niederl\u00e4ndisch) Cultuurhuis HeerlenSa 28.02.2026 + 07.03.2026 + 14.03.2026 + 21.03.2026 + 28.03.202613:00 &#8211; 15:00 Uhr50,00 \u20ac for the 5-day course (incl coffee\/tea) Sa 28.03.2026Presentation15:30, Cultuurhuis Heerlen5,00 \u20ac Bewege dich, begegne anderen und genie\u00dfe den f\u00fcnft\u00e4gigen Kurs \u201eTanz auf Rezept\u201d. An f\u00fcnf Samstagen entsteht etwas Einzigartiges, mit einer Abschlusspr\u00e4sentation f\u00fcr Familie, Freunde und Interessierte. Der Kurs [&hellip;]<\/p>\n","protected":false},"author":1,"featured_media":0,"parent":0,"menu_order":0,"comment_status":"closed","ping_status":"closed","template":"","meta":{"_acf_changed":false,"footnotes":""},"class_list":["post-13059","page","type-page","status-publish","hentry"],"aioseo_notices":[],"acf":[],"jetpack_sharing_enabled":true,"_links":{"self":[{"href":"https:\/\/schrittmacherfestival.nl\/de\/wp-json\/wp\/v2\/pages\/13059","targetHints":{"allow":["GET"]}}],"collection":[{"href":"https:\/\/schrittmacherfestival.nl\/de\/wp-json\/wp\/v2\/pages"}],"about":[{"href":"https:\/\/schrittmacherfestival.nl\/de\/wp-json\/wp\/v2\/types\/page"}],"author":[{"embeddable":true,"href":"https:\/\/schrittmacherfestival.nl\/de\/wp-json\/wp\/v2\/users\/1"}],"replies":[{"embeddable":true,"href":"https:\/\/schrittmacherfestival.nl\/de\/wp-json\/wp\/v2\/comments?post=13059"}],"version-history":[{"count":4,"href":"https:\/\/schrittmacherfestival.nl\/de\/wp-json\/wp\/v2\/pages\/13059\/revisions"}],"predecessor-version":[{"id":13829,"href":"https:\/\/schrittmacherfestival.nl\/de\/wp-json\/wp\/v2\/pages\/13059\/revisions\/13829"}],"wp:attachment":[{"href":"https:\/\/schrittmacherfestival.nl\/de\/wp-json\/wp\/v2\/media?parent=13059"}],"curies":[{"name":"wp","href":"https:\/\/api.w.org\/{rel}","templated":true}]}}