{"id":13070,"date":"2025-12-15T11:52:48","date_gmt":"2025-12-15T11:52:48","guid":{"rendered":"https:\/\/schrittmacherfestival.nl\/dance-therapy\/"},"modified":"2026-02-06T09:45:41","modified_gmt":"2026-02-06T09:45:41","slug":"dance-therapy","status":"publish","type":"page","link":"https:\/\/schrittmacherfestival.nl\/de\/dance-therapy\/","title":{"rendered":"Dance therapy"},"content":{"rendered":"\n<h1 class=\"wp-block-heading has-black-color has-text-color\" id=\"hofesh-shechter-company-gbr\"><strong>Zuyd University of Applied<\/strong>\u00a0<strong>Sciences, Heerlen<\/strong><\/h1>\n\n<p><strong>Cultuurhuis Heerlen<\/strong><br\/><strong><strong>Fr 06.03.2026<\/strong><\/strong><br\/><strong>15:00 &#8211; 16:30 Uhr<\/strong><br\/><strong>5,00 \u20ac (incl. coffee\/tea)<\/strong><\/p>\n\n<figure class=\"wp-block-image alignwide size-large\"><img data-recalc-dims=\"1\" fetchpriority=\"high\" decoding=\"async\" width=\"640\" height=\"267\" src=\"https:\/\/i0.wp.com\/schrittmacherfestival.nl\/wp-content\/uploads\/2025\/12\/Dance-Therapy-Luc-Lodder-1-scaled-e1765791443369-1024x427.jpg?resize=640%2C267&#038;ssl=1\" alt=\"\" class=\"wp-image-12997\" srcset=\"https:\/\/i0.wp.com\/schrittmacherfestival.nl\/wp-content\/uploads\/2025\/12\/Dance-Therapy-Luc-Lodder-1-scaled-e1765791443369.jpg?resize=1024%2C427&amp;ssl=1 1024w, https:\/\/i0.wp.com\/schrittmacherfestival.nl\/wp-content\/uploads\/2025\/12\/Dance-Therapy-Luc-Lodder-1-scaled-e1765791443369.jpg?resize=300%2C125&amp;ssl=1 300w, https:\/\/i0.wp.com\/schrittmacherfestival.nl\/wp-content\/uploads\/2025\/12\/Dance-Therapy-Luc-Lodder-1-scaled-e1765791443369.jpg?resize=768%2C320&amp;ssl=1 768w, https:\/\/i0.wp.com\/schrittmacherfestival.nl\/wp-content\/uploads\/2025\/12\/Dance-Therapy-Luc-Lodder-1-scaled-e1765791443369.jpg?resize=31%2C13&amp;ssl=1 31w, https:\/\/i0.wp.com\/schrittmacherfestival.nl\/wp-content\/uploads\/2025\/12\/Dance-Therapy-Luc-Lodder-1-scaled-e1765791443369.jpg?w=1200&amp;ssl=1 1200w\" sizes=\"(max-width: 640px) 100vw, 640px\" \/><\/figure>\n\n<hr class=\"wp-block-separator has-css-opacity\"\/>\n\n<p>Tanz und Bewegung bringen Freude, Wohlbefinden und Verbundenheit \u2013 mit sich selbst und mit anderen. Gleichzeitig sind sie ein wirkungsvolles Mittel, um pers\u00f6nliches Wachstum zu erreichen. In der Tanztherapie dient der (kreative) Bewegungsprozess als Grundlage f\u00fcr Entwicklungsprozesse. <\/p>\n\n<p>Ankn\u00fcpfend an den Erfolg des letzten Jahres stellen Studenten und ein Dozent des Bachelor-Studiengangs Tanz- und Bewegungstherapie (Zuyd Hogeschool Heerlen) in dieser neuen Ausgabe Methoden rund um k\u00f6rperliche Wahrnehmung, Kontakt und Ausdruck vor. Durch K\u00f6rper, Bewegung und Tanz kommen Sie mit sich selbst in Kontakt und entdecken, wie k\u00f6rperliche, soziale und expressive Aspekte zusammenkommen. <\/p>\n\n<p>In der Art und Weise, wie Sie sich bewegen, wird sichtbar, wer Sie sind und welche Muster Sie beeinflussen. Indem Sie sich dieser (Bewegungs-)Muster bewusst werden, entsteht Raum zum Erforschen. Auf spielerische Weise k\u00f6nnen Sie neue Erfahrungen sammeln. <\/p>\n\n<p>Jeder ist willkommen \u2013 auch ohne Tanzerfahrung \u2013, um zu f\u00fchlen, sich zu vertiefen und zu wachsen.<\/p>\n\n<hr class=\"wp-block-separator has-css-opacity\"\/>\n\n<div class=\"wp-block-buttons is-horizontal is-content-justification-center is-layout-flex wp-container-core-buttons-is-layout-499968f5 wp-block-buttons-is-layout-flex\">\n<div class=\"wp-block-button\"><a class=\"wp-block-button__link has-white-color has-black-background-color has-text-color has-background wp-element-button\" href=\"https:\/\/bestellen.plt.nl\/bestel\/13762\" target=\"_blank\" rel=\"noreferrer noopener\"><strong>Tickets Fr 06.03 | 15.00 Uhr<\/strong><\/a><\/div>\n<\/div>\n\n<hr class=\"wp-block-separator has-css-opacity\"\/>\n\n<figure class=\"wp-block-gallery has-nested-images columns-default is-cropped wp-block-gallery-1 is-layout-flex wp-block-gallery-is-layout-flex\">\n<figure class=\"wp-block-image size-large\"><img data-recalc-dims=\"1\" decoding=\"async\" width=\"640\" height=\"427\" data-id=\"13066\" src=\"https:\/\/i0.wp.com\/schrittmacherfestival.nl\/wp-content\/uploads\/2025\/12\/Dance-Therapy-Luc-Lodder-1-1.jpg?resize=640%2C427&#038;ssl=1\" alt=\"\" class=\"wp-image-13066\" srcset=\"https:\/\/i0.wp.com\/schrittmacherfestival.nl\/wp-content\/uploads\/2025\/12\/Dance-Therapy-Luc-Lodder-1-1-scaled.jpg?resize=1024%2C683&amp;ssl=1 1024w, https:\/\/i0.wp.com\/schrittmacherfestival.nl\/wp-content\/uploads\/2025\/12\/Dance-Therapy-Luc-Lodder-1-1-scaled.jpg?resize=300%2C200&amp;ssl=1 300w, https:\/\/i0.wp.com\/schrittmacherfestival.nl\/wp-content\/uploads\/2025\/12\/Dance-Therapy-Luc-Lodder-1-1-scaled.jpg?resize=768%2C512&amp;ssl=1 768w, https:\/\/i0.wp.com\/schrittmacherfestival.nl\/wp-content\/uploads\/2025\/12\/Dance-Therapy-Luc-Lodder-1-1-scaled.jpg?resize=1536%2C1024&amp;ssl=1 1536w, https:\/\/i0.wp.com\/schrittmacherfestival.nl\/wp-content\/uploads\/2025\/12\/Dance-Therapy-Luc-Lodder-1-1-scaled.jpg?resize=2048%2C1365&amp;ssl=1 2048w, https:\/\/i0.wp.com\/schrittmacherfestival.nl\/wp-content\/uploads\/2025\/12\/Dance-Therapy-Luc-Lodder-1-1-scaled.jpg?resize=600%2C400&amp;ssl=1 600w, https:\/\/i0.wp.com\/schrittmacherfestival.nl\/wp-content\/uploads\/2025\/12\/Dance-Therapy-Luc-Lodder-1-1-scaled.jpg?resize=31%2C21&amp;ssl=1 31w, https:\/\/i0.wp.com\/schrittmacherfestival.nl\/wp-content\/uploads\/2025\/12\/Dance-Therapy-Luc-Lodder-1-1-scaled.jpg?w=1280&amp;ssl=1 1280w, https:\/\/i0.wp.com\/schrittmacherfestival.nl\/wp-content\/uploads\/2025\/12\/Dance-Therapy-Luc-Lodder-1-1-scaled.jpg?w=1920&amp;ssl=1 1920w\" sizes=\"(max-width: 640px) 100vw, 640px\" \/><\/figure>\n\n\n\n<figure class=\"wp-block-image size-large\"><img data-recalc-dims=\"1\" decoding=\"async\" width=\"640\" height=\"427\" data-id=\"13067\" src=\"https:\/\/i0.wp.com\/schrittmacherfestival.nl\/wp-content\/uploads\/2025\/12\/Dance-Therapy-Luc-Lodder-2.jpg?resize=640%2C427&#038;ssl=1\" alt=\"\" class=\"wp-image-13067\" srcset=\"https:\/\/i0.wp.com\/schrittmacherfestival.nl\/wp-content\/uploads\/2025\/12\/Dance-Therapy-Luc-Lodder-2-scaled.jpg?resize=1024%2C683&amp;ssl=1 1024w, https:\/\/i0.wp.com\/schrittmacherfestival.nl\/wp-content\/uploads\/2025\/12\/Dance-Therapy-Luc-Lodder-2-scaled.jpg?resize=300%2C200&amp;ssl=1 300w, https:\/\/i0.wp.com\/schrittmacherfestival.nl\/wp-content\/uploads\/2025\/12\/Dance-Therapy-Luc-Lodder-2-scaled.jpg?resize=768%2C512&amp;ssl=1 768w, https:\/\/i0.wp.com\/schrittmacherfestival.nl\/wp-content\/uploads\/2025\/12\/Dance-Therapy-Luc-Lodder-2-scaled.jpg?resize=1536%2C1024&amp;ssl=1 1536w, https:\/\/i0.wp.com\/schrittmacherfestival.nl\/wp-content\/uploads\/2025\/12\/Dance-Therapy-Luc-Lodder-2-scaled.jpg?resize=2048%2C1365&amp;ssl=1 2048w, https:\/\/i0.wp.com\/schrittmacherfestival.nl\/wp-content\/uploads\/2025\/12\/Dance-Therapy-Luc-Lodder-2-scaled.jpg?resize=600%2C400&amp;ssl=1 600w, https:\/\/i0.wp.com\/schrittmacherfestival.nl\/wp-content\/uploads\/2025\/12\/Dance-Therapy-Luc-Lodder-2-scaled.jpg?resize=31%2C21&amp;ssl=1 31w, https:\/\/i0.wp.com\/schrittmacherfestival.nl\/wp-content\/uploads\/2025\/12\/Dance-Therapy-Luc-Lodder-2-scaled.jpg?w=1280&amp;ssl=1 1280w, https:\/\/i0.wp.com\/schrittmacherfestival.nl\/wp-content\/uploads\/2025\/12\/Dance-Therapy-Luc-Lodder-2-scaled.jpg?w=1920&amp;ssl=1 1920w\" sizes=\"(max-width: 640px) 100vw, 640px\" \/><\/figure>\n\n\n\n<figure class=\"wp-block-image size-large\"><img data-recalc-dims=\"1\" loading=\"lazy\" decoding=\"async\" width=\"640\" height=\"427\" data-id=\"13065\" src=\"https:\/\/i0.wp.com\/schrittmacherfestival.nl\/wp-content\/uploads\/2025\/12\/Dance-Therapy-Luc-Lodder-3.jpg?resize=640%2C427&#038;ssl=1\" alt=\"\" class=\"wp-image-13065\" srcset=\"https:\/\/i0.wp.com\/schrittmacherfestival.nl\/wp-content\/uploads\/2025\/12\/Dance-Therapy-Luc-Lodder-3-scaled.jpg?resize=1024%2C683&amp;ssl=1 1024w, https:\/\/i0.wp.com\/schrittmacherfestival.nl\/wp-content\/uploads\/2025\/12\/Dance-Therapy-Luc-Lodder-3-scaled.jpg?resize=300%2C200&amp;ssl=1 300w, https:\/\/i0.wp.com\/schrittmacherfestival.nl\/wp-content\/uploads\/2025\/12\/Dance-Therapy-Luc-Lodder-3-scaled.jpg?resize=768%2C512&amp;ssl=1 768w, https:\/\/i0.wp.com\/schrittmacherfestival.nl\/wp-content\/uploads\/2025\/12\/Dance-Therapy-Luc-Lodder-3-scaled.jpg?resize=1536%2C1024&amp;ssl=1 1536w, https:\/\/i0.wp.com\/schrittmacherfestival.nl\/wp-content\/uploads\/2025\/12\/Dance-Therapy-Luc-Lodder-3-scaled.jpg?resize=2048%2C1365&amp;ssl=1 2048w, https:\/\/i0.wp.com\/schrittmacherfestival.nl\/wp-content\/uploads\/2025\/12\/Dance-Therapy-Luc-Lodder-3-scaled.jpg?resize=600%2C400&amp;ssl=1 600w, https:\/\/i0.wp.com\/schrittmacherfestival.nl\/wp-content\/uploads\/2025\/12\/Dance-Therapy-Luc-Lodder-3-scaled.jpg?resize=31%2C21&amp;ssl=1 31w, https:\/\/i0.wp.com\/schrittmacherfestival.nl\/wp-content\/uploads\/2025\/12\/Dance-Therapy-Luc-Lodder-3-scaled.jpg?w=1280&amp;ssl=1 1280w, https:\/\/i0.wp.com\/schrittmacherfestival.nl\/wp-content\/uploads\/2025\/12\/Dance-Therapy-Luc-Lodder-3-scaled.jpg?w=1920&amp;ssl=1 1920w\" sizes=\"(max-width: 640px) 100vw, 640px\" \/><\/figure>\n<\/figure>\n\n<hr class=\"wp-block-separator has-css-opacity\"\/>\n","protected":false},"excerpt":{"rendered":"<p>Zuyd University of Applied\u00a0Sciences, Heerlen Cultuurhuis HeerlenFr 06.03.202615:00 &#8211; 16:30 Uhr5,00 \u20ac (incl. coffee\/tea) Tanz und Bewegung bringen Freude, Wohlbefinden und Verbundenheit \u2013 mit sich selbst und mit anderen. Gleichzeitig sind sie ein wirkungsvolles Mittel, um pers\u00f6nliches Wachstum zu erreichen. In der Tanztherapie dient der (kreative) Bewegungsprozess als Grundlage f\u00fcr Entwicklungsprozesse. Ankn\u00fcpfend an den Erfolg des letzten Jahres stellen Studenten [&hellip;]<\/p>\n","protected":false},"author":1,"featured_media":0,"parent":0,"menu_order":0,"comment_status":"closed","ping_status":"closed","template":"","meta":{"_acf_changed":false,"footnotes":""},"class_list":["post-13070","page","type-page","status-publish","hentry"],"aioseo_notices":[],"acf":[],"jetpack_sharing_enabled":true,"_links":{"self":[{"href":"https:\/\/schrittmacherfestival.nl\/de\/wp-json\/wp\/v2\/pages\/13070","targetHints":{"allow":["GET"]}}],"collection":[{"href":"https:\/\/schrittmacherfestival.nl\/de\/wp-json\/wp\/v2\/pages"}],"about":[{"href":"https:\/\/schrittmacherfestival.nl\/de\/wp-json\/wp\/v2\/types\/page"}],"author":[{"embeddable":true,"href":"https:\/\/schrittmacherfestival.nl\/de\/wp-json\/wp\/v2\/users\/1"}],"replies":[{"embeddable":true,"href":"https:\/\/schrittmacherfestival.nl\/de\/wp-json\/wp\/v2\/comments?post=13070"}],"version-history":[{"count":3,"href":"https:\/\/schrittmacherfestival.nl\/de\/wp-json\/wp\/v2\/pages\/13070\/revisions"}],"predecessor-version":[{"id":13712,"href":"https:\/\/schrittmacherfestival.nl\/de\/wp-json\/wp\/v2\/pages\/13070\/revisions\/13712"}],"wp:attachment":[{"href":"https:\/\/schrittmacherfestival.nl\/de\/wp-json\/wp\/v2\/media?parent=13070"}],"curies":[{"name":"wp","href":"https:\/\/api.w.org\/{rel}","templated":true}]}}