{"id":13082,"date":"2025-12-15T12:09:04","date_gmt":"2025-12-15T12:09:04","guid":{"rendered":"https:\/\/schrittmacherfestival.nl\/storytelling-cartoon-style-locking\/"},"modified":"2026-02-10T09:41:32","modified_gmt":"2026-02-10T09:41:32","slug":"storytelling-cartoon-style-locking","status":"publish","type":"page","link":"https:\/\/schrittmacherfestival.nl\/de\/storytelling-cartoon-style-locking\/","title":{"rendered":"Storytelling &amp; Cartoon Style Locking"},"content":{"rendered":"\n<h1 class=\"wp-block-heading has-black-color has-text-color\" id=\"hofesh-shechter-company-gbr\"><strong>Kadir \u201cAmigo\u201d Memi\u015f (DE\/TR)<\/strong><\/h1>\n\n<p><strong>Barockfabrik Aachen<\/strong><br\/><strong>So 08.03.2026<\/strong><br\/><strong>17.00 Uhr<br\/>28,00 \u20ac<\/strong><\/p>\n\n<figure class=\"wp-block-image alignwide size-large\"><img data-recalc-dims=\"1\" fetchpriority=\"high\" decoding=\"async\" width=\"640\" height=\"267\" src=\"https:\/\/i0.wp.com\/schrittmacherfestival.nl\/wp-content\/uploads\/2025\/12\/smf26_WORKSHOP_Kadir_Amigo_Memis_c_philography.iso_Workshop_008-e1765791645221-1024x427.jpg?resize=640%2C267&#038;ssl=1\" alt=\"\" class=\"wp-image-12998\" srcset=\"https:\/\/i0.wp.com\/schrittmacherfestival.nl\/wp-content\/uploads\/2025\/12\/smf26_WORKSHOP_Kadir_Amigo_Memis_c_philography.iso_Workshop_008-e1765791645221.jpg?resize=1024%2C427&amp;ssl=1 1024w, https:\/\/i0.wp.com\/schrittmacherfestival.nl\/wp-content\/uploads\/2025\/12\/smf26_WORKSHOP_Kadir_Amigo_Memis_c_philography.iso_Workshop_008-e1765791645221.jpg?resize=300%2C125&amp;ssl=1 300w, https:\/\/i0.wp.com\/schrittmacherfestival.nl\/wp-content\/uploads\/2025\/12\/smf26_WORKSHOP_Kadir_Amigo_Memis_c_philography.iso_Workshop_008-e1765791645221.jpg?resize=768%2C320&amp;ssl=1 768w, https:\/\/i0.wp.com\/schrittmacherfestival.nl\/wp-content\/uploads\/2025\/12\/smf26_WORKSHOP_Kadir_Amigo_Memis_c_philography.iso_Workshop_008-e1765791645221.jpg?resize=31%2C13&amp;ssl=1 31w, https:\/\/i0.wp.com\/schrittmacherfestival.nl\/wp-content\/uploads\/2025\/12\/smf26_WORKSHOP_Kadir_Amigo_Memis_c_philography.iso_Workshop_008-e1765791645221.jpg?w=1200&amp;ssl=1 1200w\" sizes=\"(max-width: 640px) 100vw, 640px\" \/><\/figure>\n\n<hr class=\"wp-block-separator has-css-opacity\"\/>\n\n<p>\u201eLocking\u201d ist ein Urban Social Dance, der sich durch Einfl\u00fcsse aus dem Funk und der Black Movement Bewegung in den 70er Jahren entwickelt hat. Das Miteinander und der Spa\u00df stehen dabei klar im Vordergrund, aber auch Cartoons und Comics hatten einen sichtbaren Einfluss. In seinem Workshop m\u00f6chte Kadir \u201eAmigo\u201c Memi\u015f Locking mit dem theatralen Mittel des Storytellings verbinden und den eigenen, ganz pers\u00f6nlichen t\u00e4nzerischen Ausdruck aufgreifen, f\u00f6rdern und entwickeln.<\/p>\n\n<p><strong>Sa 07.03.2026<\/strong><br\/>Kadir \u201cAmigo\u201d Memis (DE\/TR)<br\/><a href=\"https:\/\/schrittmacherfestival.nl\/de\/paintformance-back-to-zero\/\" title=\"\">Paint\u2019formance: BACK TO ZERO<\/a><\/p>\n\n<p><strong>So 01.03.2026 \u2013 za 07.03.2026<\/strong><br\/>Exhibition<br\/><a href=\"https:\/\/schrittmacherfestival.nl\/de\/exhibition-celestial-metamorphosis\/\" title=\"\">CELESTIAL METAMORPHOSIS<\/a><\/p>\n\n<p><strong>So 01.03.2026<\/strong><br\/>Expo opening + Artist talk [DE\/TR]<\/p>\n\n<p><strong>Fr 06.03.2026<\/strong><br\/>Artist talk [DE\/TR]<\/p>\n\n<hr class=\"wp-block-separator has-css-opacity\"\/>\n\n<div class=\"wp-block-buttons is-horizontal is-content-justification-center is-layout-flex wp-container-core-buttons-is-layout-499968f5 wp-block-buttons-is-layout-flex\">\n<div class=\"wp-block-button\"><a class=\"wp-block-button__link has-white-color has-black-background-color has-text-color has-background wp-element-button\" href=\"https:\/\/schrittmacher.reservix.de\/p\/reservix\/event\/2497518\" target=\"_blank\" rel=\"noreferrer noopener\"><strong>Tickets So 08.03 | 17.00 Uhr<\/strong><\/a><\/div>\n<\/div>\n\n<hr class=\"wp-block-separator has-css-opacity\"\/>\n\n<figure class=\"wp-block-gallery has-nested-images columns-default is-cropped wp-block-gallery-1 is-layout-flex wp-block-gallery-is-layout-flex\">\n<figure class=\"wp-block-image size-large\"><img data-recalc-dims=\"1\" decoding=\"async\" width=\"640\" height=\"427\" data-id=\"13078\" src=\"https:\/\/i0.wp.com\/schrittmacherfestival.nl\/wp-content\/uploads\/2025\/12\/Kadir_Amigo_Memis_c_philography.iso_Workshop.jpg?resize=640%2C427&#038;ssl=1\" alt=\"\" class=\"wp-image-13078\" srcset=\"https:\/\/i0.wp.com\/schrittmacherfestival.nl\/wp-content\/uploads\/2025\/12\/Kadir_Amigo_Memis_c_philography.iso_Workshop.jpg?resize=1024%2C683&amp;ssl=1 1024w, https:\/\/i0.wp.com\/schrittmacherfestival.nl\/wp-content\/uploads\/2025\/12\/Kadir_Amigo_Memis_c_philography.iso_Workshop.jpg?resize=300%2C200&amp;ssl=1 300w, https:\/\/i0.wp.com\/schrittmacherfestival.nl\/wp-content\/uploads\/2025\/12\/Kadir_Amigo_Memis_c_philography.iso_Workshop.jpg?resize=768%2C512&amp;ssl=1 768w, https:\/\/i0.wp.com\/schrittmacherfestival.nl\/wp-content\/uploads\/2025\/12\/Kadir_Amigo_Memis_c_philography.iso_Workshop.jpg?resize=1536%2C1024&amp;ssl=1 1536w, https:\/\/i0.wp.com\/schrittmacherfestival.nl\/wp-content\/uploads\/2025\/12\/Kadir_Amigo_Memis_c_philography.iso_Workshop.jpg?resize=600%2C400&amp;ssl=1 600w, https:\/\/i0.wp.com\/schrittmacherfestival.nl\/wp-content\/uploads\/2025\/12\/Kadir_Amigo_Memis_c_philography.iso_Workshop.jpg?resize=31%2C21&amp;ssl=1 31w, https:\/\/i0.wp.com\/schrittmacherfestival.nl\/wp-content\/uploads\/2025\/12\/Kadir_Amigo_Memis_c_philography.iso_Workshop.jpg?w=2048&amp;ssl=1 2048w, https:\/\/i0.wp.com\/schrittmacherfestival.nl\/wp-content\/uploads\/2025\/12\/Kadir_Amigo_Memis_c_philography.iso_Workshop.jpg?w=1280&amp;ssl=1 1280w, https:\/\/i0.wp.com\/schrittmacherfestival.nl\/wp-content\/uploads\/2025\/12\/Kadir_Amigo_Memis_c_philography.iso_Workshop.jpg?w=1920&amp;ssl=1 1920w\" sizes=\"(max-width: 640px) 100vw, 640px\" \/><\/figure>\n<\/figure>\n\n<hr class=\"wp-block-separator has-css-opacity\"\/>\n","protected":false},"excerpt":{"rendered":"<p>Kadir \u201cAmigo\u201d Memi\u015f (DE\/TR) Barockfabrik AachenSo 08.03.202617.00 Uhr28,00 \u20ac \u201eLocking\u201d ist ein Urban Social Dance, der sich durch Einfl\u00fcsse aus dem Funk und der Black Movement Bewegung in den 70er Jahren entwickelt hat. Das Miteinander und der Spa\u00df stehen dabei klar im Vordergrund, aber auch Cartoons und Comics hatten einen sichtbaren Einfluss. In seinem Workshop m\u00f6chte Kadir \u201eAmigo\u201c Memi\u015f Locking [&hellip;]<\/p>\n","protected":false},"author":1,"featured_media":0,"parent":0,"menu_order":0,"comment_status":"closed","ping_status":"closed","template":"","meta":{"_acf_changed":false,"footnotes":""},"class_list":["post-13082","page","type-page","status-publish","hentry"],"aioseo_notices":[],"acf":[],"jetpack_sharing_enabled":true,"_links":{"self":[{"href":"https:\/\/schrittmacherfestival.nl\/de\/wp-json\/wp\/v2\/pages\/13082","targetHints":{"allow":["GET"]}}],"collection":[{"href":"https:\/\/schrittmacherfestival.nl\/de\/wp-json\/wp\/v2\/pages"}],"about":[{"href":"https:\/\/schrittmacherfestival.nl\/de\/wp-json\/wp\/v2\/types\/page"}],"author":[{"embeddable":true,"href":"https:\/\/schrittmacherfestival.nl\/de\/wp-json\/wp\/v2\/users\/1"}],"replies":[{"embeddable":true,"href":"https:\/\/schrittmacherfestival.nl\/de\/wp-json\/wp\/v2\/comments?post=13082"}],"version-history":[{"count":3,"href":"https:\/\/schrittmacherfestival.nl\/de\/wp-json\/wp\/v2\/pages\/13082\/revisions"}],"predecessor-version":[{"id":13728,"href":"https:\/\/schrittmacherfestival.nl\/de\/wp-json\/wp\/v2\/pages\/13082\/revisions\/13728"}],"wp:attachment":[{"href":"https:\/\/schrittmacherfestival.nl\/de\/wp-json\/wp\/v2\/media?parent=13082"}],"curies":[{"name":"wp","href":"https:\/\/api.w.org\/{rel}","templated":true}]}}