{"id":13097,"date":"2025-12-15T12:17:46","date_gmt":"2025-12-15T12:17:46","guid":{"rendered":"https:\/\/schrittmacherfestival.nl\/hospital-moves\/"},"modified":"2025-12-18T16:18:11","modified_gmt":"2025-12-18T16:18:11","slug":"hospital-moves","status":"publish","type":"page","link":"https:\/\/schrittmacherfestival.nl\/de\/hospital-moves\/","title":{"rendered":"Hospital Moves"},"content":{"rendered":"\n<h1 class=\"wp-block-heading has-black-color has-text-color\" id=\"hofesh-shechter-company-gbr\"><strong>Dance &amp; Health<\/strong><\/h1>\n\n<p><strong>Zuyderland Medisch Centrum Sittard-Geleen<\/strong><br\/><strong>Di 10.03.2026<\/strong><br\/><strong>11:00 + 13:30 Uhr<br\/>free<\/strong><\/p>\n\n<figure class=\"wp-block-image alignwide size-large\"><img data-recalc-dims=\"1\" fetchpriority=\"high\" decoding=\"async\" width=\"640\" height=\"268\" src=\"https:\/\/i0.wp.com\/schrittmacherfestival.nl\/wp-content\/uploads\/2025\/12\/Hospital-Moves4-e1765791898313-1024x429.png?resize=640%2C268&#038;ssl=1\" alt=\"\" class=\"wp-image-13000\" srcset=\"https:\/\/i0.wp.com\/schrittmacherfestival.nl\/wp-content\/uploads\/2025\/12\/Hospital-Moves4-e1765791898313.png?resize=1024%2C429&amp;ssl=1 1024w, https:\/\/i0.wp.com\/schrittmacherfestival.nl\/wp-content\/uploads\/2025\/12\/Hospital-Moves4-e1765791898313.png?resize=300%2C126&amp;ssl=1 300w, https:\/\/i0.wp.com\/schrittmacherfestival.nl\/wp-content\/uploads\/2025\/12\/Hospital-Moves4-e1765791898313.png?resize=768%2C322&amp;ssl=1 768w, https:\/\/i0.wp.com\/schrittmacherfestival.nl\/wp-content\/uploads\/2025\/12\/Hospital-Moves4-e1765791898313.png?resize=31%2C13&amp;ssl=1 31w, https:\/\/i0.wp.com\/schrittmacherfestival.nl\/wp-content\/uploads\/2025\/12\/Hospital-Moves4-e1765791898313.png?w=1180&amp;ssl=1 1180w\" sizes=\"(max-width: 640px) 100vw, 640px\" \/><\/figure>\n\n<hr class=\"wp-block-separator has-css-opacity\"\/>\n\n<p>Tanzen macht gl\u00fccklich und ist gut f\u00fcr K\u00f6rper und Geist. In diesem Jahr bringt schrit_tmacher unter dem Thema \u201eTanz &amp; Gesundheit\u201c gemeinsam mit der Mosa Ballet School aus L\u00fcttich den Tanz ins Zuyderland Medisch Centrum Sittard-Geleen. Alle sind willkommen \u2013 Patient*innen, Besucher*innen und Mitarbeitende \u2013 kurz mitzutanzen, im Sitzen, im Stehen oder einfach zuzuschauen. Keine Anmeldung oder besondere Kleidung n\u00f6tig: Komm, wie du bist, und bring deinen Tag in Bewegung!<\/p>\n\n<p>Duration: ~ 30 min.<\/p>\n\n<hr class=\"wp-block-separator has-css-opacity\"\/>\n\n<figure class=\"wp-block-gallery has-nested-images columns-default is-cropped wp-block-gallery-1 is-layout-flex wp-block-gallery-is-layout-flex\">\n<figure class=\"wp-block-image size-large\"><img data-recalc-dims=\"1\" decoding=\"async\" width=\"640\" height=\"386\" data-id=\"13089\" src=\"https:\/\/i0.wp.com\/schrittmacherfestival.nl\/wp-content\/uploads\/2025\/12\/Hospital-Moves2.png?resize=640%2C386&#038;ssl=1\" alt=\"\" class=\"wp-image-13089\" srcset=\"https:\/\/i0.wp.com\/schrittmacherfestival.nl\/wp-content\/uploads\/2025\/12\/Hospital-Moves2.png?resize=1024%2C617&amp;ssl=1 1024w, https:\/\/i0.wp.com\/schrittmacherfestival.nl\/wp-content\/uploads\/2025\/12\/Hospital-Moves2.png?resize=300%2C181&amp;ssl=1 300w, https:\/\/i0.wp.com\/schrittmacherfestival.nl\/wp-content\/uploads\/2025\/12\/Hospital-Moves2.png?resize=768%2C463&amp;ssl=1 768w, https:\/\/i0.wp.com\/schrittmacherfestival.nl\/wp-content\/uploads\/2025\/12\/Hospital-Moves2.png?resize=31%2C19&amp;ssl=1 31w, https:\/\/i0.wp.com\/schrittmacherfestival.nl\/wp-content\/uploads\/2025\/12\/Hospital-Moves2.png?w=1162&amp;ssl=1 1162w\" sizes=\"(max-width: 640px) 100vw, 640px\" \/><\/figure>\n\n\n\n<figure class=\"wp-block-image size-large\"><img data-recalc-dims=\"1\" decoding=\"async\" width=\"640\" height=\"332\" data-id=\"13087\" src=\"https:\/\/i0.wp.com\/schrittmacherfestival.nl\/wp-content\/uploads\/2025\/12\/Hospital-Moves4-1.png?resize=640%2C332&#038;ssl=1\" alt=\"\" class=\"wp-image-13087\" srcset=\"https:\/\/i0.wp.com\/schrittmacherfestival.nl\/wp-content\/uploads\/2025\/12\/Hospital-Moves4-1.png?resize=1024%2C531&amp;ssl=1 1024w, https:\/\/i0.wp.com\/schrittmacherfestival.nl\/wp-content\/uploads\/2025\/12\/Hospital-Moves4-1.png?resize=300%2C156&amp;ssl=1 300w, https:\/\/i0.wp.com\/schrittmacherfestival.nl\/wp-content\/uploads\/2025\/12\/Hospital-Moves4-1.png?resize=768%2C398&amp;ssl=1 768w, https:\/\/i0.wp.com\/schrittmacherfestival.nl\/wp-content\/uploads\/2025\/12\/Hospital-Moves4-1.png?resize=31%2C16&amp;ssl=1 31w, https:\/\/i0.wp.com\/schrittmacherfestival.nl\/wp-content\/uploads\/2025\/12\/Hospital-Moves4-1.png?w=1180&amp;ssl=1 1180w\" sizes=\"(max-width: 640px) 100vw, 640px\" \/><\/figure>\n\n\n\n<figure class=\"wp-block-image size-large\"><img data-recalc-dims=\"1\" loading=\"lazy\" decoding=\"async\" width=\"640\" height=\"331\" data-id=\"13090\" src=\"https:\/\/i0.wp.com\/schrittmacherfestival.nl\/wp-content\/uploads\/2025\/12\/Hospital-Moves3.png?resize=640%2C331&#038;ssl=1\" alt=\"\" class=\"wp-image-13090\" srcset=\"https:\/\/i0.wp.com\/schrittmacherfestival.nl\/wp-content\/uploads\/2025\/12\/Hospital-Moves3.png?resize=1024%2C530&amp;ssl=1 1024w, https:\/\/i0.wp.com\/schrittmacherfestival.nl\/wp-content\/uploads\/2025\/12\/Hospital-Moves3.png?resize=300%2C155&amp;ssl=1 300w, https:\/\/i0.wp.com\/schrittmacherfestival.nl\/wp-content\/uploads\/2025\/12\/Hospital-Moves3.png?resize=768%2C398&amp;ssl=1 768w, https:\/\/i0.wp.com\/schrittmacherfestival.nl\/wp-content\/uploads\/2025\/12\/Hospital-Moves3.png?resize=31%2C16&amp;ssl=1 31w, https:\/\/i0.wp.com\/schrittmacherfestival.nl\/wp-content\/uploads\/2025\/12\/Hospital-Moves3.png?w=1184&amp;ssl=1 1184w\" sizes=\"(max-width: 640px) 100vw, 640px\" \/><\/figure>\n\n\n\n<figure class=\"wp-block-image size-large\"><img data-recalc-dims=\"1\" loading=\"lazy\" decoding=\"async\" width=\"640\" height=\"437\" data-id=\"13088\" src=\"https:\/\/i0.wp.com\/schrittmacherfestival.nl\/wp-content\/uploads\/2025\/12\/Hospital-Moves1-1.png?resize=640%2C437&#038;ssl=1\" alt=\"\" class=\"wp-image-13088\" srcset=\"https:\/\/i0.wp.com\/schrittmacherfestival.nl\/wp-content\/uploads\/2025\/12\/Hospital-Moves1-1.png?w=890&amp;ssl=1 890w, https:\/\/i0.wp.com\/schrittmacherfestival.nl\/wp-content\/uploads\/2025\/12\/Hospital-Moves1-1.png?resize=300%2C205&amp;ssl=1 300w, https:\/\/i0.wp.com\/schrittmacherfestival.nl\/wp-content\/uploads\/2025\/12\/Hospital-Moves1-1.png?resize=768%2C525&amp;ssl=1 768w, https:\/\/i0.wp.com\/schrittmacherfestival.nl\/wp-content\/uploads\/2025\/12\/Hospital-Moves1-1.png?resize=31%2C21&amp;ssl=1 31w\" sizes=\"(max-width: 640px) 100vw, 640px\" \/><\/figure>\n<\/figure>\n\n<hr class=\"wp-block-separator has-css-opacity\"\/>\n","protected":false},"excerpt":{"rendered":"<p>Dance &amp; Health Zuyderland Medisch Centrum Sittard-GeleenDi 10.03.202611:00 + 13:30 Uhrfree Tanzen macht gl\u00fccklich und ist gut f\u00fcr K\u00f6rper und Geist. In diesem Jahr bringt schrit_tmacher unter dem Thema \u201eTanz &amp; Gesundheit\u201c gemeinsam mit der Mosa Ballet School aus L\u00fcttich den Tanz ins Zuyderland Medisch Centrum Sittard-Geleen. Alle sind willkommen \u2013 Patient*innen, Besucher*innen und Mitarbeitende \u2013 kurz mitzutanzen, im Sitzen, [&hellip;]<\/p>\n","protected":false},"author":1,"featured_media":0,"parent":0,"menu_order":0,"comment_status":"closed","ping_status":"closed","template":"","meta":{"_acf_changed":false,"footnotes":""},"class_list":["post-13097","page","type-page","status-publish","hentry"],"aioseo_notices":[],"acf":[],"jetpack_sharing_enabled":true,"_links":{"self":[{"href":"https:\/\/schrittmacherfestival.nl\/de\/wp-json\/wp\/v2\/pages\/13097","targetHints":{"allow":["GET"]}}],"collection":[{"href":"https:\/\/schrittmacherfestival.nl\/de\/wp-json\/wp\/v2\/pages"}],"about":[{"href":"https:\/\/schrittmacherfestival.nl\/de\/wp-json\/wp\/v2\/types\/page"}],"author":[{"embeddable":true,"href":"https:\/\/schrittmacherfestival.nl\/de\/wp-json\/wp\/v2\/users\/1"}],"replies":[{"embeddable":true,"href":"https:\/\/schrittmacherfestival.nl\/de\/wp-json\/wp\/v2\/comments?post=13097"}],"version-history":[{"count":2,"href":"https:\/\/schrittmacherfestival.nl\/de\/wp-json\/wp\/v2\/pages\/13097\/revisions"}],"predecessor-version":[{"id":13420,"href":"https:\/\/schrittmacherfestival.nl\/de\/wp-json\/wp\/v2\/pages\/13097\/revisions\/13420"}],"wp:attachment":[{"href":"https:\/\/schrittmacherfestival.nl\/de\/wp-json\/wp\/v2\/media?parent=13097"}],"curies":[{"name":"wp","href":"https:\/\/api.w.org\/{rel}","templated":true}]}}