{"id":13128,"date":"2025-12-15T17:11:59","date_gmt":"2025-12-15T17:11:59","guid":{"rendered":"https:\/\/schrittmacherfestival.nl\/dance-workshop-an-introduction-to-contact-improvisation\/"},"modified":"2025-12-18T16:32:43","modified_gmt":"2025-12-18T16:32:43","slug":"dance-workshop-an-introduction-to-contact-improvisation","status":"publish","type":"page","link":"https:\/\/schrittmacherfestival.nl\/de\/dance-workshop-an-introduction-to-contact-improvisation\/","title":{"rendered":"Dance workshop \u201cAn introduction to Contact Improvisation\u201d"},"content":{"rendered":"\n<h1 class=\"wp-block-heading has-black-color has-text-color\" id=\"hofesh-shechter-company-gbr\"><strong>Ariane Puhr (DE)<\/strong><\/h1>\n\n<p><strong>VHS Aachen<\/strong><br\/><strong><strong>Sa 14.03.2026<\/strong><\/strong><br\/><strong>16.00 Uhr<br\/>28,00 \u20ac<\/strong><\/p>\n\n<figure class=\"wp-block-image alignwide size-large\"><img data-recalc-dims=\"1\" fetchpriority=\"high\" decoding=\"async\" width=\"640\" height=\"268\" src=\"https:\/\/i0.wp.com\/schrittmacherfestival.nl\/wp-content\/uploads\/2025\/12\/Ariane-Puhr-14.03.-CI-Workshop-c-Chris-vant-Hoen-e1765792600727-1024x428.jpeg?resize=640%2C268&#038;ssl=1\" alt=\"\" class=\"wp-image-13011\" srcset=\"https:\/\/i0.wp.com\/schrittmacherfestival.nl\/wp-content\/uploads\/2025\/12\/Ariane-Puhr-14.03.-CI-Workshop-c-Chris-vant-Hoen-e1765792600727.jpeg?resize=1024%2C428&amp;ssl=1 1024w, https:\/\/i0.wp.com\/schrittmacherfestival.nl\/wp-content\/uploads\/2025\/12\/Ariane-Puhr-14.03.-CI-Workshop-c-Chris-vant-Hoen-e1765792600727.jpeg?resize=300%2C126&amp;ssl=1 300w, https:\/\/i0.wp.com\/schrittmacherfestival.nl\/wp-content\/uploads\/2025\/12\/Ariane-Puhr-14.03.-CI-Workshop-c-Chris-vant-Hoen-e1765792600727.jpeg?resize=768%2C321&amp;ssl=1 768w, https:\/\/i0.wp.com\/schrittmacherfestival.nl\/wp-content\/uploads\/2025\/12\/Ariane-Puhr-14.03.-CI-Workshop-c-Chris-vant-Hoen-e1765792600727.jpeg?resize=31%2C13&amp;ssl=1 31w, https:\/\/i0.wp.com\/schrittmacherfestival.nl\/wp-content\/uploads\/2025\/12\/Ariane-Puhr-14.03.-CI-Workshop-c-Chris-vant-Hoen-e1765792600727.jpeg?w=1133&amp;ssl=1 1133w\" sizes=\"(max-width: 640px) 100vw, 640px\" \/><\/figure>\n\n<hr class=\"wp-block-separator has-css-opacity\"\/>\n\n<p>Wie entsteht Tanz immer wieder neu im Moment der Begegnung? Wie k\u00f6nnen wir durch Ber\u00fchrung und das Teilen von Gewicht miteinander kommunizieren und improvisieren? In diesem Workshop laden wir dazu ein, dies gemeinsam auszuprobieren und zu erforschen. Angeleitete \u00dcbungen helfen, den eigenen K\u00f6rper wahrzunehmen, in die Improvisation zu finden und Begegnungen im Kontakt zu genie\u00dfen. Es sind keine Vorkenntnisse n\u00f6tig.&#13;\nIhr braucht nur: bequeme Kleidung, Stopper-Socken, Wasser &#8211; und Lust auf Bewegung!<\/p>\n\n<p><strong>So 01.03.2026<br\/><\/strong><a href=\"https:\/\/schrittmacherfestival.nl\/de\/improperformance-into-contact-jam\/\" title=\"\">Ariane Puhr &amp; ContactImpro Aachen (DE)\u00a0<\/a><br\/>\u201cImproPerformance into Contact Jam\u201d<br\/>15:00, Alter Schlachthof Eupen<br\/>Duration: ~ 60 min. no interval<br\/>Free<\/p>\n\n<p><strong>So 15.03.2026<\/strong><br\/><a href=\"https:\/\/schrittmacherfestival.nl\/de\/improperformance-into-contact-jam\/\" title=\"\">Ariane Puhr &amp; ContactImpro Aachen (DE)\u00a0<\/a><br\/>\u201cImproPerformance into Contact Jam\u201d<br\/>15:00, Elisenbrunnen Aachen, Rotunde<br\/>Duration: ~ 60 min. no interval<br\/>Free<\/p>\n\n<p><strong>Sa 14.03.2026<br\/><\/strong><a href=\"https:\/\/schrittmacherfestival.nl\/de\/interactive-lecture-touch-why-and-to-what-extent-do-we-benefit-from-it-when-we-dance-ci\/\" title=\"\">Interactive Lecture<\/a><br\/>Ariane Puhr | DE<\/p>\n\n<hr class=\"wp-block-separator has-css-opacity\"\/>\n\n<div class=\"wp-block-buttons is-horizontal is-content-justification-center is-layout-flex wp-container-core-buttons-is-layout-499968f5 wp-block-buttons-is-layout-flex\">\n<div class=\"wp-block-button\"><a class=\"wp-block-button__link has-white-color has-black-background-color has-text-color has-background wp-element-button\" href=\"https:\/\/schrittmacher.reservix.de\/p\/reservix\/event\/2497510\" target=\"_blank\" rel=\"noreferrer noopener\"><strong>Tickets Sa 14.03 | 16.00 Uhr<\/strong><\/a><\/div>\n<\/div>\n\n<hr class=\"wp-block-separator has-css-opacity\"\/>\n\n<figure class=\"wp-block-gallery has-nested-images columns-default is-cropped wp-block-gallery-1 is-layout-flex wp-block-gallery-is-layout-flex\">\n<figure class=\"wp-block-image size-large\"><img data-recalc-dims=\"1\" decoding=\"async\" width=\"640\" height=\"392\" data-id=\"13124\" src=\"https:\/\/i0.wp.com\/schrittmacherfestival.nl\/wp-content\/uploads\/2025\/12\/Ariane-Puhr-14.03.-CI-Workshop-c-Chris-vant-Hoen-1.jpeg?resize=640%2C392&#038;ssl=1\" alt=\"\" class=\"wp-image-13124\" srcset=\"https:\/\/i0.wp.com\/schrittmacherfestival.nl\/wp-content\/uploads\/2025\/12\/Ariane-Puhr-14.03.-CI-Workshop-c-Chris-vant-Hoen-1.jpeg?resize=1024%2C627&amp;ssl=1 1024w, https:\/\/i0.wp.com\/schrittmacherfestival.nl\/wp-content\/uploads\/2025\/12\/Ariane-Puhr-14.03.-CI-Workshop-c-Chris-vant-Hoen-1.jpeg?resize=300%2C184&amp;ssl=1 300w, https:\/\/i0.wp.com\/schrittmacherfestival.nl\/wp-content\/uploads\/2025\/12\/Ariane-Puhr-14.03.-CI-Workshop-c-Chris-vant-Hoen-1.jpeg?resize=768%2C470&amp;ssl=1 768w, https:\/\/i0.wp.com\/schrittmacherfestival.nl\/wp-content\/uploads\/2025\/12\/Ariane-Puhr-14.03.-CI-Workshop-c-Chris-vant-Hoen-1.jpeg?resize=31%2C19&amp;ssl=1 31w, https:\/\/i0.wp.com\/schrittmacherfestival.nl\/wp-content\/uploads\/2025\/12\/Ariane-Puhr-14.03.-CI-Workshop-c-Chris-vant-Hoen-1.jpeg?w=1133&amp;ssl=1 1133w\" sizes=\"(max-width: 640px) 100vw, 640px\" \/><\/figure>\n<\/figure>\n\n<hr class=\"wp-block-separator has-css-opacity\"\/>\n","protected":false},"excerpt":{"rendered":"<p>Ariane Puhr (DE) VHS AachenSa 14.03.202616.00 Uhr28,00 \u20ac Wie entsteht Tanz immer wieder neu im Moment der Begegnung? Wie k\u00f6nnen wir durch Ber\u00fchrung und das Teilen von Gewicht miteinander kommunizieren und improvisieren? In diesem Workshop laden wir dazu ein, dies gemeinsam auszuprobieren und zu erforschen. Angeleitete \u00dcbungen helfen, den eigenen K\u00f6rper wahrzunehmen, in die Improvisation zu finden und Begegnungen im [&hellip;]<\/p>\n","protected":false},"author":1,"featured_media":0,"parent":0,"menu_order":0,"comment_status":"closed","ping_status":"closed","template":"","meta":{"_acf_changed":false,"footnotes":""},"class_list":["post-13128","page","type-page","status-publish","hentry"],"aioseo_notices":[],"acf":[],"jetpack_sharing_enabled":true,"_links":{"self":[{"href":"https:\/\/schrittmacherfestival.nl\/de\/wp-json\/wp\/v2\/pages\/13128","targetHints":{"allow":["GET"]}}],"collection":[{"href":"https:\/\/schrittmacherfestival.nl\/de\/wp-json\/wp\/v2\/pages"}],"about":[{"href":"https:\/\/schrittmacherfestival.nl\/de\/wp-json\/wp\/v2\/types\/page"}],"author":[{"embeddable":true,"href":"https:\/\/schrittmacherfestival.nl\/de\/wp-json\/wp\/v2\/users\/1"}],"replies":[{"embeddable":true,"href":"https:\/\/schrittmacherfestival.nl\/de\/wp-json\/wp\/v2\/comments?post=13128"}],"version-history":[{"count":3,"href":"https:\/\/schrittmacherfestival.nl\/de\/wp-json\/wp\/v2\/pages\/13128\/revisions"}],"predecessor-version":[{"id":13427,"href":"https:\/\/schrittmacherfestival.nl\/de\/wp-json\/wp\/v2\/pages\/13128\/revisions\/13427"}],"wp:attachment":[{"href":"https:\/\/schrittmacherfestival.nl\/de\/wp-json\/wp\/v2\/media?parent=13128"}],"curies":[{"name":"wp","href":"https:\/\/api.w.org\/{rel}","templated":true}]}}