{"id":13531,"date":"2026-01-12T12:32:25","date_gmt":"2026-01-12T12:32:25","guid":{"rendered":"https:\/\/schrittmacherfestival.nl\/workshop-koerper-spuren-spueren\/"},"modified":"2026-01-12T12:32:40","modified_gmt":"2026-01-12T12:32:40","slug":"workshop-koerper-spuren-spueren","status":"publish","type":"page","link":"https:\/\/schrittmacherfestival.nl\/de\/workshop-koerper-spuren-spueren\/","title":{"rendered":"Workshop K\u00f6rper, Spuren, Sp\u00fcren"},"content":{"rendered":"\n<h1 class=\"wp-block-heading has-black-color has-text-color\" id=\"hofesh-shechter-company-gbr\">Akademie des Bistums Aachen<\/h1>\n\n<p><strong>Akademie des Bistums Aachen<\/strong><br\/><strong>Sa 28.03.2026 \u2013 So 29.03.2026<\/strong><br\/><strong>14:30 Uhr<br\/>Von 72,30 \u20ac<\/strong><\/p>\n\n<figure class=\"wp-block-image alignwide size-large\"><img data-recalc-dims=\"1\" fetchpriority=\"high\" decoding=\"async\" width=\"640\" height=\"267\" src=\"https:\/\/i0.wp.com\/schrittmacherfestival.nl\/wp-content\/uploads\/2026\/01\/WellenB_copyright_De-Da-Production.jpg_690127293-e1768218997930-1024x427.jpg?resize=640%2C267&#038;ssl=1\" alt=\"\" class=\"wp-image-13509\" srcset=\"https:\/\/i0.wp.com\/schrittmacherfestival.nl\/wp-content\/uploads\/2026\/01\/WellenB_copyright_De-Da-Production.jpg_690127293-e1768218997930.jpg?resize=1024%2C427&amp;ssl=1 1024w, https:\/\/i0.wp.com\/schrittmacherfestival.nl\/wp-content\/uploads\/2026\/01\/WellenB_copyright_De-Da-Production.jpg_690127293-e1768218997930.jpg?resize=300%2C125&amp;ssl=1 300w, https:\/\/i0.wp.com\/schrittmacherfestival.nl\/wp-content\/uploads\/2026\/01\/WellenB_copyright_De-Da-Production.jpg_690127293-e1768218997930.jpg?resize=768%2C320&amp;ssl=1 768w, https:\/\/i0.wp.com\/schrittmacherfestival.nl\/wp-content\/uploads\/2026\/01\/WellenB_copyright_De-Da-Production.jpg_690127293-e1768218997930.jpg?resize=31%2C13&amp;ssl=1 31w, https:\/\/i0.wp.com\/schrittmacherfestival.nl\/wp-content\/uploads\/2026\/01\/WellenB_copyright_De-Da-Production.jpg_690127293-e1768218997930.jpg?w=1200&amp;ssl=1 1200w\" sizes=\"(max-width: 640px) 100vw, 640px\" \/><\/figure>\n\n<hr class=\"wp-block-separator has-css-opacity\"\/>\n\n<h2 class=\"wp-block-heading\">Kooperationsveranstaltung mit dem Kulturbetrieb der Stadt Aachen, schrit_tmacher Festival 2026<\/h2>\n\n<p>In jeden menschlichen K\u00f6rper schreiben sich im Laufe des Lebens vielf\u00e4ltige Spuren ein: Bewegungsspuren, Spuren der Erinnerung oder Spuren des Denkens. Diese Spuren bilden das K\u00f6rperwissen und pr\u00e4gen die eigenen Handlungen sowie die Beziehung zu sich selbst und den anderen. In den getakteten Zeiten des Alltags sp\u00fcrt der K\u00f6rper diese Spuren meist nur unbewusst. Was geschieht, wenn wir bewusst mit den K\u00f6rperspuren in Kontakt treten, gewohnte Bewegungsspuren verlassen und auf diese Weise unseren Bewegungsausdruck in aller Vielfalt neu entdecken?<\/p>\n\n<p>Die Tagung begleitet im kulturellen Kontextprogramm das Tanzfestival \u201eschrit_tmacher\u201c, das in der gesamten Euregio kulturpr\u00e4gende Dynamik entfaltet.<\/p>\n\n<p>Die Referentin erl\u00e4utert den wissenschaftlichen Forschungsstand zum Thema und gibt einzelne Impulse aus dem somatischen und choreografischen Feld, die in der Praxis durch Bewegung sowie k\u00fcnstlerische, kreative Ausdrucksmittel wie Schreiben und Zeichnen erforscht und vertieft werden.<\/p>\n\n<div class=\"wp-block-buttons is-content-justification-center is-layout-flex wp-container-core-buttons-is-layout-16018d1d wp-block-buttons-is-layout-flex\">\n<div class=\"wp-block-button\"><a class=\"wp-block-button__link has-black-background-color has-background has-text-align-center wp-element-button\" href=\"https:\/\/www.akademie-bistum-aachen.de\/bilden-begegnen\/veranstaltungen\/veranstaltung\/Koerper-Spuren-Spueren-2026.03.28\/?instancedate=1774704600000\" target=\"_blank\" rel=\"noreferrer noopener\"><strong>Tickets <strong>Sa 28.03 \u2013 So 29.03<\/strong><\/strong> <strong>| 14.30 Uhr<\/strong><\/a><\/div>\n<\/div>\n\n<hr class=\"wp-block-separator has-css-opacity\"\/>\n\n<figure class=\"wp-block-gallery has-nested-images columns-default is-cropped wp-block-gallery-1 is-layout-flex wp-block-gallery-is-layout-flex\">\n<figure class=\"wp-block-image size-full\"><img data-recalc-dims=\"1\" decoding=\"async\" width=\"640\" height=\"427\" data-id=\"13510\" src=\"https:\/\/i0.wp.com\/schrittmacherfestival.nl\/wp-content\/uploads\/2026\/01\/Workshop-Dr.-Mareike-Buchmann_copyright_De-Da-Production-scaled.jpg?resize=640%2C427&#038;ssl=1\" alt=\"\" class=\"wp-image-13510\" srcset=\"https:\/\/i0.wp.com\/schrittmacherfestival.nl\/wp-content\/uploads\/2026\/01\/Workshop-Dr.-Mareike-Buchmann_copyright_De-Da-Production-scaled.jpg?w=2560&amp;ssl=1 2560w, https:\/\/i0.wp.com\/schrittmacherfestival.nl\/wp-content\/uploads\/2026\/01\/Workshop-Dr.-Mareike-Buchmann_copyright_De-Da-Production-scaled.jpg?resize=300%2C200&amp;ssl=1 300w, https:\/\/i0.wp.com\/schrittmacherfestival.nl\/wp-content\/uploads\/2026\/01\/Workshop-Dr.-Mareike-Buchmann_copyright_De-Da-Production-scaled.jpg?resize=1024%2C683&amp;ssl=1 1024w, https:\/\/i0.wp.com\/schrittmacherfestival.nl\/wp-content\/uploads\/2026\/01\/Workshop-Dr.-Mareike-Buchmann_copyright_De-Da-Production-scaled.jpg?resize=768%2C512&amp;ssl=1 768w, https:\/\/i0.wp.com\/schrittmacherfestival.nl\/wp-content\/uploads\/2026\/01\/Workshop-Dr.-Mareike-Buchmann_copyright_De-Da-Production-scaled.jpg?resize=1536%2C1024&amp;ssl=1 1536w, https:\/\/i0.wp.com\/schrittmacherfestival.nl\/wp-content\/uploads\/2026\/01\/Workshop-Dr.-Mareike-Buchmann_copyright_De-Da-Production-scaled.jpg?resize=2048%2C1365&amp;ssl=1 2048w, https:\/\/i0.wp.com\/schrittmacherfestival.nl\/wp-content\/uploads\/2026\/01\/Workshop-Dr.-Mareike-Buchmann_copyright_De-Da-Production-scaled.jpg?resize=600%2C400&amp;ssl=1 600w, https:\/\/i0.wp.com\/schrittmacherfestival.nl\/wp-content\/uploads\/2026\/01\/Workshop-Dr.-Mareike-Buchmann_copyright_De-Da-Production-scaled.jpg?resize=31%2C21&amp;ssl=1 31w, https:\/\/i0.wp.com\/schrittmacherfestival.nl\/wp-content\/uploads\/2026\/01\/Workshop-Dr.-Mareike-Buchmann_copyright_De-Da-Production-scaled.jpg?w=1280&amp;ssl=1 1280w, https:\/\/i0.wp.com\/schrittmacherfestival.nl\/wp-content\/uploads\/2026\/01\/Workshop-Dr.-Mareike-Buchmann_copyright_De-Da-Production-scaled.jpg?w=1920&amp;ssl=1 1920w\" sizes=\"(max-width: 640px) 100vw, 640px\" \/><\/figure>\n<\/figure>\n\n<hr class=\"wp-block-separator has-css-opacity\"\/>\n","protected":false},"excerpt":{"rendered":"<p>Akademie des Bistums Aachen Akademie des Bistums AachenSa 28.03.2026 \u2013 So 29.03.202614:30 UhrVon 72,30 \u20ac Kooperationsveranstaltung mit dem Kulturbetrieb der Stadt Aachen, schrit_tmacher Festival 2026 In jeden menschlichen K\u00f6rper schreiben sich im Laufe des Lebens vielf\u00e4ltige Spuren ein: Bewegungsspuren, Spuren der Erinnerung oder Spuren des Denkens. Diese Spuren bilden das K\u00f6rperwissen und pr\u00e4gen die eigenen Handlungen sowie die Beziehung zu [&hellip;]<\/p>\n","protected":false},"author":1,"featured_media":0,"parent":0,"menu_order":0,"comment_status":"closed","ping_status":"closed","template":"","meta":{"_acf_changed":false,"footnotes":""},"class_list":["post-13531","page","type-page","status-publish","hentry"],"aioseo_notices":[],"acf":[],"jetpack_sharing_enabled":true,"_links":{"self":[{"href":"https:\/\/schrittmacherfestival.nl\/de\/wp-json\/wp\/v2\/pages\/13531","targetHints":{"allow":["GET"]}}],"collection":[{"href":"https:\/\/schrittmacherfestival.nl\/de\/wp-json\/wp\/v2\/pages"}],"about":[{"href":"https:\/\/schrittmacherfestival.nl\/de\/wp-json\/wp\/v2\/types\/page"}],"author":[{"embeddable":true,"href":"https:\/\/schrittmacherfestival.nl\/de\/wp-json\/wp\/v2\/users\/1"}],"replies":[{"embeddable":true,"href":"https:\/\/schrittmacherfestival.nl\/de\/wp-json\/wp\/v2\/comments?post=13531"}],"version-history":[{"count":1,"href":"https:\/\/schrittmacherfestival.nl\/de\/wp-json\/wp\/v2\/pages\/13531\/revisions"}],"predecessor-version":[{"id":13532,"href":"https:\/\/schrittmacherfestival.nl\/de\/wp-json\/wp\/v2\/pages\/13531\/revisions\/13532"}],"wp:attachment":[{"href":"https:\/\/schrittmacherfestival.nl\/de\/wp-json\/wp\/v2\/media?parent=13531"}],"curies":[{"name":"wp","href":"https:\/\/api.w.org\/{rel}","templated":true}]}}