{"id":13601,"date":"2026-01-26T09:48:13","date_gmt":"2026-01-26T09:48:13","guid":{"rendered":"https:\/\/schrittmacherfestival.nl\/workshop-erzaehlen-bewegen-verbinden\/"},"modified":"2026-01-26T10:30:16","modified_gmt":"2026-01-26T10:30:16","slug":"workshop-erzaehlen-bewegen-verbinden","status":"publish","type":"page","link":"https:\/\/schrittmacherfestival.nl\/de\/workshop-erzaehlen-bewegen-verbinden\/","title":{"rendered":"Workshop \u2013 Erz\u00e4hlen, Bewegen, Verbinden"},"content":{"rendered":"\n<h1 class=\"wp-block-heading has-black-color has-text-color\" id=\"hofesh-shechter-company-gbr\">Bo Jacobs &amp; Toon Hermans Huis Parkstad<\/h1>\n\n<p><strong>Cultuurhuis Heerlen<\/strong><br\/><strong>Mo 16.03.2026 + Do 19.03.2026<\/strong><br\/><strong>13.00 \u2013 15.30 Uhr<br\/>kostenlos<\/strong><\/p>\n\n<figure class=\"wp-block-image alignwide size-large\"><img data-recalc-dims=\"1\" fetchpriority=\"high\" decoding=\"async\" width=\"640\" height=\"267\" src=\"https:\/\/i0.wp.com\/schrittmacherfestival.nl\/wp-content\/uploads\/2026\/01\/Co-Lab_2025_c_MatoSchaefer_DSC02602-scaled-e1769420529145-1024x427.jpeg?resize=640%2C267&#038;ssl=1\" alt=\"\" class=\"wp-image-13597\" srcset=\"https:\/\/i0.wp.com\/schrittmacherfestival.nl\/wp-content\/uploads\/2026\/01\/Co-Lab_2025_c_MatoSchaefer_DSC02602-scaled-e1769420529145.jpeg?resize=1024%2C427&amp;ssl=1 1024w, https:\/\/i0.wp.com\/schrittmacherfestival.nl\/wp-content\/uploads\/2026\/01\/Co-Lab_2025_c_MatoSchaefer_DSC02602-scaled-e1769420529145.jpeg?resize=300%2C125&amp;ssl=1 300w, https:\/\/i0.wp.com\/schrittmacherfestival.nl\/wp-content\/uploads\/2026\/01\/Co-Lab_2025_c_MatoSchaefer_DSC02602-scaled-e1769420529145.jpeg?resize=768%2C320&amp;ssl=1 768w, https:\/\/i0.wp.com\/schrittmacherfestival.nl\/wp-content\/uploads\/2026\/01\/Co-Lab_2025_c_MatoSchaefer_DSC02602-scaled-e1769420529145.jpeg?resize=31%2C13&amp;ssl=1 31w, https:\/\/i0.wp.com\/schrittmacherfestival.nl\/wp-content\/uploads\/2026\/01\/Co-Lab_2025_c_MatoSchaefer_DSC02602-scaled-e1769420529145.jpeg?w=1200&amp;ssl=1 1200w\" sizes=\"(max-width: 640px) 100vw, 640px\" \/><\/figure>\n\n<hr class=\"wp-block-separator has-css-opacity\"\/>\n\n<p>W\u00e4hrend des schrit_tmacher Festivals pr\u00e4sentiert die Choreografin Bo Jacobs die Auff\u00fchrung <em><a href=\"https:\/\/schrittmacherfestival.nl\/de\/huidschrift\/\" title=\"\">Huidschrift<\/a><\/em>. Im Vorfeld dieser Produktion organisiert sie in Zusammenarbeit mit dem Toon Hermans Huis Parkstad zwei besondere Workshops.<\/p>\n\n<p>In <strong>Erz\u00e4hlen, Bewegen, Verbinden<\/strong> bist du eingeladen, deine pers\u00f6nliche Geschichte \u00fcber Einsamkeit, Entfremdung und das Bed\u00fcrfnis nach Verbundenheit zu teilen. Mit Worten und Bewegung wird erforscht, wie es helfen kann, dem, was du mit dir tr\u00e4gst, Raum zu geben, um wieder in Kontakt mit dir selbst und mit der Welt um dich herum zu kommen. Tanzerfahrung ist nicht erforderlich \u2013 im Mittelpunkt stehen Zuh\u00f6ren, Sp\u00fcren und Dasein.<\/p>\n\n<p>Das, was du w\u00e4hrend des Workshops teilst, flie\u00dft als wertvolle k\u00fcnstlerische Recherche in die neue abendf\u00fcllende Produktion <em><a href=\"https:\/\/schrittmacherfestival.nl\/de\/huidschrift\/\" title=\"\">Huidschrift<\/a><\/em> ein, die am <strong>29. M\u00e4rz 2026<\/strong> zu sehen ist. So lebt deine Geschichte in einem lebendigen Kunstwerk \u00fcber Menschlichkeit, Verletzlichkeit und Verbundenheit weiter.<\/p>\n\n<p><strong>F\u00fcr wen?<\/strong><\/p>\n\n<p>Der Workshop richtet sich an Menschen jeden Alters, die mit Krankheit, Trauer oder Verlust leben \u2013 darunter Betroffene, Angeh\u00f6rige, Hinterbliebene sowie Fachkr\u00e4fte aus Pflege und Begleitung. Ebenso angesprochen sind alle, die aus diesen Erfahrungen heraus nach Raum, Sinn und Verbindung suchen.<\/p>\n\n<p><strong>Teilnahme<\/strong><\/p>\n\n<p>M\u00f6chtest du an diesem besonderen Workshop teilnehmen?<br\/>Sende eine E-Mail an\u00a0<strong><a href=\"mailto:info@toonhermanshuisparkstad.nl\">info@toonhermanshuisparkstad.nl<\/a><\/strong>\u00a0mit deinem Namen und dem Datum, an dem du teilnehmen m\u00f6chtest.<\/p>\n\n<hr class=\"wp-block-separator has-css-opacity\"\/>\n\n<figure class=\"wp-block-gallery has-nested-images columns-default is-cropped wp-block-gallery-1 is-layout-flex wp-block-gallery-is-layout-flex\">\n<figure class=\"wp-block-image size-full\"><img data-recalc-dims=\"1\" decoding=\"async\" width=\"640\" height=\"887\" data-id=\"13596\" src=\"https:\/\/i0.wp.com\/schrittmacherfestival.nl\/wp-content\/uploads\/2026\/01\/5-scaled.jpeg?resize=640%2C887&#038;ssl=1\" alt=\"\" class=\"wp-image-13596\" srcset=\"https:\/\/i0.wp.com\/schrittmacherfestival.nl\/wp-content\/uploads\/2026\/01\/5-scaled.jpeg?w=1847&amp;ssl=1 1847w, https:\/\/i0.wp.com\/schrittmacherfestival.nl\/wp-content\/uploads\/2026\/01\/5-scaled.jpeg?resize=216%2C300&amp;ssl=1 216w, https:\/\/i0.wp.com\/schrittmacherfestival.nl\/wp-content\/uploads\/2026\/01\/5-scaled.jpeg?resize=739%2C1024&amp;ssl=1 739w, https:\/\/i0.wp.com\/schrittmacherfestival.nl\/wp-content\/uploads\/2026\/01\/5-scaled.jpeg?resize=768%2C1065&amp;ssl=1 768w, https:\/\/i0.wp.com\/schrittmacherfestival.nl\/wp-content\/uploads\/2026\/01\/5-scaled.jpeg?resize=1108%2C1536&amp;ssl=1 1108w, https:\/\/i0.wp.com\/schrittmacherfestival.nl\/wp-content\/uploads\/2026\/01\/5-scaled.jpeg?resize=1477%2C2048&amp;ssl=1 1477w, https:\/\/i0.wp.com\/schrittmacherfestival.nl\/wp-content\/uploads\/2026\/01\/5-scaled.jpeg?resize=19%2C27&amp;ssl=1 19w, https:\/\/i0.wp.com\/schrittmacherfestival.nl\/wp-content\/uploads\/2026\/01\/5-scaled.jpeg?w=1280&amp;ssl=1 1280w\" sizes=\"(max-width: 640px) 100vw, 640px\" \/><\/figure>\n<\/figure>\n\n<hr class=\"wp-block-separator has-css-opacity\"\/>\n\n<p><strong>Credits<\/strong><br\/>Choreografie:\u00a0Bo Jacobs<br\/>T\u00e4nzer*innen: Noah Tepe, Ryan Drobner, Emma Segura, Paulina Skurzewska, Jeanne Hensinger<br\/>Text:\u00a0Sander van Egmond<br\/>Kost\u00fcmbild:\u00a0Davina Versteeg, Esra Westerburgen<br\/>Szenografie:\u00a0Katrin Henns<br\/>Musik:\u00a0Ser Sebico<br\/>Koproduktionspartner: Cultuurhuis Heerlen, schrit_tmacher Festival, Via Zuid<br\/>Erm\u00f6glicht durch: Fonds voor Sociale Instellingen, Brand Cultuurfonds Limburg, Stichting Rosas Donamus, Stichting Kannunik Salden\/Nieuwenhof<\/p>\n\n<hr class=\"wp-block-separator has-css-opacity\"\/>\n\n<p><\/p>\n","protected":false},"excerpt":{"rendered":"<p>Bo Jacobs &amp; Toon Hermans Huis Parkstad Cultuurhuis HeerlenMo 16.03.2026 + Do 19.03.202613.00 \u2013 15.30 Uhrkostenlos W\u00e4hrend des schrit_tmacher Festivals pr\u00e4sentiert die Choreografin Bo Jacobs die Auff\u00fchrung Huidschrift. Im Vorfeld dieser Produktion organisiert sie in Zusammenarbeit mit dem Toon Hermans Huis Parkstad zwei besondere Workshops. In Erz\u00e4hlen, Bewegen, Verbinden bist du eingeladen, deine pers\u00f6nliche Geschichte \u00fcber Einsamkeit, Entfremdung und das [&hellip;]<\/p>\n","protected":false},"author":1,"featured_media":0,"parent":0,"menu_order":0,"comment_status":"closed","ping_status":"closed","template":"","meta":{"_acf_changed":false,"footnotes":""},"class_list":["post-13601","page","type-page","status-publish","hentry"],"aioseo_notices":[],"acf":[],"jetpack_sharing_enabled":true,"_links":{"self":[{"href":"https:\/\/schrittmacherfestival.nl\/de\/wp-json\/wp\/v2\/pages\/13601","targetHints":{"allow":["GET"]}}],"collection":[{"href":"https:\/\/schrittmacherfestival.nl\/de\/wp-json\/wp\/v2\/pages"}],"about":[{"href":"https:\/\/schrittmacherfestival.nl\/de\/wp-json\/wp\/v2\/types\/page"}],"author":[{"embeddable":true,"href":"https:\/\/schrittmacherfestival.nl\/de\/wp-json\/wp\/v2\/users\/1"}],"replies":[{"embeddable":true,"href":"https:\/\/schrittmacherfestival.nl\/de\/wp-json\/wp\/v2\/comments?post=13601"}],"version-history":[{"count":3,"href":"https:\/\/schrittmacherfestival.nl\/de\/wp-json\/wp\/v2\/pages\/13601\/revisions"}],"predecessor-version":[{"id":13624,"href":"https:\/\/schrittmacherfestival.nl\/de\/wp-json\/wp\/v2\/pages\/13601\/revisions\/13624"}],"wp:attachment":[{"href":"https:\/\/schrittmacherfestival.nl\/de\/wp-json\/wp\/v2\/media?parent=13601"}],"curies":[{"name":"wp","href":"https:\/\/api.w.org\/{rel}","templated":true}]}}