{"id":14017,"date":"2026-05-12T12:55:03","date_gmt":"2026-05-12T12:55:03","guid":{"rendered":"https:\/\/schrittmacherfestival.nl\/young-2027\/"},"modified":"2026-05-13T12:50:55","modified_gmt":"2026-05-13T12:50:55","slug":"young-2027","status":"publish","type":"page","link":"https:\/\/schrittmacherfestival.nl\/de\/young-2027\/","title":{"rendered":"YOUNG"},"content":{"rendered":"\n<hr class=\"wp-block-separator has-text-color has-alpha-channel-opacity has-background\" style=\"background-color:#f6782f;color:#f6782f\"\/>\n\n<h1 class=\"wp-block-heading has-text-color has-link-color wp-elements-5d082551d1a37f60fe9fe49ede3f7e22\" style=\"color:#f6782f\"><strong>FAMILY DAY<\/strong><\/h1>\n\n<p class=\"has-background\" style=\"background-color:#fdddcb\">Beim schrit_tmacher-Familientag (Sonntag, 7. M\u00e4rz) dreht sich alles um die Lebenswelt von Kindern und ihren (Gro\u00df-)Eltern. An diesem Tag gibt es im Theater Heerlen Tanz f\u00fcr alle Altersgruppen zu sehen, von Babys, Kleinkindern und Vorschulkindern bis hin zu (jungen) Erwachsenen. Mit tollen Workshops, \u00fcberraschenden Auftritten und jeder Menge Tanz im Foyer des Theaters. Der schrit_tmacher-Familientag ist ein gro\u00dfes Tanzfest f\u00fcr alle.<\/p>\n\n<hr class=\"wp-block-separator has-text-color has-alpha-channel-opacity has-background\" style=\"background-color:#f6782f;color:#f6782f\"\/>\n\n<div class=\"wp-block-columns is-layout-flex wp-container-core-columns-is-layout-9d6595d7 wp-block-columns-is-layout-flex\">\n<div class=\"wp-block-column has-background is-layout-flow wp-block-column-is-layout-flow\" style=\"background-color:#fdddcb\">\n<figure class=\"wp-block-image size-full\"><a href=\"https:\/\/schrittmacherfestival.nl\/de\/balballoona-3\/\"><img data-recalc-dims=\"1\" fetchpriority=\"high\" decoding=\"async\" width=\"640\" height=\"266\" src=\"https:\/\/i0.wp.com\/schrittmacherfestival.nl\/wp-content\/uploads\/2026\/05\/BALBALLOONA-Rob-Gradisen-6-e1778591558112.jpg?resize=640%2C266&#038;ssl=1\" alt=\"\" class=\"wp-image-14024\" srcset=\"https:\/\/i0.wp.com\/schrittmacherfestival.nl\/wp-content\/uploads\/2026\/05\/BALBALLOONA-Rob-Gradisen-6-e1778591558112.jpg?w=1024&amp;ssl=1 1024w, https:\/\/i0.wp.com\/schrittmacherfestival.nl\/wp-content\/uploads\/2026\/05\/BALBALLOONA-Rob-Gradisen-6-e1778591558112.jpg?resize=300%2C125&amp;ssl=1 300w, https:\/\/i0.wp.com\/schrittmacherfestival.nl\/wp-content\/uploads\/2026\/05\/BALBALLOONA-Rob-Gradisen-6-e1778591558112.jpg?resize=768%2C319&amp;ssl=1 768w, https:\/\/i0.wp.com\/schrittmacherfestival.nl\/wp-content\/uploads\/2026\/05\/BALBALLOONA-Rob-Gradisen-6-e1778591558112.jpg?resize=31%2C13&amp;ssl=1 31w\" sizes=\"(max-width: 640px) 100vw, 640px\" \/><\/a><\/figure>\n\n\n\n<h4 class=\"wp-block-heading has-text-color has-link-color wp-elements-2c4536052f260a6eabd18233baf11ff2\" id=\"hofesh-shechter-company-gbr\" style=\"color:#f6782f\"><strong>BALBALLOONA (3+)<\/strong><br\/><br\/><\/h4>\n\n\n\n<h4 class=\"wp-block-heading\"><strong><a href=\"https:\/\/schrittmacherfestival.nl\/de\/balballoona-3\/\" title=\"\">Neverlike (NL)<\/a><\/strong><br\/><br\/><\/h4>\n\n\n\n<p><br\/>So 07.03.2027<\/p>\n<\/div>\n\n\n\n<div class=\"wp-block-column has-background is-layout-flow wp-block-column-is-layout-flow\" style=\"background-color:#fdddcb\">\n<figure class=\"wp-block-image size-large\"><a href=\"https:\/\/schrittmacherfestival.nl\/de\/bout-6\/\"><img data-recalc-dims=\"1\" height=\"267\" width=\"640\" decoding=\"async\" src=\"https:\/\/i0.wp.com\/schrittmacherfestival.nl\/wp-content\/uploads\/2026\/05\/Plan-d-BOUT-%C2%A9Petra-Katanic-_-Es-Zn-landscape_017-e1778591631910-1024x427.jpg?resize=640%2C267&#038;ssl=1\" alt=\"\" class=\"wp-image-14029\"\/><\/a><\/figure>\n\n\n\n<h4 class=\"wp-block-heading has-text-color has-link-color wp-elements-82bf6c794e38516ba9ee433ac837f2ce\" id=\"hofesh-shechter-company-gbr\" style=\"color:#f6782f\"><strong><strong>BOUT! (6+)<\/strong><\/strong><br\/><br\/><\/h4>\n\n\n\n<h4 class=\"wp-block-heading\"><strong><a href=\"https:\/\/schrittmacherfestival.nl\/de\/bout-6\/\" title=\"\">Plan-d | Andreas Denk (NL\/DE)<\/a><\/strong><br\/><br\/><\/h4>\n\n\n\n<p><br\/>So 07.03.2027<\/p>\n<\/div>\n\n\n\n<div class=\"wp-block-column has-background is-layout-flow wp-block-column-is-layout-flow\" style=\"background-color:#fdddcb\">\n<figure class=\"wp-block-image size-large\"><a href=\"https:\/\/schrittmacherfestival.nl\/de\/stiltestorm-8\/\"><img data-recalc-dims=\"1\" decoding=\"async\" width=\"640\" height=\"267\" src=\"https:\/\/i0.wp.com\/schrittmacherfestival.nl\/wp-content\/uploads\/2026\/05\/STILTESTORM-KLEIN_025-e1778591808235-1024x427.jpg?resize=640%2C267&#038;ssl=1\" alt=\"\" class=\"wp-image-14032\" srcset=\"https:\/\/i0.wp.com\/schrittmacherfestival.nl\/wp-content\/uploads\/2026\/05\/STILTESTORM-KLEIN_025-e1778591808235.jpg?resize=1024%2C427&amp;ssl=1 1024w, https:\/\/i0.wp.com\/schrittmacherfestival.nl\/wp-content\/uploads\/2026\/05\/STILTESTORM-KLEIN_025-e1778591808235.jpg?resize=300%2C125&amp;ssl=1 300w, https:\/\/i0.wp.com\/schrittmacherfestival.nl\/wp-content\/uploads\/2026\/05\/STILTESTORM-KLEIN_025-e1778591808235.jpg?resize=768%2C320&amp;ssl=1 768w, https:\/\/i0.wp.com\/schrittmacherfestival.nl\/wp-content\/uploads\/2026\/05\/STILTESTORM-KLEIN_025-e1778591808235.jpg?resize=31%2C13&amp;ssl=1 31w, https:\/\/i0.wp.com\/schrittmacherfestival.nl\/wp-content\/uploads\/2026\/05\/STILTESTORM-KLEIN_025-e1778591808235.jpg?w=1200&amp;ssl=1 1200w\" sizes=\"(max-width: 640px) 100vw, 640px\" \/><\/a><\/figure>\n\n\n\n<h4 class=\"wp-block-heading has-text-color has-link-color wp-elements-4513cf42d396e9a6294051a3ef0cc38b\" id=\"hofesh-shechter-company-gbr\" style=\"color:#f6782f\"><strong>Stiltestorm (8+)<\/strong><br\/><br\/><\/h4>\n\n\n\n<h4 class=\"wp-block-heading\"><strong><a href=\"https:\/\/schrittmacherfestival.nl\/de\/stiltestorm-8\/\" title=\"\">Philzuid, Het Laagland &amp; SALLY Dansgezelschap Maastricht (NL)<\/a><\/strong><br\/><\/h4>\n\n\n\n<p><br\/>So 07.03.2027<\/p>\n<\/div>\n<\/div>\n\n<div class=\"wp-block-columns is-layout-flex wp-container-core-columns-is-layout-9d6595d7 wp-block-columns-is-layout-flex\">\n<div class=\"wp-block-column has-background is-layout-flow wp-block-column-is-layout-flow\" style=\"background-color:#fdddcb\">\n<figure class=\"wp-block-image size-large\"><a href=\"https:\/\/schrittmacherfestival.nl\/de\/film-coppelia-al\/\"><img data-recalc-dims=\"1\" decoding=\"async\" width=\"640\" height=\"267\" src=\"https:\/\/i0.wp.com\/schrittmacherfestival.nl\/wp-content\/uploads\/2026\/05\/Coppelia-e1778591954227-1024x427.png?resize=640%2C267&#038;ssl=1\" alt=\"\" class=\"wp-image-14033\" srcset=\"https:\/\/i0.wp.com\/schrittmacherfestival.nl\/wp-content\/uploads\/2026\/05\/Coppelia-e1778591954227.png?resize=1024%2C427&amp;ssl=1 1024w, https:\/\/i0.wp.com\/schrittmacherfestival.nl\/wp-content\/uploads\/2026\/05\/Coppelia-e1778591954227.png?resize=300%2C125&amp;ssl=1 300w, https:\/\/i0.wp.com\/schrittmacherfestival.nl\/wp-content\/uploads\/2026\/05\/Coppelia-e1778591954227.png?resize=768%2C320&amp;ssl=1 768w, https:\/\/i0.wp.com\/schrittmacherfestival.nl\/wp-content\/uploads\/2026\/05\/Coppelia-e1778591954227.png?resize=31%2C13&amp;ssl=1 31w, https:\/\/i0.wp.com\/schrittmacherfestival.nl\/wp-content\/uploads\/2026\/05\/Coppelia-e1778591954227.png?w=1200&amp;ssl=1 1200w\" sizes=\"(max-width: 640px) 100vw, 640px\" \/><\/a><\/figure>\n\n\n\n<h4 class=\"wp-block-heading has-text-color has-link-color wp-elements-39e4a0472b4ba6f7fab85d9a23a1c332\" id=\"hofesh-shechter-company-gbr\" style=\"color:#f6782f\"><strong>Film: Coppelia (AL)<\/strong><br\/><br\/><\/h4>\n\n\n\n<h4 class=\"wp-block-heading\"><strong><a href=\"https:\/\/schrittmacherfestival.nl\/de\/film-coppelia-al\/\" title=\"\">Filmhuis de Spiegel<\/a><\/strong><br\/><\/h4>\n\n\n\n<p><br\/>So 07.03.2027<\/p>\n<\/div>\n\n\n\n<div class=\"wp-block-column is-layout-flow wp-block-column-is-layout-flow\">\n<h4 class=\"wp-block-heading has-text-color has-link-color wp-elements-c6d25d3c17157b1dc3134877de82cf53\" id=\"hofesh-shechter-company-gbr\" style=\"color:#f6782f\"><br\/><br\/><\/h4>\n\n\n\n<h4 class=\"wp-block-heading\"><br\/><\/h4>\n\n\n\n<p><br\/><\/p>\n<\/div>\n\n\n\n<div class=\"wp-block-column is-layout-flow wp-block-column-is-layout-flow\">\n<h4 class=\"wp-block-heading has-text-color has-link-color wp-elements-c6d25d3c17157b1dc3134877de82cf53\" id=\"hofesh-shechter-company-gbr\" style=\"color:#f6782f\"><br\/><br\/><\/h4>\n\n\n\n<h4 class=\"wp-block-heading\"><br\/><\/h4>\n\n\n\n<p><br\/><\/p>\n<\/div>\n<\/div>\n\n<hr class=\"wp-block-separator has-text-color has-alpha-channel-opacity has-background\" style=\"background-color:#f6782f;color:#f6782f\"\/>\n\n<p class=\"has-background\" style=\"background-color:#fdddcb\">Tanz, der junges Publikum dazu einl\u00e4dt zu entdecken, zu erleben und sich freudig u\u0308berraschen zu lassen.<\/p>\n\n<hr class=\"wp-block-separator has-text-color has-alpha-channel-opacity has-background\" style=\"background-color:#f6782f;color:#f6782f\"\/>\n\n<p><\/p>\n","protected":false},"excerpt":{"rendered":"<p>FAMILY DAY Beim schrit_tmacher-Familientag (Sonntag, 7. M\u00e4rz) dreht sich alles um die Lebenswelt von Kindern und ihren (Gro\u00df-)Eltern. An diesem Tag gibt es im Theater Heerlen Tanz f\u00fcr alle Altersgruppen zu sehen, von Babys, Kleinkindern und Vorschulkindern bis hin zu (jungen) Erwachsenen. Mit tollen Workshops, \u00fcberraschenden Auftritten und jeder Menge Tanz im Foyer des Theaters. Der schrit_tmacher-Familientag ist ein gro\u00dfes [&hellip;]<\/p>\n","protected":false},"author":1,"featured_media":0,"parent":0,"menu_order":0,"comment_status":"closed","ping_status":"closed","template":"","meta":{"_acf_changed":false,"footnotes":""},"class_list":["post-14017","page","type-page","status-publish","hentry"],"aioseo_notices":[],"acf":[],"jetpack_sharing_enabled":true,"_links":{"self":[{"href":"https:\/\/schrittmacherfestival.nl\/de\/wp-json\/wp\/v2\/pages\/14017","targetHints":{"allow":["GET"]}}],"collection":[{"href":"https:\/\/schrittmacherfestival.nl\/de\/wp-json\/wp\/v2\/pages"}],"about":[{"href":"https:\/\/schrittmacherfestival.nl\/de\/wp-json\/wp\/v2\/types\/page"}],"author":[{"embeddable":true,"href":"https:\/\/schrittmacherfestival.nl\/de\/wp-json\/wp\/v2\/users\/1"}],"replies":[{"embeddable":true,"href":"https:\/\/schrittmacherfestival.nl\/de\/wp-json\/wp\/v2\/comments?post=14017"}],"version-history":[{"count":13,"href":"https:\/\/schrittmacherfestival.nl\/de\/wp-json\/wp\/v2\/pages\/14017\/revisions"}],"predecessor-version":[{"id":14213,"href":"https:\/\/schrittmacherfestival.nl\/de\/wp-json\/wp\/v2\/pages\/14017\/revisions\/14213"}],"wp:attachment":[{"href":"https:\/\/schrittmacherfestival.nl\/de\/wp-json\/wp\/v2\/media?parent=14017"}],"curies":[{"name":"wp","href":"https:\/\/api.w.org\/{rel}","templated":true}]}}