{"id":14081,"date":"2026-05-13T06:33:12","date_gmt":"2026-05-13T06:33:12","guid":{"rendered":"https:\/\/schrittmacherfestival.nl\/stiltestorm-8\/"},"modified":"2026-05-13T06:34:37","modified_gmt":"2026-05-13T06:34:37","slug":"stiltestorm-8","status":"publish","type":"page","link":"https:\/\/schrittmacherfestival.nl\/de\/stiltestorm-8\/","title":{"rendered":"Stiltestorm (8+)"},"content":{"rendered":"\n<h1 class=\"wp-block-heading has-black-color has-text-color\" id=\"hofesh-shechter-company-gbr\"><strong>Philzuid, Het Laagland &amp; SALLY Dansgezelschap Maastricht (NL)<\/strong><\/h1>\n\n<p><strong><strong>Theater Heerlen, Grote Zaal<\/strong><\/strong><br\/><strong><strong>So 07.03.2027<\/strong><\/strong><br\/><strong>15:00<\/strong> <strong>Uhr<br\/>19,50 \u20ac<\/strong><\/p>\n\n<figure class=\"wp-block-image alignwide size-large\"><img data-recalc-dims=\"1\" fetchpriority=\"high\" decoding=\"async\" width=\"640\" height=\"267\" src=\"https:\/\/i0.wp.com\/schrittmacherfestival.nl\/wp-content\/uploads\/2026\/05\/STILTESTORM-KLEIN_025-e1778591808235-1024x427.jpg?resize=640%2C267&#038;ssl=1\" alt=\"\" class=\"wp-image-14032\" srcset=\"https:\/\/i0.wp.com\/schrittmacherfestival.nl\/wp-content\/uploads\/2026\/05\/STILTESTORM-KLEIN_025-e1778591808235.jpg?resize=1024%2C427&amp;ssl=1 1024w, https:\/\/i0.wp.com\/schrittmacherfestival.nl\/wp-content\/uploads\/2026\/05\/STILTESTORM-KLEIN_025-e1778591808235.jpg?resize=300%2C125&amp;ssl=1 300w, https:\/\/i0.wp.com\/schrittmacherfestival.nl\/wp-content\/uploads\/2026\/05\/STILTESTORM-KLEIN_025-e1778591808235.jpg?resize=768%2C320&amp;ssl=1 768w, https:\/\/i0.wp.com\/schrittmacherfestival.nl\/wp-content\/uploads\/2026\/05\/STILTESTORM-KLEIN_025-e1778591808235.jpg?resize=31%2C13&amp;ssl=1 31w, https:\/\/i0.wp.com\/schrittmacherfestival.nl\/wp-content\/uploads\/2026\/05\/STILTESTORM-KLEIN_025-e1778591808235.jpg?w=1200&amp;ssl=1 1200w\" sizes=\"(max-width: 640px) 100vw, 640px\" \/><\/figure>\n\n<hr class=\"wp-block-separator has-css-opacity\"\/>\n\n<h2 class=\"wp-block-heading\"><strong>Premiere<\/strong><\/h2>\n\n<p>Die Welt strotzt vor pulsierender Energie. Manchmal so sehr, dass man sich nach Stille sehnt. In dieser mitrei\u00dfenden Inszenierung von Philzuid, Het Laagland und SALLY folgst du einem jungen Kopf voller St\u00fcrme in dieser pulsierenden Welt. Um ihn herum wirbeln Musiker, T\u00e4nzer und Schauspieler, die all den Gedanken, Zweifeln, Impulsen und Sehns\u00fcchten einen K\u00f6rper, eine Stimme und einen Rhythmus verleihen. Was passiert, wenn du still sein willst, aber deine innere Welt schreit?<\/p>\n\n<p>Und dann \u2026 sp\u00fcrt man, wie sich allm\u00e4hlich eine andere Art von Stille ausbreitet. Keine kalte und einsame Stille, sondern eine warme, die im Einklang mit einem selbst steht.<\/p>\n\n<p>ab 8 Jahren<\/p>\n\n<hr class=\"wp-block-separator has-css-opacity\"\/>\n\n<div class=\"wp-block-buttons is-horizontal is-content-justification-center is-layout-flex wp-container-core-buttons-is-layout-499968f5 wp-block-buttons-is-layout-flex\">\n<div class=\"wp-block-button\"><a class=\"wp-block-button__link has-white-color has-black-background-color has-text-color has-background wp-element-button\"><strong>Tickets So 07.03 | 15.00 Uhr<\/strong><\/a><\/div>\n<\/div>\n\n<hr class=\"wp-block-separator has-css-opacity\"\/>\n\n<figure class=\"wp-block-gallery has-nested-images columns-default is-cropped wp-block-gallery-1 is-layout-flex wp-block-gallery-is-layout-flex\">\n<figure class=\"wp-block-image size-large\"><img data-recalc-dims=\"1\" decoding=\"async\" width=\"640\" height=\"897\" data-id=\"14031\" src=\"https:\/\/i0.wp.com\/schrittmacherfestival.nl\/wp-content\/uploads\/2026\/05\/STILTESTORM-KLEIN_022.jpg?resize=640%2C897&#038;ssl=1\" alt=\"\" class=\"wp-image-14031\" srcset=\"https:\/\/i0.wp.com\/schrittmacherfestival.nl\/wp-content\/uploads\/2026\/05\/STILTESTORM-KLEIN_022.jpg?resize=731%2C1024&amp;ssl=1 731w, https:\/\/i0.wp.com\/schrittmacherfestival.nl\/wp-content\/uploads\/2026\/05\/STILTESTORM-KLEIN_022.jpg?resize=214%2C300&amp;ssl=1 214w, https:\/\/i0.wp.com\/schrittmacherfestival.nl\/wp-content\/uploads\/2026\/05\/STILTESTORM-KLEIN_022.jpg?resize=768%2C1075&amp;ssl=1 768w, https:\/\/i0.wp.com\/schrittmacherfestival.nl\/wp-content\/uploads\/2026\/05\/STILTESTORM-KLEIN_022.jpg?resize=19%2C27&amp;ssl=1 19w, https:\/\/i0.wp.com\/schrittmacherfestival.nl\/wp-content\/uploads\/2026\/05\/STILTESTORM-KLEIN_022.jpg?w=857&amp;ssl=1 857w\" sizes=\"(max-width: 640px) 100vw, 640px\" \/><\/figure>\n<\/figure>\n\n<hr class=\"wp-block-separator has-css-opacity\"\/>\n","protected":false},"excerpt":{"rendered":"<p>Philzuid, Het Laagland &amp; SALLY Dansgezelschap Maastricht (NL) Theater Heerlen, Grote ZaalSo 07.03.202715:00 Uhr19,50 \u20ac Premiere Die Welt strotzt vor pulsierender Energie. Manchmal so sehr, dass man sich nach Stille sehnt. In dieser mitrei\u00dfenden Inszenierung von Philzuid, Het Laagland und SALLY folgst du einem jungen Kopf voller St\u00fcrme in dieser pulsierenden Welt. Um ihn herum wirbeln Musiker, T\u00e4nzer und Schauspieler, [&hellip;]<\/p>\n","protected":false},"author":1,"featured_media":0,"parent":0,"menu_order":0,"comment_status":"closed","ping_status":"closed","template":"","meta":{"_acf_changed":false,"footnotes":""},"class_list":["post-14081","page","type-page","status-publish","hentry"],"aioseo_notices":[],"acf":[],"jetpack_sharing_enabled":true,"_links":{"self":[{"href":"https:\/\/schrittmacherfestival.nl\/de\/wp-json\/wp\/v2\/pages\/14081","targetHints":{"allow":["GET"]}}],"collection":[{"href":"https:\/\/schrittmacherfestival.nl\/de\/wp-json\/wp\/v2\/pages"}],"about":[{"href":"https:\/\/schrittmacherfestival.nl\/de\/wp-json\/wp\/v2\/types\/page"}],"author":[{"embeddable":true,"href":"https:\/\/schrittmacherfestival.nl\/de\/wp-json\/wp\/v2\/users\/1"}],"replies":[{"embeddable":true,"href":"https:\/\/schrittmacherfestival.nl\/de\/wp-json\/wp\/v2\/comments?post=14081"}],"version-history":[{"count":1,"href":"https:\/\/schrittmacherfestival.nl\/de\/wp-json\/wp\/v2\/pages\/14081\/revisions"}],"predecessor-version":[{"id":14082,"href":"https:\/\/schrittmacherfestival.nl\/de\/wp-json\/wp\/v2\/pages\/14081\/revisions\/14082"}],"wp:attachment":[{"href":"https:\/\/schrittmacherfestival.nl\/de\/wp-json\/wp\/v2\/media?parent=14081"}],"curies":[{"name":"wp","href":"https:\/\/api.w.org\/{rel}","templated":true}]}}