{"id":14090,"date":"2026-05-13T06:43:57","date_gmt":"2026-05-13T06:43:57","guid":{"rendered":"https:\/\/schrittmacherfestival.nl\/bout-6\/"},"modified":"2026-05-13T06:45:21","modified_gmt":"2026-05-13T06:45:21","slug":"bout-6","status":"publish","type":"page","link":"https:\/\/schrittmacherfestival.nl\/de\/bout-6\/","title":{"rendered":"BOUT! (6+)"},"content":{"rendered":"\n<h1 class=\"wp-block-heading has-black-color has-text-color\" id=\"hofesh-shechter-company-gbr\"><strong>Plan-d | Andreas Denk (NL\/DE)<\/strong><\/h1>\n\n<p><strong><strong>Theater Heerlen, Limburgzaal<\/strong><\/strong><br\/><strong>So 07.03.2027<\/strong><br\/><strong>13:00<\/strong> <strong>Uhr<br\/>12,50 \u20ac<\/strong><\/p>\n\n<figure class=\"wp-block-image alignwide size-large\"><img data-recalc-dims=\"1\" height=\"267\" width=\"640\" decoding=\"async\" src=\"https:\/\/i0.wp.com\/schrittmacherfestival.nl\/wp-content\/uploads\/2026\/05\/Plan-d-BOUT-%C2%A9Petra-Katanic-_-Es-Zn-landscape_017-e1778591631910-1024x427.jpg?resize=640%2C267&#038;ssl=1\" alt=\"\" class=\"wp-image-14029\"\/><\/figure>\n\n<hr class=\"wp-block-separator has-css-opacity\"\/>\n\n<p>Wasser spritzt, der Strom f\u00e4llt aus, die Dachrinne ist verstopft und die Rohre platzen. Was f\u00fcr ein Chaos! Hoffentlich geht das noch gut!<br\/><br\/>Bist du handwerklich begabt oder eher nicht? Egal: Wir brauchen dich, um Rohre zu verbinden, zu kleben, zu s\u00e4gen, zu bohren und Leitungen zu verlegen. Diese Rohre klingen \u00fcbrigens wahnsinnig gut! Zusammen mit den anderen Ger\u00e4uschen der Baustelle ergeben sie tolle Musik, zu der man tanzen kann. Es ist ein Fest, zu sehen, wie in <em>BOUT!<\/em> gebaut wird.<\/p>\n\n<p>Eine Tanzauff\u00fchrung, in der die Kinder gar nicht mehr aufh\u00f6ren wollen, kleine Arbeiten zu erledigen. Der Heimwerker ist geboren!<\/p>\n\n<p>ab 6 Jahren<\/p>\n\n<hr class=\"wp-block-separator has-css-opacity\"\/>\n\n<div class=\"wp-block-buttons is-horizontal is-content-justification-center is-layout-flex wp-container-core-buttons-is-layout-499968f5 wp-block-buttons-is-layout-flex\">\n<div class=\"wp-block-button\"><a class=\"wp-block-button__link has-white-color has-black-background-color has-text-color has-background wp-element-button\"><strong>Tickets So 07.03 | 13.00 Uhr<\/strong><\/a><\/div>\n<\/div>\n\n<hr class=\"wp-block-separator has-css-opacity\"\/>\n\n<figure class=\"wp-block-embed is-type-video is-provider-youtube wp-block-embed-youtube wp-embed-aspect-16-9 wp-has-aspect-ratio\"><div class=\"wp-block-embed__wrapper\">\r\n<iframe  id=\"_ytid_37916\"  width=\"640\" height=\"360\"  data-origwidth=\"640\" data-origheight=\"360\" src=\"https:\/\/www.youtube.com\/embed\/JRe3lYck5wA?enablejsapi=1&#038;autoplay=0&#038;cc_load_policy=0&#038;cc_lang_pref=&#038;iv_load_policy=1&#038;loop=0&#038;rel=1&#038;fs=1&#038;playsinline=0&#038;autohide=2&#038;theme=dark&#038;color=red&#038;controls=1&#038;disablekb=0&#038;\" class=\"__youtube_prefs__  epyt-is-override  no-lazyload\" title=\"YouTube player\"  allow=\"fullscreen; accelerometer; autoplay; clipboard-write; encrypted-media; gyroscope; picture-in-picture; web-share\" referrerpolicy=\"strict-origin-when-cross-origin\" allowfullscreen data-no-lazy=\"1\" data-skipgform_ajax_framebjll=\"\"><\/iframe>\n<\/div><\/figure><br>\n\n<hr class=\"wp-block-separator has-css-opacity\"\/>\n\n<figure class=\"wp-block-gallery has-nested-images columns-default is-cropped wp-block-gallery-1 is-layout-flex wp-block-gallery-is-layout-flex\">\n<figure class=\"wp-block-image size-large\"><img data-recalc-dims=\"1\" height=\"426\" width=\"640\" decoding=\"async\" data-id=\"14086\" src=\"https:\/\/i0.wp.com\/schrittmacherfestival.nl\/wp-content\/uploads\/2026\/05\/Plan-d-BOUT-%C2%A9Petra-Katanic-_-Es-Zn-landscape_017-1.jpg?resize=640%2C426&#038;ssl=1\" alt=\"\" class=\"wp-image-14086\"\/><\/figure>\n<\/figure>\n\n<hr class=\"wp-block-separator has-css-opacity\"\/>\n","protected":false},"excerpt":{"rendered":"<p>Plan-d | Andreas Denk (NL\/DE) Theater Heerlen, LimburgzaalSo 07.03.202713:00 Uhr12,50 \u20ac Wasser spritzt, der Strom f\u00e4llt aus, die Dachrinne ist verstopft und die Rohre platzen. Was f\u00fcr ein Chaos! Hoffentlich geht das noch gut! Bist du handwerklich begabt oder eher nicht? Egal: Wir brauchen dich, um Rohre zu verbinden, zu kleben, zu s\u00e4gen, zu bohren und Leitungen zu verlegen. Diese [&hellip;]<\/p>\n","protected":false},"author":1,"featured_media":0,"parent":0,"menu_order":0,"comment_status":"closed","ping_status":"closed","template":"","meta":{"_acf_changed":false,"footnotes":""},"class_list":["post-14090","page","type-page","status-publish","hentry"],"aioseo_notices":[],"acf":[],"jetpack_sharing_enabled":true,"_links":{"self":[{"href":"https:\/\/schrittmacherfestival.nl\/de\/wp-json\/wp\/v2\/pages\/14090","targetHints":{"allow":["GET"]}}],"collection":[{"href":"https:\/\/schrittmacherfestival.nl\/de\/wp-json\/wp\/v2\/pages"}],"about":[{"href":"https:\/\/schrittmacherfestival.nl\/de\/wp-json\/wp\/v2\/types\/page"}],"author":[{"embeddable":true,"href":"https:\/\/schrittmacherfestival.nl\/de\/wp-json\/wp\/v2\/users\/1"}],"replies":[{"embeddable":true,"href":"https:\/\/schrittmacherfestival.nl\/de\/wp-json\/wp\/v2\/comments?post=14090"}],"version-history":[{"count":2,"href":"https:\/\/schrittmacherfestival.nl\/de\/wp-json\/wp\/v2\/pages\/14090\/revisions"}],"predecessor-version":[{"id":14094,"href":"https:\/\/schrittmacherfestival.nl\/de\/wp-json\/wp\/v2\/pages\/14090\/revisions\/14094"}],"wp:attachment":[{"href":"https:\/\/schrittmacherfestival.nl\/de\/wp-json\/wp\/v2\/media?parent=14090"}],"curies":[{"name":"wp","href":"https:\/\/api.w.org\/{rel}","templated":true}]}}