{"id":14101,"date":"2026-05-13T06:54:59","date_gmt":"2026-05-13T06:54:59","guid":{"rendered":"https:\/\/schrittmacherfestival.nl\/balballoona-3\/"},"modified":"2026-05-13T06:55:23","modified_gmt":"2026-05-13T06:55:23","slug":"balballoona-3","status":"publish","type":"page","link":"https:\/\/schrittmacherfestival.nl\/de\/balballoona-3\/","title":{"rendered":"BALBALLOONA (3+)"},"content":{"rendered":"\n<h1 class=\"wp-block-heading has-black-color has-text-color\" id=\"hofesh-shechter-company-gbr\"><strong>Neverlike (NL)<\/strong><\/h1>\n\n<p><strong><strong>Theater Heerlen, Vebegofoyer<\/strong><\/strong><br\/><strong><strong>So 07.03.2027<\/strong><\/strong><br\/><strong><strong>13:00 + 15:15<\/strong><\/strong> <strong>Uhr<br\/>9,50 \u20ac<\/strong><\/p>\n\n<figure class=\"wp-block-image alignwide size-full\"><img data-recalc-dims=\"1\" fetchpriority=\"high\" decoding=\"async\" width=\"640\" height=\"266\" src=\"https:\/\/i0.wp.com\/schrittmacherfestival.nl\/wp-content\/uploads\/2026\/05\/BALBALLOONA-Rob-Gradisen-6-e1778591558112.jpg?resize=640%2C266&#038;ssl=1\" alt=\"\" class=\"wp-image-14024\" srcset=\"https:\/\/i0.wp.com\/schrittmacherfestival.nl\/wp-content\/uploads\/2026\/05\/BALBALLOONA-Rob-Gradisen-6-e1778591558112.jpg?w=1024&amp;ssl=1 1024w, https:\/\/i0.wp.com\/schrittmacherfestival.nl\/wp-content\/uploads\/2026\/05\/BALBALLOONA-Rob-Gradisen-6-e1778591558112.jpg?resize=300%2C125&amp;ssl=1 300w, https:\/\/i0.wp.com\/schrittmacherfestival.nl\/wp-content\/uploads\/2026\/05\/BALBALLOONA-Rob-Gradisen-6-e1778591558112.jpg?resize=768%2C319&amp;ssl=1 768w, https:\/\/i0.wp.com\/schrittmacherfestival.nl\/wp-content\/uploads\/2026\/05\/BALBALLOONA-Rob-Gradisen-6-e1778591558112.jpg?resize=31%2C13&amp;ssl=1 31w\" sizes=\"(max-width: 640px) 100vw, 640px\" \/><\/figure>\n\n<hr class=\"wp-block-separator has-css-opacity\"\/>\n\n<p>Dehnen, aufblasen, schweben, verbinden und zerspringen! In <em>BALBALLOONA <\/em>treffen drei T\u00e4nzer auf der B\u00fchne aufeinander. Zun\u00e4chst liegen Sch\u00fcchternheit und Unsicherheit in der Luft, bis Luftballons die Stimmung ver\u00e4ndern. Die Ballons symbolisieren Ver\u00e4nderung. Sie begleiten die Reise der T\u00e4nzer von der Distanz zum Kontakt, von der Trennung zur Zusammengeh\u00f6rigkeit. So sorgt <em>BALBALLOONA <\/em>auf spielerische Weise f\u00fcr Kontakt und Verbindung, und schlie\u00dflich tanzt jeder mit dieser Auff\u00fchrung mit.<\/p>\n\n<p>ab 3 Jahren<\/p>\n\n<hr class=\"wp-block-separator has-css-opacity\"\/>\n\n<div class=\"wp-block-buttons is-horizontal is-content-justification-center is-layout-flex wp-container-core-buttons-is-layout-499968f5 wp-block-buttons-is-layout-flex\">\n<div class=\"wp-block-button\"><a class=\"wp-block-button__link has-white-color has-black-background-color has-text-color has-background wp-element-button\"><strong>Tickets So 07.03 | 13.00 Uhr<\/strong><\/a><\/div>\n\n\n\n<div class=\"wp-block-button\"><a class=\"wp-block-button__link has-white-color has-black-background-color has-text-color has-background wp-element-button\"><strong>Tickets So 07.03 | 1<\/strong>5<strong>.15 Uhr<\/strong><\/a><\/div>\n<\/div>\n\n<hr class=\"wp-block-separator has-css-opacity\"\/>\n\n<figure class=\"wp-block-embed is-type-video is-provider-youtube wp-block-embed-youtube wp-embed-aspect-16-9 wp-has-aspect-ratio\"><div class=\"wp-block-embed__wrapper\">\r\n<iframe  id=\"_ytid_80091\"  width=\"640\" height=\"360\"  data-origwidth=\"640\" data-origheight=\"360\" src=\"https:\/\/www.youtube.com\/embed\/jadFhdUBne0?enablejsapi=1&#038;autoplay=0&#038;cc_load_policy=0&#038;cc_lang_pref=&#038;iv_load_policy=1&#038;loop=0&#038;rel=1&#038;fs=1&#038;playsinline=0&#038;autohide=2&#038;theme=dark&#038;color=red&#038;controls=1&#038;disablekb=0&#038;\" class=\"__youtube_prefs__  epyt-is-override  no-lazyload\" title=\"YouTube player\"  allow=\"fullscreen; accelerometer; autoplay; clipboard-write; encrypted-media; gyroscope; picture-in-picture; web-share\" referrerpolicy=\"strict-origin-when-cross-origin\" allowfullscreen data-no-lazy=\"1\" data-skipgform_ajax_framebjll=\"\"><\/iframe>\n<\/div><\/figure><br>\n\n<hr class=\"wp-block-separator has-css-opacity\"\/>\n\n<figure class=\"wp-block-gallery has-nested-images columns-default is-cropped wp-block-gallery-1 is-layout-flex wp-block-gallery-is-layout-flex\">\n<figure class=\"wp-block-image size-full\"><img data-recalc-dims=\"1\" decoding=\"async\" width=\"640\" height=\"427\" data-id=\"14097\" src=\"https:\/\/i0.wp.com\/schrittmacherfestival.nl\/wp-content\/uploads\/2026\/05\/BALBALLOONA-Rob-Gradisen-6-1.jpg?resize=640%2C427&#038;ssl=1\" alt=\"\" class=\"wp-image-14097\" srcset=\"https:\/\/i0.wp.com\/schrittmacherfestival.nl\/wp-content\/uploads\/2026\/05\/BALBALLOONA-Rob-Gradisen-6-1.jpg?w=1024&amp;ssl=1 1024w, https:\/\/i0.wp.com\/schrittmacherfestival.nl\/wp-content\/uploads\/2026\/05\/BALBALLOONA-Rob-Gradisen-6-1.jpg?resize=300%2C200&amp;ssl=1 300w, https:\/\/i0.wp.com\/schrittmacherfestival.nl\/wp-content\/uploads\/2026\/05\/BALBALLOONA-Rob-Gradisen-6-1.jpg?resize=768%2C512&amp;ssl=1 768w, https:\/\/i0.wp.com\/schrittmacherfestival.nl\/wp-content\/uploads\/2026\/05\/BALBALLOONA-Rob-Gradisen-6-1.jpg?resize=600%2C400&amp;ssl=1 600w, https:\/\/i0.wp.com\/schrittmacherfestival.nl\/wp-content\/uploads\/2026\/05\/BALBALLOONA-Rob-Gradisen-6-1.jpg?resize=31%2C21&amp;ssl=1 31w\" sizes=\"(max-width: 640px) 100vw, 640px\" \/><\/figure>\n<\/figure>\n\n<hr class=\"wp-block-separator has-css-opacity\"\/>\n","protected":false},"excerpt":{"rendered":"<p>Neverlike (NL) Theater Heerlen, VebegofoyerSo 07.03.202713:00 + 15:15 Uhr9,50 \u20ac Dehnen, aufblasen, schweben, verbinden und zerspringen! In BALBALLOONA treffen drei T\u00e4nzer auf der B\u00fchne aufeinander. Zun\u00e4chst liegen Sch\u00fcchternheit und Unsicherheit in der Luft, bis Luftballons die Stimmung ver\u00e4ndern. Die Ballons symbolisieren Ver\u00e4nderung. Sie begleiten die Reise der T\u00e4nzer von der Distanz zum Kontakt, von der Trennung zur Zusammengeh\u00f6rigkeit. So sorgt [&hellip;]<\/p>\n","protected":false},"author":1,"featured_media":0,"parent":0,"menu_order":0,"comment_status":"closed","ping_status":"closed","template":"","meta":{"_acf_changed":false,"footnotes":""},"class_list":["post-14101","page","type-page","status-publish","hentry"],"aioseo_notices":[],"acf":[],"jetpack_sharing_enabled":true,"_links":{"self":[{"href":"https:\/\/schrittmacherfestival.nl\/de\/wp-json\/wp\/v2\/pages\/14101","targetHints":{"allow":["GET"]}}],"collection":[{"href":"https:\/\/schrittmacherfestival.nl\/de\/wp-json\/wp\/v2\/pages"}],"about":[{"href":"https:\/\/schrittmacherfestival.nl\/de\/wp-json\/wp\/v2\/types\/page"}],"author":[{"embeddable":true,"href":"https:\/\/schrittmacherfestival.nl\/de\/wp-json\/wp\/v2\/users\/1"}],"replies":[{"embeddable":true,"href":"https:\/\/schrittmacherfestival.nl\/de\/wp-json\/wp\/v2\/comments?post=14101"}],"version-history":[{"count":1,"href":"https:\/\/schrittmacherfestival.nl\/de\/wp-json\/wp\/v2\/pages\/14101\/revisions"}],"predecessor-version":[{"id":14102,"href":"https:\/\/schrittmacherfestival.nl\/de\/wp-json\/wp\/v2\/pages\/14101\/revisions\/14102"}],"wp:attachment":[{"href":"https:\/\/schrittmacherfestival.nl\/de\/wp-json\/wp\/v2\/media?parent=14101"}],"curies":[{"name":"wp","href":"https:\/\/api.w.org\/{rel}","templated":true}]}}