{"id":14110,"date":"2026-05-13T07:46:03","date_gmt":"2026-05-13T07:46:03","guid":{"rendered":"https:\/\/schrittmacherfestival.nl\/witch-hunting\/"},"modified":"2026-05-13T08:04:23","modified_gmt":"2026-05-13T08:04:23","slug":"witch-hunting","status":"publish","type":"page","link":"https:\/\/schrittmacherfestival.nl\/de\/witch-hunting\/","title":{"rendered":"Witch Hunting"},"content":{"rendered":"\n<h1 class=\"wp-block-heading has-black-color has-text-color\" id=\"hofesh-shechter-company-gbr\"><strong>Compagnie par Terre \/ Anne Nguyen (FR)<\/strong><\/h1>\n\n<p><strong><strong>Theater Kerkrade, Grote Zaal<\/strong><\/strong><br\/><strong><strong>So 21.03.2027<\/strong><\/strong><br\/><strong><strong>16:00<\/strong><\/strong> <strong>Uhr<br\/>15,00 \u20ac &#8211; 28,50 \u20ac<\/strong><\/p>\n\n<figure class=\"wp-block-image alignwide size-large\"><img data-recalc-dims=\"1\" fetchpriority=\"high\" decoding=\"async\" width=\"640\" height=\"267\" src=\"https:\/\/i0.wp.com\/schrittmacherfestival.nl\/wp-content\/uploads\/2026\/05\/Pic_4_WITCH_Patrick_Berger_recadre_016-e1778593887683-1024x427.jpg?resize=640%2C267&#038;ssl=1\" alt=\"\" class=\"wp-image-14056\" srcset=\"https:\/\/i0.wp.com\/schrittmacherfestival.nl\/wp-content\/uploads\/2026\/05\/Pic_4_WITCH_Patrick_Berger_recadre_016-e1778593887683.jpg?resize=1024%2C427&amp;ssl=1 1024w, https:\/\/i0.wp.com\/schrittmacherfestival.nl\/wp-content\/uploads\/2026\/05\/Pic_4_WITCH_Patrick_Berger_recadre_016-e1778593887683.jpg?resize=300%2C125&amp;ssl=1 300w, https:\/\/i0.wp.com\/schrittmacherfestival.nl\/wp-content\/uploads\/2026\/05\/Pic_4_WITCH_Patrick_Berger_recadre_016-e1778593887683.jpg?resize=768%2C320&amp;ssl=1 768w, https:\/\/i0.wp.com\/schrittmacherfestival.nl\/wp-content\/uploads\/2026\/05\/Pic_4_WITCH_Patrick_Berger_recadre_016-e1778593887683.jpg?resize=31%2C13&amp;ssl=1 31w, https:\/\/i0.wp.com\/schrittmacherfestival.nl\/wp-content\/uploads\/2026\/05\/Pic_4_WITCH_Patrick_Berger_recadre_016-e1778593887683.jpg?w=1200&amp;ssl=1 1200w\" sizes=\"(max-width: 640px) 100vw, 640px\" \/><\/figure>\n\n<hr class=\"wp-block-separator has-css-opacity\"\/>\n\n<h2 class=\"wp-block-heading\">Eindringlich, fesselnd, kraftvoll, poetisch<\/h2>\n\n<p>Die franz\u00f6sische T\u00e4nzerin und Choreografin Anne Nguyen pr\u00e4sentierte im Rahmen von schrit_tmacher 2021 die Auff\u00fchrung <em>\u00c0 mon bel Amour<\/em> und die Installation <em>Dance of the city warriors<\/em>. Nun kehrt sie mit ihrer neuesten Performance <em>Witch Hunting<\/em> zur\u00fcck. Darin erforschen sechs T\u00e4nzer mit unterschiedlichen Tanzstilen \u2013 Krump, Popping sowie afrikanische urbane und traditionelle T\u00e4nze \u2013 das Konzept der kulturellen Identit\u00e4t. Wer bist du und wie behauptest du dich in einer Gruppe?<\/p>\n\n<p><strong>Ein Zusammenspiel, das zum Nachdenken anregt<\/strong><br\/>In <em>Witch Hunting<\/em> begeben sich die T\u00e4nzer zu spektakul\u00e4rer Musik auf die Suche nach ihrer Identit\u00e4t als Individuum. Gleichzeitig versuchen sie jedoch, als Gruppe die Bewegungen der anderen zu beeinflussen. Dieses Zusammenspiel regt zum Nachdenken an. Gemeinsam finden sie eine gemeinsame Harmonie: eindringlich, mitrei\u00dfend, kraftvoll und poetisch. Die Musik wurde speziell f\u00fcr <em>Witch Hunting <\/em>komponiert und nutzt Percussion, pr\u00e4pariertes Klavier und Krump-Kl\u00e4nge. Die Rhythmen und Melodien nehmen dich mit auf die individuelle Suche der T\u00e4nzer, verst\u00e4rken aber auch die Kraft der Gruppe.<\/p>\n\n<p><em>\u201eWitch Hunting von Anne Nguyen ist ein virtuoses Tanzst\u00fcck \u00fcber das Wesen des Zusammenlebens.\u201c<\/em> \u2013 La Terrasse<\/p>\n\n<p><strong>\u00dcber Anne Nguyen<\/strong><br\/>Die franz\u00f6sische T\u00e4nzerin, Choreografin und Dichterin Anne Nguyen hat ihre Wurzeln in der Hip-Hop-Kultur. Sie hat sich als B-Girl (Breakdancerin) in Hunderten von Battles einen Namen gemacht und trat mit Hip-Hop-Crews wie Black Blanc Beur auf. Im Jahr 2005 gr\u00fcndete sie ihre eigene Compagnie Compagnie par Terre und feierte im selben Jahr mit der Soloproduktion <em>Square Root<\/em> ihren Durchbruch. Danach schuf sie neun Produktionen, darunter <em>Promenade obligatoire<\/em> (2012) f\u00fcr acht Poppers.<\/p>\n\n<hr class=\"wp-block-separator has-css-opacity\"\/>\n\n<div class=\"wp-block-buttons is-horizontal is-content-justification-center is-layout-flex wp-container-core-buttons-is-layout-499968f5 wp-block-buttons-is-layout-flex\">\n<div class=\"wp-block-button\"><a class=\"wp-block-button__link has-white-color has-black-background-color has-text-color has-background wp-element-button\"><strong>Tickets So 21.03 | 16.00 Uhr<\/strong><\/a><\/div>\n<\/div>\n\n<hr class=\"wp-block-separator has-css-opacity\"\/>\n\n<figure class=\"wp-block-embed is-type-video is-provider-youtube wp-block-embed-youtube wp-embed-aspect-16-9 wp-has-aspect-ratio\"><div class=\"wp-block-embed__wrapper\">\r\n<iframe  id=\"_ytid_22672\"  width=\"640\" height=\"360\"  data-origwidth=\"640\" data-origheight=\"360\" src=\"https:\/\/www.youtube.com\/embed\/L59Hn49jWsQ?enablejsapi=1&#038;autoplay=0&#038;cc_load_policy=0&#038;cc_lang_pref=&#038;iv_load_policy=1&#038;loop=0&#038;rel=1&#038;fs=1&#038;playsinline=0&#038;autohide=2&#038;theme=dark&#038;color=red&#038;controls=1&#038;disablekb=0&#038;\" class=\"__youtube_prefs__  epyt-is-override  no-lazyload\" title=\"YouTube player\"  allow=\"fullscreen; accelerometer; autoplay; clipboard-write; encrypted-media; gyroscope; picture-in-picture; web-share\" referrerpolicy=\"strict-origin-when-cross-origin\" allowfullscreen data-no-lazy=\"1\" data-skipgform_ajax_framebjll=\"\"><\/iframe>\n<\/div><\/figure><br>\n\n<hr class=\"wp-block-separator has-css-opacity\"\/>\n\n<figure class=\"wp-block-gallery has-nested-images columns-default is-cropped wp-block-gallery-1 is-layout-flex wp-block-gallery-is-layout-flex\">\n<figure class=\"wp-block-image size-large\"><img data-recalc-dims=\"1\" decoding=\"async\" width=\"640\" height=\"428\" data-id=\"14106\" src=\"https:\/\/i0.wp.com\/schrittmacherfestival.nl\/wp-content\/uploads\/2026\/05\/Pic_4_WITCH_Patrick_Berger_recadre_016-1.jpg?resize=640%2C428&#038;ssl=1\" alt=\"\" class=\"wp-image-14106\" srcset=\"https:\/\/i0.wp.com\/schrittmacherfestival.nl\/wp-content\/uploads\/2026\/05\/Pic_4_WITCH_Patrick_Berger_recadre_016-1.jpg?resize=1024%2C684&amp;ssl=1 1024w, https:\/\/i0.wp.com\/schrittmacherfestival.nl\/wp-content\/uploads\/2026\/05\/Pic_4_WITCH_Patrick_Berger_recadre_016-1.jpg?resize=300%2C201&amp;ssl=1 300w, https:\/\/i0.wp.com\/schrittmacherfestival.nl\/wp-content\/uploads\/2026\/05\/Pic_4_WITCH_Patrick_Berger_recadre_016-1.jpg?resize=768%2C513&amp;ssl=1 768w, https:\/\/i0.wp.com\/schrittmacherfestival.nl\/wp-content\/uploads\/2026\/05\/Pic_4_WITCH_Patrick_Berger_recadre_016-1.jpg?resize=600%2C400&amp;ssl=1 600w, https:\/\/i0.wp.com\/schrittmacherfestival.nl\/wp-content\/uploads\/2026\/05\/Pic_4_WITCH_Patrick_Berger_recadre_016-1.jpg?resize=31%2C21&amp;ssl=1 31w, https:\/\/i0.wp.com\/schrittmacherfestival.nl\/wp-content\/uploads\/2026\/05\/Pic_4_WITCH_Patrick_Berger_recadre_016-1.jpg?w=1200&amp;ssl=1 1200w\" sizes=\"(max-width: 640px) 100vw, 640px\" \/><\/figure>\n<\/figure>\n\n<hr class=\"wp-block-separator has-css-opacity\"\/>\n\n<p><strong>Credits<\/strong><em><br\/><\/em>Choreografie: Anne NguyenDarsteller: Lisa Boudard alias \u201eLady Noscript\u201c (Krump), Arnaud Duprat alias \u201eAAron EVO\u201c (Popping), Dominique Elenga alias \u201eMademoiselle Do\u2019\u201c (urban-afrikanische T\u00e4nze), Mark-Wilfried Kouadio alias \u201eWilly Kazzama\u201c (urban- und traditionell-afrikanische T\u00e4nze), Tony Ndoumba alias \u201eTony No Script\u201c (Krump), Emilie Ouedraogo alias \u201eKween Madskillz\u201c (Krump)Soundtrack: Pierre Demange, Gr\u00e9goire Letouvet &amp; Tony Ndoumba alias \u201eTony No Script\u201cKost\u00fcme: Simon Huet, Marine ArnoulLichtdesign: Pascal Aurouet, Bruno Azevedo, Cynthia LhopitallierProduktion: par Terre \/ Anne Nguyen Dance Company.<\/p>\n\n<p>Koproduzenten: La Manufacture CDCN Nouvelle-Aquitaine Bordeaux \/ La Rochelle; Op\u00e9ra de Massy; Le Th\u00e9\u00e2tre de Rungis; Th\u00e9\u00e2tre des Bergeries \u2013 Noisy-le-Sec; Conseil D\u00e9partemental de la Seine-Saint-Denis; Th\u00e9\u00e2tre des 2 Rives in Charenton-le-Pont<\/p>\n\n<p>Mit Unterst\u00fctzung von: Th\u00e9\u00e2tre Moli\u00e8re -&gt; S\u00e8te, nationale Spielst\u00e4tte \u201eArchipel de Thau\u201c; Centre d\u2019Art et de Culture de Meudon; Houdremont, Kulturzentrum La Courneuve; CENTQUATRE-PARIS; micadanses-Paris; Centre des Arts d\u2019Enghien-les-Bains \u2013 staatlich gef\u00f6rderte Spielst\u00e4tte f\u00fcr digitale Literatur in Enghien-les-Bains; Op\u00e9ra de Limoges; SPEDIDAM.<\/p>\n\n<hr class=\"wp-block-separator has-css-opacity\"\/>\n\n<p><\/p>\n","protected":false},"excerpt":{"rendered":"<p>Compagnie par Terre \/ Anne Nguyen (FR) Theater Kerkrade, Grote ZaalSo 21.03.202716:00 Uhr15,00 \u20ac &#8211; 28,50 \u20ac Eindringlich, fesselnd, kraftvoll, poetisch Die franz\u00f6sische T\u00e4nzerin und Choreografin Anne Nguyen pr\u00e4sentierte im Rahmen von schrit_tmacher 2021 die Auff\u00fchrung \u00c0 mon bel Amour und die Installation Dance of the city warriors. Nun kehrt sie mit ihrer neuesten Performance Witch Hunting zur\u00fcck. Darin erforschen [&hellip;]<\/p>\n","protected":false},"author":1,"featured_media":0,"parent":0,"menu_order":0,"comment_status":"closed","ping_status":"closed","template":"","meta":{"_acf_changed":false,"footnotes":""},"class_list":["post-14110","page","type-page","status-publish","hentry"],"aioseo_notices":[],"acf":[],"jetpack_sharing_enabled":true,"_links":{"self":[{"href":"https:\/\/schrittmacherfestival.nl\/de\/wp-json\/wp\/v2\/pages\/14110","targetHints":{"allow":["GET"]}}],"collection":[{"href":"https:\/\/schrittmacherfestival.nl\/de\/wp-json\/wp\/v2\/pages"}],"about":[{"href":"https:\/\/schrittmacherfestival.nl\/de\/wp-json\/wp\/v2\/types\/page"}],"author":[{"embeddable":true,"href":"https:\/\/schrittmacherfestival.nl\/de\/wp-json\/wp\/v2\/users\/1"}],"replies":[{"embeddable":true,"href":"https:\/\/schrittmacherfestival.nl\/de\/wp-json\/wp\/v2\/comments?post=14110"}],"version-history":[{"count":2,"href":"https:\/\/schrittmacherfestival.nl\/de\/wp-json\/wp\/v2\/pages\/14110\/revisions"}],"predecessor-version":[{"id":14121,"href":"https:\/\/schrittmacherfestival.nl\/de\/wp-json\/wp\/v2\/pages\/14110\/revisions\/14121"}],"wp:attachment":[{"href":"https:\/\/schrittmacherfestival.nl\/de\/wp-json\/wp\/v2\/media?parent=14110"}],"curies":[{"name":"wp","href":"https:\/\/api.w.org\/{rel}","templated":true}]}}