{"id":14118,"date":"2026-05-13T08:02:42","date_gmt":"2026-05-13T08:02:42","guid":{"rendered":"https:\/\/schrittmacherfestival.nl\/avontuurlijke-dans-van-het-zuidelijk-halfrond\/"},"modified":"2026-05-13T08:03:27","modified_gmt":"2026-05-13T08:03:27","slug":"avontuurlijke-dans-van-het-zuidelijk-halfrond","status":"publish","type":"page","link":"https:\/\/schrittmacherfestival.nl\/de\/avontuurlijke-dans-van-het-zuidelijk-halfrond\/","title":{"rendered":"Avontuurlijke dans van het zuidelijk halfrond"},"content":{"rendered":"\n<h1 class=\"wp-block-heading has-black-color has-text-color\" id=\"hofesh-shechter-company-gbr\"><strong>schrit_tmacher x PLT<\/strong><\/h1>\n\n<p><strong><strong>Theater Heerlen, Grote Zaal<\/strong><\/strong><br\/><strong><strong>Mi 17.03.2027<\/strong><\/strong><br\/><strong><strong>20:00<\/strong><\/strong> <strong>Uhr<br\/>16,50 \u20ac &#8211; 38,00 \u20ac<\/strong><\/p>\n\n<figure class=\"wp-block-image alignwide size-large\"><img data-recalc-dims=\"1\" fetchpriority=\"high\" decoding=\"async\" width=\"640\" height=\"267\" src=\"https:\/\/i0.wp.com\/schrittmacherfestival.nl\/wp-content\/uploads\/2026\/05\/schrit_tijdelijk_danszuidelijkhalfrond_020-e1778593791492-1024x427.jpg?resize=640%2C267&#038;ssl=1\" alt=\"\" class=\"wp-image-14055\" srcset=\"https:\/\/i0.wp.com\/schrittmacherfestival.nl\/wp-content\/uploads\/2026\/05\/schrit_tijdelijk_danszuidelijkhalfrond_020-e1778593791492.jpg?resize=1024%2C427&amp;ssl=1 1024w, https:\/\/i0.wp.com\/schrittmacherfestival.nl\/wp-content\/uploads\/2026\/05\/schrit_tijdelijk_danszuidelijkhalfrond_020-e1778593791492.jpg?resize=300%2C125&amp;ssl=1 300w, https:\/\/i0.wp.com\/schrittmacherfestival.nl\/wp-content\/uploads\/2026\/05\/schrit_tijdelijk_danszuidelijkhalfrond_020-e1778593791492.jpg?resize=768%2C320&amp;ssl=1 768w, https:\/\/i0.wp.com\/schrittmacherfestival.nl\/wp-content\/uploads\/2026\/05\/schrit_tijdelijk_danszuidelijkhalfrond_020-e1778593791492.jpg?resize=31%2C13&amp;ssl=1 31w, https:\/\/i0.wp.com\/schrittmacherfestival.nl\/wp-content\/uploads\/2026\/05\/schrit_tijdelijk_danszuidelijkhalfrond_020-e1778593791492.jpg?w=1200&amp;ssl=1 1200w\" sizes=\"(max-width: 640px) 100vw, 640px\" \/><\/figure>\n\n<hr class=\"wp-block-separator has-css-opacity\"\/>\n\n<p>Bei jedem Festival pr\u00e4sentieren schrit_tmacher und PLT gemeinsam ein Werk, in dem Tanzformen aus Kulturen und Traditionen der s\u00fcdlichen Hemisph\u00e4re im Mittelpunkt stehen. Zuvor waren unter anderem aus S\u00fcdafrika <em>We wear our<\/em> <em>wheels with pride<\/em>\u2026 von Robyn Orlin, aus Burkina Faso <em>Wakatt <\/em>vom Faso Danse Theatre und aus China <em>16 &amp; 17<\/em> vom TAO Dance Theater zu sehen.<\/p>\n\n<p>Der Name der Compagnie, die 2027 zu unserem Festival kommt, bleibt vorerst noch eine \u00dcberraschung. Wir k\u00f6nnen jedoch versichern, dass diese Auff\u00fchrung unseren westlichen Blick auf die (Tanz-)Welt bereichern wird.<\/p>\n\n<hr class=\"wp-block-separator has-css-opacity\"\/>\n\n<div class=\"wp-block-buttons is-horizontal is-content-justification-center is-layout-flex wp-container-core-buttons-is-layout-499968f5 wp-block-buttons-is-layout-flex\">\n<div class=\"wp-block-button\"><a class=\"wp-block-button__link has-white-color has-black-background-color has-text-color has-background wp-element-button\"><strong>Tickets Mi 17.03 | 20.00 Uhr<\/strong><\/a><\/div>\n<\/div>\n\n<hr class=\"wp-block-separator has-css-opacity\"\/>\n\n<figure class=\"wp-block-gallery has-nested-images columns-default is-cropped wp-block-gallery-1 is-layout-flex wp-block-gallery-is-layout-flex\">\n<figure class=\"wp-block-image size-large\"><img data-recalc-dims=\"1\" decoding=\"async\" width=\"640\" height=\"427\" data-id=\"14115\" src=\"https:\/\/i0.wp.com\/schrittmacherfestival.nl\/wp-content\/uploads\/2026\/05\/schrit_tijdelijk_danszuidelijkhalfrond_020-1.jpg?resize=640%2C427&#038;ssl=1\" alt=\"\" class=\"wp-image-14115\" srcset=\"https:\/\/i0.wp.com\/schrittmacherfestival.nl\/wp-content\/uploads\/2026\/05\/schrit_tijdelijk_danszuidelijkhalfrond_020-1.jpg?resize=1024%2C683&amp;ssl=1 1024w, https:\/\/i0.wp.com\/schrittmacherfestival.nl\/wp-content\/uploads\/2026\/05\/schrit_tijdelijk_danszuidelijkhalfrond_020-1.jpg?resize=300%2C200&amp;ssl=1 300w, https:\/\/i0.wp.com\/schrittmacherfestival.nl\/wp-content\/uploads\/2026\/05\/schrit_tijdelijk_danszuidelijkhalfrond_020-1.jpg?resize=768%2C512&amp;ssl=1 768w, https:\/\/i0.wp.com\/schrittmacherfestival.nl\/wp-content\/uploads\/2026\/05\/schrit_tijdelijk_danszuidelijkhalfrond_020-1.jpg?resize=600%2C400&amp;ssl=1 600w, https:\/\/i0.wp.com\/schrittmacherfestival.nl\/wp-content\/uploads\/2026\/05\/schrit_tijdelijk_danszuidelijkhalfrond_020-1.jpg?resize=31%2C21&amp;ssl=1 31w, https:\/\/i0.wp.com\/schrittmacherfestival.nl\/wp-content\/uploads\/2026\/05\/schrit_tijdelijk_danszuidelijkhalfrond_020-1.jpg?w=1200&amp;ssl=1 1200w\" sizes=\"(max-width: 640px) 100vw, 640px\" \/><\/figure>\n<\/figure>\n\n<hr class=\"wp-block-separator has-css-opacity\"\/>\n","protected":false},"excerpt":{"rendered":"<p>schrit_tmacher x PLT Theater Heerlen, Grote ZaalMi 17.03.202720:00 Uhr16,50 \u20ac &#8211; 38,00 \u20ac Bei jedem Festival pr\u00e4sentieren schrit_tmacher und PLT gemeinsam ein Werk, in dem Tanzformen aus Kulturen und Traditionen der s\u00fcdlichen Hemisph\u00e4re im Mittelpunkt stehen. Zuvor waren unter anderem aus S\u00fcdafrika We wear our wheels with pride\u2026 von Robyn Orlin, aus Burkina Faso Wakatt vom Faso Danse Theatre und [&hellip;]<\/p>\n","protected":false},"author":1,"featured_media":0,"parent":0,"menu_order":0,"comment_status":"closed","ping_status":"closed","template":"","meta":{"_acf_changed":false,"footnotes":""},"class_list":["post-14118","page","type-page","status-publish","hentry"],"aioseo_notices":[],"acf":[],"jetpack_sharing_enabled":true,"_links":{"self":[{"href":"https:\/\/schrittmacherfestival.nl\/de\/wp-json\/wp\/v2\/pages\/14118","targetHints":{"allow":["GET"]}}],"collection":[{"href":"https:\/\/schrittmacherfestival.nl\/de\/wp-json\/wp\/v2\/pages"}],"about":[{"href":"https:\/\/schrittmacherfestival.nl\/de\/wp-json\/wp\/v2\/types\/page"}],"author":[{"embeddable":true,"href":"https:\/\/schrittmacherfestival.nl\/de\/wp-json\/wp\/v2\/users\/1"}],"replies":[{"embeddable":true,"href":"https:\/\/schrittmacherfestival.nl\/de\/wp-json\/wp\/v2\/comments?post=14118"}],"version-history":[{"count":1,"href":"https:\/\/schrittmacherfestival.nl\/de\/wp-json\/wp\/v2\/pages\/14118\/revisions"}],"predecessor-version":[{"id":14119,"href":"https:\/\/schrittmacherfestival.nl\/de\/wp-json\/wp\/v2\/pages\/14118\/revisions\/14119"}],"wp:attachment":[{"href":"https:\/\/schrittmacherfestival.nl\/de\/wp-json\/wp\/v2\/media?parent=14118"}],"curies":[{"name":"wp","href":"https:\/\/api.w.org\/{rel}","templated":true}]}}