{"id":14147,"date":"2026-05-13T08:44:13","date_gmt":"2026-05-13T08:44:13","guid":{"rendered":"https:\/\/schrittmacherfestival.nl\/descent%e2%80%bbascent\/"},"modified":"2026-05-13T08:44:29","modified_gmt":"2026-05-13T08:44:29","slug":"descent%e2%80%bbascent","status":"publish","type":"page","link":"https:\/\/schrittmacherfestival.nl\/de\/descent%e2%80%bbascent\/","title":{"rendered":"DESCENT\u203bASCENT"},"content":{"rendered":"\n<h1 class=\"wp-block-heading has-black-color has-text-color\" id=\"hofesh-shechter-company-gbr\"><strong>Samir Calixto\/Matter Affects, Cello Octet Amsterdam &amp; Of Curious Nature (DE)<\/strong><\/h1>\n\n<p><strong><strong>Theater Kerkrade, Grote Zaal<\/strong><\/strong><br\/><strong><strong>Mi 10.03.2027<\/strong><\/strong><br\/><strong><strong>20:00<\/strong><\/strong> <strong>Uhr<br\/>17,00 \u20ac &#8211; \u20ac 26.00<\/strong><\/p>\n\n<figure class=\"wp-block-image alignwide size-large\"><img data-recalc-dims=\"1\" fetchpriority=\"high\" decoding=\"async\" width=\"640\" height=\"267\" src=\"https:\/\/i0.wp.com\/schrittmacherfestival.nl\/wp-content\/uploads\/2026\/05\/DESCENT-I-horizontal-scaled-e1778593734532-1024x427.png?resize=640%2C267&#038;ssl=1\" alt=\"\" class=\"wp-image-14054\" srcset=\"https:\/\/i0.wp.com\/schrittmacherfestival.nl\/wp-content\/uploads\/2026\/05\/DESCENT-I-horizontal-scaled-e1778593734532.png?resize=1024%2C427&amp;ssl=1 1024w, https:\/\/i0.wp.com\/schrittmacherfestival.nl\/wp-content\/uploads\/2026\/05\/DESCENT-I-horizontal-scaled-e1778593734532.png?resize=300%2C125&amp;ssl=1 300w, https:\/\/i0.wp.com\/schrittmacherfestival.nl\/wp-content\/uploads\/2026\/05\/DESCENT-I-horizontal-scaled-e1778593734532.png?resize=768%2C320&amp;ssl=1 768w, https:\/\/i0.wp.com\/schrittmacherfestival.nl\/wp-content\/uploads\/2026\/05\/DESCENT-I-horizontal-scaled-e1778593734532.png?resize=31%2C13&amp;ssl=1 31w, https:\/\/i0.wp.com\/schrittmacherfestival.nl\/wp-content\/uploads\/2026\/05\/DESCENT-I-horizontal-scaled-e1778593734532.png?w=1200&amp;ssl=1 1200w\" sizes=\"(max-width: 640px) 100vw, 640px\" \/><\/figure>\n\n<hr class=\"wp-block-separator has-css-opacity\"\/>\n\n<p><strong>Eine kollektive, fast rituelle Begegnung, in der Publikum und K\u00fcnstler eins werden. <\/strong><br\/>Was kann Kunst angesichts der zunehmenden Verwirrung und Orientierungslosigkeit unserer Zeit bewirken? Der brasilianische Choreograf Samir Calixto, dessen Arbeit dieses Jahr im Rahmen von schrit_tmacher bei PLT zu sehen ist, beantwortet diese Frage mit Performances, die den Blick weiten; auf der Suche nach einer breiteren Perspektive, die das gro\u00dfe Ganze und die tieferen Zusammenh\u00e4nge sichtbar macht.<\/p>\n\n<p><strong>Reflexion \u00fcber die Dynamik gegens\u00e4tzlicher Kr\u00e4fte<\/strong><em><br\/><\/em>F\u00fcr seine neue Produktion <em>DESCENT\u203bASCENT<\/em> setzt Calixto seine Zusammenarbeit mit dem Cello Octet Amsterdam fort. Im Jahr 2018 schufen sie gemeinsam die Auff\u00fchrung <em>SUMMA <\/em> nach Kompositionen von Arvo P\u00e4rt. In <em>DESCENT\u203bASCENT<\/em> erklingt die Musik eines anderen baltischen Komponisten, des aus Lettland stammenden P\u0113teris V\u00e1sks. V\u00e1sks\u2019 Kompositionen sind eine musikalische Reflexion \u00fcber die Dynamik gegens\u00e4tzlicher Kr\u00e4fte. Wie die ewige Wiederholung der Gezeiten oder die unaufhaltsame Schwingung zwischen h\u00f6her und tiefer, dem Heiligen und dem Weltlichen, Gut und B\u00f6se. Gerade in einer Welt, die sich immer extremer polarisiert, ist es wichtig, den Umgang mit Gegens\u00e4tzen zu nuancieren.<\/p>\n\n<p>In <em>DESCENT<\/em><em>\u203bASCENT<\/em> schaffen die acht Cellisten des Cello Octet Amsterdam gemeinsam mit T\u00e4nzern der renommierten deutschen Tanzkompanie Of Curious Nature eine kollektive, fast rituelle Begegnung, in der Publikum und K\u00fcnstler eins werden. Gemeinsam versuchen sie, ihre eigenen menschlichen Widerspr\u00fcche miteinander in Einklang zu bringen.<\/p>\n\n<hr class=\"wp-block-separator has-css-opacity\"\/>\n\n<div class=\"wp-block-buttons is-horizontal is-content-justification-center is-layout-flex wp-container-core-buttons-is-layout-499968f5 wp-block-buttons-is-layout-flex\">\n<div class=\"wp-block-button\"><a class=\"wp-block-button__link has-white-color has-black-background-color has-text-color has-background wp-element-button\"><strong>Tickets Mi 10.03 | 20.00 Uhr<\/strong><\/a><\/div>\n<\/div>\n\n<hr class=\"wp-block-separator has-css-opacity\"\/>\n\n<figure class=\"wp-block-gallery has-nested-images columns-default is-cropped wp-block-gallery-1 is-layout-flex wp-block-gallery-is-layout-flex\">\n<figure class=\"wp-block-image size-large\"><img data-recalc-dims=\"1\" decoding=\"async\" width=\"640\" height=\"480\" data-id=\"14145\" src=\"https:\/\/i0.wp.com\/schrittmacherfestival.nl\/wp-content\/uploads\/2026\/05\/DESCENT-I-horizontal-1.png?resize=640%2C480&#038;ssl=1\" alt=\"\" class=\"wp-image-14145\" srcset=\"https:\/\/i0.wp.com\/schrittmacherfestival.nl\/wp-content\/uploads\/2026\/05\/DESCENT-I-horizontal-1-scaled.png?resize=1024%2C768&amp;ssl=1 1024w, https:\/\/i0.wp.com\/schrittmacherfestival.nl\/wp-content\/uploads\/2026\/05\/DESCENT-I-horizontal-1-scaled.png?resize=300%2C225&amp;ssl=1 300w, https:\/\/i0.wp.com\/schrittmacherfestival.nl\/wp-content\/uploads\/2026\/05\/DESCENT-I-horizontal-1-scaled.png?resize=768%2C576&amp;ssl=1 768w, https:\/\/i0.wp.com\/schrittmacherfestival.nl\/wp-content\/uploads\/2026\/05\/DESCENT-I-horizontal-1-scaled.png?resize=1536%2C1152&amp;ssl=1 1536w, https:\/\/i0.wp.com\/schrittmacherfestival.nl\/wp-content\/uploads\/2026\/05\/DESCENT-I-horizontal-1-scaled.png?resize=2048%2C1536&amp;ssl=1 2048w, https:\/\/i0.wp.com\/schrittmacherfestival.nl\/wp-content\/uploads\/2026\/05\/DESCENT-I-horizontal-1-scaled.png?resize=31%2C23&amp;ssl=1 31w, https:\/\/i0.wp.com\/schrittmacherfestival.nl\/wp-content\/uploads\/2026\/05\/DESCENT-I-horizontal-1-scaled.png?w=1280&amp;ssl=1 1280w, https:\/\/i0.wp.com\/schrittmacherfestival.nl\/wp-content\/uploads\/2026\/05\/DESCENT-I-horizontal-1-scaled.png?w=1920&amp;ssl=1 1920w\" sizes=\"(max-width: 640px) 100vw, 640px\" \/><\/figure>\n<\/figure>\n\n<hr class=\"wp-block-separator has-css-opacity\"\/>\n\n<p><strong>Mitwirkende<\/strong><br\/>Konzept, Choreografie, Licht, B\u00fchnenbild und Kost\u00fcme: Samir CalixtoMusik: P\u0113teris V\u00e1sks, live aufgef\u00fchrt vom Cello Octet AmsterdamTanz: Of Curious Nature (DE)<\/p>\n\n<p>DESCENT\u203bASCENT ist eine Koproduktion von Matter Affects, Cello Octet Amsterdam, Of Curious Nature (DE), Zwolse Theaters, Schouwburg De Lawei und Steptext Dance Project (DE) \u2013 unterst\u00fctzt vom Fonds Podiumkunsten, dem Amsterdams Fonds voor de Kunst, der Stadt Zwolle, der Provinz Overijssel, dem Senator f\u00fcr Kultur Bremen und der Karin und Uwe Hollweg Stiftung Bremen.<\/p>\n\n<hr class=\"wp-block-separator has-css-opacity\"\/>\n","protected":false},"excerpt":{"rendered":"<p>Samir Calixto\/Matter Affects, Cello Octet Amsterdam &amp; Of Curious Nature (DE) Theater Kerkrade, Grote ZaalMi 10.03.202720:00 Uhr17,00 \u20ac &#8211; \u20ac 26.00 Eine kollektive, fast rituelle Begegnung, in der Publikum und K\u00fcnstler eins werden. Was kann Kunst angesichts der zunehmenden Verwirrung und Orientierungslosigkeit unserer Zeit bewirken? Der brasilianische Choreograf Samir Calixto, dessen Arbeit dieses Jahr im Rahmen von schrit_tmacher bei PLT [&hellip;]<\/p>\n","protected":false},"author":1,"featured_media":0,"parent":0,"menu_order":0,"comment_status":"closed","ping_status":"closed","template":"","meta":{"_acf_changed":false,"footnotes":""},"class_list":["post-14147","page","type-page","status-publish","hentry"],"aioseo_notices":[],"acf":[],"jetpack_sharing_enabled":true,"_links":{"self":[{"href":"https:\/\/schrittmacherfestival.nl\/de\/wp-json\/wp\/v2\/pages\/14147","targetHints":{"allow":["GET"]}}],"collection":[{"href":"https:\/\/schrittmacherfestival.nl\/de\/wp-json\/wp\/v2\/pages"}],"about":[{"href":"https:\/\/schrittmacherfestival.nl\/de\/wp-json\/wp\/v2\/types\/page"}],"author":[{"embeddable":true,"href":"https:\/\/schrittmacherfestival.nl\/de\/wp-json\/wp\/v2\/users\/1"}],"replies":[{"embeddable":true,"href":"https:\/\/schrittmacherfestival.nl\/de\/wp-json\/wp\/v2\/comments?post=14147"}],"version-history":[{"count":1,"href":"https:\/\/schrittmacherfestival.nl\/de\/wp-json\/wp\/v2\/pages\/14147\/revisions"}],"predecessor-version":[{"id":14150,"href":"https:\/\/schrittmacherfestival.nl\/de\/wp-json\/wp\/v2\/pages\/14147\/revisions\/14150"}],"wp:attachment":[{"href":"https:\/\/schrittmacherfestival.nl\/de\/wp-json\/wp\/v2\/media?parent=14147"}],"curies":[{"name":"wp","href":"https:\/\/api.w.org\/{rel}","templated":true}]}}