{"id":14164,"date":"2026-05-13T10:16:19","date_gmt":"2026-05-13T10:16:19","guid":{"rendered":"https:\/\/schrittmacherfestival.nl\/bang-bang\/"},"modified":"2026-05-13T10:16:42","modified_gmt":"2026-05-13T10:16:42","slug":"bang-bang","status":"publish","type":"page","link":"https:\/\/schrittmacherfestival.nl\/de\/bang-bang\/","title":{"rendered":"bang bang"},"content":{"rendered":"\n<h1 class=\"wp-block-heading has-black-color has-text-color\" id=\"hofesh-shechter-company-gbr\"><strong>Cie. Manuel Roque (CA)<\/strong><\/h1>\n\n<p><strong><strong>Theater Heerlen, Limburgzaal<\/strong><\/strong><br\/><strong><strong>Fr 05.03.2027<\/strong><\/strong><br\/><strong><strong>20:30<\/strong><\/strong> <strong>Uhr<br\/>21,50 \u20ac<\/strong><\/p>\n\n<figure class=\"wp-block-image alignwide size-large\"><img data-recalc-dims=\"1\" fetchpriority=\"high\" decoding=\"async\" width=\"640\" height=\"267\" src=\"https:\/\/i0.wp.com\/schrittmacherfestival.nl\/wp-content\/uploads\/2026\/05\/bangbang1-ManuelRoque-cr-JulieArtacho_horizontale_013-e1778593548246-1024x427.jpg?resize=640%2C267&#038;ssl=1\" alt=\"\" class=\"wp-image-14052\" srcset=\"https:\/\/i0.wp.com\/schrittmacherfestival.nl\/wp-content\/uploads\/2026\/05\/bangbang1-ManuelRoque-cr-JulieArtacho_horizontale_013-e1778593548246.jpg?resize=1024%2C427&amp;ssl=1 1024w, https:\/\/i0.wp.com\/schrittmacherfestival.nl\/wp-content\/uploads\/2026\/05\/bangbang1-ManuelRoque-cr-JulieArtacho_horizontale_013-e1778593548246.jpg?resize=300%2C125&amp;ssl=1 300w, https:\/\/i0.wp.com\/schrittmacherfestival.nl\/wp-content\/uploads\/2026\/05\/bangbang1-ManuelRoque-cr-JulieArtacho_horizontale_013-e1778593548246.jpg?resize=768%2C320&amp;ssl=1 768w, https:\/\/i0.wp.com\/schrittmacherfestival.nl\/wp-content\/uploads\/2026\/05\/bangbang1-ManuelRoque-cr-JulieArtacho_horizontale_013-e1778593548246.jpg?resize=31%2C13&amp;ssl=1 31w, https:\/\/i0.wp.com\/schrittmacherfestival.nl\/wp-content\/uploads\/2026\/05\/bangbang1-ManuelRoque-cr-JulieArtacho_horizontale_013-e1778593548246.jpg?w=1200&amp;ssl=1 1200w\" sizes=\"(max-width: 640px) 100vw, 640px\" \/><\/figure>\n\n<hr class=\"wp-block-separator has-css-opacity\"\/>\n\n<h2 class=\"wp-block-heading\"><strong>NL Premi\u00e8re<\/strong><\/h2>\n\n<p><strong>Ein vielgelobtes zeitgen\u00f6ssisches Tanzst\u00fcck aus der innovativen Tanzszene von Montr\u00e9al in Kanada.<\/strong><br\/>Manuel Roque verwandelt sein preisgekr\u00f6ntes Solo <em>bang bang <\/em>aus dem Jahr 2017 in ein Duett, das er im Rahmen von schrit_tmacher gemeinsam mit Nils Levazeux auf die B\u00fchne bringt<strong>.<\/strong><\/p>\n\n<p><strong>Eine faszinierende Pr\u00fcfung<\/strong><br\/><em>bang bang<\/em> ist eine Pr\u00fcfung. Das St\u00fcck besteht aus einer Wiederholung von Spr\u00fcngen und athletischen Motiven in jeweils elf Takten. Es erfordert au\u00dfergew\u00f6hnliche Konzentration und k\u00f6rperlichen Einsatz und zeigt Kampfgeist, Widerstandskraft, aber auch die Verletzlichkeit der Darsteller, die diese Pr\u00fcfung in dieser Duettversion gemeinsam durchstehen. Die St\u00e4rken und Schw\u00e4chen beider T\u00e4nzer verschmelzen, und die straffe Ausf\u00fchrung kollidiert mit dem Schwei\u00df. Im Laufe von f\u00fcnfzig Minuten verschwimmen die Identit\u00e4ten der Darsteller, und das st\u00e4ndige Springen wird absurd, poetisch und politisch zugleich.<\/p>\n\n<p><em>\u201cManuel Roque is delivering a real manifesto\u2026 a study, almost a warning, about the endless spiral that can be, in dance, the search for endurance, overachievement, physical performance for virtuosity, if you will.\u201d<\/em> \u2013 Le Devoir, Montr\u00e9al<\/p>\n\n<p><em>\u201cHow can one dance yet disappear at the same time? Manuel Roque raises the question in bang bang. His answer is revealed in a stripped-down, sombre work&#8230;\u201d<\/em> \u2013 La Presse, Montr\u00e9al<\/p>\n\n<hr class=\"wp-block-separator has-css-opacity\"\/>\n\n<div class=\"wp-block-buttons is-horizontal is-content-justification-center is-layout-flex wp-container-core-buttons-is-layout-499968f5 wp-block-buttons-is-layout-flex\">\n<div class=\"wp-block-button\"><a class=\"wp-block-button__link has-white-color has-black-background-color has-text-color has-background wp-element-button\"><strong>Tickets Fr 05.03 | 20.30 Uhr<\/strong><\/a><\/div>\n<\/div>\n\n<hr class=\"wp-block-separator has-css-opacity\"\/>\n\n<figure class=\"wp-block-embed is-type-video is-provider-vimeo wp-block-embed-vimeo wp-embed-aspect-16-9 wp-has-aspect-ratio\"><div class=\"wp-block-embed__wrapper\">\r\n<div class=\"jetpack-video-wrapper\"><iframe title=\"bang bang (version duo) | teaser\" src=\"https:\/\/player.vimeo.com\/video\/1075742363?dnt=1&amp;app_id=122963\" width=\"640\" height=\"360\" frameborder=\"0\" allow=\"autoplay; fullscreen; picture-in-picture; clipboard-write; encrypted-media; web-share\" referrerpolicy=\"strict-origin-when-cross-origin\"><\/iframe><\/div>\r\n<\/div><\/figure><br>\n\n<hr class=\"wp-block-separator has-css-opacity\"\/>\n\n<figure class=\"wp-block-gallery has-nested-images columns-default is-cropped wp-block-gallery-1 is-layout-flex wp-block-gallery-is-layout-flex\">\n<figure class=\"wp-block-image size-large\"><img data-recalc-dims=\"1\" decoding=\"async\" width=\"640\" height=\"427\" data-id=\"14161\" src=\"https:\/\/i0.wp.com\/schrittmacherfestival.nl\/wp-content\/uploads\/2026\/05\/bangbang1-ManuelRoque-cr-JulieArtacho_horizontale_013-1.jpg?resize=640%2C427&#038;ssl=1\" alt=\"\" class=\"wp-image-14161\" srcset=\"https:\/\/i0.wp.com\/schrittmacherfestival.nl\/wp-content\/uploads\/2026\/05\/bangbang1-ManuelRoque-cr-JulieArtacho_horizontale_013-1.jpg?resize=1024%2C683&amp;ssl=1 1024w, https:\/\/i0.wp.com\/schrittmacherfestival.nl\/wp-content\/uploads\/2026\/05\/bangbang1-ManuelRoque-cr-JulieArtacho_horizontale_013-1.jpg?resize=300%2C200&amp;ssl=1 300w, https:\/\/i0.wp.com\/schrittmacherfestival.nl\/wp-content\/uploads\/2026\/05\/bangbang1-ManuelRoque-cr-JulieArtacho_horizontale_013-1.jpg?resize=768%2C512&amp;ssl=1 768w, https:\/\/i0.wp.com\/schrittmacherfestival.nl\/wp-content\/uploads\/2026\/05\/bangbang1-ManuelRoque-cr-JulieArtacho_horizontale_013-1.jpg?resize=600%2C400&amp;ssl=1 600w, https:\/\/i0.wp.com\/schrittmacherfestival.nl\/wp-content\/uploads\/2026\/05\/bangbang1-ManuelRoque-cr-JulieArtacho_horizontale_013-1.jpg?resize=31%2C21&amp;ssl=1 31w, https:\/\/i0.wp.com\/schrittmacherfestival.nl\/wp-content\/uploads\/2026\/05\/bangbang1-ManuelRoque-cr-JulieArtacho_horizontale_013-1.jpg?w=1200&amp;ssl=1 1200w\" sizes=\"(max-width: 640px) 100vw, 640px\" \/><\/figure>\n<\/figure>\n\n<hr class=\"wp-block-separator has-css-opacity\"\/>\n\n<p><strong>Credits<\/strong><br\/>Chorography: Manuel RoquePerformers: Nils Levazeux, Manuel RoqueRehearsal Director And Artistic Advisors: Sophie Corriveau Et Lucie VigneaultDramaturgy: Peter James<\/p>\n\n<p>Costumes And Set Design: Maril\u00e8ne Bastien<br\/>Lumi\u00e8res: Marc Parent<br\/>Soundtrack: Manuel Roque<br\/>Production Manager: Judith Allen<br\/>Coproduction: Festivaltransam\u00e9riques (Fta)<br\/>Delegate Production And Development: Dld<\/p>\n\n<p>With The Support Of: La Fabrik (Potsdam, Allemagne), Maison De La Culture Frontenac (Montr\u00e9al, Canada), Circuit-Est Centre Chor\u00e9graphique (Montr\u00e9al, Canada), Th\u00e9atre Hector Charland (L\u2019assomption, Canada), Les Subsistances (Lyon, France), L\u2019agora De La Danse (Montr\u00e9al, Canada), Conseil Des Arts Du Canada, Conseil Des Arts Et Des Lettres Du Qu\u00e9bec Et Conseil Des Arts De Montr\u00e9al<\/p>\n\n<hr class=\"wp-block-separator has-css-opacity\"\/>\n\n<p><\/p>\n","protected":false},"excerpt":{"rendered":"<p>Cie. Manuel Roque (CA) Theater Heerlen, LimburgzaalFr 05.03.202720:30 Uhr21,50 \u20ac NL Premi\u00e8re Ein vielgelobtes zeitgen\u00f6ssisches Tanzst\u00fcck aus der innovativen Tanzszene von Montr\u00e9al in Kanada.Manuel Roque verwandelt sein preisgekr\u00f6ntes Solo bang bang aus dem Jahr 2017 in ein Duett, das er im Rahmen von schrit_tmacher gemeinsam mit Nils Levazeux auf die B\u00fchne bringt. Eine faszinierende Pr\u00fcfungbang bang ist eine Pr\u00fcfung. Das [&hellip;]<\/p>\n","protected":false},"author":1,"featured_media":0,"parent":0,"menu_order":0,"comment_status":"closed","ping_status":"closed","template":"","meta":{"_acf_changed":false,"footnotes":""},"class_list":["post-14164","page","type-page","status-publish","hentry"],"aioseo_notices":[],"acf":[],"jetpack_sharing_enabled":true,"_links":{"self":[{"href":"https:\/\/schrittmacherfestival.nl\/de\/wp-json\/wp\/v2\/pages\/14164","targetHints":{"allow":["GET"]}}],"collection":[{"href":"https:\/\/schrittmacherfestival.nl\/de\/wp-json\/wp\/v2\/pages"}],"about":[{"href":"https:\/\/schrittmacherfestival.nl\/de\/wp-json\/wp\/v2\/types\/page"}],"author":[{"embeddable":true,"href":"https:\/\/schrittmacherfestival.nl\/de\/wp-json\/wp\/v2\/users\/1"}],"replies":[{"embeddable":true,"href":"https:\/\/schrittmacherfestival.nl\/de\/wp-json\/wp\/v2\/comments?post=14164"}],"version-history":[{"count":1,"href":"https:\/\/schrittmacherfestival.nl\/de\/wp-json\/wp\/v2\/pages\/14164\/revisions"}],"predecessor-version":[{"id":14165,"href":"https:\/\/schrittmacherfestival.nl\/de\/wp-json\/wp\/v2\/pages\/14164\/revisions\/14165"}],"wp:attachment":[{"href":"https:\/\/schrittmacherfestival.nl\/de\/wp-json\/wp\/v2\/media?parent=14164"}],"curies":[{"name":"wp","href":"https:\/\/api.w.org\/{rel}","templated":true}]}}