{"id":14171,"date":"2026-05-13T10:37:50","date_gmt":"2026-05-13T10:37:50","guid":{"rendered":"https:\/\/schrittmacherfestival.nl\/gone\/"},"modified":"2026-05-13T10:38:05","modified_gmt":"2026-05-13T10:38:05","slug":"gone","status":"publish","type":"page","link":"https:\/\/schrittmacherfestival.nl\/de\/gone\/","title":{"rendered":"GONE"},"content":{"rendered":"\n<h1 class=\"wp-block-heading has-black-color has-text-color\" id=\"hofesh-shechter-company-gbr\"><strong>NDT 1 (NL) &#8211; Marcos Morau<\/strong><\/h1>\n\n<p><strong><strong>Theater Heerlen, Grote Zaal<\/strong><\/strong><br\/><strong><strong>Do 04.03.2027<\/strong><\/strong><br\/><strong><strong>20:00<\/strong><\/strong> <strong>Uhr<br\/>17,50 \u20ac &#8211; 40,00 \u20ac<\/strong><\/p>\n\n<figure class=\"wp-block-image alignwide size-large\"><img data-recalc-dims=\"1\" height=\"267\" width=\"640\" decoding=\"async\" src=\"https:\/\/i0.wp.com\/schrittmacherfestival.nl\/wp-content\/uploads\/2026\/05\/GONE-NDT-1-%C2%A9Rahi-Rezvani_online-e1778593491954-1024x427.jpg?resize=640%2C267&#038;ssl=1\" alt=\"\" class=\"wp-image-14051\"\/><\/figure>\n\n<hr class=\"wp-block-separator has-css-opacity\"\/>\n\n<p>\u201e<em>Bevor wir es \u00fcberhaupt begreifen, ist schon alles verschwunden.\u201c \u2013 Benjamin Clementine<\/em><\/p>\n\n<p>NDT 1 pr\u00e4sentiert im Rahmen von schrit_tmacher die erste abendf\u00fcllende Auff\u00fchrung des assoziierten Choreografen Marcos Morau. <em>GONE<\/em> l\u00e4dt dich ein, in die fantasievolle Welt von Morau einzutauchen, in der zeitgen\u00f6ssischer Tanz und physisches Theater zu etwas Surrealem verschmelzen. Inspiriert von der Musik und dem Leben des Komponisten Benjamin Clementine ruft dieses neue Werk dazu auf, uns selbst und einander nicht aus den Augen zu verlieren.<\/p>\n\n<p><strong>Ein gewagtes Theatererlebnis, das einem lange im Ged\u00e4chtnis bleibt<\/strong><em><br\/><\/em>Marcos Morau ist bekannt f\u00fcr seine visuell beeindruckenden Werke, die sowohl menschlich als auch surreal wirken. Genau wie in fr\u00fcheren Kreationen, die er f\u00fcr das NDT geschaffen hat, wie <em>Folk\u00e5<\/em> (2021) und <em>Horses<\/em> (2024), ist er in <em>GONE <\/em>ein Meister darin, abstrakte Bewegungen mit theatralischen Details zu verbinden. In Zusammenarbeit mit den NDT 1-T\u00e4nzern zeigt er eine beeindruckende Landschaft, untermalt von der bildhaften Musik von Benjamin Clementine. Jeder Titel ist wie eine T\u00fcr, die sich zu einer Welt \u00f6ffnet, die sich beschleunigt, zerf\u00e4llt und sich selbst voller Unruhe beobachtet. Einsamkeit, Verlust und das Verlangen nach Zugeh\u00f6rigkeit werden in den K\u00f6rpern der T\u00e4nzer sichtbar; nicht als individuelle Geschichten, sondern als eine gemeinsame Wahrheit.<\/p>\n\n<p><strong>Ein Hilferuf nach etwas Einfachem und Dringendem: N\u00e4he<\/strong><em><br\/><\/em>In <em>GONE <\/em> inszeniert Moreau ein gemeinsames Ritual auf der B\u00fchne, bei dem wir, solange die Musik erklingt, darauf vertrauen k\u00f6nnen, dass wir uns miteinander verbinden und zusammenkommen k\u00f6nnen. Selbst wenn unsere Realit\u00e4t etwas anderes zu suggerieren scheint. Moreau: \u201eWir leben in einer Zeit, in der alles schneller geht, als wir eigentlich verkraften k\u00f6nnen. Durch diese Geschwindigkeit f\u00fchlt es sich manchmal so an, als w\u00fcrden wir, ohne es zu merken, etwas Wesentliches durch die Finger gleiten lassen: unsere F\u00e4higkeit, zu f\u00fchlen, ohne abgelenkt zu werden. Mein neues Werk setzt an diesem Punkt an.\u201c <\/p>\n\n<hr class=\"wp-block-separator has-css-opacity\"\/>\n\n<div class=\"wp-block-buttons is-horizontal is-content-justification-center is-layout-flex wp-container-core-buttons-is-layout-499968f5 wp-block-buttons-is-layout-flex\">\n<div class=\"wp-block-button\"><a class=\"wp-block-button__link has-white-color has-black-background-color has-text-color has-background wp-element-button\"><strong>Tickets Do 04.03 | 20.00 Uhr<\/strong><\/a><\/div>\n<\/div>\n\n<hr class=\"wp-block-separator has-css-opacity\"\/>\n\n<figure class=\"wp-block-gallery has-nested-images columns-default is-cropped wp-block-gallery-1 is-layout-flex wp-block-gallery-is-layout-flex\">\n<figure class=\"wp-block-image size-large\"><img data-recalc-dims=\"1\" height=\"432\" width=\"640\" decoding=\"async\" data-id=\"14168\" src=\"https:\/\/i0.wp.com\/schrittmacherfestival.nl\/wp-content\/uploads\/2026\/05\/GONE-NDT-1-%C2%A9Rahi-Rezvani_online-1.jpg?resize=640%2C432&#038;ssl=1\" alt=\"\" class=\"wp-image-14168\"\/><\/figure>\n<\/figure>\n\n<hr class=\"wp-block-separator has-css-opacity\"\/>\n","protected":false},"excerpt":{"rendered":"<p>NDT 1 (NL) &#8211; Marcos Morau Theater Heerlen, Grote ZaalDo 04.03.202720:00 Uhr17,50 \u20ac &#8211; 40,00 \u20ac \u201eBevor wir es \u00fcberhaupt begreifen, ist schon alles verschwunden.\u201c \u2013 Benjamin Clementine NDT 1 pr\u00e4sentiert im Rahmen von schrit_tmacher die erste abendf\u00fcllende Auff\u00fchrung des assoziierten Choreografen Marcos Morau. GONE l\u00e4dt dich ein, in die fantasievolle Welt von Morau einzutauchen, in der zeitgen\u00f6ssischer Tanz und [&hellip;]<\/p>\n","protected":false},"author":1,"featured_media":0,"parent":0,"menu_order":0,"comment_status":"closed","ping_status":"closed","template":"","meta":{"_acf_changed":false,"footnotes":""},"class_list":["post-14171","page","type-page","status-publish","hentry"],"aioseo_notices":[],"acf":[],"jetpack_sharing_enabled":true,"_links":{"self":[{"href":"https:\/\/schrittmacherfestival.nl\/de\/wp-json\/wp\/v2\/pages\/14171","targetHints":{"allow":["GET"]}}],"collection":[{"href":"https:\/\/schrittmacherfestival.nl\/de\/wp-json\/wp\/v2\/pages"}],"about":[{"href":"https:\/\/schrittmacherfestival.nl\/de\/wp-json\/wp\/v2\/types\/page"}],"author":[{"embeddable":true,"href":"https:\/\/schrittmacherfestival.nl\/de\/wp-json\/wp\/v2\/users\/1"}],"replies":[{"embeddable":true,"href":"https:\/\/schrittmacherfestival.nl\/de\/wp-json\/wp\/v2\/comments?post=14171"}],"version-history":[{"count":1,"href":"https:\/\/schrittmacherfestival.nl\/de\/wp-json\/wp\/v2\/pages\/14171\/revisions"}],"predecessor-version":[{"id":14172,"href":"https:\/\/schrittmacherfestival.nl\/de\/wp-json\/wp\/v2\/pages\/14171\/revisions\/14172"}],"wp:attachment":[{"href":"https:\/\/schrittmacherfestival.nl\/de\/wp-json\/wp\/v2\/media?parent=14171"}],"curies":[{"name":"wp","href":"https:\/\/api.w.org\/{rel}","templated":true}]}}