{"id":14180,"date":"2026-05-13T11:27:11","date_gmt":"2026-05-13T11:27:11","guid":{"rendered":"https:\/\/schrittmacherfestival.nl\/the-butterfly-who-flew-into-the-rave\/"},"modified":"2026-05-13T11:27:12","modified_gmt":"2026-05-13T11:27:12","slug":"the-butterfly-who-flew-into-the-rave","status":"publish","type":"page","link":"https:\/\/schrittmacherfestival.nl\/de\/the-butterfly-who-flew-into-the-rave\/","title":{"rendered":"The Butterfly Who Flew Into The Rave"},"content":{"rendered":"\n<h1 class=\"wp-block-heading has-black-color has-text-color\" id=\"hofesh-shechter-company-gbr\"><strong>Oli Mathiesen, Lucy Lynch &amp; Sharvon Mortimer (NZ)<\/strong><\/h1>\n\n<p><strong><strong>Poppodium Nieuwe Nor<\/strong><\/strong><br\/><strong><strong>Fr 26.02.2027<\/strong><\/strong><br\/><strong><strong>20:30<\/strong><\/strong> <strong>Uhr<br\/>25,00 \u20ac<\/strong><\/p>\n\n<figure class=\"wp-block-image alignwide size-large\"><img data-recalc-dims=\"1\" fetchpriority=\"high\" decoding=\"async\" width=\"640\" height=\"267\" src=\"https:\/\/i0.wp.com\/schrittmacherfestival.nl\/wp-content\/uploads\/2026\/05\/THEBUT1_023-e1778593407301-1024x427.jpg?resize=640%2C267&#038;ssl=1\" alt=\"\" class=\"wp-image-14050\" srcset=\"https:\/\/i0.wp.com\/schrittmacherfestival.nl\/wp-content\/uploads\/2026\/05\/THEBUT1_023-e1778593407301.jpg?resize=1024%2C427&amp;ssl=1 1024w, https:\/\/i0.wp.com\/schrittmacherfestival.nl\/wp-content\/uploads\/2026\/05\/THEBUT1_023-e1778593407301.jpg?resize=300%2C125&amp;ssl=1 300w, https:\/\/i0.wp.com\/schrittmacherfestival.nl\/wp-content\/uploads\/2026\/05\/THEBUT1_023-e1778593407301.jpg?resize=768%2C320&amp;ssl=1 768w, https:\/\/i0.wp.com\/schrittmacherfestival.nl\/wp-content\/uploads\/2026\/05\/THEBUT1_023-e1778593407301.jpg?resize=31%2C13&amp;ssl=1 31w, https:\/\/i0.wp.com\/schrittmacherfestival.nl\/wp-content\/uploads\/2026\/05\/THEBUT1_023-e1778593407301.jpg?w=1200&amp;ssl=1 1200w\" sizes=\"(max-width: 640px) 100vw, 640px\" \/><\/figure>\n\n<hr class=\"wp-block-separator has-css-opacity\"\/>\n\n<h2 class=\"wp-block-heading\"><strong>Niederl\u00e4ndische Premiere<\/strong><\/h2>\n\n<p><strong>Ein dreit\u00e4giger Rave, verdichtet zu einer 60-min\u00fctigen, straffen Performance.<\/strong><em><br\/>The Butterfly Who Flew Into the Rave<\/em> ist eine vielfach ausgezeichnete Performance der neuseel\u00e4ndischen K\u00fcnstler*innen und T\u00e4nzer*innen Oli Mathiesen, Lucy Lynch und Sharvon Mortimer. Die Auff\u00fchrung zeigt eine Rave-Party in 60 Minuten zu den dr\u00f6hnenden Techno-Beats des Albums <em>Nocturbulous Behaviour <\/em>von Suburban Knight, was die Ausdauer der Darsteller auf eine harte Probe stellt. <br\/><br\/><em>\u201eDie ganze Show ist ein Spektakel \u2026\u201c \u2013<\/em>Art Murmurs <br\/><em><br\/>\u201eEine wundersch\u00f6ne, zuf\u00e4llige, grungige Darstellung von kontrolliertem Chaos \u2026 Ich m\u00f6chte der Schmetterling sein, der in den Rave flog.\u201c \u2013<\/em> Bad Apple \u201e<em>The Butterfly Who Flew Into The Rave ist ein viszerales Spektakel: der menschliche K\u00f6rper, ausgeliefert an Musik, Leidenschaft und den endlosen Hunger nach Transzendenz<\/em>.\u201c \u2013 The Scotsman<\/p>\n\n<p><em><br\/><\/em><strong>\u201eEin Kraftpaket\u201c auf allen m\u00f6glichen Ebenen<\/strong><em><br\/>\u201eThe butterfly who flew into the rave\u201c<\/em> beleuchtet das Bewegungsvokabular der Techno- und Rave-Kultur. Man sieht unaufh\u00f6rliche Bewegung, nahtlos und ohne Unterbrechung, bis ins Detail auf jeden Beat abgestimmt. Die Atmosph\u00e4re und Kultur eines dreit\u00e4gigen Raves, verdichtet zu einer stromlinienf\u00f6rmigen Performance, in der man den Untergang dreier Menschen vor seinen Augen miterlebt. Eine Demonstration purer Ausdauer, in der der menschliche K\u00f6rper zum Opfer von Musik, Leidenschaft und unserem endlosen Drang wird, immer mehr zu wollen. \u201eDieses Werk ist in jeder Hinsicht ein Kraftpaket\u201c, so Theatreview.<\/p>\n\n<p><strong>Eine gut gef\u00fcllte Troph\u00e4ensammlung<\/strong><em><br\/><\/em>F\u00fcr<em> The Butterfly Who Flew Into the Rave<\/em> konnten Mathiesen, Lynch und Mortimer in kurzer Zeit zahlreiche Preise gewinnen, darunter<br\/>&#8211; den \u201ePANNZ \u2013 Edinburgh Fringe Festival Summerhall Award\u201c beim PANNZ Arts Market 2024; <br\/>&#8211; den \u201eMelbourne Fringe Tour Ready Award\u201c beim New Zealand Fringe Festival 2024;<br\/>&#8211; den \u201eSydney Fringe Tour Ready Award\u201c beim New Zealand Fringe Festival 2024;<br\/>&#8211; den \u201eMomentous Movement Award\u201c beim New Zealand Fringe Festival 2024.<\/p>\n\n<hr class=\"wp-block-separator has-css-opacity\"\/>\n\n<div class=\"wp-block-buttons is-horizontal is-content-justification-center is-layout-flex wp-container-core-buttons-is-layout-499968f5 wp-block-buttons-is-layout-flex\">\n<div class=\"wp-block-button\"><a class=\"wp-block-button__link has-white-color has-black-background-color has-text-color has-background wp-element-button\"><strong>Tickets Fr 26.02 | 20.30 Uhr<\/strong><\/a><\/div>\n<\/div>\n\n<hr class=\"wp-block-separator has-css-opacity\"\/>\n\n<figure class=\"wp-block-embed is-type-video is-provider-youtube wp-block-embed-youtube wp-embed-aspect-16-9 wp-has-aspect-ratio\"><div class=\"wp-block-embed__wrapper\">\r\n<iframe  id=\"_ytid_74478\"  width=\"640\" height=\"360\"  data-origwidth=\"640\" data-origheight=\"360\" src=\"https:\/\/www.youtube.com\/embed\/nmtgb6YvEhg?enablejsapi=1&#038;autoplay=0&#038;cc_load_policy=0&#038;cc_lang_pref=&#038;iv_load_policy=1&#038;loop=0&#038;rel=1&#038;fs=1&#038;playsinline=0&#038;autohide=2&#038;theme=dark&#038;color=red&#038;controls=1&#038;disablekb=0&#038;\" class=\"__youtube_prefs__  epyt-is-override  no-lazyload\" title=\"YouTube player\"  allow=\"fullscreen; accelerometer; autoplay; clipboard-write; encrypted-media; gyroscope; picture-in-picture; web-share\" referrerpolicy=\"strict-origin-when-cross-origin\" allowfullscreen data-no-lazy=\"1\" data-skipgform_ajax_framebjll=\"\"><\/iframe>\n<\/div><\/figure><br>\n\n<hr class=\"wp-block-separator has-css-opacity\"\/>\n\n<figure class=\"wp-block-gallery has-nested-images columns-default is-cropped wp-block-gallery-1 is-layout-flex wp-block-gallery-is-layout-flex\">\n<figure class=\"wp-block-image size-large\"><img data-recalc-dims=\"1\" decoding=\"async\" width=\"640\" height=\"427\" data-id=\"14176\" src=\"https:\/\/i0.wp.com\/schrittmacherfestival.nl\/wp-content\/uploads\/2026\/05\/THEBUT1_023-1.jpg?resize=640%2C427&#038;ssl=1\" alt=\"\" class=\"wp-image-14176\" srcset=\"https:\/\/i0.wp.com\/schrittmacherfestival.nl\/wp-content\/uploads\/2026\/05\/THEBUT1_023-1.jpg?resize=1024%2C683&amp;ssl=1 1024w, https:\/\/i0.wp.com\/schrittmacherfestival.nl\/wp-content\/uploads\/2026\/05\/THEBUT1_023-1.jpg?resize=300%2C200&amp;ssl=1 300w, https:\/\/i0.wp.com\/schrittmacherfestival.nl\/wp-content\/uploads\/2026\/05\/THEBUT1_023-1.jpg?resize=768%2C512&amp;ssl=1 768w, https:\/\/i0.wp.com\/schrittmacherfestival.nl\/wp-content\/uploads\/2026\/05\/THEBUT1_023-1.jpg?resize=600%2C400&amp;ssl=1 600w, https:\/\/i0.wp.com\/schrittmacherfestival.nl\/wp-content\/uploads\/2026\/05\/THEBUT1_023-1.jpg?resize=31%2C21&amp;ssl=1 31w, https:\/\/i0.wp.com\/schrittmacherfestival.nl\/wp-content\/uploads\/2026\/05\/THEBUT1_023-1.jpg?w=1200&amp;ssl=1 1200w\" sizes=\"(max-width: 640px) 100vw, 640px\" \/><\/figure>\n<\/figure>\n\n<hr class=\"wp-block-separator has-css-opacity\"\/>\n\n<p><\/p>\n","protected":false},"excerpt":{"rendered":"<p>Oli Mathiesen, Lucy Lynch &amp; Sharvon Mortimer (NZ) Poppodium Nieuwe NorFr 26.02.202720:30 Uhr25,00 \u20ac Niederl\u00e4ndische Premiere Ein dreit\u00e4giger Rave, verdichtet zu einer 60-min\u00fctigen, straffen Performance.The Butterfly Who Flew Into the Rave ist eine vielfach ausgezeichnete Performance der neuseel\u00e4ndischen K\u00fcnstler*innen und T\u00e4nzer*innen Oli Mathiesen, Lucy Lynch und Sharvon Mortimer. Die Auff\u00fchrung zeigt eine Rave-Party in 60 Minuten zu den dr\u00f6hnenden Techno-Beats [&hellip;]<\/p>\n","protected":false},"author":1,"featured_media":0,"parent":0,"menu_order":0,"comment_status":"closed","ping_status":"closed","template":"","meta":{"_acf_changed":false,"footnotes":""},"class_list":["post-14180","page","type-page","status-publish","hentry"],"aioseo_notices":[],"acf":[],"jetpack_sharing_enabled":true,"_links":{"self":[{"href":"https:\/\/schrittmacherfestival.nl\/de\/wp-json\/wp\/v2\/pages\/14180","targetHints":{"allow":["GET"]}}],"collection":[{"href":"https:\/\/schrittmacherfestival.nl\/de\/wp-json\/wp\/v2\/pages"}],"about":[{"href":"https:\/\/schrittmacherfestival.nl\/de\/wp-json\/wp\/v2\/types\/page"}],"author":[{"embeddable":true,"href":"https:\/\/schrittmacherfestival.nl\/de\/wp-json\/wp\/v2\/users\/1"}],"replies":[{"embeddable":true,"href":"https:\/\/schrittmacherfestival.nl\/de\/wp-json\/wp\/v2\/comments?post=14180"}],"version-history":[{"count":1,"href":"https:\/\/schrittmacherfestival.nl\/de\/wp-json\/wp\/v2\/pages\/14180\/revisions"}],"predecessor-version":[{"id":14181,"href":"https:\/\/schrittmacherfestival.nl\/de\/wp-json\/wp\/v2\/pages\/14180\/revisions\/14181"}],"wp:attachment":[{"href":"https:\/\/schrittmacherfestival.nl\/de\/wp-json\/wp\/v2\/media?parent=14180"}],"curies":[{"name":"wp","href":"https:\/\/api.w.org\/{rel}","templated":true}]}}