{"id":14187,"date":"2026-05-13T11:42:55","date_gmt":"2026-05-13T11:42:55","guid":{"rendered":"https:\/\/schrittmacherfestival.nl\/sing-child-sing\/"},"modified":"2026-05-13T11:44:34","modified_gmt":"2026-05-13T11:44:34","slug":"sing-child-sing","status":"publish","type":"page","link":"https:\/\/schrittmacherfestival.nl\/de\/sing-child-sing\/","title":{"rendered":"Sing Child Sing"},"content":{"rendered":"\n<h1 class=\"wp-block-heading has-black-color has-text-color\" id=\"hofesh-shechter-company-gbr\"><strong>Botis Seva (UK)<\/strong><\/h1>\n\n<p><strong><strong>Theater Kerkrade, Grote Zaal<\/strong><\/strong><br\/><strong><strong>Mi 24.02.2027<\/strong><\/strong><br\/><strong><strong>20:00<\/strong><\/strong> <strong>Uhr<br\/>15,00 \u20ac &#8211; 34,50 \u20ac<\/strong><\/p>\n\n<figure class=\"wp-block-image alignwide size-large\"><img data-recalc-dims=\"1\" height=\"267\" width=\"640\" decoding=\"async\" src=\"https:\/\/i0.wp.com\/schrittmacherfestival.nl\/wp-content\/uploads\/2026\/05\/Sing-Child-Sing_Supporting-Image-3-%C2%A9-Camilla-Greenwell_026-e1778593352404-1024x427.jpg?resize=640%2C267&#038;ssl=1\" alt=\"\" class=\"wp-image-14049\"\/><\/figure>\n\n<hr class=\"wp-block-separator has-css-opacity\"\/>\n\n<h2 class=\"wp-block-heading\"><strong>NL Premi\u00e8re<br\/>Koproduktion mit PLT<\/strong><\/h2>\n\n<p><em>Sing Child Sing ist ein mutiger Akt der Transformation, eine Einladung zum F\u00fchlen, zur Konfrontation und zum Aufstehen.<br\/><\/em>Im Jahr 2024 erlebten wir im Theater Kerkrade die Weltpremiere von <em>Until we sleep<\/em> von Botis Seva\/Far from the Norm. Der mit einem Olivier Award ausgezeichnete Tanzk\u00fcnstler, Choreograf und Regisseur kehrt mit seinem Solo <em>Sing Child Sing<\/em> zur\u00fcck; ein eindringliches und autobiografisches Portr\u00e4t eines Mannes, der sich der Vergangenheit stellt und seine Kraft mit leidenschaftlicher, verk\u00f6rperter Absicht zur\u00fcckgewinnt. <br\/><br\/><em>\u201eEin bedeutendes neues Talent.\u201c<\/em> \u2013 New York Times, USA<br\/><em>\u201eDas f\u00fchlt sich an wie ein tiefer Eintauchen in die Gedankenwelt eines K\u00fcnstlers, der zu sich selbst findet.\u201c<\/em> \u2013 <em>The Guardian \u00fcber <until we=\"\" sleep=\"\"><\/until><\/em><\/p>\n\n<p><strong>Ein visuelles Kunstwerk<\/strong><em><br\/><\/em>Botis Seva arbeitet an der Schnittstelle von Hip-Hop, Theater, zeitgen\u00f6ssischem Tanz und Film. Seine Performances sind visuelle Kunstwerke, die tiefe Gef\u00fchle wecken. In <em>Sing Child Sing<\/em> entwirrt er mit einer einzigartigen Mischung aus Tanzstilen \u2013 von Popping \u00fcber Breaking bis hin zu Krump und House \u2013, wie sich Emotionen wie Verlassenheit, Frustration und Glaube im K\u00f6rper festsetzen und als unsichtbares Erbe von Generation zu Generation weitergegeben werden k\u00f6nnen. Und wie man mit dieser Vergangenheit brechen kann. <em> Sing Child Sing <\/em> ist ein mutiger Akt der Transformation. Eine Einladung, zu f\u00fchlen, sich auseinanderzusetzen und aufzustehen.<\/p>\n\n<hr class=\"wp-block-separator has-css-opacity\"\/>\n\n<div class=\"wp-block-buttons is-horizontal is-content-justification-center is-layout-flex wp-container-core-buttons-is-layout-499968f5 wp-block-buttons-is-layout-flex\">\n<div class=\"wp-block-button\"><a class=\"wp-block-button__link has-white-color has-black-background-color has-text-color has-background wp-element-button\"><strong>Tickets Mi 24.02 | 20.00 Uhr<\/strong><\/a><\/div>\n<\/div>\n\n<hr class=\"wp-block-separator has-css-opacity\"\/>\n\n<figure class=\"wp-block-gallery has-nested-images columns-default is-cropped wp-block-gallery-1 is-layout-flex wp-block-gallery-is-layout-flex\">\n<figure class=\"wp-block-image size-large\"><img data-recalc-dims=\"1\" height=\"853\" width=\"640\" decoding=\"async\" data-id=\"14048\" src=\"https:\/\/i0.wp.com\/schrittmacherfestival.nl\/wp-content\/uploads\/2026\/05\/Sing-Child-Sing_Supporting-Image-3-%C2%A9-Camilla-Greenwell_021.jpg?resize=640%2C853&#038;ssl=1\" alt=\"\" class=\"wp-image-14048\"\/><\/figure>\n<\/figure>\n\n<hr class=\"wp-block-separator has-css-opacity\"\/>\n\n<p><strong>Mitwirkende<\/strong><em><br\/><\/em>Regie &amp; Choreografie: Botis SevaKomponist: Torben SylvestLichtdesign: Tom Visser &amp; Chris BurrKost\u00fcmdesign: Ryan Dawson-LaightAusf\u00fchrender Produzent: Lee GriffithsProduzentin: Gabija CepelyteLeitender Produktionsleiter: Andy Downie (Velocet)Probenleitung: Victoria ShulunguKreativer Mitarbeiter: Jordan DouglasT\u00e4nzer bei \u201eFar From The Norm\u201c: Joshua Shanny Wynter<\/p>\n\n<p><em>Sing Child Sing <\/em>ist eine Koproduktion mit Dance East, dem Kurtheater Baden, The Lowry, Sadler\u2019s Wells, dem schrit_tmacher Festival (NL), Tanz K\u00f6ln, dem Theater Rotterdam, Rum f\u00f6r Dans und Les Th\u00e9\u00e2tres de la Ville de Luxembourg.<br\/><br\/><em>Sing Child Sing <\/em>ist ein Auftragswerk des Carmen-Mateu-Preises. <br\/><br\/><em>Sing Child Sing <\/em>Produktionsresidenz unterst\u00fctzt von Rum f\u00f6r Dans, und abschlie\u00dfende kreative Residenz bei Les Th\u00e9\u00e2tres de la Ville de Luxembourg.<\/p>\n\n<hr class=\"wp-block-separator has-css-opacity\"\/>\n\n<p><\/p>\n","protected":false},"excerpt":{"rendered":"<p>Botis Seva (UK) Theater Kerkrade, Grote ZaalMi 24.02.202720:00 Uhr15,00 \u20ac &#8211; 34,50 \u20ac NL Premi\u00e8reKoproduktion mit PLT Sing Child Sing ist ein mutiger Akt der Transformation, eine Einladung zum F\u00fchlen, zur Konfrontation und zum Aufstehen.Im Jahr 2024 erlebten wir im Theater Kerkrade die Weltpremiere von Until we sleep von Botis Seva\/Far from the Norm. Der mit einem Olivier Award ausgezeichnete [&hellip;]<\/p>\n","protected":false},"author":1,"featured_media":0,"parent":0,"menu_order":0,"comment_status":"closed","ping_status":"closed","template":"","meta":{"_acf_changed":false,"footnotes":""},"class_list":["post-14187","page","type-page","status-publish","hentry"],"aioseo_notices":[],"acf":[],"jetpack_sharing_enabled":true,"_links":{"self":[{"href":"https:\/\/schrittmacherfestival.nl\/de\/wp-json\/wp\/v2\/pages\/14187","targetHints":{"allow":["GET"]}}],"collection":[{"href":"https:\/\/schrittmacherfestival.nl\/de\/wp-json\/wp\/v2\/pages"}],"about":[{"href":"https:\/\/schrittmacherfestival.nl\/de\/wp-json\/wp\/v2\/types\/page"}],"author":[{"embeddable":true,"href":"https:\/\/schrittmacherfestival.nl\/de\/wp-json\/wp\/v2\/users\/1"}],"replies":[{"embeddable":true,"href":"https:\/\/schrittmacherfestival.nl\/de\/wp-json\/wp\/v2\/comments?post=14187"}],"version-history":[{"count":3,"href":"https:\/\/schrittmacherfestival.nl\/de\/wp-json\/wp\/v2\/pages\/14187\/revisions"}],"predecessor-version":[{"id":14191,"href":"https:\/\/schrittmacherfestival.nl\/de\/wp-json\/wp\/v2\/pages\/14187\/revisions\/14191"}],"wp:attachment":[{"href":"https:\/\/schrittmacherfestival.nl\/de\/wp-json\/wp\/v2\/media?parent=14187"}],"curies":[{"name":"wp","href":"https:\/\/api.w.org\/{rel}","templated":true}]}}