{"id":14197,"date":"2026-05-13T12:22:00","date_gmt":"2026-05-13T12:22:00","guid":{"rendered":"https:\/\/schrittmacherfestival.nl\/revolta\/"},"modified":"2026-05-13T12:22:22","modified_gmt":"2026-05-13T12:22:22","slug":"revolta","status":"publish","type":"page","link":"https:\/\/schrittmacherfestival.nl\/de\/revolta\/","title":{"rendered":"REVOLTA"},"content":{"rendered":"\n<h1 class=\"wp-block-heading has-black-color has-text-color\" id=\"hofesh-shechter-company-gbr\"><strong>Geneva Camerata (CH) &amp; Kader Attou (FR)<\/strong><\/h1>\n\n<p><strong><strong>Theater Heerlen, Grote Zaal<\/strong><\/strong><br\/><strong><strong>Di 23.02.2027<\/strong><\/strong><br\/><strong><strong>20:00<\/strong><\/strong> <strong>Uhr<br\/>22,50 \u20ac &#8211; 49,00 \u20ac<\/strong><\/p>\n\n<figure class=\"wp-block-image alignwide size-large\"><img data-recalc-dims=\"1\" height=\"267\" width=\"640\" decoding=\"async\" src=\"https:\/\/i0.wp.com\/schrittmacherfestival.nl\/wp-content\/uploads\/2026\/05\/REVOLTA-Auditorio-de-Tenerife-%C2%A9Miguel-Barreto-Ciclo-de-Camara-Geneva-Camerata-22_018-e1778593187294-1024x427.jpg?resize=640%2C267&#038;ssl=1\" alt=\"\" class=\"wp-image-14047\"\/><\/figure>\n\n<hr class=\"wp-block-separator has-css-opacity\"\/>\n\n<h2 class=\"wp-block-heading\"><strong>NL Premiere<br\/>Koproduktion mit PLT<\/strong><\/h2>\n\n<p><strong>Eine einzigartige Begegnung zwischen dem Tanz aus den Ghettos von LA und Schostakowitschs F\u00fcnfter Symphonie.<\/strong><em><br\/><\/em>schrit_tmacher pr\u00e4sentiert gemeinsam mit PLT die niederl\u00e4ndische Premiere von <em>REVOLTA<\/em>. Eine Auff\u00fchrung, in der zwei radikal gegens\u00e4tzliche Welten miteinander verschmelzen: die des Krump \u2013 eines Hip-Hop-Tanzstils, der in den Vororten von Los Angeles entstanden ist \u2013 und die eines der gr\u00f6\u00dften Meisterwerke der Musikgeschichte: die <em>F\u00fcnfte Symphonie<\/em> von Schostakowitsch. Aus dieser Verschmelzung entsteht eine unglaublich energiegeladene Auff\u00fchrung, die sowohl ein klassisches Konzert als auch eine Tanzperformance mit einer beispiellosen musikalischen Kraft ist.<\/p>\n\n<p><strong>Unkonventionell und innovativ<\/strong><em><br\/><\/em>Die treibenden Kr\u00e4fte hinter diesem unkonventionellen Crossover, das nun endlich in den Niederlanden zu sehen ist, sind der legend\u00e4re franz\u00f6sische Choreograf Kader Attou und die Geneva Camerata unter der Leitung von David Greilsammer. Auf der B\u00fchne vermischen sich vier Krump-T\u00e4nzer mit den Instrumentalisten des Orchesters.<\/p>\n\n<p>Krump ist ein Akronym f\u00fcr \u201eKingdom Radically Uplifted Mighty Praise\u201c. Dieser \u00e4u\u00dferst ausdrucksstarke und intensive Stil verk\u00f6rpert eine rohe und instinktive Energie. Dieselbe Rohheit findet sich auch in Schostakowitschs emotional und politisch aufgeladener <em>F\u00fcnfter<\/em>, die den Kampf des Einzelnen in einem unterdr\u00fcckerischen Regime darstellt. Die Musiker spielen die Musik auswendig und in Bewegung, im Zusammenspiel mit den T\u00e4nzern. Gemeinsam erkunden sie in einer kollektiven Choreografie aktuelle gesellschaftliche Themen wie Toleranz, Mut und Freiheit.<\/p>\n\n<p><strong>Battle Zone<\/strong><br\/>Als Vorprogramm sehen und h\u00f6ren Sie <em>Battle Zone<\/em>, ein neues Werk, das der junge Komponist Alexandre Mastrangelo speziell f\u00fcr <em>REVOLTA<\/em> komponiert hat. Aufgef\u00fchrt von der Geneva Camerata, sch\u00f6pft auch dieses St\u00fcck Inspiration aus Hip-Hop und urbanen Kulturen.<\/p>\n\n<hr class=\"wp-block-separator has-css-opacity\"\/>\n\n<div class=\"wp-block-buttons is-horizontal is-content-justification-center is-layout-flex wp-container-core-buttons-is-layout-499968f5 wp-block-buttons-is-layout-flex\">\n<div class=\"wp-block-button\"><a class=\"wp-block-button__link has-white-color has-black-background-color has-text-color has-background wp-element-button\"><strong>Tickets Di 23.02 | 20.00 Uhr<\/strong><\/a><\/div>\n<\/div>\n\n<hr class=\"wp-block-separator has-css-opacity\"\/>\n\n<figure class=\"wp-block-embed is-type-video is-provider-youtube wp-block-embed-youtube wp-embed-aspect-16-9 wp-has-aspect-ratio\"><div class=\"wp-block-embed__wrapper\">\r\n<iframe  id=\"_ytid_66979\"  width=\"640\" height=\"360\"  data-origwidth=\"640\" data-origheight=\"360\" src=\"https:\/\/www.youtube.com\/embed\/J_YmVCGftOc?enablejsapi=1&#038;autoplay=0&#038;cc_load_policy=0&#038;cc_lang_pref=&#038;iv_load_policy=1&#038;loop=0&#038;rel=1&#038;fs=1&#038;playsinline=0&#038;autohide=2&#038;theme=dark&#038;color=red&#038;controls=1&#038;disablekb=0&#038;\" class=\"__youtube_prefs__  epyt-is-override  no-lazyload\" title=\"YouTube player\"  allow=\"fullscreen; accelerometer; autoplay; clipboard-write; encrypted-media; gyroscope; picture-in-picture; web-share\" referrerpolicy=\"strict-origin-when-cross-origin\" allowfullscreen data-no-lazy=\"1\" data-skipgform_ajax_framebjll=\"\"><\/iframe>\n<\/div><\/figure><br>\n\n<hr class=\"wp-block-separator has-css-opacity\"\/>\n\n<figure class=\"wp-block-gallery has-nested-images columns-default is-cropped wp-block-gallery-1 is-layout-flex wp-block-gallery-is-layout-flex\">\n<figure class=\"wp-block-image size-large\"><img data-recalc-dims=\"1\" height=\"427\" width=\"640\" decoding=\"async\" data-id=\"13998\" src=\"https:\/\/i0.wp.com\/schrittmacherfestival.nl\/wp-content\/uploads\/2023\/12\/REVOLTA-%C2%A9-Yannick-Perrin.jpg?resize=640%2C427&#038;ssl=1\" alt=\"\" class=\"wp-image-13998\"\/><\/figure>\n\n\n\n<figure class=\"wp-block-image size-large\"><img data-recalc-dims=\"1\" height=\"427\" width=\"640\" decoding=\"async\" data-id=\"13997\" src=\"https:\/\/i0.wp.com\/schrittmacherfestival.nl\/wp-content\/uploads\/2023\/12\/REVOLTA-Auditorio-de-Tenerife-%C2%A9Miguel-Barreto-Ciclo-de-Camara-Geneva-Camerata-22.jpg?resize=640%2C427&#038;ssl=1\" alt=\"\" class=\"wp-image-13997\"\/><\/figure>\n<\/figure>\n\n<hr class=\"wp-block-separator has-css-opacity\"\/>\n\n<p><strong>Credits<\/strong><em><br\/><\/em>Musik: Dmitri Schostakowitsch, Sinfonie Nr. 5 in d-Moll, Bearbeitung f\u00fcr Orchester: Jonathan KerenChoreografie: Kader Attou, GrichkaTanz: Melissa, Dexter, HendrickxOrchester: Geneva CamerataDirigent: David Greilsammer<\/p>\n\n<hr class=\"wp-block-separator has-css-opacity\"\/>\n\n<p><\/p>\n","protected":false},"excerpt":{"rendered":"<p>Geneva Camerata (CH) &amp; Kader Attou (FR) Theater Heerlen, Grote ZaalDi 23.02.202720:00 Uhr22,50 \u20ac &#8211; 49,00 \u20ac NL PremiereKoproduktion mit PLT Eine einzigartige Begegnung zwischen dem Tanz aus den Ghettos von LA und Schostakowitschs F\u00fcnfter Symphonie.schrit_tmacher pr\u00e4sentiert gemeinsam mit PLT die niederl\u00e4ndische Premiere von REVOLTA. Eine Auff\u00fchrung, in der zwei radikal gegens\u00e4tzliche Welten miteinander verschmelzen: die des Krump \u2013 eines [&hellip;]<\/p>\n","protected":false},"author":1,"featured_media":0,"parent":0,"menu_order":0,"comment_status":"closed","ping_status":"closed","template":"","meta":{"_acf_changed":false,"footnotes":""},"class_list":["post-14197","page","type-page","status-publish","hentry"],"aioseo_notices":[],"acf":[],"jetpack_sharing_enabled":true,"_links":{"self":[{"href":"https:\/\/schrittmacherfestival.nl\/de\/wp-json\/wp\/v2\/pages\/14197","targetHints":{"allow":["GET"]}}],"collection":[{"href":"https:\/\/schrittmacherfestival.nl\/de\/wp-json\/wp\/v2\/pages"}],"about":[{"href":"https:\/\/schrittmacherfestival.nl\/de\/wp-json\/wp\/v2\/types\/page"}],"author":[{"embeddable":true,"href":"https:\/\/schrittmacherfestival.nl\/de\/wp-json\/wp\/v2\/users\/1"}],"replies":[{"embeddable":true,"href":"https:\/\/schrittmacherfestival.nl\/de\/wp-json\/wp\/v2\/comments?post=14197"}],"version-history":[{"count":1,"href":"https:\/\/schrittmacherfestival.nl\/de\/wp-json\/wp\/v2\/pages\/14197\/revisions"}],"predecessor-version":[{"id":14198,"href":"https:\/\/schrittmacherfestival.nl\/de\/wp-json\/wp\/v2\/pages\/14197\/revisions\/14198"}],"wp:attachment":[{"href":"https:\/\/schrittmacherfestival.nl\/de\/wp-json\/wp\/v2\/media?parent=14197"}],"curies":[{"name":"wp","href":"https:\/\/api.w.org\/{rel}","templated":true}]}}