{"id":14205,"date":"2026-05-13T12:44:59","date_gmt":"2026-05-13T12:44:59","guid":{"rendered":"https:\/\/schrittmacherfestival.nl\/gla55\/"},"modified":"2026-05-13T12:45:19","modified_gmt":"2026-05-13T12:45:19","slug":"gla55","status":"publish","type":"page","link":"https:\/\/schrittmacherfestival.nl\/de\/gla55\/","title":{"rendered":"GLA55"},"content":{"rendered":"\n<h1 class=\"wp-block-heading has-black-color has-text-color\" id=\"hofesh-shechter-company-gbr\"><strong>Anne Teresa De Keersmaeker \/ Rosas i.s.m. Ictus &amp; Bl!indman (BE)<\/strong><\/h1>\n\n<p><strong><strong>Theater Heerlen, Grote Zaal<\/strong><\/strong><br\/><strong><strong>Di 16.02.2027<\/strong><\/strong><br\/><strong><strong>20:00<\/strong><\/strong> <strong>Uhr<br\/>17,50 \u20ac \u2013 40,00 \u20ac<\/strong><\/p>\n\n<figure class=\"wp-block-image alignwide size-large\"><img data-recalc-dims=\"1\" height=\"267\" width=\"640\" decoding=\"async\" src=\"https:\/\/i0.wp.com\/schrittmacherfestival.nl\/wp-content\/uploads\/2026\/05\/GLA55-%E2%94%AC%C2%AEAnneVanAerschot_014-e1778593134525-1024x427.jpg?resize=640%2C267&#038;ssl=1\" alt=\"\" class=\"wp-image-14045\"\/><\/figure>\n\n<hr class=\"wp-block-separator has-css-opacity\"\/>\n\n<h2 class=\"wp-block-heading\"><strong>NL Premi\u00e8re<br\/>Er\u00f6ffnung des Festivals in Heerlen<\/strong><\/h2>\n\n<p><strong>10 S\u00e4tze zur Musik von Philip Glass<\/strong><em><br\/><\/em>Fr\u00fche Werke von K\u00fcnstlern haben oft eine ganz eigene Tonalit\u00e4t. Sie sind zeitlos und erinnern uns an die Energie und Radikalit\u00e4t, die die Entstehung eines eigenen Stils kennzeichnen. So betrat Anne Teresa De Keersmaeker 1982 mit <em>Fase<\/em> die internationale B\u00fchne des zeitgen\u00f6ssischen Tanzes; eine Auff\u00fchrung in vier S\u00e4tzen, choreografiert zu den \u201eEarly Pieces\u201c von Steve Reich. In <em>GLA55<\/em> widmet sie sich den fr\u00fchesten Werken jenes anderen amerikanischen Komponisten des Minimalismus: Philip Glass. Radikal und zeitlos zeichnet sich seine Musik durch eine paradoxe Kombination aus Hyperformalismus und einem Aufruf zur Trance aus.<\/p>\n\n<p><strong>Minimalistisches abstraktes Material maximal aussch\u00f6pfen<\/strong><em><br\/><\/em>Die vier St\u00fccke, die De Keersmaeker f\u00fcr GLA55 ausgew\u00e4hlt hat \u2013 <em>Music in Contrary Motion, Music in Fifths, Music in Similar Motion, Music with Changing Parts<\/em> \u2013 stammen aus den Jahren 1969\u20131970. Sie tragen die Spuren der Begegnung mit dem indischen Komponisten und Sitarspieler Ravi Shankar und der N\u00fcchternheit der amerikanischen modernen Kunst, etwa von Sol LeWitt. Anne Teresa De Keersmaeker kn\u00fcpft daran an, ausgehend von einem Prinzip, das ihre gesamte Karriere pr\u00e4gt: minimales abstraktes Material maximal aussch\u00f6pfen. Und das tut sie in zehn S\u00e4tzen, in denen Kreise, Spiralen und Ellipsen die wichtigsten Figuren bilden. Wie in Trance und repetitiv-obsessiv drehen sich die T\u00e4nzer um ihre eigene Achse.<\/p>\n\n<p><strong>Eine gemeinsame Vision der Musik von Glass<\/strong><em><br\/><\/em>In <em>GLA55 <\/em>bringt De Keersmaeker die sechs T\u00e4nzer von Rosas mit sieben Musikern des Ictus Ensembles (die sechzehnte Zusammenarbeit mit De Keersmaeker und zum zweiten Mal bei schrit_tmacher!) und des Bl!ndman Ensembles zusammen. Gemeinsam zeigen sie ihre parallelen Herangehensweisen an die Musik von Philip Glass.<\/p>\n\n<hr class=\"wp-block-separator has-css-opacity\"\/>\n\n<div class=\"wp-block-buttons is-horizontal is-content-justification-center is-layout-flex wp-container-core-buttons-is-layout-499968f5 wp-block-buttons-is-layout-flex\">\n<div class=\"wp-block-button\"><a class=\"wp-block-button__link has-white-color has-black-background-color has-text-color has-background wp-element-button\"><strong>Tickets Di 16.02 | 20.00 Uhr<\/strong><\/a><\/div>\n<\/div>\n\n<hr class=\"wp-block-separator has-css-opacity\"\/>\n\n<figure class=\"wp-block-gallery has-nested-images columns-default is-cropped wp-block-gallery-1 is-layout-flex wp-block-gallery-is-layout-flex\">\n<figure class=\"wp-block-image size-large\"><img data-recalc-dims=\"1\" height=\"426\" width=\"640\" decoding=\"async\" data-id=\"14202\" src=\"https:\/\/i0.wp.com\/schrittmacherfestival.nl\/wp-content\/uploads\/2026\/05\/GLA55-%E2%94%AC%C2%AEAnneVanAerschot_014-1.jpg?resize=640%2C426&#038;ssl=1\" alt=\"\" class=\"wp-image-14202\"\/><\/figure>\n<\/figure>\n\n<hr class=\"wp-block-separator has-css-opacity\"\/>\n\n<p><strong>Mitwirkende<\/strong><em><br\/><\/em>Choreografie: Anne Teresa De KeersmaekerGetanzt von &amp; entwickelt mit: Bo\u0161tjan Anton\u010di\u010d, Niklas Capel, Lav Crn\u010devi\u0107, Jos\u00e9 Paulo dos Santos, Sunai Elbers, Sue Yeon YounMusik: <em>Music in Contrary Motion, Music in Fifths, Music in Similar Motion, Music with Changing Parts<\/em> von Philip GlassMusiker: Ictus &amp; Bl!ndman; Fabian Coomans, Chryssi Dimitriou, Aisha Orazbayeva, Hendrik Pellens, Jean-Luc Plouvier, Piet Rebel, Eric SleichimLichtdesign: Minna TiikkainenKost\u00fcme: Aouatif BoulaichDramaturgie: Wannes GyselinckTon: Alexandre FostierProduktion: RosasKoproduktion: Berliner Festspiele, Concertgebouw Brugge (Br\u00fcgge), Festival d&#8217;Automne \u00e0 Paris (Paris), Piccolo Teatro di Milano \u2013 Teatro d\u2019Europa (Mailand), La Villette (Paris) <\/p>\n\n<hr class=\"wp-block-separator has-css-opacity\"\/>\n","protected":false},"excerpt":{"rendered":"<p>Anne Teresa De Keersmaeker \/ Rosas i.s.m. Ictus &amp; Bl!indman (BE) Theater Heerlen, Grote ZaalDi 16.02.202720:00 Uhr17,50 \u20ac \u2013 40,00 \u20ac NL Premi\u00e8reEr\u00f6ffnung des Festivals in Heerlen 10 S\u00e4tze zur Musik von Philip GlassFr\u00fche Werke von K\u00fcnstlern haben oft eine ganz eigene Tonalit\u00e4t. Sie sind zeitlos und erinnern uns an die Energie und Radikalit\u00e4t, die die Entstehung eines eigenen Stils [&hellip;]<\/p>\n","protected":false},"author":1,"featured_media":0,"parent":0,"menu_order":0,"comment_status":"closed","ping_status":"closed","template":"","meta":{"_acf_changed":false,"footnotes":""},"class_list":["post-14205","page","type-page","status-publish","hentry"],"aioseo_notices":[],"acf":[],"jetpack_sharing_enabled":true,"_links":{"self":[{"href":"https:\/\/schrittmacherfestival.nl\/de\/wp-json\/wp\/v2\/pages\/14205","targetHints":{"allow":["GET"]}}],"collection":[{"href":"https:\/\/schrittmacherfestival.nl\/de\/wp-json\/wp\/v2\/pages"}],"about":[{"href":"https:\/\/schrittmacherfestival.nl\/de\/wp-json\/wp\/v2\/types\/page"}],"author":[{"embeddable":true,"href":"https:\/\/schrittmacherfestival.nl\/de\/wp-json\/wp\/v2\/users\/1"}],"replies":[{"embeddable":true,"href":"https:\/\/schrittmacherfestival.nl\/de\/wp-json\/wp\/v2\/comments?post=14205"}],"version-history":[{"count":1,"href":"https:\/\/schrittmacherfestival.nl\/de\/wp-json\/wp\/v2\/pages\/14205\/revisions"}],"predecessor-version":[{"id":14206,"href":"https:\/\/schrittmacherfestival.nl\/de\/wp-json\/wp\/v2\/pages\/14205\/revisions\/14206"}],"wp:attachment":[{"href":"https:\/\/schrittmacherfestival.nl\/de\/wp-json\/wp\/v2\/media?parent=14205"}],"curies":[{"name":"wp","href":"https:\/\/api.w.org\/{rel}","templated":true}]}}