{"id":1639,"date":"2021-06-24T05:41:08","date_gmt":"2021-06-24T05:41:08","guid":{"rendered":"https:\/\/schrittmacherfestival.nl\/ballet-de-lorraine-live-stream\/"},"modified":"2021-06-29T07:25:21","modified_gmt":"2021-06-29T07:25:21","slug":"ballet-de-lorraine-live-stream","status":"publish","type":"page","link":"https:\/\/schrittmacherfestival.nl\/de\/ballet-de-lorraine-live-stream\/","title":{"rendered":"Ballet de Lorraine &#8211; Live stream"},"content":{"rendered":"\n<h2 class=\"wp-block-heading\"><span style=\"color:#000000\" class=\"tadv-color\">Come out | choreografie Olivier Dubois<\/span><\/h2>\n\n\n\n<p><span style=\"\" class=\"tadv-background-color\"><strong style=\"font-weight: bold; background-color: rgb(245, 236, 90);\">Online<\/strong><\/span><br><strong><span style=\"background-color:#f5ec5a\" class=\"tadv-background-color\">Von Freitag 25 JUN 2021<\/span><\/strong><br><strong><span style=\"background-color:#f5ec5a\" class=\"tadv-background-color\">20.30 Uhr<\/span><\/strong><br><strong><span style=\"background-color:#f5ec5a\" class=\"tadv-background-color\">\u20ac12,50<\/span><\/strong><\/p>\n\n\n\n<figure class=\"wp-block-image alignwide size-large\"><img data-recalc-dims=\"1\" fetchpriority=\"high\" decoding=\"async\" width=\"640\" height=\"260\" src=\"https:\/\/i0.wp.com\/schrittmacherfestival.nl\/wp-content\/uploads\/2021\/06\/ballet.jpeg?resize=640%2C260&#038;ssl=1\" alt=\"\" class=\"wp-image-860\" srcset=\"https:\/\/i0.wp.com\/schrittmacherfestival.nl\/wp-content\/uploads\/2021\/06\/ballet.jpeg?resize=1024%2C416&amp;ssl=1 1024w, https:\/\/i0.wp.com\/schrittmacherfestival.nl\/wp-content\/uploads\/2021\/06\/ballet.jpeg?resize=300%2C122&amp;ssl=1 300w, https:\/\/i0.wp.com\/schrittmacherfestival.nl\/wp-content\/uploads\/2021\/06\/ballet.jpeg?resize=768%2C312&amp;ssl=1 768w, https:\/\/i0.wp.com\/schrittmacherfestival.nl\/wp-content\/uploads\/2021\/06\/ballet.jpeg?w=1230&amp;ssl=1 1230w\" sizes=\"(max-width: 640px) 100vw, 640px\" \/><\/figure>\n\n\n\n<hr class=\"wp-block-separator\"\/>\n\n\n\n<h1 class=\"has-black-color has-text-color wp-block-heading\"><strong>Ein hypnotisierendes Ballett zu Musik von Steve Reich<\/strong><\/h1>\n\n\n\n<p>Choreograf Olivier Dubois \u2013 das franz\u00f6sische Enfant terrible des modernen Tanzes \u2013 schuf Come Out als Allegorie, als Metapher f\u00fcr die K\u00e4mpfe, die wir austragen. Mit unserem Leben, unserer Hoffnung, unserer Liebe\u2026<\/p>\n\n\n\n<p><strong>Hypnotisierend<\/strong><br>Die 23 T\u00e4nzer und T\u00e4nzerinnen des f\u00fchrenden franz\u00f6sischen Ballet de Lorraine k\u00e4mpfen. Sie ziehen sich zur\u00fcck und wenden sich nach innen, um sich neu zu entdecken und neu zu formen. Die Musik von Steve Reich ist die lenkende Kraft bei ihrer emotionalen Suche. Reich er\u00f6ffnet das St\u00fcck mit dem Satz: \u201eI had to, like, open the bruise up and let some of the bruise blood come out to show them. So I wanted to see that blood boil, like a rose colored subcutaneous red. Hoping to see it spilled, the mark of a triumphant life event. And it\u2019s hypnotic.\u201c<\/p>\n\n\n\n<p><strong>\u00dcber Olivier Dubois<\/strong><br>T\u00e4nzer\/Choreograf Oliver Dubois (1972) fand sp\u00e4t zum Tanz. Nach einem (wirtschaftswissenschaftlichen) Studium betrat er im Alter von 23 Jahren die Welt des Tanzes. \u00dcber mehrere Jahre hinweg nahm er zwei- bis dreimal Unterricht pro Tag, um seinen R\u00fcckstand aufzuholen. Und das Ergebnis kann sich sehen lassen. Er lernte bei Choreografen wie Sasha Waltz und Jan Fabre, gr\u00fcndete 2007 sein eigenes Ensemble Compagnie Olivier Dubois. 2011 z\u00e4hlte die Fachzeitschrift Dance Europe Dubois zu einem der 25 besten T\u00e4nzer weltweit. Als Enfant terrible des franz\u00f6sischen Tanzes scheut er auch vor konfrontativen Themen oder Bildern nicht zur\u00fcck, um seine Geschichte zu erz\u00e4hlen. Neben der Entwicklung einer Bewegungssprache liegen ihm \u2013 wie auch in Come Out \u2013 Themen am Herzen, denen wir zu oft aus dem Weg gehen: Genderfragen, Sexualit\u00e4t, Gewalt, Tabus.<\/p>\n\n\n\n<p><strong>Credits<\/strong><br>Choreografie und B\u00fchnenbild: OLIVIER DUBOIS<br>Musik: Steve Reich, Come Out \u2013 arrangiert von Olivier Dubois und Fran\u00e7ois Caffenn<br>Beleuchtung: Emmanuel Gary<br>Mit Dank an Julidans<\/p>\n\n\n\n<hr class=\"wp-block-separator\"\/>\n\n\n\n<div class=\"wp-block-buttons is-content-justification-center is-layout-flex wp-block-buttons-is-layout-flex\">\n<div class=\"wp-block-button\"><a class=\"wp-block-button__link has-black-color has-text-color has-background\" href=\"https:\/\/stichting-step-by-step.webinargeek.com\/ballet-de-lorraine-come-out-replay\" style=\"background-color:#f5ec5a\" target=\"_blank\" rel=\"noreferrer noopener\"><strong>Online schauen<\/strong><\/a><\/div>\n<\/div>\n\n\n\n<hr class=\"wp-block-separator\"\/>\n\n\n\n<figure class=\"wp-block-embed is-type-video is-provider-vimeo wp-block-embed-vimeo wp-embed-aspect-16-9 wp-has-aspect-ratio\"><div class=\"wp-block-embed__wrapper\">\n<div class=\"jetpack-video-wrapper\"><iframe title=\"Come out Teaser\" src=\"https:\/\/player.vimeo.com\/video\/387649450?dnt=1&amp;app_id=122963\" width=\"640\" height=\"360\" frameborder=\"0\" allow=\"autoplay; fullscreen; picture-in-picture; clipboard-write\"><\/iframe><\/div>\n<\/div><\/figure>\n\n\n\n<hr class=\"wp-block-separator\"\/>\n\n\n\n<figure class=\"wp-block-gallery aligncenter columns-2 is-cropped wp-block-gallery-1 is-layout-flex wp-block-gallery-is-layout-flex\"><ul class=\"blocks-gallery-grid\"><li class=\"blocks-gallery-item\"><figure><img data-recalc-dims=\"1\" decoding=\"async\" width=\"640\" height=\"427\" src=\"https:\/\/i0.wp.com\/schrittmacherfestival.nl\/wp-content\/uploads\/2021\/06\/come_out_5_c_laurentphilippe.1280x1280.jpg?resize=640%2C427&#038;ssl=1\" alt=\"\" data-id=\"863\" data-full-url=\"https:\/\/schrittmacherfestival.nl\/wp-content\/uploads\/2021\/06\/come_out_5_c_laurentphilippe.1280x1280.jpg\" data-link=\"https:\/\/schrittmacherfestival.nl\/?attachment_id=863\" class=\"wp-image-863\" srcset=\"https:\/\/i0.wp.com\/schrittmacherfestival.nl\/wp-content\/uploads\/2021\/06\/come_out_5_c_laurentphilippe.1280x1280.jpg?resize=1024%2C683&amp;ssl=1 1024w, https:\/\/i0.wp.com\/schrittmacherfestival.nl\/wp-content\/uploads\/2021\/06\/come_out_5_c_laurentphilippe.1280x1280.jpg?resize=300%2C200&amp;ssl=1 300w, https:\/\/i0.wp.com\/schrittmacherfestival.nl\/wp-content\/uploads\/2021\/06\/come_out_5_c_laurentphilippe.1280x1280.jpg?resize=768%2C512&amp;ssl=1 768w, https:\/\/i0.wp.com\/schrittmacherfestival.nl\/wp-content\/uploads\/2021\/06\/come_out_5_c_laurentphilippe.1280x1280.jpg?resize=600%2C400&amp;ssl=1 600w, https:\/\/i0.wp.com\/schrittmacherfestival.nl\/wp-content\/uploads\/2021\/06\/come_out_5_c_laurentphilippe.1280x1280.jpg?w=1280&amp;ssl=1 1280w\" sizes=\"(max-width: 640px) 100vw, 640px\" \/><\/figure><\/li><li class=\"blocks-gallery-item\"><figure><img data-recalc-dims=\"1\" decoding=\"async\" width=\"640\" height=\"427\" src=\"https:\/\/i0.wp.com\/schrittmacherfestival.nl\/wp-content\/uploads\/2021\/06\/come_out_3_c_laurentphilippe.1280x1280.jpg?resize=640%2C427&#038;ssl=1\" alt=\"\" data-id=\"864\" data-full-url=\"https:\/\/schrittmacherfestival.nl\/wp-content\/uploads\/2021\/06\/come_out_3_c_laurentphilippe.1280x1280.jpg\" data-link=\"https:\/\/schrittmacherfestival.nl\/?attachment_id=864\" class=\"wp-image-864\" srcset=\"https:\/\/i0.wp.com\/schrittmacherfestival.nl\/wp-content\/uploads\/2021\/06\/come_out_3_c_laurentphilippe.1280x1280.jpg?resize=1024%2C683&amp;ssl=1 1024w, https:\/\/i0.wp.com\/schrittmacherfestival.nl\/wp-content\/uploads\/2021\/06\/come_out_3_c_laurentphilippe.1280x1280.jpg?resize=300%2C200&amp;ssl=1 300w, https:\/\/i0.wp.com\/schrittmacherfestival.nl\/wp-content\/uploads\/2021\/06\/come_out_3_c_laurentphilippe.1280x1280.jpg?resize=768%2C512&amp;ssl=1 768w, https:\/\/i0.wp.com\/schrittmacherfestival.nl\/wp-content\/uploads\/2021\/06\/come_out_3_c_laurentphilippe.1280x1280.jpg?resize=600%2C400&amp;ssl=1 600w, https:\/\/i0.wp.com\/schrittmacherfestival.nl\/wp-content\/uploads\/2021\/06\/come_out_3_c_laurentphilippe.1280x1280.jpg?w=1280&amp;ssl=1 1280w\" sizes=\"(max-width: 640px) 100vw, 640px\" \/><\/figure><\/li><\/ul><\/figure>\n\n\n\n<hr class=\"wp-block-separator\"\/>\n\n\n\n<p><\/p>\n","protected":false},"excerpt":{"rendered":"<p>Come out | choreografie Olivier Dubois OnlineVon Freitag 25 JUN 202120.30 Uhr\u20ac12,50 Ein hypnotisierendes Ballett zu Musik von Steve Reich Choreograf Olivier Dubois \u2013 das franz\u00f6sische Enfant terrible des modernen Tanzes \u2013 schuf Come Out als Allegorie, als Metapher f\u00fcr die K\u00e4mpfe, die wir austragen. Mit unserem Leben, unserer Hoffnung, unserer Liebe\u2026 HypnotisierendDie 23 T\u00e4nzer und T\u00e4nzerinnen des f\u00fchrenden franz\u00f6sischen [&hellip;]<\/p>\n","protected":false},"author":1,"featured_media":0,"parent":0,"menu_order":0,"comment_status":"closed","ping_status":"closed","template":"","meta":{"_acf_changed":false,"footnotes":""},"class_list":["post-1639","page","type-page","status-publish","hentry"],"aioseo_notices":[],"acf":[],"jetpack_sharing_enabled":true,"_links":{"self":[{"href":"https:\/\/schrittmacherfestival.nl\/de\/wp-json\/wp\/v2\/pages\/1639","targetHints":{"allow":["GET"]}}],"collection":[{"href":"https:\/\/schrittmacherfestival.nl\/de\/wp-json\/wp\/v2\/pages"}],"about":[{"href":"https:\/\/schrittmacherfestival.nl\/de\/wp-json\/wp\/v2\/types\/page"}],"author":[{"embeddable":true,"href":"https:\/\/schrittmacherfestival.nl\/de\/wp-json\/wp\/v2\/users\/1"}],"replies":[{"embeddable":true,"href":"https:\/\/schrittmacherfestival.nl\/de\/wp-json\/wp\/v2\/comments?post=1639"}],"version-history":[{"count":7,"href":"https:\/\/schrittmacherfestival.nl\/de\/wp-json\/wp\/v2\/pages\/1639\/revisions"}],"predecessor-version":[{"id":1880,"href":"https:\/\/schrittmacherfestival.nl\/de\/wp-json\/wp\/v2\/pages\/1639\/revisions\/1880"}],"wp:attachment":[{"href":"https:\/\/schrittmacherfestival.nl\/de\/wp-json\/wp\/v2\/media?parent=1639"}],"curies":[{"name":"wp","href":"https:\/\/api.w.org\/{rel}","templated":true}]}}