{"id":1705,"date":"2021-06-24T08:11:30","date_gmt":"2021-06-24T08:11:30","guid":{"rendered":"https:\/\/schrittmacherfestival.nl\/cie-arcosm-live-stream\/"},"modified":"2021-07-12T09:13:04","modified_gmt":"2021-07-12T09:13:04","slug":"cie-arcosm-live-stream","status":"publish","type":"page","link":"https:\/\/schrittmacherfestival.nl\/de\/cie-arcosm-live-stream\/","title":{"rendered":"Cie Arcosm &#8211; Live stream"},"content":{"rendered":"\n<h2 class=\"wp-block-heading\"><span style=\"color:#000000\" class=\"tadv-color\">Hotel Bellevue<\/span><\/h2>\n\n\n\n<p><strong><span style=\"background-color:#f5ec5a\" class=\"tadv-background-color\"><strong><strong>Online<\/strong><\/strong><\/span><\/strong><br><strong><span style=\"background-color:#f5ec5a\" class=\"tadv-background-color\">Von Fr 09 JUL 2021 <\/span><\/strong><br><strong><span style=\"background-color:#f5ec5a\" class=\"tadv-background-color\">19.30 Uhr <\/span><\/strong><br><strong><span style=\"background-color:#f5ec5a\" class=\"tadv-background-color\">\u20ac12,50<\/span><\/strong><\/p>\n\n\n\n<figure class=\"wp-block-image alignwide size-large\"><img data-recalc-dims=\"1\" fetchpriority=\"high\" decoding=\"async\" width=\"640\" height=\"260\" src=\"https:\/\/i0.wp.com\/schrittmacherfestival.nl\/wp-content\/uploads\/2021\/06\/bellevue.jpeg?resize=640%2C260&#038;ssl=1\" alt=\"\" class=\"wp-image-459\" srcset=\"https:\/\/i0.wp.com\/schrittmacherfestival.nl\/wp-content\/uploads\/2021\/06\/bellevue.jpeg?resize=1024%2C416&amp;ssl=1 1024w, https:\/\/i0.wp.com\/schrittmacherfestival.nl\/wp-content\/uploads\/2021\/06\/bellevue.jpeg?resize=300%2C122&amp;ssl=1 300w, https:\/\/i0.wp.com\/schrittmacherfestival.nl\/wp-content\/uploads\/2021\/06\/bellevue.jpeg?resize=768%2C312&amp;ssl=1 768w, https:\/\/i0.wp.com\/schrittmacherfestival.nl\/wp-content\/uploads\/2021\/06\/bellevue.jpeg?w=1230&amp;ssl=1 1230w\" sizes=\"(max-width: 640px) 100vw, 640px\" \/><\/figure>\n\n\n\n<hr class=\"wp-block-separator\"\/>\n\n\n\n<h1 class=\"wp-block-heading\"><span style=\"color:#000000\" class=\"tadv-color\"><strong>Die Kraft und Sch\u00f6nheit der Diversit\u00e4t als Tanztheater!<\/strong>&nbsp;<\/span><\/h1>\n\n\n\n<p>In ihrer neuesten Produktion&nbsp;<em>\u00c0 mon bel amour<\/em>&nbsp;analysiert die innovative franz\u00f6sische Hip-Hop-Choreografin Anne Nguyen den Begriff der Sch\u00f6nheit und unterschiedliche Vorstellungen von Identit\u00e4t, Pers\u00f6nlichkeit und Rolle.&nbsp;<em>\u00c0 mon bel amour<\/em>&nbsp;stellt die Wahrnehmung von Einzelpersonen, Paaren und der Gemeinschaft in Frage. Die Choreografie wird von einem \u00e4u\u00dferst diversen Ensemble aus acht Performern pr\u00e4sentiert: Die vier M\u00e4nner und vier Frauen sind schwarz, wei\u00df, m\u00e4nnlich, weiblich, klassisch, modern und urban gebildet.<\/p>\n\n\n\n<p><strong>Stilistische, kulturelle und darstellerische Unterschiede<\/strong><br>Die T\u00e4nzer:innen vertreten und stellen unterschiedliche Kulturen, Referenzen und Archetypen aus der Tanzwelt dar, die vom klassischen Ballett bis zum Voguing, Krumping, Popping, modernem Tanz und Waacking reichen. Im Rahmen der Choreografie pr\u00e4sentieren sie einander und dem Publikum \u201eihre\u201c Kultur. Sie wollen attraktiv sein, flirten, gl\u00e4nzen. Dabei lassen sie ihre Identit\u00e4t zur Geltung kommen und wollen die Perspektive des Publikums mithilfe von Aussehen, Kleidung, Stil und Bewegung vergr\u00f6\u00dfern. Wie paradierende Tiere suchen sie die Konfrontation und treten solo, im Duo und im Kollektiv ins Rampenlicht. Gelingt es ihnen, gemeinsame Werte zu finden? Gibt es einen Konsens zum Begriff der Sch\u00f6nheit?<\/p>\n\n\n\n<p><strong>Anne Nguyen<\/strong><br>Die Choreografin Anne Nguyen ist eine Pionierin des Hip-Hop, dessen K\u00f6rpersprache sie im modernen Tanz virtuos weiterentwickelt. Nguyen war ehemalige Breakdance-Weltmeisterin, hat mit diversen franz\u00f6sischen Gruppen getanzt und kombiniert in ihrem Werk Breakdance Moves mit anderen Tanzstilen. In&nbsp;<em>\u00c0 mon bel amour<\/em>&nbsp;verbindet sie mehrere Stile zu einem universellen Pendant eines tierischen Paarungstanzes.<\/p>\n\n\n\n<p>Dauer 60 Min. Ohne Pause<\/p>\n\n\n\n<hr class=\"wp-block-separator\"\/>\n\n\n\n<div class=\"wp-block-buttons is-content-justification-center is-layout-flex wp-block-buttons-is-layout-flex\">\n<div class=\"wp-block-button\"><a class=\"wp-block-button__link has-black-color has-text-color has-background\" href=\"https:\/\/stichting-step-by-step.webinargeek.com\/cie-arcosm-hotel-bellevue-2\" style=\"background-color:#f5ec5a\" target=\"_blank\" rel=\"noreferrer noopener\"><strong>Online schauen<\/strong><\/a><\/div>\n<\/div>\n\n\n\n<hr class=\"wp-block-separator aligncenter\"\/>\n\n\n\n<figure class=\"wp-block-embed aligncenter is-type-video is-provider-vimeo wp-block-embed-vimeo wp-embed-aspect-16-9 wp-has-aspect-ratio\"><div class=\"wp-block-embed__wrapper\">\n<div class=\"jetpack-video-wrapper\"><iframe title=\"HOTEL BELLEVUE - Etape de travail 3\" src=\"https:\/\/player.vimeo.com\/video\/510327144?dnt=1&amp;app_id=122963\" width=\"640\" height=\"360\" frameborder=\"0\" allow=\"autoplay; fullscreen; picture-in-picture; clipboard-write\"><\/iframe><\/div>\n<\/div><\/figure>\n\n\n\n<hr class=\"wp-block-separator\"\/>\n\n\n\n<figure class=\"wp-block-gallery aligncenter columns-3 is-cropped wp-block-gallery-1 is-layout-flex wp-block-gallery-is-layout-flex\"><ul class=\"blocks-gallery-grid\"><li class=\"blocks-gallery-item\"><figure><img data-recalc-dims=\"1\" decoding=\"async\" width=\"640\" height=\"356\" src=\"https:\/\/i0.wp.com\/schrittmacherfestival.nl\/wp-content\/uploads\/2021\/06\/photo_14-_cr_dits_cie_arcosm.1280x1280.png?resize=640%2C356&#038;ssl=1\" alt=\"\" data-id=\"464\" data-full-url=\"https:\/\/schrittmacherfestival.nl\/wp-content\/uploads\/2021\/06\/photo_14-_cr_dits_cie_arcosm.1280x1280.png\" data-link=\"https:\/\/schrittmacherfestival.nl\/?attachment_id=464\" class=\"wp-image-464\" srcset=\"https:\/\/i0.wp.com\/schrittmacherfestival.nl\/wp-content\/uploads\/2021\/06\/photo_14-_cr_dits_cie_arcosm.1280x1280.png?resize=1024%2C570&amp;ssl=1 1024w, https:\/\/i0.wp.com\/schrittmacherfestival.nl\/wp-content\/uploads\/2021\/06\/photo_14-_cr_dits_cie_arcosm.1280x1280.png?resize=300%2C167&amp;ssl=1 300w, https:\/\/i0.wp.com\/schrittmacherfestival.nl\/wp-content\/uploads\/2021\/06\/photo_14-_cr_dits_cie_arcosm.1280x1280.png?resize=768%2C428&amp;ssl=1 768w, https:\/\/i0.wp.com\/schrittmacherfestival.nl\/wp-content\/uploads\/2021\/06\/photo_14-_cr_dits_cie_arcosm.1280x1280.png?w=1280&amp;ssl=1 1280w\" sizes=\"(max-width: 640px) 100vw, 640px\" \/><\/figure><\/li><li class=\"blocks-gallery-item\"><figure><img data-recalc-dims=\"1\" decoding=\"async\" width=\"640\" height=\"358\" src=\"https:\/\/i0.wp.com\/schrittmacherfestival.nl\/wp-content\/uploads\/2021\/06\/photo_18-_cr_dits_cie_arcosm.1280x1280.png?resize=640%2C358&#038;ssl=1\" alt=\"\" data-id=\"465\" data-full-url=\"https:\/\/schrittmacherfestival.nl\/wp-content\/uploads\/2021\/06\/photo_18-_cr_dits_cie_arcosm.1280x1280.png\" data-link=\"https:\/\/schrittmacherfestival.nl\/?attachment_id=465\" class=\"wp-image-465\" srcset=\"https:\/\/i0.wp.com\/schrittmacherfestival.nl\/wp-content\/uploads\/2021\/06\/photo_18-_cr_dits_cie_arcosm.1280x1280.png?resize=1024%2C572&amp;ssl=1 1024w, https:\/\/i0.wp.com\/schrittmacherfestival.nl\/wp-content\/uploads\/2021\/06\/photo_18-_cr_dits_cie_arcosm.1280x1280.png?resize=300%2C168&amp;ssl=1 300w, https:\/\/i0.wp.com\/schrittmacherfestival.nl\/wp-content\/uploads\/2021\/06\/photo_18-_cr_dits_cie_arcosm.1280x1280.png?resize=768%2C429&amp;ssl=1 768w, https:\/\/i0.wp.com\/schrittmacherfestival.nl\/wp-content\/uploads\/2021\/06\/photo_18-_cr_dits_cie_arcosm.1280x1280.png?w=1280&amp;ssl=1 1280w\" sizes=\"(max-width: 640px) 100vw, 640px\" \/><\/figure><\/li><li class=\"blocks-gallery-item\"><figure><img data-recalc-dims=\"1\" loading=\"lazy\" decoding=\"async\" width=\"640\" height=\"404\" src=\"https:\/\/i0.wp.com\/schrittmacherfestival.nl\/wp-content\/uploads\/2021\/06\/photo_9-_cr_dits_cie_arcosm.1280x1280.png?resize=640%2C404&#038;ssl=1\" alt=\"\" data-id=\"466\" data-full-url=\"https:\/\/schrittmacherfestival.nl\/wp-content\/uploads\/2021\/06\/photo_9-_cr_dits_cie_arcosm.1280x1280.png\" data-link=\"https:\/\/schrittmacherfestival.nl\/?attachment_id=466\" class=\"wp-image-466\" srcset=\"https:\/\/i0.wp.com\/schrittmacherfestival.nl\/wp-content\/uploads\/2021\/06\/photo_9-_cr_dits_cie_arcosm.1280x1280.png?resize=1024%2C646&amp;ssl=1 1024w, https:\/\/i0.wp.com\/schrittmacherfestival.nl\/wp-content\/uploads\/2021\/06\/photo_9-_cr_dits_cie_arcosm.1280x1280.png?resize=300%2C189&amp;ssl=1 300w, https:\/\/i0.wp.com\/schrittmacherfestival.nl\/wp-content\/uploads\/2021\/06\/photo_9-_cr_dits_cie_arcosm.1280x1280.png?resize=768%2C484&amp;ssl=1 768w, https:\/\/i0.wp.com\/schrittmacherfestival.nl\/wp-content\/uploads\/2021\/06\/photo_9-_cr_dits_cie_arcosm.1280x1280.png?w=1280&amp;ssl=1 1280w\" sizes=\"(max-width: 640px) 100vw, 640px\" \/><\/figure><\/li><li class=\"blocks-gallery-item\"><figure><img data-recalc-dims=\"1\" loading=\"lazy\" decoding=\"async\" width=\"640\" height=\"273\" src=\"https:\/\/i0.wp.com\/schrittmacherfestival.nl\/wp-content\/uploads\/2021\/06\/photo_7_-_cr_dits_cie_arcosm.1280x1280.png?resize=640%2C273&#038;ssl=1\" alt=\"\" data-id=\"467\" data-full-url=\"https:\/\/schrittmacherfestival.nl\/wp-content\/uploads\/2021\/06\/photo_7_-_cr_dits_cie_arcosm.1280x1280.png\" data-link=\"https:\/\/schrittmacherfestival.nl\/?attachment_id=467\" class=\"wp-image-467\" srcset=\"https:\/\/i0.wp.com\/schrittmacherfestival.nl\/wp-content\/uploads\/2021\/06\/photo_7_-_cr_dits_cie_arcosm.1280x1280.png?resize=1024%2C437&amp;ssl=1 1024w, https:\/\/i0.wp.com\/schrittmacherfestival.nl\/wp-content\/uploads\/2021\/06\/photo_7_-_cr_dits_cie_arcosm.1280x1280.png?resize=300%2C128&amp;ssl=1 300w, https:\/\/i0.wp.com\/schrittmacherfestival.nl\/wp-content\/uploads\/2021\/06\/photo_7_-_cr_dits_cie_arcosm.1280x1280.png?resize=768%2C328&amp;ssl=1 768w, https:\/\/i0.wp.com\/schrittmacherfestival.nl\/wp-content\/uploads\/2021\/06\/photo_7_-_cr_dits_cie_arcosm.1280x1280.png?w=1280&amp;ssl=1 1280w\" sizes=\"(max-width: 640px) 100vw, 640px\" \/><\/figure><\/li><li class=\"blocks-gallery-item\"><figure><img data-recalc-dims=\"1\" loading=\"lazy\" decoding=\"async\" width=\"640\" height=\"316\" src=\"https:\/\/i0.wp.com\/schrittmacherfestival.nl\/wp-content\/uploads\/2021\/06\/photo_10-_cr_dits_cie_arcosm_jpg.1280x1280.png?resize=640%2C316&#038;ssl=1\" alt=\"\" data-id=\"468\" data-full-url=\"https:\/\/schrittmacherfestival.nl\/wp-content\/uploads\/2021\/06\/photo_10-_cr_dits_cie_arcosm_jpg.1280x1280.png\" data-link=\"https:\/\/schrittmacherfestival.nl\/?attachment_id=468\" class=\"wp-image-468\" srcset=\"https:\/\/i0.wp.com\/schrittmacherfestival.nl\/wp-content\/uploads\/2021\/06\/photo_10-_cr_dits_cie_arcosm_jpg.1280x1280.png?resize=1024%2C506&amp;ssl=1 1024w, https:\/\/i0.wp.com\/schrittmacherfestival.nl\/wp-content\/uploads\/2021\/06\/photo_10-_cr_dits_cie_arcosm_jpg.1280x1280.png?resize=300%2C148&amp;ssl=1 300w, https:\/\/i0.wp.com\/schrittmacherfestival.nl\/wp-content\/uploads\/2021\/06\/photo_10-_cr_dits_cie_arcosm_jpg.1280x1280.png?resize=768%2C380&amp;ssl=1 768w, https:\/\/i0.wp.com\/schrittmacherfestival.nl\/wp-content\/uploads\/2021\/06\/photo_10-_cr_dits_cie_arcosm_jpg.1280x1280.png?w=1280&amp;ssl=1 1280w\" sizes=\"(max-width: 640px) 100vw, 640px\" \/><\/figure><\/li><\/ul><\/figure>\n\n\n\n<hr class=\"wp-block-separator\"\/>\n\n\n\n<p><\/p>\n","protected":false},"excerpt":{"rendered":"<p>Hotel Bellevue OnlineVon Fr 09 JUL 2021 19.30 Uhr \u20ac12,50 Die Kraft und Sch\u00f6nheit der Diversit\u00e4t als Tanztheater!&nbsp; In ihrer neuesten Produktion&nbsp;\u00c0 mon bel amour&nbsp;analysiert die innovative franz\u00f6sische Hip-Hop-Choreografin Anne Nguyen den Begriff der Sch\u00f6nheit und unterschiedliche Vorstellungen von Identit\u00e4t, Pers\u00f6nlichkeit und Rolle.&nbsp;\u00c0 mon bel amour&nbsp;stellt die Wahrnehmung von Einzelpersonen, Paaren und der Gemeinschaft in Frage. Die Choreografie wird von [&hellip;]<\/p>\n","protected":false},"author":1,"featured_media":0,"parent":0,"menu_order":0,"comment_status":"closed","ping_status":"closed","template":"","meta":{"_acf_changed":false,"footnotes":""},"class_list":["post-1705","page","type-page","status-publish","hentry"],"aioseo_notices":[],"acf":[],"jetpack_sharing_enabled":true,"_links":{"self":[{"href":"https:\/\/schrittmacherfestival.nl\/de\/wp-json\/wp\/v2\/pages\/1705","targetHints":{"allow":["GET"]}}],"collection":[{"href":"https:\/\/schrittmacherfestival.nl\/de\/wp-json\/wp\/v2\/pages"}],"about":[{"href":"https:\/\/schrittmacherfestival.nl\/de\/wp-json\/wp\/v2\/types\/page"}],"author":[{"embeddable":true,"href":"https:\/\/schrittmacherfestival.nl\/de\/wp-json\/wp\/v2\/users\/1"}],"replies":[{"embeddable":true,"href":"https:\/\/schrittmacherfestival.nl\/de\/wp-json\/wp\/v2\/comments?post=1705"}],"version-history":[{"count":4,"href":"https:\/\/schrittmacherfestival.nl\/de\/wp-json\/wp\/v2\/pages\/1705\/revisions"}],"predecessor-version":[{"id":2255,"href":"https:\/\/schrittmacherfestival.nl\/de\/wp-json\/wp\/v2\/pages\/1705\/revisions\/2255"}],"wp:attachment":[{"href":"https:\/\/schrittmacherfestival.nl\/de\/wp-json\/wp\/v2\/media?parent=1705"}],"curies":[{"name":"wp","href":"https:\/\/api.w.org\/{rel}","templated":true}]}}