{"id":2292,"date":"2021-07-21T09:42:39","date_gmt":"2021-07-21T09:42:39","guid":{"rendered":"https:\/\/schrittmacherfestival.nl\/co-lab-2021-4\/"},"modified":"2021-07-21T10:51:20","modified_gmt":"2021-07-21T10:51:20","slug":"co-lab-2021-4","status":"publish","type":"page","link":"https:\/\/schrittmacherfestival.nl\/de\/co-lab-2021-4\/","title":{"rendered":"CO-LAB 2021"},"content":{"rendered":"\n<h2 class=\"wp-block-heading\"><span style=\"color:#000000\" class=\"tadv-color\">Surprise en quatre<\/span><\/h2>\n\n\n\n<p><br><strong><span style=\"background-color:#f5ec5a\" class=\"tadv-background-color\">Kostenloser live stream <\/span><\/strong><br><\/p>\n\n\n\n<figure class=\"wp-block-image alignwide size-large\"><img data-recalc-dims=\"1\" fetchpriority=\"high\" decoding=\"async\" width=\"640\" height=\"261\" src=\"https:\/\/i0.wp.com\/schrittmacherfestival.nl\/wp-content\/uploads\/2021\/06\/Co-lab_zonder-zweet-scaled-e1623330716429-1024x417.jpeg?resize=640%2C261&#038;ssl=1\" alt=\"\" class=\"wp-image-840\" srcset=\"https:\/\/i0.wp.com\/schrittmacherfestival.nl\/wp-content\/uploads\/2021\/06\/Co-lab_zonder-zweet-scaled-e1623330716429.jpeg?resize=1024%2C417&amp;ssl=1 1024w, https:\/\/i0.wp.com\/schrittmacherfestival.nl\/wp-content\/uploads\/2021\/06\/Co-lab_zonder-zweet-scaled-e1623330716429.jpeg?resize=300%2C122&amp;ssl=1 300w, https:\/\/i0.wp.com\/schrittmacherfestival.nl\/wp-content\/uploads\/2021\/06\/Co-lab_zonder-zweet-scaled-e1623330716429.jpeg?resize=768%2C313&amp;ssl=1 768w, https:\/\/i0.wp.com\/schrittmacherfestival.nl\/wp-content\/uploads\/2021\/06\/Co-lab_zonder-zweet-scaled-e1623330716429.jpeg?w=1230&amp;ssl=1 1230w\" sizes=\"(max-width: 640px) 100vw, 640px\" \/><\/figure>\n\n\n\n<hr class=\"wp-block-separator\"\/>\n\n\n\n<h1 class=\"wp-block-heading\"><strong>Vier talentierte Performer aus der Region treten auf dem Maanplein in Heerlen auf.<\/strong><\/h1>\n\n\n\n<p>schrit_tmacher unterst\u00fctzt junge Theatermacher in ihrer Entwicklung. Regelm\u00e4\u00dfig l\u00e4dt das Festival talentierte T\u00e4nzer:innen und Choreograf:innen aus der Euregio ein, gemeinsam eine neue Produktion zu entwickeln. Im Rahmen der Sommerausgabe von schrit_tmacher treten vier talentierte junge Choreograf:innen mit Co-Lab an einem besonderen Ort auf: dem Maanplein in Heerlen.<\/p>\n\n\n\n<p>In drei Gesch\u00e4ftsgeb\u00e4uden erwarten das Publikum vier Duette unterschiedlicher Stilrichtungen. Die deutsche Choreografin Olga Blank (D) pr\u00e4sentiert mit&nbsp;<em>Losing Ground<\/em>&nbsp;ein bewegendes Duett voller Poesie, in dem es um die \u00dcberwindung von \u00c4ngsten geht.&nbsp;<em>Spark<\/em>&nbsp;des jungen deutschen Choreografen Hermann&nbsp;<em>B\u00e4r&nbsp;<\/em>zeichnet die Auswirkungen nach, die \u201eein Funke\u201c auf unsere Entscheidungen haben kann<em>.&nbsp;<\/em>Die Choreografin Sharon Wesseling aus Heerlen begibt sich in&nbsp;<em>Innerlijk Ritme<\/em>&nbsp;auf die Suche nach den Auswirkungen der Sinneswahrnehmung. Die gro\u00dfe Leidenschaft von Marciano van Kempen &amp; Diego Ramon Lopez ist Hip-Hop und ihre Inspiration der Wu-Tang Clan.<\/p>\n\n\n\n<p><em><strong>Sprungbrett<\/strong><\/em><br>Co-Lab ist eine Gemeinschaftsproduktion von VIA ZUID, Huis voor de Kunsten Limburg, ARTbewegt und schrit_tmacher. In den vergangenen Jahren haben wir u.a. Werke von Mami Izumi, Roshanak Morrowatian, Lin Verleger, Jop Vermeesch sowie Patricio Bucci &amp; Luis Ricardo Pedraza Cedr\u00f3n (SALLY Tanzensemble Maastricht) gesehen. Alle diese Theatermacher nutzten Co-Lab als Sprungbrett f\u00fcr ein gro\u00dfes Publikum.<\/p>\n\n\n\n<p id=\"tw-target-text\">Danke an Weller und Heerlen Mijn Stad<\/p>\n\n\n\n<hr class=\"wp-block-separator\"\/>\n\n\n\n<figure class=\"wp-block-embed aligncenter is-type-video is-provider-youtube wp-block-embed-youtube wp-embed-aspect-16-9 wp-has-aspect-ratio\"><div class=\"wp-block-embed__wrapper\">\n<iframe  id=\"_ytid_64613\"  width=\"640\" height=\"360\"  data-origwidth=\"640\" data-origheight=\"360\" src=\"https:\/\/www.youtube.com\/embed\/zPSH4C-fqnY?enablejsapi=1&#038;autoplay=0&#038;cc_load_policy=0&#038;cc_lang_pref=&#038;iv_load_policy=1&#038;loop=0&#038;rel=1&#038;fs=1&#038;playsinline=0&#038;autohide=2&#038;theme=dark&#038;color=red&#038;controls=1&#038;disablekb=0&#038;\" class=\"__youtube_prefs__  epyt-is-override  no-lazyload\" title=\"YouTube player\"  allow=\"fullscreen; accelerometer; autoplay; clipboard-write; encrypted-media; gyroscope; picture-in-picture; web-share\" referrerpolicy=\"strict-origin-when-cross-origin\" allowfullscreen data-no-lazy=\"1\" data-skipgform_ajax_framebjll=\"\"><\/iframe>\n<\/div><figcaption><strong>schrit_tmacher CO-LAB 2021 &#8211; Surprise en quatre<\/strong><\/figcaption><\/figure>\n\n\n\n<hr class=\"wp-block-separator\"\/>\n\n\n\n<figure class=\"wp-block-embed aligncenter is-type-video is-provider-youtube wp-block-embed-youtube wp-embed-aspect-16-9 wp-has-aspect-ratio\"><div class=\"wp-block-embed__wrapper\">\n<iframe  id=\"_ytid_37633\"  width=\"640\" height=\"360\"  data-origwidth=\"640\" data-origheight=\"360\" src=\"https:\/\/www.youtube.com\/embed\/WUeGGcGCkxU?enablejsapi=1&#038;autoplay=0&#038;cc_load_policy=0&#038;cc_lang_pref=&#038;iv_load_policy=1&#038;loop=0&#038;rel=1&#038;fs=1&#038;playsinline=0&#038;autohide=2&#038;theme=dark&#038;color=red&#038;controls=1&#038;disablekb=0&#038;\" class=\"__youtube_prefs__  epyt-is-override  no-lazyload\" title=\"YouTube player\"  allow=\"fullscreen; accelerometer; autoplay; clipboard-write; encrypted-media; gyroscope; picture-in-picture; web-share\" referrerpolicy=\"strict-origin-when-cross-origin\" allowfullscreen data-no-lazy=\"1\" data-skipgform_ajax_framebjll=\"\"><\/iframe>\n<\/div><figcaption><strong>schrit_tmacher CO-LAB 2021 &#8211; Surprise en quatre &#8211; PART I &#8211; SPARK<\/strong><\/figcaption><\/figure>\n\n\n\n<hr class=\"wp-block-separator\"\/>\n\n\n\n<figure class=\"wp-block-embed aligncenter is-type-video is-provider-youtube wp-block-embed-youtube wp-embed-aspect-16-9 wp-has-aspect-ratio\"><div class=\"wp-block-embed__wrapper\">\n<iframe  id=\"_ytid_45068\"  width=\"640\" height=\"360\"  data-origwidth=\"640\" data-origheight=\"360\" src=\"https:\/\/www.youtube.com\/embed\/3KZj8zTcdoM?enablejsapi=1&#038;autoplay=0&#038;cc_load_policy=0&#038;cc_lang_pref=&#038;iv_load_policy=1&#038;loop=0&#038;rel=1&#038;fs=1&#038;playsinline=0&#038;autohide=2&#038;theme=dark&#038;color=red&#038;controls=1&#038;disablekb=0&#038;\" class=\"__youtube_prefs__  epyt-is-override  no-lazyload\" title=\"YouTube player\"  allow=\"fullscreen; accelerometer; autoplay; clipboard-write; encrypted-media; gyroscope; picture-in-picture; web-share\" referrerpolicy=\"strict-origin-when-cross-origin\" allowfullscreen data-no-lazy=\"1\" data-skipgform_ajax_framebjll=\"\"><\/iframe>\n<\/div><figcaption><strong>schrit_tmacher CO-LAB 2021 &#8211; Surprise en quatre &#8211; PART 2 &#8211; INNER RYTHM<\/strong><\/figcaption><\/figure>\n\n\n\n<hr class=\"wp-block-separator\"\/>\n\n\n\n<figure class=\"wp-block-embed aligncenter is-type-video is-provider-youtube wp-block-embed-youtube wp-embed-aspect-16-9 wp-has-aspect-ratio\"><div class=\"wp-block-embed__wrapper\">\n<iframe  id=\"_ytid_33800\"  width=\"640\" height=\"360\"  data-origwidth=\"640\" data-origheight=\"360\" src=\"https:\/\/www.youtube.com\/embed\/qvVVstKPHQ8?enablejsapi=1&#038;autoplay=0&#038;cc_load_policy=0&#038;cc_lang_pref=&#038;iv_load_policy=1&#038;loop=0&#038;rel=1&#038;fs=1&#038;playsinline=0&#038;autohide=2&#038;theme=dark&#038;color=red&#038;controls=1&#038;disablekb=0&#038;\" class=\"__youtube_prefs__  epyt-is-override  no-lazyload\" title=\"YouTube player\"  allow=\"fullscreen; accelerometer; autoplay; clipboard-write; encrypted-media; gyroscope; picture-in-picture; web-share\" referrerpolicy=\"strict-origin-when-cross-origin\" allowfullscreen data-no-lazy=\"1\" data-skipgform_ajax_framebjll=\"\"><\/iframe>\n<\/div><figcaption><strong>schrit_tmacher CO-LAB 2021 &#8211; Surprise en quatre &#8211; PART III &#8211; LOSING GROUND<\/strong><\/figcaption><\/figure>\n\n\n\n<hr class=\"wp-block-separator\"\/>\n\n\n\n<figure class=\"wp-block-embed aligncenter is-type-video is-provider-youtube wp-block-embed-youtube wp-embed-aspect-16-9 wp-has-aspect-ratio\"><div class=\"wp-block-embed__wrapper\">\n<iframe  id=\"_ytid_25301\"  width=\"640\" height=\"360\"  data-origwidth=\"640\" data-origheight=\"360\" src=\"https:\/\/www.youtube.com\/embed\/Jh-sU33DR7U?enablejsapi=1&#038;autoplay=0&#038;cc_load_policy=0&#038;cc_lang_pref=&#038;iv_load_policy=1&#038;loop=0&#038;rel=1&#038;fs=1&#038;playsinline=0&#038;autohide=2&#038;theme=dark&#038;color=red&#038;controls=1&#038;disablekb=0&#038;\" class=\"__youtube_prefs__  epyt-is-override  no-lazyload\" title=\"YouTube player\"  allow=\"fullscreen; accelerometer; autoplay; clipboard-write; encrypted-media; gyroscope; picture-in-picture; web-share\" referrerpolicy=\"strict-origin-when-cross-origin\" allowfullscreen data-no-lazy=\"1\" data-skipgform_ajax_framebjll=\"\"><\/iframe>\n<\/div><figcaption><strong>schrit_tmacher CO-LAB 2021 &#8211; Surprise en quatre &#8211; PART IV &#8211; 85%<\/strong><\/figcaption><\/figure>\n\n\n\n<hr class=\"wp-block-separator\"\/>\n\n\n\n<figure class=\"wp-block-gallery aligncenter columns-2 is-cropped wp-block-gallery-1 is-layout-flex wp-block-gallery-is-layout-flex\"><ul class=\"blocks-gallery-grid\"><li class=\"blocks-gallery-item\"><figure><img data-recalc-dims=\"1\" decoding=\"async\" width=\"640\" height=\"361\" src=\"https:\/\/i0.wp.com\/schrittmacherfestival.nl\/wp-content\/uploads\/2021\/06\/co_lab_foto_11.1280x1280.jpg?resize=640%2C361&#038;ssl=1\" alt=\"\" data-id=\"528\" data-full-url=\"https:\/\/schrittmacherfestival.nl\/wp-content\/uploads\/2021\/06\/co_lab_foto_11.1280x1280.jpg\" data-link=\"https:\/\/schrittmacherfestival.nl\/?attachment_id=528\" class=\"wp-image-528\" srcset=\"https:\/\/i0.wp.com\/schrittmacherfestival.nl\/wp-content\/uploads\/2021\/06\/co_lab_foto_11.1280x1280.jpg?resize=1024%2C577&amp;ssl=1 1024w, https:\/\/i0.wp.com\/schrittmacherfestival.nl\/wp-content\/uploads\/2021\/06\/co_lab_foto_11.1280x1280.jpg?resize=300%2C169&amp;ssl=1 300w, https:\/\/i0.wp.com\/schrittmacherfestival.nl\/wp-content\/uploads\/2021\/06\/co_lab_foto_11.1280x1280.jpg?resize=768%2C433&amp;ssl=1 768w, https:\/\/i0.wp.com\/schrittmacherfestival.nl\/wp-content\/uploads\/2021\/06\/co_lab_foto_11.1280x1280.jpg?w=1280&amp;ssl=1 1280w\" sizes=\"(max-width: 640px) 100vw, 640px\" \/><\/figure><\/li><li class=\"blocks-gallery-item\"><figure><img data-recalc-dims=\"1\" decoding=\"async\" width=\"640\" height=\"361\" src=\"https:\/\/i0.wp.com\/schrittmacherfestival.nl\/wp-content\/uploads\/2021\/06\/co_lab_foto_39.1280x1280.jpg?resize=640%2C361&#038;ssl=1\" alt=\"\" data-id=\"529\" data-full-url=\"https:\/\/schrittmacherfestival.nl\/wp-content\/uploads\/2021\/06\/co_lab_foto_39.1280x1280.jpg\" data-link=\"https:\/\/schrittmacherfestival.nl\/?attachment_id=529\" class=\"wp-image-529\" srcset=\"https:\/\/i0.wp.com\/schrittmacherfestival.nl\/wp-content\/uploads\/2021\/06\/co_lab_foto_39.1280x1280.jpg?resize=1024%2C577&amp;ssl=1 1024w, https:\/\/i0.wp.com\/schrittmacherfestival.nl\/wp-content\/uploads\/2021\/06\/co_lab_foto_39.1280x1280.jpg?resize=300%2C169&amp;ssl=1 300w, https:\/\/i0.wp.com\/schrittmacherfestival.nl\/wp-content\/uploads\/2021\/06\/co_lab_foto_39.1280x1280.jpg?resize=768%2C433&amp;ssl=1 768w, https:\/\/i0.wp.com\/schrittmacherfestival.nl\/wp-content\/uploads\/2021\/06\/co_lab_foto_39.1280x1280.jpg?w=1280&amp;ssl=1 1280w\" sizes=\"(max-width: 640px) 100vw, 640px\" \/><\/figure><\/li><\/ul><\/figure>\n\n\n\n<hr class=\"wp-block-separator\"\/>\n\n\n\n<p><\/p>\n","protected":false},"excerpt":{"rendered":"<p>Surprise en quatre Kostenloser live stream Vier talentierte Performer aus der Region treten auf dem Maanplein in Heerlen auf. schrit_tmacher unterst\u00fctzt junge Theatermacher in ihrer Entwicklung. Regelm\u00e4\u00dfig l\u00e4dt das Festival talentierte T\u00e4nzer:innen und Choreograf:innen aus der Euregio ein, gemeinsam eine neue Produktion zu entwickeln. Im Rahmen der Sommerausgabe von schrit_tmacher treten vier talentierte junge Choreograf:innen mit Co-Lab an einem besonderen [&hellip;]<\/p>\n","protected":false},"author":1,"featured_media":0,"parent":0,"menu_order":0,"comment_status":"closed","ping_status":"closed","template":"","meta":{"_acf_changed":false,"footnotes":""},"class_list":["post-2292","page","type-page","status-publish","hentry"],"aioseo_notices":[],"acf":[],"jetpack_sharing_enabled":true,"_links":{"self":[{"href":"https:\/\/schrittmacherfestival.nl\/de\/wp-json\/wp\/v2\/pages\/2292","targetHints":{"allow":["GET"]}}],"collection":[{"href":"https:\/\/schrittmacherfestival.nl\/de\/wp-json\/wp\/v2\/pages"}],"about":[{"href":"https:\/\/schrittmacherfestival.nl\/de\/wp-json\/wp\/v2\/types\/page"}],"author":[{"embeddable":true,"href":"https:\/\/schrittmacherfestival.nl\/de\/wp-json\/wp\/v2\/users\/1"}],"replies":[{"embeddable":true,"href":"https:\/\/schrittmacherfestival.nl\/de\/wp-json\/wp\/v2\/comments?post=2292"}],"version-history":[{"count":1,"href":"https:\/\/schrittmacherfestival.nl\/de\/wp-json\/wp\/v2\/pages\/2292\/revisions"}],"predecessor-version":[{"id":2308,"href":"https:\/\/schrittmacherfestival.nl\/de\/wp-json\/wp\/v2\/pages\/2292\/revisions\/2308"}],"wp:attachment":[{"href":"https:\/\/schrittmacherfestival.nl\/de\/wp-json\/wp\/v2\/media?parent=2292"}],"curies":[{"name":"wp","href":"https:\/\/api.w.org\/{rel}","templated":true}]}}