{"id":2315,"date":"2021-07-21T10:15:39","date_gmt":"2021-07-21T10:15:39","guid":{"rendered":"https:\/\/schrittmacherfestival.nl\/note-to-self-van-hans-nieuwenhuijsen\/"},"modified":"2021-07-21T11:03:25","modified_gmt":"2021-07-21T11:03:25","slug":"note-to-self-van-hans-nieuwenhuijsen","status":"publish","type":"page","link":"https:\/\/schrittmacherfestival.nl\/de\/note-to-self-van-hans-nieuwenhuijsen\/","title":{"rendered":"Note to Self van Hans Nieuwenhuijsen"},"content":{"rendered":"\n<h2 class=\"wp-block-heading\"><span style=\"color:#000000\" class=\"tadv-color\">Redo &amp; Dominique Vleeshouwers<\/span><\/h2>\n\n\n\n<p><strong><span style=\"background-color:#f5ec5a\" class=\"tadv-background-color\">Aufgenommen <strong><strong>SCHUNCK*<\/strong><\/strong><\/span><\/strong><br><strong><span style=\"background-color:#f5ec5a\" class=\"tadv-background-color\"><strong>Kostenloser live stream<\/strong><br><\/span><\/strong><\/p>\n\n\n\n<figure class=\"wp-block-image alignwide size-large\"><img data-recalc-dims=\"1\" fetchpriority=\"high\" decoding=\"async\" width=\"640\" height=\"260\" src=\"https:\/\/i0.wp.com\/schrittmacherfestival.nl\/wp-content\/uploads\/2021\/06\/Blurred-Lines.jpeg?resize=640%2C260&#038;ssl=1\" alt=\"\" class=\"wp-image-675\" srcset=\"https:\/\/i0.wp.com\/schrittmacherfestival.nl\/wp-content\/uploads\/2021\/06\/Blurred-Lines.jpeg?resize=1024%2C416&amp;ssl=1 1024w, https:\/\/i0.wp.com\/schrittmacherfestival.nl\/wp-content\/uploads\/2021\/06\/Blurred-Lines.jpeg?resize=300%2C122&amp;ssl=1 300w, https:\/\/i0.wp.com\/schrittmacherfestival.nl\/wp-content\/uploads\/2021\/06\/Blurred-Lines.jpeg?resize=768%2C312&amp;ssl=1 768w, https:\/\/i0.wp.com\/schrittmacherfestival.nl\/wp-content\/uploads\/2021\/06\/Blurred-Lines.jpeg?w=1230&amp;ssl=1 1230w\" sizes=\"(max-width: 640px) 100vw, 640px\" \/><\/figure>\n\n\n\n<hr class=\"wp-block-separator\"\/>\n\n\n\n<h1 class=\"has-black-color has-text-color wp-block-heading\"><strong>Die niederl\u00e4ndische Musikpreisgewinnerin Dominique Vleeshouwers und der \u201eZwaan\u201c-Preistr\u00e4ger Redouan \u201eRedo\u201c Ait Chitt schufen 2020 gemeinsam&nbsp;<em>Blurred Lines<\/em>.<\/strong><\/h1>\n\n\n\n<p><strong>Diese Auff\u00fchrung \u00fcber das Leben mit (Un-)M\u00f6glichkeiten wurde bei der Ausgabe des Festivals anl\u00e4sslich der Nederlandse Dansdagen (Niederl\u00e4ndische Tanztage) pr\u00e4sentiert. F\u00fcr schrit_tmacher arbeiten sie an der Fortsetzung&nbsp;<em>A new dawn: for new tomorrows<\/em>.<\/strong><\/p>\n\n\n\n<p>Das Material von&nbsp;<em>Blurred Lines<\/em>&nbsp;bildet die Grundlage f\u00fcr diese neue abendf\u00fcllende Auff\u00fchrung, in der Dominique und Redo mit drei amerikanischen K\u00fcnstler:innen zusammenarbeiten: Hanna Benn, Deantoni Parks und Shara Novak, auch bekannt als My Brightest Diamond.&nbsp;In der Auff\u00fchrung wird thematisiert, was uns als Menschen inspiriert, welche Leidenschaften wir haben, was uns gl\u00fccklich macht und wie wir einer neuen Wirklichkeit Bedeutung geben k\u00f6nnen. Improvisation wird ein wesentlicher Bestandteil der Vorstellung sein, denn Redo und Dominique werden sich bei schrit_tmacher darauf konzentrieren. Au\u00dferdem arbeiten sie f\u00fcr uns an einem neuen Werk mit dem Titel&nbsp;<em>Note to Self<\/em>&nbsp;von Hans Nieuwenhuijsen.<\/p>\n\n\n\n<p>schrit_tmacher, IBE und die Nederlandse Dansdagen haben Redo und Dominique gebeten, jeweils einen anderen Teil f\u00fcr die neue Auff\u00fchrung zu entwickeln. Dieses Forschungsprojekt ist Teil von Proeftuin Dans: Right now!<\/p>\n\n\n\n<p><\/p>\n\n\n\n<hr class=\"wp-block-separator\"\/>\n\n\n\n<figure class=\"wp-block-embed aligncenter is-type-video is-provider-youtube wp-block-embed-youtube wp-embed-aspect-16-9 wp-has-aspect-ratio\"><div class=\"wp-block-embed__wrapper\">\n<iframe  id=\"_ytid_48568\"  width=\"640\" height=\"360\"  data-origwidth=\"640\" data-origheight=\"360\" src=\"https:\/\/www.youtube.com\/embed\/E4uh9fc34pA?enablejsapi=1&#038;autoplay=0&#038;cc_load_policy=0&#038;cc_lang_pref=&#038;iv_load_policy=1&#038;loop=0&#038;rel=1&#038;fs=1&#038;playsinline=0&#038;autohide=2&#038;theme=dark&#038;color=red&#038;controls=1&#038;disablekb=0&#038;\" class=\"__youtube_prefs__  epyt-is-override  no-lazyload\" title=\"YouTube player\"  allow=\"fullscreen; accelerometer; autoplay; clipboard-write; encrypted-media; gyroscope; picture-in-picture; web-share\" referrerpolicy=\"strict-origin-when-cross-origin\" allowfullscreen data-no-lazy=\"1\" data-skipgform_ajax_framebjll=\"\"><\/iframe>\n<\/div><figcaption><strong>Redo &amp; Dominique Vleeshouwers &#8211; Note to Self van Hans Nieuwenhuijsen<\/strong><\/figcaption><\/figure>\n\n\n\n<hr class=\"wp-block-separator aligncenter\"\/>\n\n\n\n<figure class=\"wp-block-gallery aligncenter columns-2 is-cropped wp-block-gallery-1 is-layout-flex wp-block-gallery-is-layout-flex\"><ul class=\"blocks-gallery-grid\"><li class=\"blocks-gallery-item\"><figure><img data-recalc-dims=\"1\" decoding=\"async\" width=\"640\" height=\"426\" src=\"https:\/\/i0.wp.com\/schrittmacherfestival.nl\/wp-content\/uploads\/2021\/06\/redo_dominique_by_claudia_hansen.1280x1280.jpg?resize=640%2C426&#038;ssl=1\" alt=\"\" data-id=\"681\" data-full-url=\"https:\/\/schrittmacherfestival.nl\/wp-content\/uploads\/2021\/06\/redo_dominique_by_claudia_hansen.1280x1280.jpg\" data-link=\"https:\/\/schrittmacherfestival.nl\/?attachment_id=681\" class=\"wp-image-681\" srcset=\"https:\/\/i0.wp.com\/schrittmacherfestival.nl\/wp-content\/uploads\/2021\/06\/redo_dominique_by_claudia_hansen.1280x1280.jpg?resize=1024%2C682&amp;ssl=1 1024w, https:\/\/i0.wp.com\/schrittmacherfestival.nl\/wp-content\/uploads\/2021\/06\/redo_dominique_by_claudia_hansen.1280x1280.jpg?resize=300%2C200&amp;ssl=1 300w, https:\/\/i0.wp.com\/schrittmacherfestival.nl\/wp-content\/uploads\/2021\/06\/redo_dominique_by_claudia_hansen.1280x1280.jpg?resize=768%2C511&amp;ssl=1 768w, https:\/\/i0.wp.com\/schrittmacherfestival.nl\/wp-content\/uploads\/2021\/06\/redo_dominique_by_claudia_hansen.1280x1280.jpg?resize=600%2C400&amp;ssl=1 600w, https:\/\/i0.wp.com\/schrittmacherfestival.nl\/wp-content\/uploads\/2021\/06\/redo_dominique_by_claudia_hansen.1280x1280.jpg?w=1280&amp;ssl=1 1280w\" sizes=\"(max-width: 640px) 100vw, 640px\" \/><\/figure><\/li><li class=\"blocks-gallery-item\"><figure><img data-recalc-dims=\"1\" decoding=\"async\" width=\"640\" height=\"360\" src=\"https:\/\/i0.wp.com\/schrittmacherfestival.nl\/wp-content\/uploads\/2021\/06\/blurred_lines_video_still.1280x1280.jpg?resize=640%2C360&#038;ssl=1\" alt=\"\" data-id=\"682\" data-full-url=\"https:\/\/schrittmacherfestival.nl\/wp-content\/uploads\/2021\/06\/blurred_lines_video_still.1280x1280.jpg\" data-link=\"https:\/\/schrittmacherfestival.nl\/?attachment_id=682\" class=\"wp-image-682\" srcset=\"https:\/\/i0.wp.com\/schrittmacherfestival.nl\/wp-content\/uploads\/2021\/06\/blurred_lines_video_still.1280x1280.jpg?resize=1024%2C576&amp;ssl=1 1024w, https:\/\/i0.wp.com\/schrittmacherfestival.nl\/wp-content\/uploads\/2021\/06\/blurred_lines_video_still.1280x1280.jpg?resize=300%2C169&amp;ssl=1 300w, https:\/\/i0.wp.com\/schrittmacherfestival.nl\/wp-content\/uploads\/2021\/06\/blurred_lines_video_still.1280x1280.jpg?resize=768%2C432&amp;ssl=1 768w, https:\/\/i0.wp.com\/schrittmacherfestival.nl\/wp-content\/uploads\/2021\/06\/blurred_lines_video_still.1280x1280.jpg?w=1280&amp;ssl=1 1280w\" sizes=\"(max-width: 640px) 100vw, 640px\" \/><\/figure><\/li><\/ul><\/figure>\n\n\n\n<hr class=\"wp-block-separator\"\/>\n\n\n\n<p><\/p>\n","protected":false},"excerpt":{"rendered":"<p>Redo &amp; Dominique Vleeshouwers Aufgenommen SCHUNCK*Kostenloser live stream Die niederl\u00e4ndische Musikpreisgewinnerin Dominique Vleeshouwers und der \u201eZwaan\u201c-Preistr\u00e4ger Redouan \u201eRedo\u201c Ait Chitt schufen 2020 gemeinsam&nbsp;Blurred Lines. Diese Auff\u00fchrung \u00fcber das Leben mit (Un-)M\u00f6glichkeiten wurde bei der Ausgabe des Festivals anl\u00e4sslich der Nederlandse Dansdagen (Niederl\u00e4ndische Tanztage) pr\u00e4sentiert. F\u00fcr schrit_tmacher arbeiten sie an der Fortsetzung&nbsp;A new dawn: for new tomorrows. Das Material von&nbsp;Blurred Lines&nbsp;bildet [&hellip;]<\/p>\n","protected":false},"author":1,"featured_media":0,"parent":0,"menu_order":0,"comment_status":"closed","ping_status":"closed","template":"","meta":{"_acf_changed":false,"footnotes":""},"class_list":["post-2315","page","type-page","status-publish","hentry"],"aioseo_notices":[],"acf":[],"jetpack_sharing_enabled":true,"_links":{"self":[{"href":"https:\/\/schrittmacherfestival.nl\/de\/wp-json\/wp\/v2\/pages\/2315","targetHints":{"allow":["GET"]}}],"collection":[{"href":"https:\/\/schrittmacherfestival.nl\/de\/wp-json\/wp\/v2\/pages"}],"about":[{"href":"https:\/\/schrittmacherfestival.nl\/de\/wp-json\/wp\/v2\/types\/page"}],"author":[{"embeddable":true,"href":"https:\/\/schrittmacherfestival.nl\/de\/wp-json\/wp\/v2\/users\/1"}],"replies":[{"embeddable":true,"href":"https:\/\/schrittmacherfestival.nl\/de\/wp-json\/wp\/v2\/comments?post=2315"}],"version-history":[{"count":3,"href":"https:\/\/schrittmacherfestival.nl\/de\/wp-json\/wp\/v2\/pages\/2315\/revisions"}],"predecessor-version":[{"id":2319,"href":"https:\/\/schrittmacherfestival.nl\/de\/wp-json\/wp\/v2\/pages\/2315\/revisions\/2319"}],"wp:attachment":[{"href":"https:\/\/schrittmacherfestival.nl\/de\/wp-json\/wp\/v2\/media?parent=2315"}],"curies":[{"name":"wp","href":"https:\/\/api.w.org\/{rel}","templated":true}]}}