{"id":2430,"date":"2021-12-09T09:39:14","date_gmt":"2021-12-09T09:39:14","guid":{"rendered":"https:\/\/schrittmacherfestival.nl\/overflow\/"},"modified":"2021-12-17T07:58:42","modified_gmt":"2021-12-17T07:58:42","slug":"overflow","status":"publish","type":"page","link":"https:\/\/schrittmacherfestival.nl\/de\/overflow\/","title":{"rendered":"Overflow"},"content":{"rendered":"\n<h1 class=\"wp-block-heading\"><span style=\"color:#000000\" class=\"tadv-color\"><strong><strong>Alexander Whitley Dance Company <\/strong>(GBR)<\/strong><\/span><\/h1>\n\n<p><strong>Fabrik Stahlbau Strang, Aken<\/strong><br\/><strong>Fr 11.03. \u2013 Mo 14.03.2022<\/strong><br\/><strong>20.00 Uhr<\/strong><br\/><strong>Von 18,- \u20ac<\/strong><\/p>\n\n<figure class=\"wp-block-image alignwide size-large\"><img data-recalc-dims=\"1\" height=\"248\" width=\"640\" decoding=\"async\" src=\"https:\/\/i0.wp.com\/schrittmacherfestival.nl\/wp-content\/uploads\/2021\/06\/smf_22_awoverflow2019jp_11314-2-scaled-e1639047285696-1024x396.jpg?resize=640%2C248&#038;ssl=1\" alt=\"\" class=\"wp-image-2466\"\/><\/figure>\n<hr class=\"wp-block-separator\"\/>\n\n<h2 class=\"wp-block-heading\"><strong>Festivaler\u00f6ffnung Aachen <\/strong><\/h2>\n\n<p>Eine Entdeckung! Seit der Gr\u00fcndung seiner Kompanie in 2014 kreiert Alexander Whitley explosive, jedoch delikat komponierte klassisch-zeitgen\u00f6ssische Choreografien, die t\u00e4nzerische Virtuosit\u00e4t mit hoher Musikalit\u00e4t und starken visuellen Elementen kombinieren. \u201cOverflow\u201d ist eine Auseinandersetzung mit der Explosion an Informationen, \u201cBig Data\u201d und sozialen Netzwerken, die wir im Zeitalter des Internet erleben. Intime Soli und expansive Gruppenszenen agieren im Einklang mit einer kinetischen Lichtskulptur, die die T\u00e4nzer*innen mit wechselnden Rahmen und Energien umh\u00fcllt. Ein Tanzst\u00fcck von \u00fcberbordender Phantasie, das die B\u00fchne mit starken Emotionen und leuchtendem Tanz f\u00f6rmlich \u00fcberflutet.<\/p>\n\n<p>Dauer: ~ 60 Min. ohne Pause<\/p>\n\n<hr class=\"wp-block-separator\"\/>\n\n<div class=\"wp-block-buttons is-content-justification-center is-layout-flex wp-block-buttons-is-layout-flex\">\n<div class=\"wp-block-button\"><a class=\"wp-block-button__link has-white-color has-black-background-color has-text-color has-background\" href=\"https:\/\/www.plt.nl\/bestel\/9345\" target=\"_blank\" rel=\"noreferrer noopener\"><strong>Tickets<\/strong> <strong>Fr 11.03<\/strong><\/a><\/div>\n\n\n\n<div class=\"wp-block-button\"><a class=\"wp-block-button__link has-white-color has-black-background-color has-text-color has-background\" href=\"https:\/\/www.plt.nl\/bestel\/9346\" target=\"_blank\" rel=\"noreferrer noopener\"><strong>Tickets<\/strong> <strong>Sa 12.03<\/strong><\/a><\/div>\n\n\n\n<div class=\"wp-block-button\"><a class=\"wp-block-button__link has-white-color has-black-background-color has-text-color has-background\" href=\"https:\/\/www.plt.nl\/bestel\/9348\" target=\"_blank\" rel=\"noreferrer noopener\"><strong>Tickets<\/strong> <strong>So 13.03<\/strong><\/a><\/div>\n\n\n\n<div class=\"wp-block-button\"><a class=\"wp-block-button__link has-white-color has-black-background-color has-text-color has-background\" href=\"https:\/\/www.plt.nl\/bestel\/9347\" target=\"_blank\" rel=\"noreferrer noopener\"><strong>Tickets<\/strong> <strong>Mo 14.03<\/strong><\/a><\/div>\n<\/div>\n\n<hr class=\"wp-block-separator\"\/>\n\n<figure class=\"wp-block-embed aligncenter is-type-video is-provider-vimeo wp-block-embed-vimeo wp-embed-aspect-16-9 wp-has-aspect-ratio\"><div class=\"wp-block-embed__wrapper\">\r\n<div class=\"jetpack-video-wrapper\"><iframe title=\"Overflow Trailer - March 2021\" src=\"https:\/\/player.vimeo.com\/video\/528359701?dnt=1&amp;app_id=122963\" width=\"640\" height=\"360\" frameborder=\"0\" allow=\"autoplay; fullscreen; picture-in-picture; clipboard-write\"><\/iframe><\/div>\r\n<\/div><\/figure>\r\n\n<hr class=\"wp-block-separator\"\/>\n\n<figure class=\"wp-block-gallery aligncenter columns-2 is-cropped wp-block-gallery-1 is-layout-flex wp-block-gallery-is-layout-flex\"><ul class=\"blocks-gallery-grid\"><li class=\"blocks-gallery-item\"><figure><img data-recalc-dims=\"1\" fetchpriority=\"high\" decoding=\"async\" width=\"640\" height=\"960\" src=\"https:\/\/i0.wp.com\/schrittmacherfestival.nl\/wp-content\/uploads\/2021\/12\/smf_22_awoverflow2019jp_02276.jpg?resize=640%2C960&#038;ssl=1\" alt=\"\" data-id=\"2422\" data-full-url=\"https:\/\/schrittmacherfestival.nl\/wp-content\/uploads\/2021\/12\/smf_22_awoverflow2019jp_02276-scaled.jpg\" data-link=\"https:\/\/schrittmacherfestival.nl\/?attachment_id=2422\" class=\"wp-image-2423\" srcset=\"https:\/\/i0.wp.com\/schrittmacherfestival.nl\/wp-content\/uploads\/2021\/12\/smf_22_awoverflow2019jp_02276-scaled.jpg?resize=683%2C1024&amp;ssl=1 683w, https:\/\/i0.wp.com\/schrittmacherfestival.nl\/wp-content\/uploads\/2021\/12\/smf_22_awoverflow2019jp_02276-scaled.jpg?resize=200%2C300&amp;ssl=1 200w, https:\/\/i0.wp.com\/schrittmacherfestival.nl\/wp-content\/uploads\/2021\/12\/smf_22_awoverflow2019jp_02276-scaled.jpg?resize=768%2C1152&amp;ssl=1 768w, https:\/\/i0.wp.com\/schrittmacherfestival.nl\/wp-content\/uploads\/2021\/12\/smf_22_awoverflow2019jp_02276-scaled.jpg?resize=1024%2C1536&amp;ssl=1 1024w, https:\/\/i0.wp.com\/schrittmacherfestival.nl\/wp-content\/uploads\/2021\/12\/smf_22_awoverflow2019jp_02276-scaled.jpg?resize=1366%2C2048&amp;ssl=1 1366w, https:\/\/i0.wp.com\/schrittmacherfestival.nl\/wp-content\/uploads\/2021\/12\/smf_22_awoverflow2019jp_02276-scaled.jpg?w=1707&amp;ssl=1 1707w, https:\/\/i0.wp.com\/schrittmacherfestival.nl\/wp-content\/uploads\/2021\/12\/smf_22_awoverflow2019jp_02276-scaled.jpg?w=1280&amp;ssl=1 1280w\" sizes=\"(max-width: 640px) 100vw, 640px\" \/><\/figure><\/li><li class=\"blocks-gallery-item\"><figure><img data-recalc-dims=\"1\" decoding=\"async\" width=\"640\" height=\"427\" src=\"https:\/\/i0.wp.com\/schrittmacherfestival.nl\/wp-content\/uploads\/2021\/12\/smf_22_awoverflow2019jp_20838.jpg?resize=640%2C427&#038;ssl=1\" alt=\"\" data-id=\"2424\" data-full-url=\"https:\/\/schrittmacherfestival.nl\/wp-content\/uploads\/2021\/12\/smf_22_awoverflow2019jp_20838.jpg\" data-link=\"https:\/\/schrittmacherfestival.nl\/?attachment_id=2424\" class=\"wp-image-2425\" srcset=\"https:\/\/i0.wp.com\/schrittmacherfestival.nl\/wp-content\/uploads\/2021\/12\/smf_22_awoverflow2019jp_20838.jpg?resize=1024%2C683&amp;ssl=1 1024w, https:\/\/i0.wp.com\/schrittmacherfestival.nl\/wp-content\/uploads\/2021\/12\/smf_22_awoverflow2019jp_20838.jpg?resize=300%2C200&amp;ssl=1 300w, https:\/\/i0.wp.com\/schrittmacherfestival.nl\/wp-content\/uploads\/2021\/12\/smf_22_awoverflow2019jp_20838.jpg?resize=768%2C512&amp;ssl=1 768w, https:\/\/i0.wp.com\/schrittmacherfestival.nl\/wp-content\/uploads\/2021\/12\/smf_22_awoverflow2019jp_20838.jpg?resize=1536%2C1025&amp;ssl=1 1536w, https:\/\/i0.wp.com\/schrittmacherfestival.nl\/wp-content\/uploads\/2021\/12\/smf_22_awoverflow2019jp_20838.jpg?resize=600%2C400&amp;ssl=1 600w, https:\/\/i0.wp.com\/schrittmacherfestival.nl\/wp-content\/uploads\/2021\/12\/smf_22_awoverflow2019jp_20838.jpg?w=2048&amp;ssl=1 2048w, https:\/\/i0.wp.com\/schrittmacherfestival.nl\/wp-content\/uploads\/2021\/12\/smf_22_awoverflow2019jp_20838.jpg?w=1280&amp;ssl=1 1280w, https:\/\/i0.wp.com\/schrittmacherfestival.nl\/wp-content\/uploads\/2021\/12\/smf_22_awoverflow2019jp_20838.jpg?w=1920&amp;ssl=1 1920w\" sizes=\"(max-width: 640px) 100vw, 640px\" \/><\/figure><\/li><\/ul><\/figure>\n<hr class=\"wp-block-separator\"\/>\n\n<p><\/p>\n","protected":false},"excerpt":{"rendered":"<p>Alexander Whitley Dance Company (GBR) Fabrik Stahlbau Strang, AkenFr 11.03. \u2013 Mo 14.03.202220.00 UhrVon 18,- \u20ac Festivaler\u00f6ffnung Aachen Eine Entdeckung! Seit der Gr\u00fcndung seiner Kompanie in 2014 kreiert Alexander Whitley explosive, jedoch delikat komponierte klassisch-zeitgen\u00f6ssische Choreografien, die t\u00e4nzerische Virtuosit\u00e4t mit hoher Musikalit\u00e4t und starken visuellen Elementen kombinieren. \u201cOverflow\u201d ist eine Auseinandersetzung mit der Explosion an Informationen, \u201cBig Data\u201d und sozialen [&hellip;]<\/p>\n","protected":false},"author":1,"featured_media":0,"parent":0,"menu_order":0,"comment_status":"closed","ping_status":"closed","template":"","meta":{"_acf_changed":false,"footnotes":""},"class_list":["post-2430","page","type-page","status-publish","hentry"],"aioseo_notices":[],"acf":[],"jetpack_sharing_enabled":true,"_links":{"self":[{"href":"https:\/\/schrittmacherfestival.nl\/de\/wp-json\/wp\/v2\/pages\/2430","targetHints":{"allow":["GET"]}}],"collection":[{"href":"https:\/\/schrittmacherfestival.nl\/de\/wp-json\/wp\/v2\/pages"}],"about":[{"href":"https:\/\/schrittmacherfestival.nl\/de\/wp-json\/wp\/v2\/types\/page"}],"author":[{"embeddable":true,"href":"https:\/\/schrittmacherfestival.nl\/de\/wp-json\/wp\/v2\/users\/1"}],"replies":[{"embeddable":true,"href":"https:\/\/schrittmacherfestival.nl\/de\/wp-json\/wp\/v2\/comments?post=2430"}],"version-history":[{"count":56,"href":"https:\/\/schrittmacherfestival.nl\/de\/wp-json\/wp\/v2\/pages\/2430\/revisions"}],"predecessor-version":[{"id":2955,"href":"https:\/\/schrittmacherfestival.nl\/de\/wp-json\/wp\/v2\/pages\/2430\/revisions\/2955"}],"wp:attachment":[{"href":"https:\/\/schrittmacherfestival.nl\/de\/wp-json\/wp\/v2\/media?parent=2430"}],"curies":[{"name":"wp","href":"https:\/\/api.w.org\/{rel}","templated":true}]}}