{"id":2582,"date":"2021-12-10T10:50:51","date_gmt":"2021-12-10T10:50:51","guid":{"rendered":"https:\/\/schrittmacherfestival.nl\/floating-flowers\/"},"modified":"2021-12-17T08:06:55","modified_gmt":"2021-12-17T08:06:55","slug":"floating-flowers","status":"publish","type":"page","link":"https:\/\/schrittmacherfestival.nl\/de\/floating-flowers\/","title":{"rendered":"Floating Flowers"},"content":{"rendered":"\n<h1 class=\"wp-block-heading\"><span style=\"color:#000000\" class=\"tadv-color\"><strong><strong><strong>B.Dance <\/strong>(ROC)\u00a0<\/strong><\/strong><\/span><\/h1>\n\n<p><strong>Fabrik Stahlbau Strang, Aken<\/strong><br\/><strong><strong>Do 24.03. \u2013 So 27.03.2022<\/strong><\/strong><br\/><strong>20.00 Uhr <\/strong><br\/><strong>Von 18,- \u20ac<\/strong><\/p>\n\n<figure class=\"wp-block-image alignwide size-full\"><img data-recalc-dims=\"1\" decoding=\"async\" src=\"https:\/\/i0.wp.com\/schrittmacherfestival.nl\/wp-content\/uploads\/2021\/12\/smf_22_1524-B.Dance2015-scaled-e1639132627710.jpg?w=640&#038;ssl=1\" alt=\"\" class=\"wp-image-2570\"\/><\/figure>\n<hr class=\"wp-block-separator\"\/>\n\n<p>Unter der Leitung des jungen taiwanesischen Choreografen Po-ChenTsai &#8211; einem der \u201eShooting Stars\u201c der asiatischen Tanzszene &#8211; geh\u00f6rt B.Dance seit ihrer Gr\u00fcndung in 2014 zu den bekanntesten preisgekr\u00f6nten Kompanien der internationalen Szene. Po-Cheng Tsai hat eine einzigartige t\u00e4nzerische Sprache entwickelt, die traditionelle asiatische Bewegungselemente, Kampfkunst und zeitgen\u00f6ssischen Tanz kombiniert. Seine \u00c4sthetik vereint orientalische Mystik und Phantasie mit bewegendem Tanztheater. \u201eFloating Flowers\u201d ist von einer traditionellen taiwanesischen Zelebration des Ghost Festivals inspiriert, eine der sch\u00f6nsten buddhistischen Zeremonien des Landes. Ein Werk reiner Poesie, in dem wundersame Gestalten, verh\u00fcllt in feinem Musselin, mysteri\u00f6se Landschaften zaubern.<\/p>\n\n<p>Dauer: ~ 60 Min. ohne Pause<\/p>\n\n<p><\/p>\n\n<hr class=\"wp-block-separator\"\/>\n\n<div class=\"wp-block-buttons is-content-justification-center is-layout-flex wp-block-buttons-is-layout-flex\">\n<div class=\"wp-block-button\"><a class=\"wp-block-button__link has-white-color has-black-background-color has-text-color has-background\" href=\"https:\/\/www.plt.nl\/bestel\/9353\" target=\"_blank\" rel=\"noreferrer noopener\"><strong>Tickets Do 24.03<\/strong><\/a><\/div>\n\n\n\n<div class=\"wp-block-button\"><a class=\"wp-block-button__link has-white-color has-black-background-color has-text-color has-background\" href=\"https:\/\/www.plt.nl\/bestel\/9355\" target=\"_blank\" rel=\"noreferrer noopener\"><strong>Tickets Fr 25.03<\/strong><\/a><\/div>\n\n\n\n<div class=\"wp-block-button\"><a class=\"wp-block-button__link has-white-color has-black-background-color has-text-color has-background\" href=\"https:\/\/www.plt.nl\/bestel\/9354\" target=\"_blank\" rel=\"noreferrer noopener\"><strong>Tickets Sa 26.03<\/strong><\/a><\/div>\n\n\n\n<div class=\"wp-block-button\"><a class=\"wp-block-button__link has-white-color has-black-background-color has-text-color has-background\" href=\"https:\/\/www.plt.nl\/bestel\/9356\" target=\"_blank\" rel=\"noreferrer noopener\"><strong>Tickets So 27.03<\/strong><\/a><\/div>\n<\/div>\n\n<hr class=\"wp-block-separator\"\/>\n\n<figure class=\"wp-block-embed is-type-video is-provider-vimeo wp-block-embed-vimeo wp-embed-aspect-16-9 wp-has-aspect-ratio\"><div class=\"wp-block-embed__wrapper\">\r\n<div class=\"jetpack-video-wrapper\"><iframe src=\"https:\/\/player.vimeo.com\/video\/362015109?dnt=1&amp;app_id=122963\" width=\"640\" height=\"360\" frameborder=\"0\" allow=\"autoplay; fullscreen; picture-in-picture; clipboard-write\"><\/iframe><\/div>\r\n<\/div><\/figure>\r\n\n<hr class=\"wp-block-separator\"\/>\n\n<figure class=\"wp-block-gallery aligncenter columns-3 is-cropped wp-block-gallery-1 is-layout-flex wp-block-gallery-is-layout-flex\"><ul class=\"blocks-gallery-grid\"><li class=\"blocks-gallery-item\"><figure><img data-recalc-dims=\"1\" fetchpriority=\"high\" decoding=\"async\" width=\"640\" height=\"360\" src=\"https:\/\/i0.wp.com\/schrittmacherfestival.nl\/wp-content\/uploads\/2021\/12\/smf_22_1772-B.Dance2015.jpg?resize=640%2C360&#038;ssl=1\" alt=\"\" data-id=\"2571\" data-full-url=\"https:\/\/schrittmacherfestival.nl\/wp-content\/uploads\/2021\/12\/smf_22_1772-B.Dance2015-scaled.jpg\" data-link=\"https:\/\/schrittmacherfestival.nl\/?attachment_id=2571\" class=\"wp-image-2572\" srcset=\"https:\/\/i0.wp.com\/schrittmacherfestival.nl\/wp-content\/uploads\/2021\/12\/smf_22_1772-B.Dance2015-scaled.jpg?resize=1024%2C576&amp;ssl=1 1024w, https:\/\/i0.wp.com\/schrittmacherfestival.nl\/wp-content\/uploads\/2021\/12\/smf_22_1772-B.Dance2015-scaled.jpg?resize=300%2C169&amp;ssl=1 300w, https:\/\/i0.wp.com\/schrittmacherfestival.nl\/wp-content\/uploads\/2021\/12\/smf_22_1772-B.Dance2015-scaled.jpg?resize=768%2C432&amp;ssl=1 768w, https:\/\/i0.wp.com\/schrittmacherfestival.nl\/wp-content\/uploads\/2021\/12\/smf_22_1772-B.Dance2015-scaled.jpg?resize=1536%2C864&amp;ssl=1 1536w, https:\/\/i0.wp.com\/schrittmacherfestival.nl\/wp-content\/uploads\/2021\/12\/smf_22_1772-B.Dance2015-scaled.jpg?resize=2048%2C1153&amp;ssl=1 2048w, https:\/\/i0.wp.com\/schrittmacherfestival.nl\/wp-content\/uploads\/2021\/12\/smf_22_1772-B.Dance2015-scaled.jpg?w=1280&amp;ssl=1 1280w, https:\/\/i0.wp.com\/schrittmacherfestival.nl\/wp-content\/uploads\/2021\/12\/smf_22_1772-B.Dance2015-scaled.jpg?w=1920&amp;ssl=1 1920w\" sizes=\"(max-width: 640px) 100vw, 640px\" \/><\/figure><\/li><li class=\"blocks-gallery-item\"><figure><img data-recalc-dims=\"1\" decoding=\"async\" width=\"640\" height=\"361\" src=\"https:\/\/i0.wp.com\/schrittmacherfestival.nl\/wp-content\/uploads\/2021\/12\/smf_22_Floating-Flowers-%40B.DANCE1_.jpg?resize=640%2C361&#038;ssl=1\" alt=\"\" data-id=\"2573\" data-full-url=\"https:\/\/schrittmacherfestival.nl\/wp-content\/uploads\/2021\/12\/smf_22_Floating-Flowers-@B.DANCE1_-scaled.jpg\" data-link=\"https:\/\/schrittmacherfestival.nl\/?attachment_id=2573\" class=\"wp-image-2574\" srcset=\"https:\/\/i0.wp.com\/schrittmacherfestival.nl\/wp-content\/uploads\/2021\/12\/smf_22_Floating-Flowers-%40B.DANCE1_-scaled.jpg?resize=1024%2C577&amp;ssl=1 1024w, https:\/\/i0.wp.com\/schrittmacherfestival.nl\/wp-content\/uploads\/2021\/12\/smf_22_Floating-Flowers-%40B.DANCE1_-scaled.jpg?resize=300%2C169&amp;ssl=1 300w, https:\/\/i0.wp.com\/schrittmacherfestival.nl\/wp-content\/uploads\/2021\/12\/smf_22_Floating-Flowers-%40B.DANCE1_-scaled.jpg?resize=768%2C433&amp;ssl=1 768w, https:\/\/i0.wp.com\/schrittmacherfestival.nl\/wp-content\/uploads\/2021\/12\/smf_22_Floating-Flowers-%40B.DANCE1_-scaled.jpg?resize=1536%2C865&amp;ssl=1 1536w, https:\/\/i0.wp.com\/schrittmacherfestival.nl\/wp-content\/uploads\/2021\/12\/smf_22_Floating-Flowers-%40B.DANCE1_-scaled.jpg?resize=2048%2C1154&amp;ssl=1 2048w, https:\/\/i0.wp.com\/schrittmacherfestival.nl\/wp-content\/uploads\/2021\/12\/smf_22_Floating-Flowers-%40B.DANCE1_-scaled.jpg?w=1280&amp;ssl=1 1280w, https:\/\/i0.wp.com\/schrittmacherfestival.nl\/wp-content\/uploads\/2021\/12\/smf_22_Floating-Flowers-%40B.DANCE1_-scaled.jpg?w=1920&amp;ssl=1 1920w\" sizes=\"(max-width: 640px) 100vw, 640px\" \/><\/figure><\/li><li class=\"blocks-gallery-item\"><figure><img data-recalc-dims=\"1\" decoding=\"async\" width=\"640\" height=\"428\" src=\"https:\/\/i0.wp.com\/schrittmacherfestival.nl\/wp-content\/uploads\/2021\/12\/smf_22_Floating-Flowers-%40Chang-Chih-Chen3.jpg?resize=640%2C428&#038;ssl=1\" alt=\"\" data-id=\"2575\" data-full-url=\"https:\/\/schrittmacherfestival.nl\/wp-content\/uploads\/2021\/12\/smf_22_Floating-Flowers-@Chang-Chih-Chen3.jpg\" data-link=\"https:\/\/schrittmacherfestival.nl\/?attachment_id=2575\" class=\"wp-image-2576\" srcset=\"https:\/\/i0.wp.com\/schrittmacherfestival.nl\/wp-content\/uploads\/2021\/12\/smf_22_Floating-Flowers-%40Chang-Chih-Chen3.jpg?resize=1024%2C684&amp;ssl=1 1024w, https:\/\/i0.wp.com\/schrittmacherfestival.nl\/wp-content\/uploads\/2021\/12\/smf_22_Floating-Flowers-%40Chang-Chih-Chen3.jpg?resize=300%2C200&amp;ssl=1 300w, https:\/\/i0.wp.com\/schrittmacherfestival.nl\/wp-content\/uploads\/2021\/12\/smf_22_Floating-Flowers-%40Chang-Chih-Chen3.jpg?resize=768%2C513&amp;ssl=1 768w, https:\/\/i0.wp.com\/schrittmacherfestival.nl\/wp-content\/uploads\/2021\/12\/smf_22_Floating-Flowers-%40Chang-Chih-Chen3.jpg?resize=1536%2C1026&amp;ssl=1 1536w, https:\/\/i0.wp.com\/schrittmacherfestival.nl\/wp-content\/uploads\/2021\/12\/smf_22_Floating-Flowers-%40Chang-Chih-Chen3.jpg?resize=600%2C400&amp;ssl=1 600w, https:\/\/i0.wp.com\/schrittmacherfestival.nl\/wp-content\/uploads\/2021\/12\/smf_22_Floating-Flowers-%40Chang-Chih-Chen3.jpg?w=1920&amp;ssl=1 1920w, https:\/\/i0.wp.com\/schrittmacherfestival.nl\/wp-content\/uploads\/2021\/12\/smf_22_Floating-Flowers-%40Chang-Chih-Chen3.jpg?w=1280&amp;ssl=1 1280w\" sizes=\"(max-width: 640px) 100vw, 640px\" \/><\/figure><\/li><li class=\"blocks-gallery-item\"><figure><img data-recalc-dims=\"1\" loading=\"lazy\" decoding=\"async\" width=\"640\" height=\"427\" src=\"https:\/\/i0.wp.com\/schrittmacherfestival.nl\/wp-content\/uploads\/2021\/12\/smf_22_Floating-Flowers-%40Chang-Chih-Chen4.jpg?resize=640%2C427&#038;ssl=1\" alt=\"\" data-id=\"2577\" data-full-url=\"https:\/\/schrittmacherfestival.nl\/wp-content\/uploads\/2021\/12\/smf_22_Floating-Flowers-@Chang-Chih-Chen4.jpg\" data-link=\"https:\/\/schrittmacherfestival.nl\/?attachment_id=2577\" class=\"wp-image-2578\" srcset=\"https:\/\/i0.wp.com\/schrittmacherfestival.nl\/wp-content\/uploads\/2021\/12\/smf_22_Floating-Flowers-%40Chang-Chih-Chen4.jpg?resize=1024%2C683&amp;ssl=1 1024w, https:\/\/i0.wp.com\/schrittmacherfestival.nl\/wp-content\/uploads\/2021\/12\/smf_22_Floating-Flowers-%40Chang-Chih-Chen4.jpg?resize=300%2C200&amp;ssl=1 300w, https:\/\/i0.wp.com\/schrittmacherfestival.nl\/wp-content\/uploads\/2021\/12\/smf_22_Floating-Flowers-%40Chang-Chih-Chen4.jpg?resize=768%2C512&amp;ssl=1 768w, https:\/\/i0.wp.com\/schrittmacherfestival.nl\/wp-content\/uploads\/2021\/12\/smf_22_Floating-Flowers-%40Chang-Chih-Chen4.jpg?resize=1536%2C1025&amp;ssl=1 1536w, https:\/\/i0.wp.com\/schrittmacherfestival.nl\/wp-content\/uploads\/2021\/12\/smf_22_Floating-Flowers-%40Chang-Chih-Chen4.jpg?resize=600%2C400&amp;ssl=1 600w, https:\/\/i0.wp.com\/schrittmacherfestival.nl\/wp-content\/uploads\/2021\/12\/smf_22_Floating-Flowers-%40Chang-Chih-Chen4.jpg?w=1920&amp;ssl=1 1920w, https:\/\/i0.wp.com\/schrittmacherfestival.nl\/wp-content\/uploads\/2021\/12\/smf_22_Floating-Flowers-%40Chang-Chih-Chen4.jpg?w=1280&amp;ssl=1 1280w\" sizes=\"(max-width: 640px) 100vw, 640px\" \/><\/figure><\/li><li class=\"blocks-gallery-item\"><figure><img data-recalc-dims=\"1\" loading=\"lazy\" decoding=\"async\" width=\"640\" height=\"960\" src=\"https:\/\/i0.wp.com\/schrittmacherfestival.nl\/wp-content\/uploads\/2021\/12\/smf_22_Floating-Flowers-%40Chang-Chih-Chen16.jpg?resize=640%2C960&#038;ssl=1\" alt=\"\" data-id=\"2579\" data-full-url=\"https:\/\/schrittmacherfestival.nl\/wp-content\/uploads\/2021\/12\/smf_22_Floating-Flowers-@Chang-Chih-Chen16-scaled.jpg\" data-link=\"https:\/\/schrittmacherfestival.nl\/?attachment_id=2579\" class=\"wp-image-2580\" srcset=\"https:\/\/i0.wp.com\/schrittmacherfestival.nl\/wp-content\/uploads\/2021\/12\/smf_22_Floating-Flowers-%40Chang-Chih-Chen16-scaled.jpg?resize=683%2C1024&amp;ssl=1 683w, https:\/\/i0.wp.com\/schrittmacherfestival.nl\/wp-content\/uploads\/2021\/12\/smf_22_Floating-Flowers-%40Chang-Chih-Chen16-scaled.jpg?resize=200%2C300&amp;ssl=1 200w, https:\/\/i0.wp.com\/schrittmacherfestival.nl\/wp-content\/uploads\/2021\/12\/smf_22_Floating-Flowers-%40Chang-Chih-Chen16-scaled.jpg?resize=768%2C1151&amp;ssl=1 768w, https:\/\/i0.wp.com\/schrittmacherfestival.nl\/wp-content\/uploads\/2021\/12\/smf_22_Floating-Flowers-%40Chang-Chih-Chen16-scaled.jpg?resize=1025%2C1536&amp;ssl=1 1025w, https:\/\/i0.wp.com\/schrittmacherfestival.nl\/wp-content\/uploads\/2021\/12\/smf_22_Floating-Flowers-%40Chang-Chih-Chen16-scaled.jpg?resize=1367%2C2048&amp;ssl=1 1367w, https:\/\/i0.wp.com\/schrittmacherfestival.nl\/wp-content\/uploads\/2021\/12\/smf_22_Floating-Flowers-%40Chang-Chih-Chen16-scaled.jpg?w=1708&amp;ssl=1 1708w, https:\/\/i0.wp.com\/schrittmacherfestival.nl\/wp-content\/uploads\/2021\/12\/smf_22_Floating-Flowers-%40Chang-Chih-Chen16-scaled.jpg?w=1280&amp;ssl=1 1280w\" sizes=\"(max-width: 640px) 100vw, 640px\" \/><\/figure><\/li><\/ul><\/figure>\n<hr class=\"wp-block-separator\"\/>\n\n<p><\/p>\n","protected":false},"excerpt":{"rendered":"<p>B.Dance (ROC)\u00a0 Fabrik Stahlbau Strang, AkenDo 24.03. \u2013 So 27.03.202220.00 Uhr Von 18,- \u20ac Unter der Leitung des jungen taiwanesischen Choreografen Po-ChenTsai &#8211; einem der \u201eShooting Stars\u201c der asiatischen Tanzszene &#8211; geh\u00f6rt B.Dance seit ihrer Gr\u00fcndung in 2014 zu den bekanntesten preisgekr\u00f6nten Kompanien der internationalen Szene. Po-Cheng Tsai hat eine einzigartige t\u00e4nzerische Sprache entwickelt, die traditionelle asiatische Bewegungselemente, Kampfkunst und [&hellip;]<\/p>\n","protected":false},"author":1,"featured_media":0,"parent":0,"menu_order":0,"comment_status":"closed","ping_status":"closed","template":"","meta":{"_acf_changed":false,"footnotes":""},"class_list":["post-2582","page","type-page","status-publish","hentry"],"aioseo_notices":[],"acf":[],"jetpack_sharing_enabled":true,"_links":{"self":[{"href":"https:\/\/schrittmacherfestival.nl\/de\/wp-json\/wp\/v2\/pages\/2582","targetHints":{"allow":["GET"]}}],"collection":[{"href":"https:\/\/schrittmacherfestival.nl\/de\/wp-json\/wp\/v2\/pages"}],"about":[{"href":"https:\/\/schrittmacherfestival.nl\/de\/wp-json\/wp\/v2\/types\/page"}],"author":[{"embeddable":true,"href":"https:\/\/schrittmacherfestival.nl\/de\/wp-json\/wp\/v2\/users\/1"}],"replies":[{"embeddable":true,"href":"https:\/\/schrittmacherfestival.nl\/de\/wp-json\/wp\/v2\/comments?post=2582"}],"version-history":[{"count":15,"href":"https:\/\/schrittmacherfestival.nl\/de\/wp-json\/wp\/v2\/pages\/2582\/revisions"}],"predecessor-version":[{"id":2963,"href":"https:\/\/schrittmacherfestival.nl\/de\/wp-json\/wp\/v2\/pages\/2582\/revisions\/2963"}],"wp:attachment":[{"href":"https:\/\/schrittmacherfestival.nl\/de\/wp-json\/wp\/v2\/media?parent=2582"}],"curies":[{"name":"wp","href":"https:\/\/api.w.org\/{rel}","templated":true}]}}