{"id":2613,"date":"2021-12-10T12:44:21","date_gmt":"2021-12-10T12:44:21","guid":{"rendered":"https:\/\/schrittmacherfestival.nl\/double-murder\/"},"modified":"2022-02-18T10:00:03","modified_gmt":"2022-02-18T10:00:03","slug":"double-murder","status":"publish","type":"page","link":"https:\/\/schrittmacherfestival.nl\/de\/double-murder\/","title":{"rendered":"Double murder"},"content":{"rendered":"\n<h1 class=\"has-black-color has-text-color wp-block-heading\" id=\"hofesh-shechter-company-gbr\"><strong>Hofesh Shechter Company (GBR)<\/strong><\/h1>\n\n<p><strong>Theater Heerlen \/ RABOzaal<\/strong><br\/><strong><strong><strong>Di 08.03.2022<\/strong><\/strong><\/strong> + <strong>Mi 09.03.2022<\/strong><br\/><strong>20.00 Uhr <\/strong><br\/><strong>Von 15,50 \u20ac<\/strong><\/p>\n\n<figure class=\"wp-block-image alignwide size-large\"><img data-recalc-dims=\"1\" fetchpriority=\"high\" decoding=\"async\" width=\"640\" height=\"261\" src=\"https:\/\/i0.wp.com\/schrittmacherfestival.nl\/wp-content\/uploads\/2022\/02\/smf_22_DOUBLE-MURDER_CLOWNS_IMAGE-1_Todd-MacDonald-scaled-e1639139823904-1024x417.jpeg?resize=640%2C261&#038;ssl=1\" alt=\"\" class=\"wp-image-3497\" srcset=\"https:\/\/i0.wp.com\/schrittmacherfestival.nl\/wp-content\/uploads\/2022\/02\/smf_22_DOUBLE-MURDER_CLOWNS_IMAGE-1_Todd-MacDonald-scaled-e1639139823904.jpeg?resize=1024%2C417&amp;ssl=1 1024w, https:\/\/i0.wp.com\/schrittmacherfestival.nl\/wp-content\/uploads\/2022\/02\/smf_22_DOUBLE-MURDER_CLOWNS_IMAGE-1_Todd-MacDonald-scaled-e1639139823904.jpeg?resize=300%2C122&amp;ssl=1 300w, https:\/\/i0.wp.com\/schrittmacherfestival.nl\/wp-content\/uploads\/2022\/02\/smf_22_DOUBLE-MURDER_CLOWNS_IMAGE-1_Todd-MacDonald-scaled-e1639139823904.jpeg?resize=768%2C313&amp;ssl=1 768w, https:\/\/i0.wp.com\/schrittmacherfestival.nl\/wp-content\/uploads\/2022\/02\/smf_22_DOUBLE-MURDER_CLOWNS_IMAGE-1_Todd-MacDonald-scaled-e1639139823904.jpeg?w=1230&amp;ssl=1 1230w\" sizes=\"(max-width: 640px) 100vw, 640px\" \/><\/figure>\n<hr class=\"wp-block-separator\"\/>\n\n<h1 class=\"wp-block-heading\" id=\"festivalopening-heerlen-nederlandse-premiere\">Festivaler\u00f6ffnung Heerlen | Niederl\u00e4ndische Erstauff\u00fchrung<\/h1>\n\n<p>In den Niederlanden sorgte der israelisch-britische Choreograf Hofesh Shechter mit seinen provozierenden Vorstellungen schon h\u00e4ufiger f\u00fcr Aufruhr \u2013 in Heerlen ist dieses einzigartige Ensemble mittlerweile zum zweiten Mal zu Gast. Eine dieser au\u00dfergew\u00f6hnlichen Produktionen, das gesellschaftskritische St\u00fcck \u201eClowns\u201c, das The Observer mit **** bewertete und als \u201eThe ultimate danse macabre\u201c bezeichnete, bildet einen klaren Kontrast zu \u201eThe Fix\u201c, einem kontemplativen neuen St\u00fcck, das in Heerlen erstmals in den Niederlanden zu sehen ist. Dieses Werk hebt sich in tonaler und visueller Hinsicht deutlich von den Themen \u201eMord, Showbusiness und Volkstanz\u201c ab, die \u201eClowns\u201c dominieren. Auf einer hell ausgeleuchteten B\u00fchne entfaltet sich vor einer \u00e4therischen Klangkulisse ein berauschendes Kaleidoskop aus tanzenden K\u00f6rpern, die sich in einer nie endenden Bewegung befinden.<\/p>\n\n<p><a href=\"https:\/\/schrittmacherfestival.nl\/de\/lectures-talks\/\" title=\"Mit anschlie&#xDF;ender Diskussion, Eintritt frei\">Mit anschlie\u00dfender Diskussion, Eintritt frei<\/a><\/p>\n\n<p>Einf\u00fchring 19.00 uur INGzaal [nl] 3,50 \u20ac. <br\/>F\u00fcr Freunde von Parkstad Limburg Theaters Eintritt frei <br\/>Reservierung erforderlich: T.: +31(0)45-5716607 \/ <a href=\"http:\/\/www.plt.nl\" target=\"_blank\" rel=\"noreferrer noopener\">www.plt.nl<\/a><\/p>\n\n<p>Dauer: ~ 100 Min. mit Pause<\/p>\n\n<p><a href=\"https:\/\/schrittmacherfestival.nl\/de\/workshops\/\" title=\"Workshop\">Workshop<\/a><br\/><strong>Mo 07.03.2022, 19.00 \u2013 20.20 Uhr, Theater Heerlen, LIMBURGzaal<\/strong><br\/>10,- \u20ac Teilnehmergeb\u00fchr,\u00a0<a href=\"https:\/\/www.plt.nl\/bestel\/9434\" target=\"_blank\" rel=\"noreferrer noopener\">Anmeldung unter<\/a>.&#13;\n<br\/>Kombiticket Workshop &amp; Vorstellung (Rang 1): 25,- \u20ac  Anmeldung unter: Parkstad Limburg Theaters T.: +31(0)45-5716607&#13;\n<\/p>\n\n<hr class=\"wp-block-separator\"\/>\n\n<div class=\"wp-block-buttons is-horizontal is-content-justification-center is-layout-flex wp-container-core-buttons-is-layout-499968f5 wp-block-buttons-is-layout-flex\">\n<div class=\"wp-block-button\"><a class=\"wp-block-button__link has-white-color has-black-background-color has-text-color has-background\" href=\"https:\/\/www.plt.nl\/bestel\/9150\" target=\"_blank\" rel=\"noreferrer noopener\"><strong>Tickets Di 08-03<\/strong><\/a><\/div>\n\n\n\n<div class=\"wp-block-button\"><a class=\"wp-block-button__link has-white-color has-black-background-color has-text-color has-background\" href=\"https:\/\/www.plt.nl\/bestel\/9426\" target=\"_blank\" rel=\"noreferrer noopener\"><strong>Tickets Mi 09-03<\/strong><\/a><\/div>\n<\/div>\n\n<hr class=\"wp-block-separator\"\/>\n\n<figure class=\"wp-block-embed is-type-video is-provider-vimeo wp-block-embed-vimeo wp-embed-aspect-16-9 wp-has-aspect-ratio\"><div class=\"wp-block-embed__wrapper\">\r\n<div class=\"jetpack-video-wrapper\"><iframe title=\"Double Murder (Clowns | The Fix)\" src=\"https:\/\/player.vimeo.com\/video\/640444656?dnt=1&amp;app_id=122963\" width=\"640\" height=\"360\" frameborder=\"0\" allow=\"autoplay; fullscreen; picture-in-picture; clipboard-write\"><\/iframe><\/div>\r\n<\/div><\/figure>\r\n\n<hr class=\"wp-block-separator\"\/>\n\n<figure class=\"wp-block-gallery aligncenter has-nested-images columns-default is-cropped wp-block-gallery-1 is-layout-flex wp-block-gallery-is-layout-flex\">\n<figure class=\"wp-block-image size-large\"><img data-recalc-dims=\"1\" decoding=\"async\" width=\"640\" height=\"428\" data-id=\"2602\" src=\"https:\/\/i0.wp.com\/schrittmacherfestival.nl\/wp-content\/uploads\/2021\/12\/smf_22_DOUBLE-MURDER_CLOWNS_c-Todd-MacDonald-Illuminations-kopie.jpg?resize=640%2C428&#038;ssl=1\" alt=\"\" class=\"wp-image-2602\" srcset=\"https:\/\/i0.wp.com\/schrittmacherfestival.nl\/wp-content\/uploads\/2021\/12\/smf_22_DOUBLE-MURDER_CLOWNS_c-Todd-MacDonald-Illuminations-kopie-scaled.jpg?resize=1024%2C684&amp;ssl=1 1024w, https:\/\/i0.wp.com\/schrittmacherfestival.nl\/wp-content\/uploads\/2021\/12\/smf_22_DOUBLE-MURDER_CLOWNS_c-Todd-MacDonald-Illuminations-kopie-scaled.jpg?resize=300%2C200&amp;ssl=1 300w, https:\/\/i0.wp.com\/schrittmacherfestival.nl\/wp-content\/uploads\/2021\/12\/smf_22_DOUBLE-MURDER_CLOWNS_c-Todd-MacDonald-Illuminations-kopie-scaled.jpg?resize=768%2C513&amp;ssl=1 768w, https:\/\/i0.wp.com\/schrittmacherfestival.nl\/wp-content\/uploads\/2021\/12\/smf_22_DOUBLE-MURDER_CLOWNS_c-Todd-MacDonald-Illuminations-kopie-scaled.jpg?resize=1536%2C1026&amp;ssl=1 1536w, https:\/\/i0.wp.com\/schrittmacherfestival.nl\/wp-content\/uploads\/2021\/12\/smf_22_DOUBLE-MURDER_CLOWNS_c-Todd-MacDonald-Illuminations-kopie-scaled.jpg?resize=2048%2C1368&amp;ssl=1 2048w, https:\/\/i0.wp.com\/schrittmacherfestival.nl\/wp-content\/uploads\/2021\/12\/smf_22_DOUBLE-MURDER_CLOWNS_c-Todd-MacDonald-Illuminations-kopie-scaled.jpg?resize=600%2C400&amp;ssl=1 600w, https:\/\/i0.wp.com\/schrittmacherfestival.nl\/wp-content\/uploads\/2021\/12\/smf_22_DOUBLE-MURDER_CLOWNS_c-Todd-MacDonald-Illuminations-kopie-scaled.jpg?w=1280&amp;ssl=1 1280w, https:\/\/i0.wp.com\/schrittmacherfestival.nl\/wp-content\/uploads\/2021\/12\/smf_22_DOUBLE-MURDER_CLOWNS_c-Todd-MacDonald-Illuminations-kopie-scaled.jpg?w=1920&amp;ssl=1 1920w\" sizes=\"(max-width: 640px) 100vw, 640px\" \/><\/figure>\n\n\n<figure class=\"wp-block-image size-large\"><img data-recalc-dims=\"1\" decoding=\"async\" width=\"640\" height=\"427\" data-id=\"2604\" src=\"https:\/\/i0.wp.com\/schrittmacherfestival.nl\/wp-content\/uploads\/2021\/12\/smf_22_DOUBLE-MURDER_CLOWNS_IMAGE-3-Todd-MacDonald-.jpg?resize=640%2C427&#038;ssl=1\" alt=\"\" class=\"wp-image-2604\" srcset=\"https:\/\/i0.wp.com\/schrittmacherfestival.nl\/wp-content\/uploads\/2021\/12\/smf_22_DOUBLE-MURDER_CLOWNS_IMAGE-3-Todd-MacDonald--scaled.jpg?resize=1024%2C683&amp;ssl=1 1024w, https:\/\/i0.wp.com\/schrittmacherfestival.nl\/wp-content\/uploads\/2021\/12\/smf_22_DOUBLE-MURDER_CLOWNS_IMAGE-3-Todd-MacDonald--scaled.jpg?resize=300%2C200&amp;ssl=1 300w, https:\/\/i0.wp.com\/schrittmacherfestival.nl\/wp-content\/uploads\/2021\/12\/smf_22_DOUBLE-MURDER_CLOWNS_IMAGE-3-Todd-MacDonald--scaled.jpg?resize=768%2C512&amp;ssl=1 768w, https:\/\/i0.wp.com\/schrittmacherfestival.nl\/wp-content\/uploads\/2021\/12\/smf_22_DOUBLE-MURDER_CLOWNS_IMAGE-3-Todd-MacDonald--scaled.jpg?resize=1536%2C1024&amp;ssl=1 1536w, https:\/\/i0.wp.com\/schrittmacherfestival.nl\/wp-content\/uploads\/2021\/12\/smf_22_DOUBLE-MURDER_CLOWNS_IMAGE-3-Todd-MacDonald--scaled.jpg?resize=2048%2C1365&amp;ssl=1 2048w, https:\/\/i0.wp.com\/schrittmacherfestival.nl\/wp-content\/uploads\/2021\/12\/smf_22_DOUBLE-MURDER_CLOWNS_IMAGE-3-Todd-MacDonald--scaled.jpg?resize=600%2C400&amp;ssl=1 600w, https:\/\/i0.wp.com\/schrittmacherfestival.nl\/wp-content\/uploads\/2021\/12\/smf_22_DOUBLE-MURDER_CLOWNS_IMAGE-3-Todd-MacDonald--scaled.jpg?w=1280&amp;ssl=1 1280w, https:\/\/i0.wp.com\/schrittmacherfestival.nl\/wp-content\/uploads\/2021\/12\/smf_22_DOUBLE-MURDER_CLOWNS_IMAGE-3-Todd-MacDonald--scaled.jpg?w=1920&amp;ssl=1 1920w\" sizes=\"(max-width: 640px) 100vw, 640px\" \/><\/figure>\n\n\n<figure class=\"wp-block-image size-large\"><img data-recalc-dims=\"1\" loading=\"lazy\" decoding=\"async\" width=\"640\" height=\"960\" data-id=\"2606\" src=\"https:\/\/i0.wp.com\/schrittmacherfestival.nl\/wp-content\/uploads\/2021\/12\/smf_22_DOUBLE-MURDER_CLOWNS_IMAGE-4-Todd-MacDonald-.jpg?resize=640%2C960&#038;ssl=1\" alt=\"\" class=\"wp-image-2606\" srcset=\"https:\/\/i0.wp.com\/schrittmacherfestival.nl\/wp-content\/uploads\/2021\/12\/smf_22_DOUBLE-MURDER_CLOWNS_IMAGE-4-Todd-MacDonald--scaled.jpg?resize=683%2C1024&amp;ssl=1 683w, https:\/\/i0.wp.com\/schrittmacherfestival.nl\/wp-content\/uploads\/2021\/12\/smf_22_DOUBLE-MURDER_CLOWNS_IMAGE-4-Todd-MacDonald--scaled.jpg?resize=200%2C300&amp;ssl=1 200w, https:\/\/i0.wp.com\/schrittmacherfestival.nl\/wp-content\/uploads\/2021\/12\/smf_22_DOUBLE-MURDER_CLOWNS_IMAGE-4-Todd-MacDonald--scaled.jpg?resize=768%2C1152&amp;ssl=1 768w, https:\/\/i0.wp.com\/schrittmacherfestival.nl\/wp-content\/uploads\/2021\/12\/smf_22_DOUBLE-MURDER_CLOWNS_IMAGE-4-Todd-MacDonald--scaled.jpg?resize=1024%2C1536&amp;ssl=1 1024w, https:\/\/i0.wp.com\/schrittmacherfestival.nl\/wp-content\/uploads\/2021\/12\/smf_22_DOUBLE-MURDER_CLOWNS_IMAGE-4-Todd-MacDonald--scaled.jpg?resize=1365%2C2048&amp;ssl=1 1365w, https:\/\/i0.wp.com\/schrittmacherfestival.nl\/wp-content\/uploads\/2021\/12\/smf_22_DOUBLE-MURDER_CLOWNS_IMAGE-4-Todd-MacDonald--scaled.jpg?w=1707&amp;ssl=1 1707w, https:\/\/i0.wp.com\/schrittmacherfestival.nl\/wp-content\/uploads\/2021\/12\/smf_22_DOUBLE-MURDER_CLOWNS_IMAGE-4-Todd-MacDonald--scaled.jpg?w=1280&amp;ssl=1 1280w\" sizes=\"(max-width: 640px) 100vw, 640px\" \/><\/figure>\n\n\n<figure class=\"wp-block-image size-large\"><img data-recalc-dims=\"1\" loading=\"lazy\" decoding=\"async\" width=\"640\" height=\"447\" data-id=\"2608\" src=\"https:\/\/i0.wp.com\/schrittmacherfestival.nl\/wp-content\/uploads\/2021\/12\/smf_22_DOUBLE-MURDER_THE-FIX_Tom-Visser-3.jpg?resize=640%2C447&#038;ssl=1\" alt=\"\" class=\"wp-image-2608\" srcset=\"https:\/\/i0.wp.com\/schrittmacherfestival.nl\/wp-content\/uploads\/2021\/12\/smf_22_DOUBLE-MURDER_THE-FIX_Tom-Visser-3.jpg?resize=1024%2C715&amp;ssl=1 1024w, https:\/\/i0.wp.com\/schrittmacherfestival.nl\/wp-content\/uploads\/2021\/12\/smf_22_DOUBLE-MURDER_THE-FIX_Tom-Visser-3.jpg?resize=300%2C209&amp;ssl=1 300w, https:\/\/i0.wp.com\/schrittmacherfestival.nl\/wp-content\/uploads\/2021\/12\/smf_22_DOUBLE-MURDER_THE-FIX_Tom-Visser-3.jpg?resize=768%2C536&amp;ssl=1 768w, https:\/\/i0.wp.com\/schrittmacherfestival.nl\/wp-content\/uploads\/2021\/12\/smf_22_DOUBLE-MURDER_THE-FIX_Tom-Visser-3.jpg?w=1080&amp;ssl=1 1080w\" sizes=\"(max-width: 640px) 100vw, 640px\" \/><\/figure>\n\n\n<figure class=\"wp-block-image size-large\"><img data-recalc-dims=\"1\" loading=\"lazy\" decoding=\"async\" width=\"640\" height=\"402\" data-id=\"2610\" src=\"https:\/\/i0.wp.com\/schrittmacherfestival.nl\/wp-content\/uploads\/2021\/12\/smf_22_DOUBLE-MURDER_THE-FIX_Tom-Visser-2.jpeg?resize=640%2C402&#038;ssl=1\" alt=\"\" class=\"wp-image-2610\" srcset=\"https:\/\/i0.wp.com\/schrittmacherfestival.nl\/wp-content\/uploads\/2021\/12\/smf_22_DOUBLE-MURDER_THE-FIX_Tom-Visser-2-scaled.jpeg?resize=1024%2C643&amp;ssl=1 1024w, https:\/\/i0.wp.com\/schrittmacherfestival.nl\/wp-content\/uploads\/2021\/12\/smf_22_DOUBLE-MURDER_THE-FIX_Tom-Visser-2-scaled.jpeg?resize=300%2C188&amp;ssl=1 300w, https:\/\/i0.wp.com\/schrittmacherfestival.nl\/wp-content\/uploads\/2021\/12\/smf_22_DOUBLE-MURDER_THE-FIX_Tom-Visser-2-scaled.jpeg?resize=768%2C482&amp;ssl=1 768w, https:\/\/i0.wp.com\/schrittmacherfestival.nl\/wp-content\/uploads\/2021\/12\/smf_22_DOUBLE-MURDER_THE-FIX_Tom-Visser-2-scaled.jpeg?resize=1536%2C964&amp;ssl=1 1536w, https:\/\/i0.wp.com\/schrittmacherfestival.nl\/wp-content\/uploads\/2021\/12\/smf_22_DOUBLE-MURDER_THE-FIX_Tom-Visser-2-scaled.jpeg?resize=2048%2C1285&amp;ssl=1 2048w, https:\/\/i0.wp.com\/schrittmacherfestival.nl\/wp-content\/uploads\/2021\/12\/smf_22_DOUBLE-MURDER_THE-FIX_Tom-Visser-2-scaled.jpeg?w=1280&amp;ssl=1 1280w, https:\/\/i0.wp.com\/schrittmacherfestival.nl\/wp-content\/uploads\/2021\/12\/smf_22_DOUBLE-MURDER_THE-FIX_Tom-Visser-2-scaled.jpeg?w=1920&amp;ssl=1 1920w\" sizes=\"(max-width: 640px) 100vw, 640px\" \/><\/figure><\/figure>\n\n<hr class=\"wp-block-separator\"\/>\n\n<p><\/p>\n","protected":false},"excerpt":{"rendered":"<p>Hofesh Shechter Company (GBR) Theater Heerlen \/ RABOzaalDi 08.03.2022 + Mi 09.03.202220.00 Uhr Von 15,50 \u20ac Festivaler\u00f6ffnung Heerlen | Niederl\u00e4ndische Erstauff\u00fchrung In den Niederlanden sorgte der israelisch-britische Choreograf Hofesh Shechter mit seinen provozierenden Vorstellungen schon h\u00e4ufiger f\u00fcr Aufruhr \u2013 in Heerlen ist dieses einzigartige Ensemble mittlerweile zum zweiten Mal zu Gast. Eine dieser au\u00dfergew\u00f6hnlichen Produktionen, das gesellschaftskritische St\u00fcck \u201eClowns\u201c, das [&hellip;]<\/p>\n","protected":false},"author":1,"featured_media":0,"parent":0,"menu_order":0,"comment_status":"closed","ping_status":"closed","template":"","meta":{"_acf_changed":false,"footnotes":""},"class_list":["post-2613","page","type-page","status-publish","hentry"],"aioseo_notices":[],"acf":[],"jetpack_sharing_enabled":true,"_links":{"self":[{"href":"https:\/\/schrittmacherfestival.nl\/de\/wp-json\/wp\/v2\/pages\/2613","targetHints":{"allow":["GET"]}}],"collection":[{"href":"https:\/\/schrittmacherfestival.nl\/de\/wp-json\/wp\/v2\/pages"}],"about":[{"href":"https:\/\/schrittmacherfestival.nl\/de\/wp-json\/wp\/v2\/types\/page"}],"author":[{"embeddable":true,"href":"https:\/\/schrittmacherfestival.nl\/de\/wp-json\/wp\/v2\/users\/1"}],"replies":[{"embeddable":true,"href":"https:\/\/schrittmacherfestival.nl\/de\/wp-json\/wp\/v2\/comments?post=2613"}],"version-history":[{"count":26,"href":"https:\/\/schrittmacherfestival.nl\/de\/wp-json\/wp\/v2\/pages\/2613\/revisions"}],"predecessor-version":[{"id":3730,"href":"https:\/\/schrittmacherfestival.nl\/de\/wp-json\/wp\/v2\/pages\/2613\/revisions\/3730"}],"wp:attachment":[{"href":"https:\/\/schrittmacherfestival.nl\/de\/wp-json\/wp\/v2\/media?parent=2613"}],"curies":[{"name":"wp","href":"https:\/\/api.w.org\/{rel}","templated":true}]}}