{"id":2631,"date":"2021-12-11T09:50:46","date_gmt":"2021-12-11T09:50:46","guid":{"rendered":"https:\/\/schrittmacherfestival.nl\/only-bones-v-1-6-and-cuir\/"},"modified":"2022-02-09T09:12:15","modified_gmt":"2022-02-09T09:12:15","slug":"only-bones-v-1-6-and-cuir","status":"publish","type":"page","link":"https:\/\/schrittmacherfestival.nl\/de\/only-bones-v-1-6-and-cuir\/","title":{"rendered":"Only Bones v.1.6 and CUIR"},"content":{"rendered":"\n<h1 class=\"has-black-color has-text-color wp-block-heading\" id=\"marina-cherry-usa-swe-and-cie-un-loup-pour-l-homme-fr\"><strong>Marina Cherry (USA\/SWE)<\/strong> <strong>and<\/strong> <strong>Cie Un Loup pour l\u2019Homme <\/strong>(FR)<\/h1>\n\n<p><strong>Kulturzentrum Alter Schlachthof (Halle B), Eupen<\/strong><br\/><strong><strong><strong><strong>Mi 09.03. + Do 10.03.2022<\/strong><\/strong><\/strong><\/strong><br\/><strong>20.00 Uhr <\/strong><br\/><strong>Von 9,- \u20ac<\/strong><\/p>\n\n<figure class=\"wp-block-image alignwide size-large\"><img data-recalc-dims=\"1\" height=\"261\" width=\"640\" decoding=\"async\" src=\"https:\/\/i0.wp.com\/schrittmacherfestival.nl\/wp-content\/uploads\/2021\/12\/smf_22_CUIR%C2%AE-Valerie-Frossard-HD-scaled-e1639215500722-1024x417.jpg?resize=640%2C261&#038;ssl=1\" alt=\"\" class=\"wp-image-2621\"\/><\/figure>\n<hr class=\"wp-block-separator\"\/>\n\n<h2 class=\"wp-block-heading\" id=\"dubbele-voorstelling-in-samenwerking-met-scenar-o-festival-eupen-b\">Doppelabend  | In Zusammenarbeit mit SCENAR!O Festival, Eupen (B)<\/h2>\n\n<p><strong>Only Bones v.1.6<\/strong><\/p>\n\n<p>Diese verschlingende und sporadisch verwirrende Show schafft ein Durcheinander von k\u00f6rperlichen und zerebralen Manipulationen &#8211; eine Fortsetzung des von Thomas Monckton geschaffenen Originals &#8222;Only Bones (v.1.0)&#8220;.&#13;\n&#13;\n<\/p>\n\n<p>Indem sie die Blasen der Banalit\u00e4t zum Platzen bringt und ein Gleichgewicht zwischen Theatralik und K\u00f6rperlichkeit herstellt, \u00fcberschreitet Marina die Grenzen und sucht nach Innovation innerhalb extremer Beschr\u00e4nkungen, indem sie nur ein Licht verwendet. Es ist eine Maximierung des Minimums. <\/p>\n\n<p><strong><br\/>CUIR<\/strong><\/p>\n\n<p>Ein aufregender Zweikampf<\/p>\n\n<p>Hartes Leder und weiche Haut. In einem kraftvollen Zweikampf spielen zwei mit Geschirren ausgestattete M\u00e4nner damit, den K\u00f6rper des anderen zu manipulieren. Zwischen St\u00e4rke und Anziehung erkennen sie, dass es nicht um Macht \u00fcber den anderen, sondern um Macht mit dem anderen geht&#8230;<\/p>\n\n<p>Dauer: ~ 45 Min. (Only Bones) + ~ 35 Min. (CUIR) mit kurzer Umbaupause<\/p>\n\n<p><\/p>\n\n<hr class=\"wp-block-separator\"\/>\n\n<div class=\"wp-block-buttons is-horizontal is-content-justification-center is-layout-flex wp-container-core-buttons-is-layout-499968f5 wp-block-buttons-is-layout-flex\">\n<div class=\"wp-block-button\"><a class=\"wp-block-button__link has-white-color has-black-background-color has-text-color has-background\" href=\"https:\/\/www.ticket-regional.de\/stage_1006.php?timeID=608315\" target=\"_blank\" rel=\"noreferrer noopener\"><strong>Tickets Mi 09.03<\/strong><\/a><\/div>\n\n\n\n<div class=\"wp-block-button\"><a class=\"wp-block-button__link has-white-color has-black-background-color has-text-color has-background\" href=\"https:\/\/www.ticket-regional.de\/stage_1006.php?timeID=608316\" target=\"_blank\" rel=\"noreferrer noopener\"><strong>Tickets Do 10.03<\/strong><\/a><\/div>\n<\/div>\n\n<hr class=\"wp-block-separator\"\/>\n\n<figure class=\"wp-block-embed is-type-video is-provider-youtube wp-block-embed-youtube wp-embed-aspect-16-9 wp-has-aspect-ratio\"><div class=\"wp-block-embed__wrapper\">\r\n<iframe  id=\"_ytid_13042\"  width=\"640\" height=\"360\"  data-origwidth=\"640\" data-origheight=\"360\" src=\"https:\/\/www.youtube.com\/embed\/_qxGooUOVr0?enablejsapi=1&#038;autoplay=0&#038;cc_load_policy=0&#038;cc_lang_pref=&#038;iv_load_policy=1&#038;loop=0&#038;rel=1&#038;fs=1&#038;playsinline=0&#038;autohide=2&#038;theme=dark&#038;color=red&#038;controls=1&#038;disablekb=0&#038;\" class=\"__youtube_prefs__  epyt-is-override  no-lazyload\" title=\"YouTube player\"  allow=\"fullscreen; accelerometer; autoplay; clipboard-write; encrypted-media; gyroscope; picture-in-picture; web-share\" referrerpolicy=\"strict-origin-when-cross-origin\" allowfullscreen data-no-lazy=\"1\" data-skipgform_ajax_framebjll=\"\"><\/iframe>\n<\/div><\/figure>\r\n\n<hr class=\"wp-block-separator\"\/>\n\n<figure class=\"wp-block-embed is-type-video is-provider-vimeo wp-block-embed-vimeo wp-embed-aspect-16-9 wp-has-aspect-ratio\"><div class=\"wp-block-embed__wrapper\">\r\n<div class=\"jetpack-video-wrapper\"><iframe title=\"CUIR\" src=\"https:\/\/player.vimeo.com\/video\/502179820?dnt=1&amp;app_id=122963\" width=\"640\" height=\"360\" frameborder=\"0\" allow=\"autoplay; fullscreen; picture-in-picture; clipboard-write\"><\/iframe><\/div>\r\n<\/div><\/figure>\r\n\n<hr class=\"wp-block-separator\"\/>\n\n<figure class=\"wp-block-gallery aligncenter has-nested-images columns-default is-cropped wp-block-gallery-1 is-layout-flex wp-block-gallery-is-layout-flex\">\n<figure class=\"wp-block-image size-large\"><img data-recalc-dims=\"1\" height=\"960\" width=\"640\" decoding=\"async\" data-id=\"2623\" src=\"https:\/\/i0.wp.com\/schrittmacherfestival.nl\/wp-content\/uploads\/2021\/12\/smf_22_Cuir%C2%AE-Valerie-Frossard-5.jpg?resize=640%2C960&#038;ssl=1\" alt=\"\" class=\"wp-image-2623\"\/><\/figure>\n\n\n<figure class=\"wp-block-image size-large\"><img data-recalc-dims=\"1\" height=\"427\" width=\"640\" decoding=\"async\" data-id=\"2625\" src=\"https:\/\/i0.wp.com\/schrittmacherfestival.nl\/wp-content\/uploads\/2021\/12\/smf_22_Marina-Cherry-1%C2%AEIVANM.jpg?resize=640%2C427&#038;ssl=1\" alt=\"\" class=\"wp-image-2625\"\/><\/figure>\n\n\n<figure class=\"wp-block-image size-large\"><img data-recalc-dims=\"1\" height=\"681\" width=\"640\" decoding=\"async\" data-id=\"2627\" src=\"https:\/\/i0.wp.com\/schrittmacherfestival.nl\/wp-content\/uploads\/2021\/12\/smf_22_Marina-Cherry-2%C2%AEIVANM.jpg?resize=640%2C681&#038;ssl=1\" alt=\"\" class=\"wp-image-2627\"\/><\/figure><\/figure>\n\n<hr class=\"wp-block-separator\"\/>\n\n<p><\/p>\n","protected":false},"excerpt":{"rendered":"<p>Marina Cherry (USA\/SWE) and Cie Un Loup pour l\u2019Homme (FR) Kulturzentrum Alter Schlachthof (Halle B), EupenMi 09.03. + Do 10.03.202220.00 Uhr Von 9,- \u20ac Doppelabend | In Zusammenarbeit mit SCENAR!O Festival, Eupen (B) Only Bones v.1.6 Diese verschlingende und sporadisch verwirrende Show schafft ein Durcheinander von k\u00f6rperlichen und zerebralen Manipulationen &#8211; eine Fortsetzung des von Thomas Monckton geschaffenen Originals &#8222;Only [&hellip;]<\/p>\n","protected":false},"author":1,"featured_media":0,"parent":0,"menu_order":0,"comment_status":"closed","ping_status":"closed","template":"","meta":{"_acf_changed":false,"footnotes":""},"class_list":["post-2631","page","type-page","status-publish","hentry"],"aioseo_notices":[],"acf":[],"jetpack_sharing_enabled":true,"_links":{"self":[{"href":"https:\/\/schrittmacherfestival.nl\/de\/wp-json\/wp\/v2\/pages\/2631","targetHints":{"allow":["GET"]}}],"collection":[{"href":"https:\/\/schrittmacherfestival.nl\/de\/wp-json\/wp\/v2\/pages"}],"about":[{"href":"https:\/\/schrittmacherfestival.nl\/de\/wp-json\/wp\/v2\/types\/page"}],"author":[{"embeddable":true,"href":"https:\/\/schrittmacherfestival.nl\/de\/wp-json\/wp\/v2\/users\/1"}],"replies":[{"embeddable":true,"href":"https:\/\/schrittmacherfestival.nl\/de\/wp-json\/wp\/v2\/comments?post=2631"}],"version-history":[{"count":6,"href":"https:\/\/schrittmacherfestival.nl\/de\/wp-json\/wp\/v2\/pages\/2631\/revisions"}],"predecessor-version":[{"id":3011,"href":"https:\/\/schrittmacherfestival.nl\/de\/wp-json\/wp\/v2\/pages\/2631\/revisions\/3011"}],"wp:attachment":[{"href":"https:\/\/schrittmacherfestival.nl\/de\/wp-json\/wp\/v2\/media?parent=2631"}],"curies":[{"name":"wp","href":"https:\/\/api.w.org\/{rel}","templated":true}]}}