{"id":2680,"date":"2021-12-11T11:42:12","date_gmt":"2021-12-11T11:42:12","guid":{"rendered":"https:\/\/schrittmacherfestival.nl\/drift-the-four-seasons\/"},"modified":"2022-02-09T09:27:18","modified_gmt":"2022-02-09T09:27:18","slug":"drift-the-four-seasons","status":"publish","type":"page","link":"https:\/\/schrittmacherfestival.nl\/de\/drift-the-four-seasons\/","title":{"rendered":"Drift \/ The Four Seasons"},"content":{"rendered":"\n<h1 class=\"has-black-color has-text-color wp-block-heading\"><strong>James Wilton Dance <\/strong>(GBR)<\/h1>\n\n<p><strong>Fabrik Stahlbau Strang Aachen<\/strong><br\/><strong><strong><strong><strong><strong><strong><strong>Do 17.03. \u2013 So 20.03.2022<\/strong><\/strong><\/strong><\/strong><\/strong><\/strong><\/strong><br\/><strong>20.00 Uhr <\/strong><br\/><strong>Von 18,- \u20ac<\/strong><\/p>\n\n<figure class=\"wp-block-image alignwide size-large\"><img data-recalc-dims=\"1\" fetchpriority=\"high\" decoding=\"async\" width=\"640\" height=\"427\" src=\"https:\/\/i0.wp.com\/schrittmacherfestival.nl\/wp-content\/uploads\/2021\/12\/smf_22_wilton_7M9A0067.jpg?resize=640%2C427&#038;ssl=1\" alt=\"\" class=\"wp-image-2674\" srcset=\"https:\/\/i0.wp.com\/schrittmacherfestival.nl\/wp-content\/uploads\/2021\/12\/smf_22_wilton_7M9A0067-scaled-e1639222612399.jpg?resize=1024%2C683&amp;ssl=1 1024w, https:\/\/i0.wp.com\/schrittmacherfestival.nl\/wp-content\/uploads\/2021\/12\/smf_22_wilton_7M9A0067-scaled-e1639222612399.jpg?resize=300%2C200&amp;ssl=1 300w, https:\/\/i0.wp.com\/schrittmacherfestival.nl\/wp-content\/uploads\/2021\/12\/smf_22_wilton_7M9A0067-scaled-e1639222612399.jpg?resize=768%2C512&amp;ssl=1 768w, https:\/\/i0.wp.com\/schrittmacherfestival.nl\/wp-content\/uploads\/2021\/12\/smf_22_wilton_7M9A0067-scaled-e1639222612399.jpg?resize=1536%2C1025&amp;ssl=1 1536w, https:\/\/i0.wp.com\/schrittmacherfestival.nl\/wp-content\/uploads\/2021\/12\/smf_22_wilton_7M9A0067-scaled-e1639222612399.jpg?resize=2048%2C1366&amp;ssl=1 2048w, https:\/\/i0.wp.com\/schrittmacherfestival.nl\/wp-content\/uploads\/2021\/12\/smf_22_wilton_7M9A0067-scaled-e1639222612399.jpg?resize=600%2C400&amp;ssl=1 600w, https:\/\/i0.wp.com\/schrittmacherfestival.nl\/wp-content\/uploads\/2021\/12\/smf_22_wilton_7M9A0067-scaled.jpg?w=1280&amp;ssl=1 1280w, https:\/\/i0.wp.com\/schrittmacherfestival.nl\/wp-content\/uploads\/2021\/12\/smf_22_wilton_7M9A0067-scaled.jpg?w=1920&amp;ssl=1 1920w\" sizes=\"(max-width: 640px) 100vw, 640px\" \/><\/figure>\n<hr class=\"wp-block-separator\"\/>\n\n<p>James Wilton Dance, gegr\u00fcndet 2010, ist eine der aufregendsten und derzeit gefragtesten zeitgen\u00f6ssischen Kompanien Europas. Mit seiner neuen Choreografie, dem atemberaubenden Duo \u201cThe Four Seasons\u201d, hat James Wilton eine weitere Inszenierung immenser K\u00f6rperlichkeit, pulsierender Energie und umwerfender Sch\u00f6nheit zu einer neu komponierten Version des ber\u00fchmten Werkes Vivaldis von Max Richter geschaffen. In \u201cThe Four Seasons\u201d erlebt das Publikum Waltons bekannte und zelebrierte Mischung aus Capoeira, Akrobatik, Kampfkunst und klassischem Tanz. Die abstrakte, doch hochintime Choreografie verbindet die vier Jahreszeiten der Komposition mit den vier Phasen des Universums. Ein kaleidoskopisches Fest f\u00fcr die Sinne.<\/p>\n\n<p>Der Abend wir abgerundet mit dem sinnlichen, kraftvollen Duo \u201cDrift\u201d.<\/p>\n\n<p>Dauer: ~ 75 Min. mit kurzer Umbaupause<\/p>\n\n<hr class=\"wp-block-separator\"\/>\n\n<div class=\"wp-block-buttons is-content-justification-center is-layout-flex wp-block-buttons-is-layout-flex\">\n<div class=\"wp-block-button\"><a class=\"wp-block-button__link has-white-color has-black-background-color has-text-color has-background\" href=\"https:\/\/www.plt.nl\/bestel\/9349\" target=\"_blank\" rel=\"noreferrer noopener\"><strong>Tickets Do 17.03<\/strong><\/a><\/div>\n\n\n\n<div class=\"wp-block-button\"><a class=\"wp-block-button__link has-white-color has-black-background-color has-text-color has-background\" href=\"https:\/\/www.plt.nl\/bestel\/9350\" target=\"_blank\" rel=\"noreferrer noopener\"><strong>Tickets Fr 18.03<\/strong><\/a><\/div>\n\n\n\n<div class=\"wp-block-button\"><a class=\"wp-block-button__link has-white-color has-black-background-color has-text-color has-background\" href=\"https:\/\/www.plt.nl\/bestel\/9351\" target=\"_blank\" rel=\"noreferrer noopener\"><strong>Tickets Sa 19.03<\/strong><\/a><\/div>\n\n\n\n<div class=\"wp-block-button\"><a class=\"wp-block-button__link has-white-color has-black-background-color has-text-color has-background\" href=\"https:\/\/www.plt.nl\/bestel\/9352\" target=\"_blank\" rel=\"noreferrer noopener\"><strong>Tickets So 20-03<\/strong><\/a><\/div>\n<\/div>\n\n<hr class=\"wp-block-separator\"\/>\n\n<figure class=\"wp-block-embed is-type-video is-provider-vimeo wp-block-embed-vimeo wp-embed-aspect-16-9 wp-has-aspect-ratio\"><div class=\"wp-block-embed__wrapper\">\r\n<div class=\"jetpack-video-wrapper\"><iframe title=\"THE FOUR SEASONS (TEASER TRAILER)\" src=\"https:\/\/player.vimeo.com\/video\/382594347?dnt=1&amp;app_id=122963\" width=\"640\" height=\"360\" frameborder=\"0\" allow=\"autoplay; fullscreen; picture-in-picture; clipboard-write\"><\/iframe><\/div>\r\n<\/div><\/figure>\r\n\n<hr class=\"wp-block-separator\"\/>\n\n<figure class=\"wp-block-gallery aligncenter columns-2 is-cropped wp-block-gallery-1 is-layout-flex wp-block-gallery-is-layout-flex\"><ul class=\"blocks-gallery-grid\"><li class=\"blocks-gallery-item\"><figure><img data-recalc-dims=\"1\" decoding=\"async\" width=\"640\" height=\"427\" src=\"https:\/\/i0.wp.com\/schrittmacherfestival.nl\/wp-content\/uploads\/2021\/12\/smf_22_wilton_7M9A0724.jpg?resize=640%2C427&#038;ssl=1\" alt=\"\" data-id=\"2675\" data-full-url=\"https:\/\/schrittmacherfestival.nl\/wp-content\/uploads\/2021\/12\/smf_22_wilton_7M9A0724-scaled.jpg\" data-link=\"https:\/\/schrittmacherfestival.nl\/?attachment_id=2675\" class=\"wp-image-2676\" srcset=\"https:\/\/i0.wp.com\/schrittmacherfestival.nl\/wp-content\/uploads\/2021\/12\/smf_22_wilton_7M9A0724-scaled.jpg?resize=1024%2C683&amp;ssl=1 1024w, https:\/\/i0.wp.com\/schrittmacherfestival.nl\/wp-content\/uploads\/2021\/12\/smf_22_wilton_7M9A0724-scaled.jpg?resize=300%2C200&amp;ssl=1 300w, https:\/\/i0.wp.com\/schrittmacherfestival.nl\/wp-content\/uploads\/2021\/12\/smf_22_wilton_7M9A0724-scaled.jpg?resize=768%2C512&amp;ssl=1 768w, https:\/\/i0.wp.com\/schrittmacherfestival.nl\/wp-content\/uploads\/2021\/12\/smf_22_wilton_7M9A0724-scaled.jpg?resize=1536%2C1025&amp;ssl=1 1536w, https:\/\/i0.wp.com\/schrittmacherfestival.nl\/wp-content\/uploads\/2021\/12\/smf_22_wilton_7M9A0724-scaled.jpg?resize=2048%2C1366&amp;ssl=1 2048w, https:\/\/i0.wp.com\/schrittmacherfestival.nl\/wp-content\/uploads\/2021\/12\/smf_22_wilton_7M9A0724-scaled.jpg?resize=600%2C400&amp;ssl=1 600w, https:\/\/i0.wp.com\/schrittmacherfestival.nl\/wp-content\/uploads\/2021\/12\/smf_22_wilton_7M9A0724-scaled.jpg?w=1280&amp;ssl=1 1280w, https:\/\/i0.wp.com\/schrittmacherfestival.nl\/wp-content\/uploads\/2021\/12\/smf_22_wilton_7M9A0724-scaled.jpg?w=1920&amp;ssl=1 1920w\" sizes=\"(max-width: 640px) 100vw, 640px\" \/><\/figure><\/li><li class=\"blocks-gallery-item\"><figure><img data-recalc-dims=\"1\" decoding=\"async\" width=\"640\" height=\"800\" src=\"https:\/\/i0.wp.com\/schrittmacherfestival.nl\/wp-content\/uploads\/2021\/12\/smf_22_wilton_7M9A1476-Edit-819x1024.jpg?resize=640%2C800&#038;ssl=1\" alt=\"\" data-id=\"2677\" data-full-url=\"https:\/\/schrittmacherfestival.nl\/wp-content\/uploads\/2021\/12\/smf_22_wilton_7M9A1476-Edit-scaled.jpg\" data-link=\"https:\/\/schrittmacherfestival.nl\/?attachment_id=2677\" class=\"wp-image-2678\" srcset=\"https:\/\/i0.wp.com\/schrittmacherfestival.nl\/wp-content\/uploads\/2021\/12\/smf_22_wilton_7M9A1476-Edit-scaled.jpg?resize=819%2C1024&amp;ssl=1 819w, https:\/\/i0.wp.com\/schrittmacherfestival.nl\/wp-content\/uploads\/2021\/12\/smf_22_wilton_7M9A1476-Edit-scaled.jpg?resize=240%2C300&amp;ssl=1 240w, https:\/\/i0.wp.com\/schrittmacherfestival.nl\/wp-content\/uploads\/2021\/12\/smf_22_wilton_7M9A1476-Edit-scaled.jpg?resize=768%2C960&amp;ssl=1 768w, https:\/\/i0.wp.com\/schrittmacherfestival.nl\/wp-content\/uploads\/2021\/12\/smf_22_wilton_7M9A1476-Edit-scaled.jpg?resize=1229%2C1536&amp;ssl=1 1229w, https:\/\/i0.wp.com\/schrittmacherfestival.nl\/wp-content\/uploads\/2021\/12\/smf_22_wilton_7M9A1476-Edit-scaled.jpg?resize=1639%2C2048&amp;ssl=1 1639w, https:\/\/i0.wp.com\/schrittmacherfestival.nl\/wp-content\/uploads\/2021\/12\/smf_22_wilton_7M9A1476-Edit-scaled.jpg?w=2048&amp;ssl=1 2048w, https:\/\/i0.wp.com\/schrittmacherfestival.nl\/wp-content\/uploads\/2021\/12\/smf_22_wilton_7M9A1476-Edit-scaled.jpg?w=1280&amp;ssl=1 1280w, https:\/\/i0.wp.com\/schrittmacherfestival.nl\/wp-content\/uploads\/2021\/12\/smf_22_wilton_7M9A1476-Edit-scaled.jpg?w=1920&amp;ssl=1 1920w\" sizes=\"(max-width: 640px) 100vw, 640px\" \/><\/figure><\/li><\/ul><\/figure>\n<hr class=\"wp-block-separator\"\/>\n\n<p><\/p>\n","protected":false},"excerpt":{"rendered":"<p>James Wilton Dance (GBR) Fabrik Stahlbau Strang AachenDo 17.03. \u2013 So 20.03.202220.00 Uhr Von 18,- \u20ac James Wilton Dance, gegr\u00fcndet 2010, ist eine der aufregendsten und derzeit gefragtesten zeitgen\u00f6ssischen Kompanien Europas. Mit seiner neuen Choreografie, dem atemberaubenden Duo \u201cThe Four Seasons\u201d, hat James Wilton eine weitere Inszenierung immenser K\u00f6rperlichkeit, pulsierender Energie und umwerfender Sch\u00f6nheit zu einer neu komponierten Version des [&hellip;]<\/p>\n","protected":false},"author":1,"featured_media":0,"parent":0,"menu_order":0,"comment_status":"closed","ping_status":"closed","template":"","meta":{"_acf_changed":false,"footnotes":""},"class_list":["post-2680","page","type-page","status-publish","hentry"],"aioseo_notices":[],"acf":[],"jetpack_sharing_enabled":true,"_links":{"self":[{"href":"https:\/\/schrittmacherfestival.nl\/de\/wp-json\/wp\/v2\/pages\/2680","targetHints":{"allow":["GET"]}}],"collection":[{"href":"https:\/\/schrittmacherfestival.nl\/de\/wp-json\/wp\/v2\/pages"}],"about":[{"href":"https:\/\/schrittmacherfestival.nl\/de\/wp-json\/wp\/v2\/types\/page"}],"author":[{"embeddable":true,"href":"https:\/\/schrittmacherfestival.nl\/de\/wp-json\/wp\/v2\/users\/1"}],"replies":[{"embeddable":true,"href":"https:\/\/schrittmacherfestival.nl\/de\/wp-json\/wp\/v2\/comments?post=2680"}],"version-history":[{"count":11,"href":"https:\/\/schrittmacherfestival.nl\/de\/wp-json\/wp\/v2\/pages\/2680\/revisions"}],"predecessor-version":[{"id":3028,"href":"https:\/\/schrittmacherfestival.nl\/de\/wp-json\/wp\/v2\/pages\/2680\/revisions\/3028"}],"wp:attachment":[{"href":"https:\/\/schrittmacherfestival.nl\/de\/wp-json\/wp\/v2\/media?parent=2680"}],"curies":[{"name":"wp","href":"https:\/\/api.w.org\/{rel}","templated":true}]}}