{"id":2702,"date":"2021-12-11T12:13:03","date_gmt":"2021-12-11T12:13:03","guid":{"rendered":"https:\/\/schrittmacherfestival.nl\/north-korea-dance\/"},"modified":"2022-02-18T08:59:20","modified_gmt":"2022-02-18T08:59:20","slug":"north-korea-dance","status":"publish","type":"page","link":"https:\/\/schrittmacherfestival.nl\/de\/north-korea-dance\/","title":{"rendered":"North Korea Dance"},"content":{"rendered":"\n<h1 class=\"has-black-color has-text-color wp-block-heading\" id=\"eun-me-ahn-kor\"><strong>Eun-Me Ahn <\/strong>(KOR)\u00a0<\/h1>\n\n<p><strong>Theater Heerlen \/ RABOzaal<\/strong><br\/><strong><strong><strong><strong><strong><strong><strong><strong>Di 22.03.2022<\/strong><\/strong><\/strong><\/strong><\/strong><\/strong><\/strong><\/strong><br\/><strong>20.00 Uhr <\/strong><br\/><strong>Von 14,- \u20ac<\/strong><\/p>\n\n<figure class=\"wp-block-image alignwide size-large\"><img data-recalc-dims=\"1\" height=\"261\" width=\"640\" decoding=\"async\" src=\"https:\/\/i0.wp.com\/schrittmacherfestival.nl\/wp-content\/uploads\/2021\/12\/smf_22_Eun-Me-Ahn-North-Korea-Dance_6774%C2%AEJM-Chabot-scaled-e1639224295724-1024x417.jpg?resize=640%2C261&#038;ssl=1\" alt=\"\" class=\"wp-image-2690\"\/><\/figure>\n<hr class=\"wp-block-separator\"\/>\n\n<p>Nordkorea ist ein Land, das sich extrem vom Rest der Welt abgeschottet hat. \u00dcber die nordkoreanische Kultur im Allgemeinen und den Tanz im Besonderen ist nur wenig bekannt. Die exzentrische s\u00fcdkoreanische K\u00fcnstlerin Eun-Me Ahn bietet mit ihrem St\u00fcck \u201eNorth Korea Dance\u201c interessante Einblicke in diese hermetische Welt. Sie studierte Milit\u00e4rparaden, F\u00e4chert\u00e4nze, virtuose Akrobatik und traditionelle Volkst\u00e4nze, eignete sie sich an und pr\u00e4sentiert nun ihre Interpretation mit einer spektakul\u00e4ren, farbenfrohen und fr\u00f6hlichen Note, die f\u00fcr Eun-Me Ahn typisch ist.<\/p>\n\n<p><a href=\"https:\/\/schrittmacherfestival.nl\/de\/lectures-talks\/\" title=\"Mit anschlie&#xDF;ender Diskussion, Eintritt frei\">Mit anschlie\u00dfender Diskussion, Eintritt frei<\/a><\/p>\n\n<p>Einf\u00fchrung um 19.00 Uhr im INGzaal [nl] f\u00fcr 3,50 \u20ac.&#13;\n<br\/>F\u00fcr Freunde von Parkstad Limburg Theaters gratis.&#13;\n<br\/>Reservierung erforderlich: T.: +31(0)45-5716607 \/ <a href=\"http:\/\/www.plt.nl\" target=\"_blank\" rel=\"noreferrer noopener\">www.plt.nl<\/a><\/p>\n\n<p>Dauer: ~ 90 Min. ohne Pause<\/p>\n\n<hr class=\"wp-block-separator\"\/>\n\n<div class=\"wp-block-buttons is-horizontal is-content-justification-center is-layout-flex wp-container-core-buttons-is-layout-499968f5 wp-block-buttons-is-layout-flex\">\n<div class=\"wp-block-button\"><a class=\"wp-block-button__link has-white-color has-black-background-color has-text-color has-background\" href=\"https:\/\/www.plt.nl\/bestel\/9151\" target=\"_blank\" rel=\"noreferrer noopener\"><strong>Tickets bestellen<\/strong><\/a><\/div>\n<\/div>\n\n<hr class=\"wp-block-separator\"\/>\n\n<figure class=\"wp-block-embed is-type-video is-provider-vimeo wp-block-embed-vimeo wp-embed-aspect-16-9 wp-has-aspect-ratio\"><div class=\"wp-block-embed__wrapper\">\r\n<div class=\"jetpack-video-wrapper\"><iframe title=\"Eun-Me Ahn - North Korea Dance - trailer\" src=\"https:\/\/player.vimeo.com\/video\/274444568?dnt=1&amp;app_id=122963\" width=\"640\" height=\"360\" frameborder=\"0\" allow=\"autoplay; fullscreen; picture-in-picture; clipboard-write\"><\/iframe><\/div>\r\n<\/div><\/figure>\r\n\n<hr class=\"wp-block-separator\"\/>\n\n<figure class=\"wp-block-gallery aligncenter has-nested-images columns-default is-cropped wp-block-gallery-1 is-layout-flex wp-block-gallery-is-layout-flex\">\n<figure class=\"wp-block-image size-large\"><img data-recalc-dims=\"1\" height=\"426\" width=\"640\" decoding=\"async\" data-id=\"2692\" src=\"https:\/\/i0.wp.com\/schrittmacherfestival.nl\/wp-content\/uploads\/2021\/12\/smf_22_Eun-Me-Ahn-North-Korea-Dance_6947%C2%AEJM-Chabot.jpg?resize=640%2C426&#038;ssl=1\" alt=\"\" class=\"wp-image-2692\"\/><\/figure>\n\n\n<figure class=\"wp-block-image size-large\"><img data-recalc-dims=\"1\" height=\"427\" width=\"640\" decoding=\"async\" data-id=\"2694\" src=\"https:\/\/i0.wp.com\/schrittmacherfestival.nl\/wp-content\/uploads\/2021\/12\/smf_22_Eun-Me-Ahn-North-Korea-Dance_7335%C2%AEJM-Chabot.jpg?resize=640%2C427&#038;ssl=1\" alt=\"\" class=\"wp-image-2694\"\/><\/figure>\n\n\n<figure class=\"wp-block-image size-large\"><img data-recalc-dims=\"1\" height=\"427\" width=\"640\" decoding=\"async\" data-id=\"2696\" src=\"https:\/\/i0.wp.com\/schrittmacherfestival.nl\/wp-content\/uploads\/2021\/12\/smf_22_Eun-Me-Ahn-North-Korea-Dance_7383%C2%AEJM-Chabot.jpg?resize=640%2C427&#038;ssl=1\" alt=\"\" class=\"wp-image-2696\"\/><\/figure>\n\n\n<figure class=\"wp-block-image size-large\"><img data-recalc-dims=\"1\" height=\"427\" width=\"640\" decoding=\"async\" data-id=\"2698\" src=\"https:\/\/i0.wp.com\/schrittmacherfestival.nl\/wp-content\/uploads\/2021\/12\/smf_22_Eun-Me-Ahn-North-Korea-Dance_7936%C2%AEJM-Chabot.jpg?resize=640%2C427&#038;ssl=1\" alt=\"\" class=\"wp-image-2698\"\/><\/figure><\/figure>\n\n<hr class=\"wp-block-separator\"\/>\n\n<p><\/p>\n","protected":false},"excerpt":{"rendered":"<p>Eun-Me Ahn (KOR)\u00a0 Theater Heerlen \/ RABOzaalDi 22.03.202220.00 Uhr Von 14,- \u20ac Nordkorea ist ein Land, das sich extrem vom Rest der Welt abgeschottet hat. \u00dcber die nordkoreanische Kultur im Allgemeinen und den Tanz im Besonderen ist nur wenig bekannt. Die exzentrische s\u00fcdkoreanische K\u00fcnstlerin Eun-Me Ahn bietet mit ihrem St\u00fcck \u201eNorth Korea Dance\u201c interessante Einblicke in diese hermetische Welt. Sie [&hellip;]<\/p>\n","protected":false},"author":1,"featured_media":0,"parent":0,"menu_order":0,"comment_status":"closed","ping_status":"closed","template":"","meta":{"_acf_changed":false,"footnotes":""},"class_list":["post-2702","page","type-page","status-publish","hentry"],"aioseo_notices":[],"acf":[],"jetpack_sharing_enabled":true,"_links":{"self":[{"href":"https:\/\/schrittmacherfestival.nl\/de\/wp-json\/wp\/v2\/pages\/2702","targetHints":{"allow":["GET"]}}],"collection":[{"href":"https:\/\/schrittmacherfestival.nl\/de\/wp-json\/wp\/v2\/pages"}],"about":[{"href":"https:\/\/schrittmacherfestival.nl\/de\/wp-json\/wp\/v2\/types\/page"}],"author":[{"embeddable":true,"href":"https:\/\/schrittmacherfestival.nl\/de\/wp-json\/wp\/v2\/users\/1"}],"replies":[{"embeddable":true,"href":"https:\/\/schrittmacherfestival.nl\/de\/wp-json\/wp\/v2\/comments?post=2702"}],"version-history":[{"count":8,"href":"https:\/\/schrittmacherfestival.nl\/de\/wp-json\/wp\/v2\/pages\/2702\/revisions"}],"predecessor-version":[{"id":3698,"href":"https:\/\/schrittmacherfestival.nl\/de\/wp-json\/wp\/v2\/pages\/2702\/revisions\/3698"}],"wp:attachment":[{"href":"https:\/\/schrittmacherfestival.nl\/de\/wp-json\/wp\/v2\/media?parent=2702"}],"curies":[{"name":"wp","href":"https:\/\/api.w.org\/{rel}","templated":true}]}}