{"id":2758,"date":"2021-12-12T10:44:29","date_gmt":"2021-12-12T10:44:29","guid":{"rendered":"https:\/\/schrittmacherfestival.nl\/asylum\/"},"modified":"2021-12-17T08:10:23","modified_gmt":"2021-12-17T08:10:23","slug":"asylum","status":"publish","type":"page","link":"https:\/\/schrittmacherfestival.nl\/de\/asylum\/","title":{"rendered":"Asylum"},"content":{"rendered":"\n<h1 class=\"has-black-color has-text-color wp-block-heading\"><strong>Kibbutz Contemporary Dance Company <\/strong>(IL)<\/h1>\n\n<p><strong>Fabrik Stahlbau Strang Aachen<\/strong><br\/><strong><strong><strong><strong><strong><strong><strong><strong><strong><strong><strong>Do 31.03. \u2013 So 03.04.2022<\/strong><\/strong><\/strong><\/strong><\/strong><\/strong><\/strong><\/strong><\/strong><\/strong><\/strong><br\/><strong>20.00 Uhr <\/strong><br\/><strong>Von 18,- \u20ac<\/strong><\/p>\n\n<figure class=\"wp-block-image alignwide size-large\"><img data-recalc-dims=\"1\" fetchpriority=\"high\" decoding=\"async\" width=\"640\" height=\"426\" src=\"https:\/\/i0.wp.com\/schrittmacherfestival.nl\/wp-content\/uploads\/2021\/12\/smf_22_Asylum-Kibbutz-Contemporary-Dance-Company-Photo-by-Eyal-Hirsch-8453.jpg?resize=640%2C426&#038;ssl=1\" alt=\"\" class=\"wp-image-2752\" srcset=\"https:\/\/i0.wp.com\/schrittmacherfestival.nl\/wp-content\/uploads\/2021\/12\/smf_22_Asylum-Kibbutz-Contemporary-Dance-Company-Photo-by-Eyal-Hirsch-8453-e1639305592254.jpg?resize=1024%2C682&amp;ssl=1 1024w, https:\/\/i0.wp.com\/schrittmacherfestival.nl\/wp-content\/uploads\/2021\/12\/smf_22_Asylum-Kibbutz-Contemporary-Dance-Company-Photo-by-Eyal-Hirsch-8453-e1639305592254.jpg?resize=300%2C200&amp;ssl=1 300w, https:\/\/i0.wp.com\/schrittmacherfestival.nl\/wp-content\/uploads\/2021\/12\/smf_22_Asylum-Kibbutz-Contemporary-Dance-Company-Photo-by-Eyal-Hirsch-8453-e1639305592254.jpg?resize=768%2C512&amp;ssl=1 768w, https:\/\/i0.wp.com\/schrittmacherfestival.nl\/wp-content\/uploads\/2021\/12\/smf_22_Asylum-Kibbutz-Contemporary-Dance-Company-Photo-by-Eyal-Hirsch-8453-e1639305592254.jpg?resize=1536%2C1024&amp;ssl=1 1536w, https:\/\/i0.wp.com\/schrittmacherfestival.nl\/wp-content\/uploads\/2021\/12\/smf_22_Asylum-Kibbutz-Contemporary-Dance-Company-Photo-by-Eyal-Hirsch-8453-e1639305592254.jpg?resize=600%2C400&amp;ssl=1 600w, https:\/\/i0.wp.com\/schrittmacherfestival.nl\/wp-content\/uploads\/2021\/12\/smf_22_Asylum-Kibbutz-Contemporary-Dance-Company-Photo-by-Eyal-Hirsch-8453-e1639305592254.jpg?w=2000&amp;ssl=1 2000w, https:\/\/i0.wp.com\/schrittmacherfestival.nl\/wp-content\/uploads\/2021\/12\/smf_22_Asylum-Kibbutz-Contemporary-Dance-Company-Photo-by-Eyal-Hirsch-8453.jpg?w=1280&amp;ssl=1 1280w, https:\/\/i0.wp.com\/schrittmacherfestival.nl\/wp-content\/uploads\/2021\/12\/smf_22_Asylum-Kibbutz-Contemporary-Dance-Company-Photo-by-Eyal-Hirsch-8453.jpg?w=1920&amp;ssl=1 1920w\" sizes=\"(max-width: 640px) 100vw, 640px\" \/><\/figure>\n<hr class=\"wp-block-separator\"\/>\n\n<p>Ein kompositorisches Meisterwerk voller Energie und Sprengkraft! &#13;\nDie Kibbutz Contemporary Dance Company geh\u00f6rt zu den renommiertesten Tanzkompanien der Welt und ist in den letzten Jahrzehnten unter der k\u00fcnstlerischen Leitung von Rami Be\u2019er mit spektakul\u00e4ren, hochexpressiven und sehr aktuellen choreografischen Inszenierungen zu einer Kulturbotschafterin Israels geworden. In seiner j\u00fcngsten Kreation \u201eAsylum\u201c  thematisiert Rami Be\u2019er die weltweit brisanten Themen Flucht und Migration sowie das Schicksal von Asylsuchenden. \u201eAsyl\u201c versteht er als Raum, als eine gesch\u00fctzte Zone und einen intimen spirituellen Zustand. Was bedeuten f\u00fcr jeden Einzelnen Immigration, Heimat, Identit\u00e4t, Fremdheit? &#13;\n<\/p>\n\n<p>Dauer: ~ 65 Min. ohne Pause<\/p>\n\n<hr class=\"wp-block-separator\"\/>\n\n<div class=\"wp-block-buttons is-content-justification-center is-layout-flex wp-block-buttons-is-layout-flex\">\n<div class=\"wp-block-button\"><a class=\"wp-block-button__link has-white-color has-black-background-color has-text-color has-background\" href=\"https:\/\/www.plt.nl\/bestel\/9357\" target=\"_blank\" rel=\"noreferrer noopener\"><strong>Tickets Do 31.03<\/strong><\/a><\/div>\n\n\n\n<div class=\"wp-block-button\"><a class=\"wp-block-button__link has-white-color has-black-background-color has-text-color has-background\" href=\"https:\/\/www.plt.nl\/bestel\/9358\" target=\"_blank\" rel=\"noreferrer noopener\"><strong>Tickets Fr 01.04<\/strong><\/a><\/div>\n\n\n\n<div class=\"wp-block-button\"><a class=\"wp-block-button__link has-white-color has-black-background-color has-text-color has-background\" href=\"https:\/\/www.plt.nl\/bestel\/9359\" target=\"_blank\" rel=\"noreferrer noopener\"><strong>Tickets Sa 02.04<\/strong><\/a><\/div>\n\n\n\n<div class=\"wp-block-button\"><a class=\"wp-block-button__link has-white-color has-black-background-color has-text-color has-background\" href=\"https:\/\/www.plt.nl\/bestel\/9360\" target=\"_blank\" rel=\"noreferrer noopener\"><strong>Tickets So 03.04<\/strong><\/a><\/div>\n<\/div>\n\n<hr class=\"wp-block-separator\"\/>\n\n<figure class=\"wp-block-embed is-type-video is-provider-vimeo wp-block-embed-vimeo wp-embed-aspect-16-9 wp-has-aspect-ratio\"><div class=\"wp-block-embed__wrapper\">\r\n<div class=\"jetpack-video-wrapper\"><iframe title=\"Asylum by Rami Be&#039;er | Kibbutz Contemporary Dance Company\" src=\"https:\/\/player.vimeo.com\/video\/290492085?dnt=1&amp;app_id=122963\" width=\"640\" height=\"360\" frameborder=\"0\" allow=\"autoplay; fullscreen; picture-in-picture; clipboard-write\"><\/iframe><\/div>\r\n<\/div><\/figure>\r\n\n<hr class=\"wp-block-separator\"\/>\n\n<figure class=\"wp-block-gallery columns-2 is-cropped wp-block-gallery-1 is-layout-flex wp-block-gallery-is-layout-flex\"><ul class=\"blocks-gallery-grid\"><li class=\"blocks-gallery-item\"><figure><img data-recalc-dims=\"1\" decoding=\"async\" width=\"640\" height=\"426\" src=\"https:\/\/i0.wp.com\/schrittmacherfestival.nl\/wp-content\/uploads\/2021\/12\/smf_22_Asylum-Kibbutz-Contemporary-Dance-Company-Photo-by-Eyal-Hirsch-8539.jpg?resize=640%2C426&#038;ssl=1\" alt=\"\" data-id=\"2753\" data-full-url=\"https:\/\/schrittmacherfestival.nl\/wp-content\/uploads\/2021\/12\/smf_22_Asylum-Kibbutz-Contemporary-Dance-Company-Photo-by-Eyal-Hirsch-8539.jpg\" data-link=\"https:\/\/schrittmacherfestival.nl\/?attachment_id=2753\" class=\"wp-image-2754\" srcset=\"https:\/\/i0.wp.com\/schrittmacherfestival.nl\/wp-content\/uploads\/2021\/12\/smf_22_Asylum-Kibbutz-Contemporary-Dance-Company-Photo-by-Eyal-Hirsch-8539.jpg?resize=1024%2C682&amp;ssl=1 1024w, https:\/\/i0.wp.com\/schrittmacherfestival.nl\/wp-content\/uploads\/2021\/12\/smf_22_Asylum-Kibbutz-Contemporary-Dance-Company-Photo-by-Eyal-Hirsch-8539.jpg?resize=300%2C200&amp;ssl=1 300w, https:\/\/i0.wp.com\/schrittmacherfestival.nl\/wp-content\/uploads\/2021\/12\/smf_22_Asylum-Kibbutz-Contemporary-Dance-Company-Photo-by-Eyal-Hirsch-8539.jpg?resize=768%2C512&amp;ssl=1 768w, https:\/\/i0.wp.com\/schrittmacherfestival.nl\/wp-content\/uploads\/2021\/12\/smf_22_Asylum-Kibbutz-Contemporary-Dance-Company-Photo-by-Eyal-Hirsch-8539.jpg?resize=1536%2C1024&amp;ssl=1 1536w, https:\/\/i0.wp.com\/schrittmacherfestival.nl\/wp-content\/uploads\/2021\/12\/smf_22_Asylum-Kibbutz-Contemporary-Dance-Company-Photo-by-Eyal-Hirsch-8539.jpg?resize=600%2C400&amp;ssl=1 600w, https:\/\/i0.wp.com\/schrittmacherfestival.nl\/wp-content\/uploads\/2021\/12\/smf_22_Asylum-Kibbutz-Contemporary-Dance-Company-Photo-by-Eyal-Hirsch-8539.jpg?w=2000&amp;ssl=1 2000w, https:\/\/i0.wp.com\/schrittmacherfestival.nl\/wp-content\/uploads\/2021\/12\/smf_22_Asylum-Kibbutz-Contemporary-Dance-Company-Photo-by-Eyal-Hirsch-8539.jpg?w=1280&amp;ssl=1 1280w, https:\/\/i0.wp.com\/schrittmacherfestival.nl\/wp-content\/uploads\/2021\/12\/smf_22_Asylum-Kibbutz-Contemporary-Dance-Company-Photo-by-Eyal-Hirsch-8539.jpg?w=1920&amp;ssl=1 1920w\" sizes=\"(max-width: 640px) 100vw, 640px\" \/><\/figure><\/li><li class=\"blocks-gallery-item\"><figure><img data-recalc-dims=\"1\" decoding=\"async\" width=\"640\" height=\"426\" src=\"https:\/\/i0.wp.com\/schrittmacherfestival.nl\/wp-content\/uploads\/2021\/12\/smf_22_Asylum-Kibbutz-Contemporary-Dance-Company-Photo-by-Eyal-Hirsch-8978.jpg?resize=640%2C426&#038;ssl=1\" alt=\"\" data-id=\"2755\" data-full-url=\"https:\/\/schrittmacherfestival.nl\/wp-content\/uploads\/2021\/12\/smf_22_Asylum-Kibbutz-Contemporary-Dance-Company-Photo-by-Eyal-Hirsch-8978.jpg\" data-link=\"https:\/\/schrittmacherfestival.nl\/?attachment_id=2755\" class=\"wp-image-2756\" srcset=\"https:\/\/i0.wp.com\/schrittmacherfestival.nl\/wp-content\/uploads\/2021\/12\/smf_22_Asylum-Kibbutz-Contemporary-Dance-Company-Photo-by-Eyal-Hirsch-8978.jpg?resize=1024%2C682&amp;ssl=1 1024w, https:\/\/i0.wp.com\/schrittmacherfestival.nl\/wp-content\/uploads\/2021\/12\/smf_22_Asylum-Kibbutz-Contemporary-Dance-Company-Photo-by-Eyal-Hirsch-8978.jpg?resize=300%2C200&amp;ssl=1 300w, https:\/\/i0.wp.com\/schrittmacherfestival.nl\/wp-content\/uploads\/2021\/12\/smf_22_Asylum-Kibbutz-Contemporary-Dance-Company-Photo-by-Eyal-Hirsch-8978.jpg?resize=768%2C512&amp;ssl=1 768w, https:\/\/i0.wp.com\/schrittmacherfestival.nl\/wp-content\/uploads\/2021\/12\/smf_22_Asylum-Kibbutz-Contemporary-Dance-Company-Photo-by-Eyal-Hirsch-8978.jpg?resize=1536%2C1024&amp;ssl=1 1536w, https:\/\/i0.wp.com\/schrittmacherfestival.nl\/wp-content\/uploads\/2021\/12\/smf_22_Asylum-Kibbutz-Contemporary-Dance-Company-Photo-by-Eyal-Hirsch-8978.jpg?resize=600%2C400&amp;ssl=1 600w, https:\/\/i0.wp.com\/schrittmacherfestival.nl\/wp-content\/uploads\/2021\/12\/smf_22_Asylum-Kibbutz-Contemporary-Dance-Company-Photo-by-Eyal-Hirsch-8978.jpg?w=2000&amp;ssl=1 2000w, https:\/\/i0.wp.com\/schrittmacherfestival.nl\/wp-content\/uploads\/2021\/12\/smf_22_Asylum-Kibbutz-Contemporary-Dance-Company-Photo-by-Eyal-Hirsch-8978.jpg?w=1280&amp;ssl=1 1280w, https:\/\/i0.wp.com\/schrittmacherfestival.nl\/wp-content\/uploads\/2021\/12\/smf_22_Asylum-Kibbutz-Contemporary-Dance-Company-Photo-by-Eyal-Hirsch-8978.jpg?w=1920&amp;ssl=1 1920w\" sizes=\"(max-width: 640px) 100vw, 640px\" \/><\/figure><\/li><\/ul><\/figure>\n<hr class=\"wp-block-separator\"\/>\n\n<p><\/p>\n","protected":false},"excerpt":{"rendered":"<p>Kibbutz Contemporary Dance Company (IL) Fabrik Stahlbau Strang AachenDo 31.03. \u2013 So 03.04.202220.00 Uhr Von 18,- \u20ac Ein kompositorisches Meisterwerk voller Energie und Sprengkraft! &#13; Die Kibbutz Contemporary Dance Company geh\u00f6rt zu den renommiertesten Tanzkompanien der Welt und ist in den letzten Jahrzehnten unter der k\u00fcnstlerischen Leitung von Rami Be\u2019er mit spektakul\u00e4ren, hochexpressiven und sehr aktuellen choreografischen Inszenierungen zu einer [&hellip;]<\/p>\n","protected":false},"author":1,"featured_media":0,"parent":0,"menu_order":0,"comment_status":"closed","ping_status":"closed","template":"","meta":{"_acf_changed":false,"footnotes":""},"class_list":["post-2758","page","type-page","status-publish","hentry"],"aioseo_notices":[],"acf":[],"jetpack_sharing_enabled":true,"_links":{"self":[{"href":"https:\/\/schrittmacherfestival.nl\/de\/wp-json\/wp\/v2\/pages\/2758","targetHints":{"allow":["GET"]}}],"collection":[{"href":"https:\/\/schrittmacherfestival.nl\/de\/wp-json\/wp\/v2\/pages"}],"about":[{"href":"https:\/\/schrittmacherfestival.nl\/de\/wp-json\/wp\/v2\/types\/page"}],"author":[{"embeddable":true,"href":"https:\/\/schrittmacherfestival.nl\/de\/wp-json\/wp\/v2\/users\/1"}],"replies":[{"embeddable":true,"href":"https:\/\/schrittmacherfestival.nl\/de\/wp-json\/wp\/v2\/comments?post=2758"}],"version-history":[{"count":5,"href":"https:\/\/schrittmacherfestival.nl\/de\/wp-json\/wp\/v2\/pages\/2758\/revisions"}],"predecessor-version":[{"id":2967,"href":"https:\/\/schrittmacherfestival.nl\/de\/wp-json\/wp\/v2\/pages\/2758\/revisions\/2967"}],"wp:attachment":[{"href":"https:\/\/schrittmacherfestival.nl\/de\/wp-json\/wp\/v2\/media?parent=2758"}],"curies":[{"name":"wp","href":"https:\/\/api.w.org\/{rel}","templated":true}]}}