{"id":2773,"date":"2021-12-12T11:01:25","date_gmt":"2021-12-12T11:01:25","guid":{"rendered":"https:\/\/schrittmacherfestival.nl\/set-of-sets\/"},"modified":"2022-02-09T09:50:33","modified_gmt":"2022-02-09T09:50:33","slug":"set-of-sets","status":"publish","type":"page","link":"https:\/\/schrittmacherfestival.nl\/de\/set-of-sets\/","title":{"rendered":"Set of sets"},"content":{"rendered":"\n<h1 class=\"has-black-color has-text-color wp-block-heading\" id=\"gn-mc-guy-nader-maria-campos-lbn-esp\"><strong><strong>GN | MC Guy Nader | Maria Campos <\/strong>(LBN\/ESP)<\/strong><\/h1>\n\n<p><strong>Theater Kerkrade<\/strong><br\/><strong><strong><strong><strong><strong><strong><strong><strong><strong><strong><strong><strong>Mo 04.04.2022<\/strong><\/strong><\/strong><\/strong><\/strong><\/strong><\/strong><\/strong><\/strong><\/strong><\/strong><\/strong><br\/><strong>20.00 Uhr <\/strong><br\/><strong>Von 13,- \u20ac<\/strong><\/p>\n\n<figure class=\"wp-block-image alignwide size-large\"><img data-recalc-dims=\"1\" height=\"261\" width=\"640\" decoding=\"async\" src=\"https:\/\/i0.wp.com\/schrittmacherfestival.nl\/wp-content\/uploads\/2021\/12\/smf_22_2_foto%C2%AEMarti-Albesa-scaled-e1639306475973-1024x417.jpg?resize=640%2C261&#038;ssl=1\" alt=\"\" class=\"wp-image-2767\"\/><\/figure>\n<hr class=\"wp-block-separator\"\/>\n\n<p>In \u201eSet of sets\u201c experimentiert das libanesisch-spanische Choreografenduo Guy Nader und Maria Campos mit einer neuen Art der Partnerschaft. Von Anfang bis Ende entsteht eine Spannung, die von Pr\u00e4zision und Strenge getrieben, ein Spiel mit der Synchronizit\u00e4t in Gang setzt. Wie erleben wir Zeit im Irrgarten unserer Erinnerung, und wie l\u00e4sst sich das auf die B\u00fchne bringen? Die T\u00e4nzer*innen gehen bis an ihre Grenzen und fordern die Schwerkraft in einem Labyrinth aus tanzenden K\u00f6rpern heraus. Das Werk ist laut Theaterkrant \u201eein echtes Meisterwerk\u201c.<\/p>\n\n<p>Einf\u00fchrung um 19.00 Uhr im MFzaal [nl] f\u00fcr 3,50 \u20ac. <br\/> F\u00fcr Freunde von Parkstad Limburg Theaters gratis.<br\/> Reservierung erforderlich: T.: +31(0)45-5716607 \/ <a href=\"http:\/\/www.plt.nl\" target=\"_blank\" rel=\"noreferrer noopener\">www.plt.nl<\/a><\/p>\n\n<p>Dauer: ~ 60 Min. ohne Pause<\/p>\n\n<hr class=\"wp-block-separator\"\/>\n\n<div class=\"wp-block-buttons is-horizontal is-content-justification-center is-layout-flex wp-container-core-buttons-is-layout-499968f5 wp-block-buttons-is-layout-flex\">\n<div class=\"wp-block-button\"><a class=\"wp-block-button__link has-white-color has-black-background-color has-text-color has-background\" href=\"https:\/\/www.plt.nl\/bestel\/9260\" target=\"_blank\" rel=\"noreferrer noopener\"><strong>Tickets bestellen<\/strong><\/a><\/div>\n<\/div>\n\n<hr class=\"wp-block-separator\"\/>\n\n<figure class=\"wp-block-embed is-type-video is-provider-vimeo wp-block-embed-vimeo wp-embed-aspect-16-9 wp-has-aspect-ratio\"><div class=\"wp-block-embed__wrapper\">\r\n<div class=\"jetpack-video-wrapper\"><iframe title=\"SET OF SETS trailer\" src=\"https:\/\/player.vimeo.com\/video\/277810503?dnt=1&amp;app_id=122963\" width=\"640\" height=\"360\" frameborder=\"0\" allow=\"autoplay; fullscreen; picture-in-picture; clipboard-write\"><\/iframe><\/div>\r\n<\/div><\/figure>\r\n\n<hr class=\"wp-block-separator\"\/>\n\n<figure class=\"wp-block-gallery aligncenter has-nested-images columns-default is-cropped wp-block-gallery-1 is-layout-flex wp-block-gallery-is-layout-flex\">\n<figure class=\"wp-block-image size-large\"><img data-recalc-dims=\"1\" height=\"427\" width=\"640\" decoding=\"async\" data-id=\"2769\" src=\"https:\/\/i0.wp.com\/schrittmacherfestival.nl\/wp-content\/uploads\/2021\/12\/smf_22_1_foto%C2%AEAlfred_Mauve.jpg?resize=640%2C427&#038;ssl=1\" alt=\"\" class=\"wp-image-2769\"\/><\/figure><\/figure>\n\n<hr class=\"wp-block-separator\"\/>\n\n<p><\/p>\n","protected":false},"excerpt":{"rendered":"<p>GN | MC Guy Nader | Maria Campos (LBN\/ESP) Theater KerkradeMo 04.04.202220.00 Uhr Von 13,- \u20ac In \u201eSet of sets\u201c experimentiert das libanesisch-spanische Choreografenduo Guy Nader und Maria Campos mit einer neuen Art der Partnerschaft. Von Anfang bis Ende entsteht eine Spannung, die von Pr\u00e4zision und Strenge getrieben, ein Spiel mit der Synchronizit\u00e4t in Gang setzt. Wie erleben wir Zeit [&hellip;]<\/p>\n","protected":false},"author":1,"featured_media":0,"parent":0,"menu_order":0,"comment_status":"closed","ping_status":"closed","template":"","meta":{"_acf_changed":false,"footnotes":""},"class_list":["post-2773","page","type-page","status-publish","hentry"],"aioseo_notices":[],"acf":[],"jetpack_sharing_enabled":true,"_links":{"self":[{"href":"https:\/\/schrittmacherfestival.nl\/de\/wp-json\/wp\/v2\/pages\/2773","targetHints":{"allow":["GET"]}}],"collection":[{"href":"https:\/\/schrittmacherfestival.nl\/de\/wp-json\/wp\/v2\/pages"}],"about":[{"href":"https:\/\/schrittmacherfestival.nl\/de\/wp-json\/wp\/v2\/types\/page"}],"author":[{"embeddable":true,"href":"https:\/\/schrittmacherfestival.nl\/de\/wp-json\/wp\/v2\/users\/1"}],"replies":[{"embeddable":true,"href":"https:\/\/schrittmacherfestival.nl\/de\/wp-json\/wp\/v2\/comments?post=2773"}],"version-history":[{"count":8,"href":"https:\/\/schrittmacherfestival.nl\/de\/wp-json\/wp\/v2\/pages\/2773\/revisions"}],"predecessor-version":[{"id":3045,"href":"https:\/\/schrittmacherfestival.nl\/de\/wp-json\/wp\/v2\/pages\/2773\/revisions\/3045"}],"wp:attachment":[{"href":"https:\/\/schrittmacherfestival.nl\/de\/wp-json\/wp\/v2\/media?parent=2773"}],"curies":[{"name":"wp","href":"https:\/\/api.w.org\/{rel}","templated":true}]}}