{"id":2800,"date":"2021-12-13T08:22:56","date_gmt":"2021-12-13T08:22:56","guid":{"rendered":"https:\/\/schrittmacherfestival.nl\/the-sacrifice\/"},"modified":"2022-04-04T14:27:10","modified_gmt":"2022-04-04T14:27:10","slug":"the-sacrifice","status":"publish","type":"page","link":"https:\/\/schrittmacherfestival.nl\/de\/the-sacrifice\/","title":{"rendered":"The Sacrifice"},"content":{"rendered":"\n<h1 class=\"has-black-color has-text-color wp-block-heading\" id=\"dada-masilo-the-dance-factory-zaf\"><strong>Dada Masilo | The Dance Factory <\/strong>(ZAF)<\/h1>\n\n<p><strong>Theater Heerlen \/ RABOzaal<\/strong><br\/><strong><strong><strong><strong><strong><strong><strong><strong><strong><strong><strong><strong><strong>Di 05.04.2022<\/strong><\/strong><\/strong><\/strong><\/strong><\/strong><\/strong><\/strong><\/strong><\/strong><\/strong><\/strong><\/strong><br\/><strong>20.00 Uhr <\/strong><br\/><strong>Von 14,- \u20ac<\/strong><\/p>\n\n<figure class=\"wp-block-image alignwide size-large\"><img data-recalc-dims=\"1\" fetchpriority=\"high\" decoding=\"async\" width=\"640\" height=\"261\" src=\"https:\/\/i0.wp.com\/schrittmacherfestival.nl\/wp-content\/uploads\/2022\/02\/smf_22_DadaMasilosTheSacrifice_0096-1-scaled-e1639383064191-1024x417.jpeg?resize=640%2C261&#038;ssl=1\" alt=\"\" class=\"wp-image-3702\" srcset=\"https:\/\/i0.wp.com\/schrittmacherfestival.nl\/wp-content\/uploads\/2022\/02\/smf_22_DadaMasilosTheSacrifice_0096-1-scaled-e1639383064191.jpeg?resize=1024%2C417&amp;ssl=1 1024w, https:\/\/i0.wp.com\/schrittmacherfestival.nl\/wp-content\/uploads\/2022\/02\/smf_22_DadaMasilosTheSacrifice_0096-1-scaled-e1639383064191.jpeg?resize=300%2C122&amp;ssl=1 300w, https:\/\/i0.wp.com\/schrittmacherfestival.nl\/wp-content\/uploads\/2022\/02\/smf_22_DadaMasilosTheSacrifice_0096-1-scaled-e1639383064191.jpeg?resize=768%2C313&amp;ssl=1 768w, https:\/\/i0.wp.com\/schrittmacherfestival.nl\/wp-content\/uploads\/2022\/02\/smf_22_DadaMasilosTheSacrifice_0096-1-scaled-e1639383064191.jpeg?w=1230&amp;ssl=1 1230w\" sizes=\"(max-width: 640px) 100vw, 640px\" \/><\/figure>\n<hr class=\"wp-block-separator\"\/>\n\n<h2 class=\"wp-block-heading\" id=\"nederlandse-premiere\">Niederl\u00e4ndische Premiere<\/h2>\n\n<p>Die s\u00fcdafrikanische Choreografin Dada Masilo ist aufgrund ihrer Faszination f\u00fcr afrikanische Tanzformen und ihr Wissen \u00fcber modernen Tanz und klassisches Ballett eine der derzeit auffallendsten Choreografinnen. F\u00fcr \u201eThe Sacrifice\u201c lie\u00df sie sich vom bekannten Ballett \u201eLe Sacre du printemps\u201c inspirieren, mit dem der Komponist Strawinsky und der Choreograf Nijinsky 1914 mit allen Regeln des klassischen Balletts brachen. Bei schrit_tmacher wird jedes Jahr eine Interpretation des St\u00fcckes aufgef\u00fchrt. Masilo vereint das prachtvolle, ekstatische Ballett mit dem Tswana-Tanz (einem rituellen Tanz aus Botswana) in einer aufputschenden Begegnung der Kontinente und Kulturen.<\/p>\n\n<p><a href=\"https:\/\/schrittmacherfestival.nl\/de\/lectures-talks\/\" title=\"Mit anschlie&#xDF;ender Diskussion, Eintritt frei\">Mit anschlie\u00dfender Diskussion, Eintritt frei<\/a>&#13;\n<\/p>\n\n<p>Einf\u00fchrung um 19.00 Uhr im INGzaal [nl] f\u00fcr 3,50 \u20ac. <br\/>F\u00fcr Freunde von Parkstad Limburg Theaters gratis.<br\/>Reservierung erforderlich: T.: +31(0)45-5716607 \/ <a href=\"http:\/\/www.plt.nl\" target=\"_blank\" rel=\"noreferrer noopener\">www.plt.nl<\/a>&#13;\n<\/p>\n\n<p>Dauer: ~ 60 Min. ohne Pause<\/p>\n\n<hr class=\"wp-block-separator\"\/>\n\n<div class=\"wp-block-buttons is-horizontal is-content-justification-center is-layout-flex wp-container-core-buttons-is-layout-499968f5 wp-block-buttons-is-layout-flex\">\n<div class=\"wp-block-button\"><a class=\"wp-block-button__link has-white-color has-black-background-color has-text-color has-background\" href=\"https:\/\/www.plt.nl\/bestel\/9279\" target=\"_blank\" rel=\"noreferrer noopener\"><strong>Tickets bestellen<\/strong><\/a><\/div>\n<\/div>\n\n<hr class=\"wp-block-separator\"\/>\n\n<figure class=\"wp-block-embed is-type-video is-provider-vimeo wp-block-embed-vimeo wp-embed-aspect-16-9 wp-has-aspect-ratio\"><div class=\"wp-block-embed__wrapper\">\r\nhttps:\/\/vimeo.com\/532175576\r\n<\/div><\/figure>\r\n\n<hr class=\"wp-block-separator\"\/>\n\n<figure class=\"wp-block-gallery aligncenter has-nested-images columns-default is-cropped wp-block-gallery-1 is-layout-flex wp-block-gallery-is-layout-flex\">\n<figure class=\"wp-block-image size-large\"><img data-recalc-dims=\"1\" decoding=\"async\" width=\"640\" height=\"449\" data-id=\"2792\" src=\"https:\/\/i0.wp.com\/schrittmacherfestival.nl\/wp-content\/uploads\/2021\/12\/smf_22_DadaMasilosTheSacrifice_06March2020__0024-1.jpg?resize=640%2C449&#038;ssl=1\" alt=\"\" class=\"wp-image-2792\" srcset=\"https:\/\/i0.wp.com\/schrittmacherfestival.nl\/wp-content\/uploads\/2021\/12\/smf_22_DadaMasilosTheSacrifice_06March2020__0024-1-scaled.jpg?resize=1024%2C719&amp;ssl=1 1024w, https:\/\/i0.wp.com\/schrittmacherfestival.nl\/wp-content\/uploads\/2021\/12\/smf_22_DadaMasilosTheSacrifice_06March2020__0024-1-scaled.jpg?resize=300%2C211&amp;ssl=1 300w, https:\/\/i0.wp.com\/schrittmacherfestival.nl\/wp-content\/uploads\/2021\/12\/smf_22_DadaMasilosTheSacrifice_06March2020__0024-1-scaled.jpg?resize=768%2C540&amp;ssl=1 768w, https:\/\/i0.wp.com\/schrittmacherfestival.nl\/wp-content\/uploads\/2021\/12\/smf_22_DadaMasilosTheSacrifice_06March2020__0024-1-scaled.jpg?resize=1536%2C1079&amp;ssl=1 1536w, https:\/\/i0.wp.com\/schrittmacherfestival.nl\/wp-content\/uploads\/2021\/12\/smf_22_DadaMasilosTheSacrifice_06March2020__0024-1-scaled.jpg?resize=2048%2C1439&amp;ssl=1 2048w, https:\/\/i0.wp.com\/schrittmacherfestival.nl\/wp-content\/uploads\/2021\/12\/smf_22_DadaMasilosTheSacrifice_06March2020__0024-1-scaled.jpg?w=1280&amp;ssl=1 1280w, https:\/\/i0.wp.com\/schrittmacherfestival.nl\/wp-content\/uploads\/2021\/12\/smf_22_DadaMasilosTheSacrifice_06March2020__0024-1-scaled.jpg?w=1920&amp;ssl=1 1920w\" sizes=\"(max-width: 640px) 100vw, 640px\" \/><\/figure>\n\n\n<figure class=\"wp-block-image size-large\"><img data-recalc-dims=\"1\" decoding=\"async\" width=\"640\" height=\"441\" data-id=\"2794\" src=\"https:\/\/i0.wp.com\/schrittmacherfestival.nl\/wp-content\/uploads\/2021\/12\/smf_22_DadaMasilosTheSacrifice_06March2020__0028-1.jpg?resize=640%2C441&#038;ssl=1\" alt=\"\" class=\"wp-image-2794\" srcset=\"https:\/\/i0.wp.com\/schrittmacherfestival.nl\/wp-content\/uploads\/2021\/12\/smf_22_DadaMasilosTheSacrifice_06March2020__0028-1-scaled.jpg?resize=1024%2C706&amp;ssl=1 1024w, https:\/\/i0.wp.com\/schrittmacherfestival.nl\/wp-content\/uploads\/2021\/12\/smf_22_DadaMasilosTheSacrifice_06March2020__0028-1-scaled.jpg?resize=300%2C207&amp;ssl=1 300w, https:\/\/i0.wp.com\/schrittmacherfestival.nl\/wp-content\/uploads\/2021\/12\/smf_22_DadaMasilosTheSacrifice_06March2020__0028-1-scaled.jpg?resize=768%2C530&amp;ssl=1 768w, https:\/\/i0.wp.com\/schrittmacherfestival.nl\/wp-content\/uploads\/2021\/12\/smf_22_DadaMasilosTheSacrifice_06March2020__0028-1-scaled.jpg?resize=1536%2C1060&amp;ssl=1 1536w, https:\/\/i0.wp.com\/schrittmacherfestival.nl\/wp-content\/uploads\/2021\/12\/smf_22_DadaMasilosTheSacrifice_06March2020__0028-1-scaled.jpg?resize=2048%2C1413&amp;ssl=1 2048w, https:\/\/i0.wp.com\/schrittmacherfestival.nl\/wp-content\/uploads\/2021\/12\/smf_22_DadaMasilosTheSacrifice_06March2020__0028-1-scaled.jpg?w=1280&amp;ssl=1 1280w, https:\/\/i0.wp.com\/schrittmacherfestival.nl\/wp-content\/uploads\/2021\/12\/smf_22_DadaMasilosTheSacrifice_06March2020__0028-1-scaled.jpg?w=1920&amp;ssl=1 1920w\" sizes=\"(max-width: 640px) 100vw, 640px\" \/><\/figure>\n\n\n<figure class=\"wp-block-image size-large\"><img data-recalc-dims=\"1\" loading=\"lazy\" decoding=\"async\" width=\"640\" height=\"416\" data-id=\"2796\" src=\"https:\/\/i0.wp.com\/schrittmacherfestival.nl\/wp-content\/uploads\/2021\/12\/smf_22_DadaMasilosTheSacrifice_06March2020__0056-1.jpg?resize=640%2C416&#038;ssl=1\" alt=\"\" class=\"wp-image-2796\" srcset=\"https:\/\/i0.wp.com\/schrittmacherfestival.nl\/wp-content\/uploads\/2021\/12\/smf_22_DadaMasilosTheSacrifice_06March2020__0056-1-scaled.jpg?resize=1024%2C665&amp;ssl=1 1024w, https:\/\/i0.wp.com\/schrittmacherfestival.nl\/wp-content\/uploads\/2021\/12\/smf_22_DadaMasilosTheSacrifice_06March2020__0056-1-scaled.jpg?resize=300%2C195&amp;ssl=1 300w, https:\/\/i0.wp.com\/schrittmacherfestival.nl\/wp-content\/uploads\/2021\/12\/smf_22_DadaMasilosTheSacrifice_06March2020__0056-1-scaled.jpg?resize=768%2C499&amp;ssl=1 768w, https:\/\/i0.wp.com\/schrittmacherfestival.nl\/wp-content\/uploads\/2021\/12\/smf_22_DadaMasilosTheSacrifice_06March2020__0056-1-scaled.jpg?resize=1536%2C998&amp;ssl=1 1536w, https:\/\/i0.wp.com\/schrittmacherfestival.nl\/wp-content\/uploads\/2021\/12\/smf_22_DadaMasilosTheSacrifice_06March2020__0056-1-scaled.jpg?resize=2048%2C1331&amp;ssl=1 2048w, https:\/\/i0.wp.com\/schrittmacherfestival.nl\/wp-content\/uploads\/2021\/12\/smf_22_DadaMasilosTheSacrifice_06March2020__0056-1-scaled.jpg?resize=368%2C240&amp;ssl=1 368w, https:\/\/i0.wp.com\/schrittmacherfestival.nl\/wp-content\/uploads\/2021\/12\/smf_22_DadaMasilosTheSacrifice_06March2020__0056-1-scaled.jpg?w=1280&amp;ssl=1 1280w, https:\/\/i0.wp.com\/schrittmacherfestival.nl\/wp-content\/uploads\/2021\/12\/smf_22_DadaMasilosTheSacrifice_06March2020__0056-1-scaled.jpg?w=1920&amp;ssl=1 1920w\" sizes=\"(max-width: 640px) 100vw, 640px\" \/><\/figure>\n\n\n<figure class=\"wp-block-image size-large\"><img data-recalc-dims=\"1\" loading=\"lazy\" decoding=\"async\" width=\"640\" height=\"433\" data-id=\"2798\" src=\"https:\/\/i0.wp.com\/schrittmacherfestival.nl\/wp-content\/uploads\/2021\/12\/smf_22_DadaMasilosTheSacrifice_06March2020__0107-1.jpg?resize=640%2C433&#038;ssl=1\" alt=\"\" class=\"wp-image-2798\" srcset=\"https:\/\/i0.wp.com\/schrittmacherfestival.nl\/wp-content\/uploads\/2021\/12\/smf_22_DadaMasilosTheSacrifice_06March2020__0107-1-scaled.jpg?resize=1024%2C692&amp;ssl=1 1024w, https:\/\/i0.wp.com\/schrittmacherfestival.nl\/wp-content\/uploads\/2021\/12\/smf_22_DadaMasilosTheSacrifice_06March2020__0107-1-scaled.jpg?resize=300%2C203&amp;ssl=1 300w, https:\/\/i0.wp.com\/schrittmacherfestival.nl\/wp-content\/uploads\/2021\/12\/smf_22_DadaMasilosTheSacrifice_06March2020__0107-1-scaled.jpg?resize=768%2C519&amp;ssl=1 768w, https:\/\/i0.wp.com\/schrittmacherfestival.nl\/wp-content\/uploads\/2021\/12\/smf_22_DadaMasilosTheSacrifice_06March2020__0107-1-scaled.jpg?resize=1536%2C1038&amp;ssl=1 1536w, https:\/\/i0.wp.com\/schrittmacherfestival.nl\/wp-content\/uploads\/2021\/12\/smf_22_DadaMasilosTheSacrifice_06March2020__0107-1-scaled.jpg?resize=2048%2C1383&amp;ssl=1 2048w, https:\/\/i0.wp.com\/schrittmacherfestival.nl\/wp-content\/uploads\/2021\/12\/smf_22_DadaMasilosTheSacrifice_06March2020__0107-1-scaled.jpg?w=1280&amp;ssl=1 1280w, https:\/\/i0.wp.com\/schrittmacherfestival.nl\/wp-content\/uploads\/2021\/12\/smf_22_DadaMasilosTheSacrifice_06March2020__0107-1-scaled.jpg?w=1920&amp;ssl=1 1920w\" sizes=\"(max-width: 640px) 100vw, 640px\" \/><\/figure><\/figure>\n\n<hr class=\"wp-block-separator\"\/>\n\n<p><\/p>\n","protected":false},"excerpt":{"rendered":"<p>Dada Masilo | The Dance Factory (ZAF) Theater Heerlen \/ RABOzaalDi 05.04.202220.00 Uhr Von 14,- \u20ac Niederl\u00e4ndische Premiere Die s\u00fcdafrikanische Choreografin Dada Masilo ist aufgrund ihrer Faszination f\u00fcr afrikanische Tanzformen und ihr Wissen \u00fcber modernen Tanz und klassisches Ballett eine der derzeit auffallendsten Choreografinnen. F\u00fcr \u201eThe Sacrifice\u201c lie\u00df sie sich vom bekannten Ballett \u201eLe Sacre du printemps\u201c inspirieren, mit dem [&hellip;]<\/p>\n","protected":false},"author":1,"featured_media":0,"parent":0,"menu_order":0,"comment_status":"closed","ping_status":"closed","template":"","meta":{"_acf_changed":false,"footnotes":""},"class_list":["post-2800","page","type-page","status-publish","hentry"],"aioseo_notices":[],"acf":[],"jetpack_sharing_enabled":true,"_links":{"self":[{"href":"https:\/\/schrittmacherfestival.nl\/de\/wp-json\/wp\/v2\/pages\/2800","targetHints":{"allow":["GET"]}}],"collection":[{"href":"https:\/\/schrittmacherfestival.nl\/de\/wp-json\/wp\/v2\/pages"}],"about":[{"href":"https:\/\/schrittmacherfestival.nl\/de\/wp-json\/wp\/v2\/types\/page"}],"author":[{"embeddable":true,"href":"https:\/\/schrittmacherfestival.nl\/de\/wp-json\/wp\/v2\/users\/1"}],"replies":[{"embeddable":true,"href":"https:\/\/schrittmacherfestival.nl\/de\/wp-json\/wp\/v2\/comments?post=2800"}],"version-history":[{"count":16,"href":"https:\/\/schrittmacherfestival.nl\/de\/wp-json\/wp\/v2\/pages\/2800\/revisions"}],"predecessor-version":[{"id":4140,"href":"https:\/\/schrittmacherfestival.nl\/de\/wp-json\/wp\/v2\/pages\/2800\/revisions\/4140"}],"wp:attachment":[{"href":"https:\/\/schrittmacherfestival.nl\/de\/wp-json\/wp\/v2\/media?parent=2800"}],"curies":[{"name":"wp","href":"https:\/\/api.w.org\/{rel}","templated":true}]}}