{"id":2816,"date":"2021-12-13T08:41:42","date_gmt":"2021-12-13T08:41:42","guid":{"rendered":"https:\/\/schrittmacherfestival.nl\/flow\/"},"modified":"2022-04-07T10:36:29","modified_gmt":"2022-04-07T10:36:29","slug":"flow","status":"publish","type":"page","link":"https:\/\/schrittmacherfestival.nl\/de\/flow\/","title":{"rendered":"Flow"},"content":{"rendered":"\n<h1 class=\"has-black-color has-text-color wp-block-heading\"><strong><strong>Linga &amp; Keda <\/strong>(CH<\/strong>)<\/h1>\n\n<p><strong>Fabrik Stahlbau Strang Aachen<\/strong><br\/><strong><strong><strong><strong><strong><strong><strong><strong><strong><strong><strong><strong><strong><strong>Do 07.04. \u2013 So 10.04.2022<\/strong><\/strong><\/strong><\/strong><\/strong><\/strong><\/strong><\/strong><\/strong><\/strong><\/strong><\/strong><\/strong><\/strong><br\/><strong>20.30 Uhr <\/strong><br\/><strong>Von 18,- \u20ac<\/strong><\/p>\n\n<figure class=\"wp-block-image alignwide size-large\"><img data-recalc-dims=\"1\" height=\"261\" width=\"640\" decoding=\"async\" src=\"https:\/\/i0.wp.com\/schrittmacherfestival.nl\/wp-content\/uploads\/2021\/12\/smf_22_Flow%C2%AEMichel_Bovay.20180228_-Flow_Linga_3943-scaled-e1639384555444-1024x417.jpg?resize=640%2C261&#038;ssl=1\" alt=\"\" class=\"wp-image-2809\"\/><\/figure>\n<hr class=\"wp-block-separator\"\/>\n\n<p>Seit mehr als 25 Jahren produziert die Schweizer Kompanie Linga aufregende Tanzst\u00fccke im Zusammenwirken mit K\u00fcnstler*innen verschiedener Nationen. Gegr\u00fcndet 1992 von den beiden ehemaligen T\u00e4nzern des B\u00e9jart Ballet Lausanne, Katarzyna Gdaniec und Marco Cantalupo, hat sich die Cie Linga zu einer der wichtigsten freien Tanzkompanien der Schweiz entwickelt und tourt weltweit mit gro\u00dfem Erfolg. In \u201cFlow\u201d schaffen die T\u00e4nzer*innen von Linga die nahezu perfekte Balance zwischen synchronen Schwarmformationen und der individuellen Ausdrucksst\u00e4rke der einzelnen T\u00e4nzer*innen. Der Tanzstil ist gepr\u00e4gt von hoher Virtuosit\u00e4t, von unvorhersehbaren Richtungswechseln und extremen Tempovariationen. Zu der vom Duo Keda live gespielten Musik flie\u00dft das Werk mit der Kraft eines Flusses.<\/p>\n\n<p>Dauer: ~ 60 Min. ohne Pause<\/p>\n\n<hr class=\"wp-block-separator\"\/>\n\n<div class=\"wp-block-buttons is-horizontal is-content-justification-center is-layout-flex wp-container-core-buttons-is-layout-499968f5 wp-block-buttons-is-layout-flex\">\n<div class=\"wp-block-button\"><a class=\"wp-block-button__link has-white-color has-black-background-color has-text-color has-background\" href=\"https:\/\/www.plt.nl\/bestel\/9361\" target=\"_blank\" rel=\"noreferrer noopener\"><strong>Tickets Do 07.04<\/strong><\/a><\/div>\n\n\n\n<div class=\"wp-block-button\"><a class=\"wp-block-button__link has-white-color has-black-background-color has-text-color has-background\" href=\"https:\/\/www.plt.nl\/bestel\/9362\" target=\"_blank\" rel=\"noreferrer noopener\"><strong>Tickets Fr 08.04<\/strong><\/a><\/div>\n\n\n\n<div class=\"wp-block-button\"><a class=\"wp-block-button__link has-white-color has-black-background-color has-text-color has-background\" href=\"https:\/\/www.plt.nl\/bestel\/9363\" target=\"_blank\" rel=\"noreferrer noopener\"><strong>Tickets Sa 09.04<\/strong><\/a><\/div>\n\n\n\n<div class=\"wp-block-button\"><a class=\"wp-block-button__link has-white-color has-black-background-color has-text-color has-background\" href=\"https:\/\/www.plt.nl\/bestel\/9364\" target=\"_blank\" rel=\"noreferrer noopener\"><strong>Tickets So 10.04<\/strong><\/a><\/div>\n<\/div>\n\n<hr class=\"wp-block-separator\"\/>\n\n<figure class=\"wp-block-embed is-type-video is-provider-vimeo wp-block-embed-vimeo wp-embed-aspect-16-9 wp-has-aspect-ratio\"><div class=\"wp-block-embed__wrapper\">\r\n<div class=\"jetpack-video-wrapper\"><iframe title=\"Flow - teaser\" src=\"https:\/\/player.vimeo.com\/video\/264868244?dnt=1&amp;app_id=122963\" width=\"640\" height=\"360\" frameborder=\"0\" allow=\"autoplay; fullscreen; picture-in-picture; clipboard-write\"><\/iframe><\/div>\r\n<\/div><\/figure>\r\n\n<hr class=\"wp-block-separator\"\/>\n\n<figure class=\"wp-block-gallery aligncenter has-nested-images columns-default is-cropped wp-block-gallery-1 is-layout-flex wp-block-gallery-is-layout-flex\">\n<figure class=\"wp-block-image size-large\"><img data-recalc-dims=\"1\" height=\"428\" width=\"640\" decoding=\"async\" data-id=\"2811\" src=\"https:\/\/i0.wp.com\/schrittmacherfestival.nl\/wp-content\/uploads\/2021\/12\/smf_22_Flow%C2%AEMichel_Bovay.-9657-big.jpg?resize=640%2C428&#038;ssl=1\" alt=\"\" class=\"wp-image-2811\"\/><\/figure>\n\n\n<figure class=\"wp-block-image size-large\"><img data-recalc-dims=\"1\" height=\"427\" width=\"640\" decoding=\"async\" data-id=\"2813\" src=\"https:\/\/i0.wp.com\/schrittmacherfestival.nl\/wp-content\/uploads\/2021\/12\/smf_22_Flow%C2%AEMichel_Bovay.20180227_-Linga_3575.jpg?resize=640%2C427&#038;ssl=1\" alt=\"\" class=\"wp-image-2813\"\/><\/figure><\/figure>\n\n<hr class=\"wp-block-separator\"\/>\n\n<p><\/p>\n","protected":false},"excerpt":{"rendered":"<p>Linga &amp; Keda (CH) Fabrik Stahlbau Strang AachenDo 07.04. \u2013 So 10.04.202220.30 Uhr Von 18,- \u20ac Seit mehr als 25 Jahren produziert die Schweizer Kompanie Linga aufregende Tanzst\u00fccke im Zusammenwirken mit K\u00fcnstler*innen verschiedener Nationen. Gegr\u00fcndet 1992 von den beiden ehemaligen T\u00e4nzern des B\u00e9jart Ballet Lausanne, Katarzyna Gdaniec und Marco Cantalupo, hat sich die Cie Linga zu einer der wichtigsten freien [&hellip;]<\/p>\n","protected":false},"author":1,"featured_media":0,"parent":0,"menu_order":0,"comment_status":"closed","ping_status":"closed","template":"","meta":{"_acf_changed":false,"footnotes":""},"class_list":["post-2816","page","type-page","status-publish","hentry"],"aioseo_notices":[],"acf":[],"jetpack_sharing_enabled":true,"_links":{"self":[{"href":"https:\/\/schrittmacherfestival.nl\/de\/wp-json\/wp\/v2\/pages\/2816","targetHints":{"allow":["GET"]}}],"collection":[{"href":"https:\/\/schrittmacherfestival.nl\/de\/wp-json\/wp\/v2\/pages"}],"about":[{"href":"https:\/\/schrittmacherfestival.nl\/de\/wp-json\/wp\/v2\/types\/page"}],"author":[{"embeddable":true,"href":"https:\/\/schrittmacherfestival.nl\/de\/wp-json\/wp\/v2\/users\/1"}],"replies":[{"embeddable":true,"href":"https:\/\/schrittmacherfestival.nl\/de\/wp-json\/wp\/v2\/comments?post=2816"}],"version-history":[{"count":6,"href":"https:\/\/schrittmacherfestival.nl\/de\/wp-json\/wp\/v2\/pages\/2816\/revisions"}],"predecessor-version":[{"id":4148,"href":"https:\/\/schrittmacherfestival.nl\/de\/wp-json\/wp\/v2\/pages\/2816\/revisions\/4148"}],"wp:attachment":[{"href":"https:\/\/schrittmacherfestival.nl\/de\/wp-json\/wp\/v2\/media?parent=2816"}],"curies":[{"name":"wp","href":"https:\/\/api.w.org\/{rel}","templated":true}]}}