{"id":3113,"date":"2022-02-10T08:25:50","date_gmt":"2022-02-10T08:25:50","guid":{"rendered":"https:\/\/schrittmacherfestival.nl\/orgarhythm-taktil-space%ef%bf%bc\/"},"modified":"2022-02-16T10:23:31","modified_gmt":"2022-02-16T10:23:31","slug":"orgarhythm-taktil-space","status":"publish","type":"page","link":"https:\/\/schrittmacherfestival.nl\/de\/orgarhythm-taktil-space\/","title":{"rendered":"Triple Bill (10+)"},"content":{"rendered":"\n<h1 class=\"has-black-color has-text-color wp-block-heading\" id=\"orgarhythm-taktil-space\"><strong><strong><strong><strong>Orgarhythm, Taktil &amp; Space<\/strong><\/strong><\/strong><\/strong><\/h1>\n\n\n\n<p><strong>DEPOT Talstra\u00dfe, Aachen<\/strong><br><strong><strong><strong><strong><strong><strong><strong><strong><strong><strong><strong><strong>Sa 12.03.2022<\/strong><\/strong><\/strong><\/strong><\/strong><\/strong><\/strong><\/strong><\/strong><\/strong><\/strong><\/strong><br><strong>20.00 Uhr <\/strong><br><strong>Von 9,- \u20ac<\/strong><\/p>\n\n\n\n<figure class=\"wp-block-image alignwide size-large\"><img data-recalc-dims=\"1\" fetchpriority=\"high\" decoding=\"async\" width=\"640\" height=\"261\" src=\"https:\/\/i0.wp.com\/schrittmacherfestival.nl\/wp-content\/uploads\/2022\/02\/GEN2_ORGARHYTHM_c_SophieOtto_2022_02-1-scaled-e1644481247162-1.jpeg?resize=640%2C261&#038;ssl=1\" alt=\"\" class=\"wp-image-3119\" srcset=\"https:\/\/i0.wp.com\/schrittmacherfestival.nl\/wp-content\/uploads\/2022\/02\/GEN2_ORGARHYTHM_c_SophieOtto_2022_02-1-scaled-e1644481247162-1.jpeg?resize=1024%2C417&amp;ssl=1 1024w, https:\/\/i0.wp.com\/schrittmacherfestival.nl\/wp-content\/uploads\/2022\/02\/GEN2_ORGARHYTHM_c_SophieOtto_2022_02-1-scaled-e1644481247162-1.jpeg?resize=300%2C122&amp;ssl=1 300w, https:\/\/i0.wp.com\/schrittmacherfestival.nl\/wp-content\/uploads\/2022\/02\/GEN2_ORGARHYTHM_c_SophieOtto_2022_02-1-scaled-e1644481247162-1.jpeg?resize=768%2C313&amp;ssl=1 768w, https:\/\/i0.wp.com\/schrittmacherfestival.nl\/wp-content\/uploads\/2022\/02\/GEN2_ORGARHYTHM_c_SophieOtto_2022_02-1-scaled-e1644481247162-1.jpeg?w=1230&amp;ssl=1 1230w\" sizes=\"(max-width: 640px) 100vw, 640px\" \/><\/figure>\n\n\n\n<hr class=\"wp-block-separator\"\/>\n\n\n\n<p><strong>Kenji Shinohe (JP\/GER) \u201eORGARHYTHM\u201c<\/strong><br>Tanz: Baptiste Bersoux, Djamila Polo, Narumi Saso, Kenji Shinohe<\/p>\n\n\n\n<p><\/p>\n\n\n\n<p>Die aktuelle Recherche ORGARHYTHM von Kenji Shinohe  besch\u00e4ftigt sich mit der Frage, welchen Effekt die technische Evolution auf den menschlichen K\u00f6rper hat und welche Rolle der menschliche K\u00f6rper in Zukunft vor diesem Hintergrund spielen wird. Was wird passieren, wenn Technologien unseren K\u00f6rper ersetzten k\u00f6nnen? Kenji Shinohe ist \u00fcberzeugt, dass Tanzperformances, die den Anspruch haben, reale K\u00f6rper abzubilden, niemals auf Technologien zur\u00fcckgreifen k\u00f6nnen. Die Besonderheit des menschlichen Ausdrucksverm\u00f6gens kann nicht nachgeahmt werden.  Unterst\u00fctzt wird er bei seinem Research von T\u00e4nzer*innen des Folkwang Tanzstudios.<\/p>\n\n\n\n<p><\/p>\n\n\n\n<p><strong>Christina Berger (GER) \u201eTAKTIL\u201c<\/strong><br>Choreografie und Tanz: Christina Berger, Damian Kruczek<\/p>\n\n\n\n<p><\/p>\n\n\n\n<p>Was l\u00f6st eine Ber\u00fchrung auf der Haut in uns aus? Und was macht es mit uns, wenn die Ber\u00fchrung fehlt?<\/p>\n\n\n\n<p>Mit diesen Fragestellungen besch\u00e4ftigt sich die Choreografin Christina Berger vor dem Hintergrund unserer aktuellen Vergangenheit, in der wir uns sozial und k\u00f6rperlich distanzieren m\u00fcssen. Auf der Suche nach k\u00f6rperlichem Kontakt r\u00fcckt die Sehnsucht, das Vermissen in den Vordergrund. Die eigene Ber\u00fchrung dient als Platzhalter. T\u00e4nzerin und T\u00e4nzer verk\u00f6rpern eine tiefe Verbindung und ein Z\u00f6gern zugleich. Ein permanentes Abw\u00e4gen zwischen Sehnsucht und Angst.<\/p>\n\n\n\n<p><\/p>\n\n\n\n<p><strong>Frantics Dance Company (GER\/ESP) \u201eSPACE\u201c<\/strong><br>Choreografie und Tanz:&nbsp; Marco di Nardo, Carlos Aller, Diego de la Rosa, Juan Tirado<\/p>\n\n\n\n<p><\/p>\n\n\n\n<p>\u201eSPACE\u201c ist eine Arbeit, die inmitten eines st\u00e4ndigen Flusses von Ereignissen direkt in die tiefsten Geschichten der Darsteller eintaucht. Wenn wir das Unbewusste sich manifestieren lassen, werden alte Erinnerungen und Geschichten hervor gebracht. Gedanken kommen \u2013 wir lassen sie einst\u00fcrzen und einfrieren, dehnen und beschleunigen, zerst\u00f6ren sie und bauen sie wieder auf. Das Publikum wird Zeuge, wie sich alles durch eine einzigartige, energetische und zarte K\u00f6rperlichkeit entwirrt und verschmilzt. <\/p>\n\n\n\n<p>\u201eSPACE\u201c gewann den 1. Preis in Burgos New York 2020 und den 2. Preis des 34. Internationalen Wettbewerbs f\u00fcr Choreografie Hannover.<\/p>\n\n\n\n<p>Dauer: \u223c 70 Min. ohne Pause <\/p>\n\n\n\n<hr class=\"wp-block-separator\"\/>\n\n\n\n<div class=\"wp-block-buttons is-horizontal is-content-justification-center is-layout-flex wp-container-core-buttons-is-layout-499968f5 wp-block-buttons-is-layout-flex\">\n<div class=\"wp-block-button\"><a class=\"wp-block-button__link has-white-color has-black-background-color has-text-color has-background\" href=\"https:\/\/www.plt.nl\/bestel\/9457\" target=\"_blank\" rel=\"noreferrer noopener\"><strong>Tickets bestellen<\/strong><\/a><\/div>\n<\/div>\n\n\n\n<hr class=\"wp-block-separator\"\/>\n\n\n\n<figure class=\"wp-block-gallery aligncenter has-nested-images columns-default is-cropped wp-block-gallery-1 is-layout-flex wp-block-gallery-is-layout-flex\">\n<figure class=\"wp-block-image size-large\"><img data-recalc-dims=\"1\" decoding=\"async\" width=\"640\" height=\"640\" data-id=\"3103\" src=\"https:\/\/i0.wp.com\/schrittmacherfestival.nl\/wp-content\/uploads\/2022\/02\/GEN2_ORGARHYTHM_c_SophieOtto_2022_01.jpeg?resize=640%2C640&#038;ssl=1\" alt=\"\" class=\"wp-image-3103\" srcset=\"https:\/\/i0.wp.com\/schrittmacherfestival.nl\/wp-content\/uploads\/2022\/02\/GEN2_ORGARHYTHM_c_SophieOtto_2022_01-scaled.jpeg?resize=1024%2C1024&amp;ssl=1 1024w, https:\/\/i0.wp.com\/schrittmacherfestival.nl\/wp-content\/uploads\/2022\/02\/GEN2_ORGARHYTHM_c_SophieOtto_2022_01-scaled.jpeg?resize=300%2C300&amp;ssl=1 300w, https:\/\/i0.wp.com\/schrittmacherfestival.nl\/wp-content\/uploads\/2022\/02\/GEN2_ORGARHYTHM_c_SophieOtto_2022_01-scaled.jpeg?resize=150%2C150&amp;ssl=1 150w, https:\/\/i0.wp.com\/schrittmacherfestival.nl\/wp-content\/uploads\/2022\/02\/GEN2_ORGARHYTHM_c_SophieOtto_2022_01-scaled.jpeg?resize=768%2C768&amp;ssl=1 768w, https:\/\/i0.wp.com\/schrittmacherfestival.nl\/wp-content\/uploads\/2022\/02\/GEN2_ORGARHYTHM_c_SophieOtto_2022_01-scaled.jpeg?resize=1536%2C1536&amp;ssl=1 1536w, https:\/\/i0.wp.com\/schrittmacherfestival.nl\/wp-content\/uploads\/2022\/02\/GEN2_ORGARHYTHM_c_SophieOtto_2022_01-scaled.jpeg?resize=2048%2C2048&amp;ssl=1 2048w, https:\/\/i0.wp.com\/schrittmacherfestival.nl\/wp-content\/uploads\/2022\/02\/GEN2_ORGARHYTHM_c_SophieOtto_2022_01-scaled.jpeg?w=1280&amp;ssl=1 1280w, https:\/\/i0.wp.com\/schrittmacherfestival.nl\/wp-content\/uploads\/2022\/02\/GEN2_ORGARHYTHM_c_SophieOtto_2022_01-scaled.jpeg?w=1920&amp;ssl=1 1920w\" sizes=\"(max-width: 640px) 100vw, 640px\" \/><\/figure>\n\n\n\n<figure class=\"wp-block-image size-large\"><img data-recalc-dims=\"1\" decoding=\"async\" width=\"640\" height=\"398\" data-id=\"3109\" src=\"https:\/\/i0.wp.com\/schrittmacherfestival.nl\/wp-content\/uploads\/2022\/02\/GEN2_ORGARHYTHM_c_SophieOtto_2022_02.jpeg?resize=640%2C398&#038;ssl=1\" alt=\"\" class=\"wp-image-3109\" srcset=\"https:\/\/i0.wp.com\/schrittmacherfestival.nl\/wp-content\/uploads\/2022\/02\/GEN2_ORGARHYTHM_c_SophieOtto_2022_02-scaled.jpeg?resize=1024%2C637&amp;ssl=1 1024w, https:\/\/i0.wp.com\/schrittmacherfestival.nl\/wp-content\/uploads\/2022\/02\/GEN2_ORGARHYTHM_c_SophieOtto_2022_02-scaled.jpeg?resize=300%2C187&amp;ssl=1 300w, https:\/\/i0.wp.com\/schrittmacherfestival.nl\/wp-content\/uploads\/2022\/02\/GEN2_ORGARHYTHM_c_SophieOtto_2022_02-scaled.jpeg?resize=768%2C478&amp;ssl=1 768w, https:\/\/i0.wp.com\/schrittmacherfestival.nl\/wp-content\/uploads\/2022\/02\/GEN2_ORGARHYTHM_c_SophieOtto_2022_02-scaled.jpeg?resize=1536%2C956&amp;ssl=1 1536w, https:\/\/i0.wp.com\/schrittmacherfestival.nl\/wp-content\/uploads\/2022\/02\/GEN2_ORGARHYTHM_c_SophieOtto_2022_02-scaled.jpeg?resize=2048%2C1274&amp;ssl=1 2048w, https:\/\/i0.wp.com\/schrittmacherfestival.nl\/wp-content\/uploads\/2022\/02\/GEN2_ORGARHYTHM_c_SophieOtto_2022_02-scaled.jpeg?w=1280&amp;ssl=1 1280w, https:\/\/i0.wp.com\/schrittmacherfestival.nl\/wp-content\/uploads\/2022\/02\/GEN2_ORGARHYTHM_c_SophieOtto_2022_02-scaled.jpeg?w=1920&amp;ssl=1 1920w\" sizes=\"(max-width: 640px) 100vw, 640px\" \/><\/figure>\n\n\n\n<figure class=\"wp-block-image size-large\"><img data-recalc-dims=\"1\" loading=\"lazy\" decoding=\"async\" width=\"640\" height=\"504\" data-id=\"3099\" src=\"https:\/\/i0.wp.com\/schrittmacherfestival.nl\/wp-content\/uploads\/2022\/02\/GEN2_Taktil_c_ChristineSchuette_11.jpeg?resize=640%2C504&#038;ssl=1\" alt=\"\" class=\"wp-image-3099\" srcset=\"https:\/\/i0.wp.com\/schrittmacherfestival.nl\/wp-content\/uploads\/2022\/02\/GEN2_Taktil_c_ChristineSchuette_11.jpeg?w=999&amp;ssl=1 999w, https:\/\/i0.wp.com\/schrittmacherfestival.nl\/wp-content\/uploads\/2022\/02\/GEN2_Taktil_c_ChristineSchuette_11.jpeg?resize=300%2C236&amp;ssl=1 300w, https:\/\/i0.wp.com\/schrittmacherfestival.nl\/wp-content\/uploads\/2022\/02\/GEN2_Taktil_c_ChristineSchuette_11.jpeg?resize=768%2C605&amp;ssl=1 768w\" sizes=\"(max-width: 640px) 100vw, 640px\" \/><\/figure>\n\n\n\n<figure class=\"wp-block-image size-large\"><img data-recalc-dims=\"1\" loading=\"lazy\" decoding=\"async\" width=\"640\" height=\"427\" data-id=\"3261\" src=\"https:\/\/i0.wp.com\/schrittmacherfestival.nl\/wp-content\/uploads\/2022\/02\/GEN2_Taktil_c_ChristineSchuette_05.jpg?resize=640%2C427&#038;ssl=1\" alt=\"\" class=\"wp-image-3261\" srcset=\"https:\/\/i0.wp.com\/schrittmacherfestival.nl\/wp-content\/uploads\/2022\/02\/GEN2_Taktil_c_ChristineSchuette_05-scaled.jpg?resize=1024%2C683&amp;ssl=1 1024w, https:\/\/i0.wp.com\/schrittmacherfestival.nl\/wp-content\/uploads\/2022\/02\/GEN2_Taktil_c_ChristineSchuette_05-scaled.jpg?resize=300%2C200&amp;ssl=1 300w, https:\/\/i0.wp.com\/schrittmacherfestival.nl\/wp-content\/uploads\/2022\/02\/GEN2_Taktil_c_ChristineSchuette_05-scaled.jpg?resize=768%2C512&amp;ssl=1 768w, https:\/\/i0.wp.com\/schrittmacherfestival.nl\/wp-content\/uploads\/2022\/02\/GEN2_Taktil_c_ChristineSchuette_05-scaled.jpg?resize=1536%2C1024&amp;ssl=1 1536w, https:\/\/i0.wp.com\/schrittmacherfestival.nl\/wp-content\/uploads\/2022\/02\/GEN2_Taktil_c_ChristineSchuette_05-scaled.jpg?resize=2048%2C1365&amp;ssl=1 2048w, https:\/\/i0.wp.com\/schrittmacherfestival.nl\/wp-content\/uploads\/2022\/02\/GEN2_Taktil_c_ChristineSchuette_05-scaled.jpg?resize=600%2C400&amp;ssl=1 600w, https:\/\/i0.wp.com\/schrittmacherfestival.nl\/wp-content\/uploads\/2022\/02\/GEN2_Taktil_c_ChristineSchuette_05-scaled.jpg?w=1280&amp;ssl=1 1280w, https:\/\/i0.wp.com\/schrittmacherfestival.nl\/wp-content\/uploads\/2022\/02\/GEN2_Taktil_c_ChristineSchuette_05-scaled.jpg?w=1920&amp;ssl=1 1920w\" sizes=\"(max-width: 640px) 100vw, 640px\" \/><\/figure>\n\n\n\n<figure class=\"wp-block-image size-large\"><img data-recalc-dims=\"1\" loading=\"lazy\" decoding=\"async\" width=\"640\" height=\"960\" data-id=\"3259\" src=\"https:\/\/i0.wp.com\/schrittmacherfestival.nl\/wp-content\/uploads\/2022\/02\/GEN2_Taktil_c_ChristineSchuette_01.jpg?resize=640%2C960&#038;ssl=1\" alt=\"\" class=\"wp-image-3259\" srcset=\"https:\/\/i0.wp.com\/schrittmacherfestival.nl\/wp-content\/uploads\/2022\/02\/GEN2_Taktil_c_ChristineSchuette_01-scaled.jpg?resize=683%2C1024&amp;ssl=1 683w, https:\/\/i0.wp.com\/schrittmacherfestival.nl\/wp-content\/uploads\/2022\/02\/GEN2_Taktil_c_ChristineSchuette_01-scaled.jpg?resize=200%2C300&amp;ssl=1 200w, https:\/\/i0.wp.com\/schrittmacherfestival.nl\/wp-content\/uploads\/2022\/02\/GEN2_Taktil_c_ChristineSchuette_01-scaled.jpg?resize=768%2C1152&amp;ssl=1 768w, https:\/\/i0.wp.com\/schrittmacherfestival.nl\/wp-content\/uploads\/2022\/02\/GEN2_Taktil_c_ChristineSchuette_01-scaled.jpg?resize=1024%2C1536&amp;ssl=1 1024w, https:\/\/i0.wp.com\/schrittmacherfestival.nl\/wp-content\/uploads\/2022\/02\/GEN2_Taktil_c_ChristineSchuette_01-scaled.jpg?resize=1365%2C2048&amp;ssl=1 1365w, https:\/\/i0.wp.com\/schrittmacherfestival.nl\/wp-content\/uploads\/2022\/02\/GEN2_Taktil_c_ChristineSchuette_01-scaled.jpg?w=1707&amp;ssl=1 1707w, https:\/\/i0.wp.com\/schrittmacherfestival.nl\/wp-content\/uploads\/2022\/02\/GEN2_Taktil_c_ChristineSchuette_01-scaled.jpg?w=1280&amp;ssl=1 1280w\" sizes=\"(max-width: 640px) 100vw, 640px\" \/><\/figure>\n\n\n\n<figure class=\"wp-block-image size-large\"><img data-recalc-dims=\"1\" loading=\"lazy\" decoding=\"async\" width=\"640\" height=\"427\" data-id=\"3105\" src=\"https:\/\/i0.wp.com\/schrittmacherfestival.nl\/wp-content\/uploads\/2022\/02\/GEN2_FranticsDanceCompany_C_GeorgeAnastasakis_2022_03.jpg?resize=640%2C427&#038;ssl=1\" alt=\"\" class=\"wp-image-3105\" srcset=\"https:\/\/i0.wp.com\/schrittmacherfestival.nl\/wp-content\/uploads\/2022\/02\/GEN2_FranticsDanceCompany_C_GeorgeAnastasakis_2022_03.jpg?resize=1024%2C683&amp;ssl=1 1024w, https:\/\/i0.wp.com\/schrittmacherfestival.nl\/wp-content\/uploads\/2022\/02\/GEN2_FranticsDanceCompany_C_GeorgeAnastasakis_2022_03.jpg?resize=300%2C200&amp;ssl=1 300w, https:\/\/i0.wp.com\/schrittmacherfestival.nl\/wp-content\/uploads\/2022\/02\/GEN2_FranticsDanceCompany_C_GeorgeAnastasakis_2022_03.jpg?resize=768%2C512&amp;ssl=1 768w, https:\/\/i0.wp.com\/schrittmacherfestival.nl\/wp-content\/uploads\/2022\/02\/GEN2_FranticsDanceCompany_C_GeorgeAnastasakis_2022_03.jpg?resize=600%2C400&amp;ssl=1 600w, https:\/\/i0.wp.com\/schrittmacherfestival.nl\/wp-content\/uploads\/2022\/02\/GEN2_FranticsDanceCompany_C_GeorgeAnastasakis_2022_03.jpg?w=1500&amp;ssl=1 1500w, https:\/\/i0.wp.com\/schrittmacherfestival.nl\/wp-content\/uploads\/2022\/02\/GEN2_FranticsDanceCompany_C_GeorgeAnastasakis_2022_03.jpg?w=1280&amp;ssl=1 1280w\" sizes=\"(max-width: 640px) 100vw, 640px\" \/><\/figure>\n\n\n\n<figure class=\"wp-block-image size-large\"><img data-recalc-dims=\"1\" loading=\"lazy\" decoding=\"async\" width=\"640\" height=\"427\" data-id=\"3107\" src=\"https:\/\/i0.wp.com\/schrittmacherfestival.nl\/wp-content\/uploads\/2022\/02\/GEN2_FranticsDanceCompany_C_GeorgeAnastasakis_2022_04.jpg?resize=640%2C427&#038;ssl=1\" alt=\"\" class=\"wp-image-3107\" srcset=\"https:\/\/i0.wp.com\/schrittmacherfestival.nl\/wp-content\/uploads\/2022\/02\/GEN2_FranticsDanceCompany_C_GeorgeAnastasakis_2022_04.jpg?resize=1024%2C683&amp;ssl=1 1024w, https:\/\/i0.wp.com\/schrittmacherfestival.nl\/wp-content\/uploads\/2022\/02\/GEN2_FranticsDanceCompany_C_GeorgeAnastasakis_2022_04.jpg?resize=300%2C200&amp;ssl=1 300w, https:\/\/i0.wp.com\/schrittmacherfestival.nl\/wp-content\/uploads\/2022\/02\/GEN2_FranticsDanceCompany_C_GeorgeAnastasakis_2022_04.jpg?resize=768%2C512&amp;ssl=1 768w, https:\/\/i0.wp.com\/schrittmacherfestival.nl\/wp-content\/uploads\/2022\/02\/GEN2_FranticsDanceCompany_C_GeorgeAnastasakis_2022_04.jpg?resize=600%2C400&amp;ssl=1 600w, https:\/\/i0.wp.com\/schrittmacherfestival.nl\/wp-content\/uploads\/2022\/02\/GEN2_FranticsDanceCompany_C_GeorgeAnastasakis_2022_04.jpg?w=1500&amp;ssl=1 1500w, https:\/\/i0.wp.com\/schrittmacherfestival.nl\/wp-content\/uploads\/2022\/02\/GEN2_FranticsDanceCompany_C_GeorgeAnastasakis_2022_04.jpg?w=1280&amp;ssl=1 1280w\" sizes=\"(max-width: 640px) 100vw, 640px\" \/><\/figure>\n\n\n\n<figure class=\"wp-block-image size-large\"><img data-recalc-dims=\"1\" loading=\"lazy\" decoding=\"async\" width=\"640\" height=\"427\" data-id=\"3101\" src=\"https:\/\/i0.wp.com\/schrittmacherfestival.nl\/wp-content\/uploads\/2022\/02\/GEN2_FranticsDanceCompany_C_GeorgeAnastasakis_2022_15.jpg?resize=640%2C427&#038;ssl=1\" alt=\"\" class=\"wp-image-3101\" srcset=\"https:\/\/i0.wp.com\/schrittmacherfestival.nl\/wp-content\/uploads\/2022\/02\/GEN2_FranticsDanceCompany_C_GeorgeAnastasakis_2022_15.jpg?resize=1024%2C683&amp;ssl=1 1024w, https:\/\/i0.wp.com\/schrittmacherfestival.nl\/wp-content\/uploads\/2022\/02\/GEN2_FranticsDanceCompany_C_GeorgeAnastasakis_2022_15.jpg?resize=300%2C200&amp;ssl=1 300w, https:\/\/i0.wp.com\/schrittmacherfestival.nl\/wp-content\/uploads\/2022\/02\/GEN2_FranticsDanceCompany_C_GeorgeAnastasakis_2022_15.jpg?resize=768%2C513&amp;ssl=1 768w, https:\/\/i0.wp.com\/schrittmacherfestival.nl\/wp-content\/uploads\/2022\/02\/GEN2_FranticsDanceCompany_C_GeorgeAnastasakis_2022_15.jpg?resize=600%2C400&amp;ssl=1 600w, https:\/\/i0.wp.com\/schrittmacherfestival.nl\/wp-content\/uploads\/2022\/02\/GEN2_FranticsDanceCompany_C_GeorgeAnastasakis_2022_15.jpg?w=1500&amp;ssl=1 1500w, https:\/\/i0.wp.com\/schrittmacherfestival.nl\/wp-content\/uploads\/2022\/02\/GEN2_FranticsDanceCompany_C_GeorgeAnastasakis_2022_15.jpg?w=1280&amp;ssl=1 1280w\" sizes=\"(max-width: 640px) 100vw, 640px\" \/><\/figure>\n<\/figure>\n\n\n\n<hr class=\"wp-block-separator\"\/>\n\n\n\n<p><\/p>\n","protected":false},"excerpt":{"rendered":"<p>Orgarhythm, Taktil &amp; Space DEPOT Talstra\u00dfe, AachenSa 12.03.202220.00 Uhr Von 9,- \u20ac Kenji Shinohe (JP\/GER) \u201eORGARHYTHM\u201cTanz: Baptiste Bersoux, Djamila Polo, Narumi Saso, Kenji Shinohe Die aktuelle Recherche ORGARHYTHM von Kenji Shinohe besch\u00e4ftigt sich mit der Frage, welchen Effekt die technische Evolution auf den menschlichen K\u00f6rper hat und welche Rolle der menschliche K\u00f6rper in Zukunft vor diesem Hintergrund spielen wird. Was [&hellip;]<\/p>\n","protected":false},"author":1,"featured_media":0,"parent":0,"menu_order":0,"comment_status":"closed","ping_status":"closed","template":"","meta":{"_acf_changed":false,"footnotes":""},"class_list":["post-3113","page","type-page","status-publish","hentry"],"aioseo_notices":[],"acf":[],"jetpack_sharing_enabled":true,"_links":{"self":[{"href":"https:\/\/schrittmacherfestival.nl\/de\/wp-json\/wp\/v2\/pages\/3113","targetHints":{"allow":["GET"]}}],"collection":[{"href":"https:\/\/schrittmacherfestival.nl\/de\/wp-json\/wp\/v2\/pages"}],"about":[{"href":"https:\/\/schrittmacherfestival.nl\/de\/wp-json\/wp\/v2\/types\/page"}],"author":[{"embeddable":true,"href":"https:\/\/schrittmacherfestival.nl\/de\/wp-json\/wp\/v2\/users\/1"}],"replies":[{"embeddable":true,"href":"https:\/\/schrittmacherfestival.nl\/de\/wp-json\/wp\/v2\/comments?post=3113"}],"version-history":[{"count":16,"href":"https:\/\/schrittmacherfestival.nl\/de\/wp-json\/wp\/v2\/pages\/3113\/revisions"}],"predecessor-version":[{"id":3559,"href":"https:\/\/schrittmacherfestival.nl\/de\/wp-json\/wp\/v2\/pages\/3113\/revisions\/3559"}],"wp:attachment":[{"href":"https:\/\/schrittmacherfestival.nl\/de\/wp-json\/wp\/v2\/media?parent=3113"}],"curies":[{"name":"wp","href":"https:\/\/api.w.org\/{rel}","templated":true}]}}