{"id":3135,"date":"2022-02-10T08:57:48","date_gmt":"2022-02-10T08:57:48","guid":{"rendered":"https:\/\/schrittmacherfestival.nl\/game-theory%ef%bf%bc\/"},"modified":"2022-02-18T11:02:38","modified_gmt":"2022-02-18T11:02:38","slug":"game-theory","status":"publish","type":"page","link":"https:\/\/schrittmacherfestival.nl\/de\/game-theory\/","title":{"rendered":"Game Theory\ufffc(8+)"},"content":{"rendered":"\n<h1 class=\"has-black-color has-text-color wp-block-heading\" id=\"joshua-monten-dance-company-che\"><strong><strong><strong><strong>Joshua Monten Dance Company <\/strong>(CHE<strong>)\u00a0<\/strong><\/strong><\/strong><\/strong><\/h1>\n\n<p><strong>Theater Kerkrade<\/strong><br\/><strong><strong><strong><strong><strong><strong><strong><strong><strong><strong><strong><strong>So 13.03.2022<\/strong><\/strong><\/strong><\/strong><\/strong><\/strong><\/strong><\/strong><\/strong><\/strong><\/strong><\/strong><br\/><strong>15.00 Uhr <\/strong><br\/><strong>Von 15,- \u20ac<\/strong><\/p>\n\n<figure class=\"wp-block-image alignwide size-large\"><img data-recalc-dims=\"1\" fetchpriority=\"high\" decoding=\"async\" width=\"640\" height=\"261\" src=\"https:\/\/i0.wp.com\/schrittmacherfestival.nl\/wp-content\/uploads\/2022\/02\/smf_22_game_theory_All-against-one-photo-Jonas-Kambli-128-1-scaled-e1644483194842-1024x417.jpeg?resize=640%2C261&#038;ssl=1\" alt=\"\" class=\"wp-image-3133\" srcset=\"https:\/\/i0.wp.com\/schrittmacherfestival.nl\/wp-content\/uploads\/2022\/02\/smf_22_game_theory_All-against-one-photo-Jonas-Kambli-128-1-scaled-e1644483194842.jpeg?resize=1024%2C417&amp;ssl=1 1024w, https:\/\/i0.wp.com\/schrittmacherfestival.nl\/wp-content\/uploads\/2022\/02\/smf_22_game_theory_All-against-one-photo-Jonas-Kambli-128-1-scaled-e1644483194842.jpeg?resize=300%2C122&amp;ssl=1 300w, https:\/\/i0.wp.com\/schrittmacherfestival.nl\/wp-content\/uploads\/2022\/02\/smf_22_game_theory_All-against-one-photo-Jonas-Kambli-128-1-scaled-e1644483194842.jpeg?resize=768%2C313&amp;ssl=1 768w, https:\/\/i0.wp.com\/schrittmacherfestival.nl\/wp-content\/uploads\/2022\/02\/smf_22_game_theory_All-against-one-photo-Jonas-Kambli-128-1-scaled-e1644483194842.jpeg?w=1230&amp;ssl=1 1230w\" sizes=\"(max-width: 640px) 100vw, 640px\" \/><\/figure>\n<hr class=\"wp-block-separator\"\/>\n\n<p>Bevor sich Tanz als Kunst- oder Ausdrucksform durchsetzte, war Tanz ein Spiel aus Bewegungen und K\u00f6rpern. Welche Spiele sind eigentlich am sch\u00f6nsten? Oft sind das die Spiele, die wir eigentlich nicht spielen d\u00fcrfen, da sie risikoreich sind oder Herzen brechen. In \u201eGame Theory\u201c sind f\u00fcnf T\u00e4nzer*innen auf der Suche nach Adrenalin und den Grenzen der Spielregeln in einer energiereichen, akrobatischen Vorstellung voller Humor!<\/p>\n\n<p>Dauer: ~ 60 Min. ohne Pause<\/p>\n\n<hr class=\"wp-block-separator\"\/>\n\n<div class=\"wp-block-buttons is-horizontal is-content-justification-center is-layout-flex wp-container-core-buttons-is-layout-499968f5 wp-block-buttons-is-layout-flex\">\n<div class=\"wp-block-button\"><a class=\"wp-block-button__link has-white-color has-black-background-color has-text-color has-background\" href=\"https:\/\/www.plt.nl\/bestel\/9254\" target=\"_blank\" rel=\"noreferrer noopener\"><strong>Tickets bestellen<\/strong><\/a><\/div>\n<\/div>\n\n<hr class=\"wp-block-separator\"\/>\n\n<figure class=\"wp-block-embed is-type-video is-provider-vimeo wp-block-embed-vimeo wp-embed-aspect-16-9 wp-has-aspect-ratio\"><div class=\"wp-block-embed__wrapper\">\r\n<div class=\"jetpack-video-wrapper\"><iframe title=\"Game Theory (trailer)\" src=\"https:\/\/player.vimeo.com\/video\/375350519?dnt=1&amp;app_id=122963\" width=\"640\" height=\"360\" frameborder=\"0\" allow=\"autoplay; fullscreen; picture-in-picture; clipboard-write\"><\/iframe><\/div>\r\n<\/div><\/figure>\r\n\n<hr class=\"wp-block-separator\"\/>\n\n<figure class=\"wp-block-gallery aligncenter has-nested-images columns-default is-cropped wp-block-gallery-1 is-layout-flex wp-block-gallery-is-layout-flex\">\n<figure class=\"wp-block-image size-large\"><img data-recalc-dims=\"1\" decoding=\"async\" width=\"640\" height=\"427\" data-id=\"3124\" src=\"https:\/\/i0.wp.com\/schrittmacherfestival.nl\/wp-content\/uploads\/2022\/02\/smf_22_game_theory_All-against-one-photo-Jonas-Kambli-128.jpg?resize=640%2C427&#038;ssl=1\" alt=\"\" class=\"wp-image-3124\" srcset=\"https:\/\/i0.wp.com\/schrittmacherfestival.nl\/wp-content\/uploads\/2022\/02\/smf_22_game_theory_All-against-one-photo-Jonas-Kambli-128-scaled.jpg?resize=1024%2C683&amp;ssl=1 1024w, https:\/\/i0.wp.com\/schrittmacherfestival.nl\/wp-content\/uploads\/2022\/02\/smf_22_game_theory_All-against-one-photo-Jonas-Kambli-128-scaled.jpg?resize=300%2C200&amp;ssl=1 300w, https:\/\/i0.wp.com\/schrittmacherfestival.nl\/wp-content\/uploads\/2022\/02\/smf_22_game_theory_All-against-one-photo-Jonas-Kambli-128-scaled.jpg?resize=768%2C512&amp;ssl=1 768w, https:\/\/i0.wp.com\/schrittmacherfestival.nl\/wp-content\/uploads\/2022\/02\/smf_22_game_theory_All-against-one-photo-Jonas-Kambli-128-scaled.jpg?resize=1536%2C1024&amp;ssl=1 1536w, https:\/\/i0.wp.com\/schrittmacherfestival.nl\/wp-content\/uploads\/2022\/02\/smf_22_game_theory_All-against-one-photo-Jonas-Kambli-128-scaled.jpg?resize=2048%2C1365&amp;ssl=1 2048w, https:\/\/i0.wp.com\/schrittmacherfestival.nl\/wp-content\/uploads\/2022\/02\/smf_22_game_theory_All-against-one-photo-Jonas-Kambli-128-scaled.jpg?resize=600%2C400&amp;ssl=1 600w, https:\/\/i0.wp.com\/schrittmacherfestival.nl\/wp-content\/uploads\/2022\/02\/smf_22_game_theory_All-against-one-photo-Jonas-Kambli-128-scaled.jpg?w=1280&amp;ssl=1 1280w, https:\/\/i0.wp.com\/schrittmacherfestival.nl\/wp-content\/uploads\/2022\/02\/smf_22_game_theory_All-against-one-photo-Jonas-Kambli-128-scaled.jpg?w=1920&amp;ssl=1 1920w\" sizes=\"(max-width: 640px) 100vw, 640px\" \/><\/figure>\n\n\n<figure class=\"wp-block-image size-large\"><img data-recalc-dims=\"1\" decoding=\"async\" width=\"640\" height=\"381\" data-id=\"3128\" src=\"https:\/\/i0.wp.com\/schrittmacherfestival.nl\/wp-content\/uploads\/2022\/02\/smf_22_game_theory_Snaky-Hips-photo-Christian-Glaus-548A8080.jpg?resize=640%2C381&#038;ssl=1\" alt=\"\" class=\"wp-image-3128\" srcset=\"https:\/\/i0.wp.com\/schrittmacherfestival.nl\/wp-content\/uploads\/2022\/02\/smf_22_game_theory_Snaky-Hips-photo-Christian-Glaus-548A8080-scaled.jpg?resize=1024%2C609&amp;ssl=1 1024w, https:\/\/i0.wp.com\/schrittmacherfestival.nl\/wp-content\/uploads\/2022\/02\/smf_22_game_theory_Snaky-Hips-photo-Christian-Glaus-548A8080-scaled.jpg?resize=300%2C179&amp;ssl=1 300w, https:\/\/i0.wp.com\/schrittmacherfestival.nl\/wp-content\/uploads\/2022\/02\/smf_22_game_theory_Snaky-Hips-photo-Christian-Glaus-548A8080-scaled.jpg?resize=768%2C457&amp;ssl=1 768w, https:\/\/i0.wp.com\/schrittmacherfestival.nl\/wp-content\/uploads\/2022\/02\/smf_22_game_theory_Snaky-Hips-photo-Christian-Glaus-548A8080-scaled.jpg?resize=1536%2C914&amp;ssl=1 1536w, https:\/\/i0.wp.com\/schrittmacherfestival.nl\/wp-content\/uploads\/2022\/02\/smf_22_game_theory_Snaky-Hips-photo-Christian-Glaus-548A8080-scaled.jpg?resize=2048%2C1219&amp;ssl=1 2048w, https:\/\/i0.wp.com\/schrittmacherfestival.nl\/wp-content\/uploads\/2022\/02\/smf_22_game_theory_Snaky-Hips-photo-Christian-Glaus-548A8080-scaled.jpg?w=1280&amp;ssl=1 1280w, https:\/\/i0.wp.com\/schrittmacherfestival.nl\/wp-content\/uploads\/2022\/02\/smf_22_game_theory_Snaky-Hips-photo-Christian-Glaus-548A8080-scaled.jpg?w=1920&amp;ssl=1 1920w\" sizes=\"(max-width: 640px) 100vw, 640px\" \/><\/figure>\n\n\n<figure class=\"wp-block-image size-large\"><img data-recalc-dims=\"1\" loading=\"lazy\" decoding=\"async\" width=\"640\" height=\"427\" data-id=\"3126\" src=\"https:\/\/i0.wp.com\/schrittmacherfestival.nl\/wp-content\/uploads\/2022\/02\/smf_22_game_theory_Top-player-photo-Jonas-Kambli_230.jpg?resize=640%2C427&#038;ssl=1\" alt=\"\" class=\"wp-image-3126\" srcset=\"https:\/\/i0.wp.com\/schrittmacherfestival.nl\/wp-content\/uploads\/2022\/02\/smf_22_game_theory_Top-player-photo-Jonas-Kambli_230-scaled.jpg?resize=1024%2C683&amp;ssl=1 1024w, https:\/\/i0.wp.com\/schrittmacherfestival.nl\/wp-content\/uploads\/2022\/02\/smf_22_game_theory_Top-player-photo-Jonas-Kambli_230-scaled.jpg?resize=300%2C200&amp;ssl=1 300w, https:\/\/i0.wp.com\/schrittmacherfestival.nl\/wp-content\/uploads\/2022\/02\/smf_22_game_theory_Top-player-photo-Jonas-Kambli_230-scaled.jpg?resize=768%2C512&amp;ssl=1 768w, https:\/\/i0.wp.com\/schrittmacherfestival.nl\/wp-content\/uploads\/2022\/02\/smf_22_game_theory_Top-player-photo-Jonas-Kambli_230-scaled.jpg?resize=1536%2C1024&amp;ssl=1 1536w, https:\/\/i0.wp.com\/schrittmacherfestival.nl\/wp-content\/uploads\/2022\/02\/smf_22_game_theory_Top-player-photo-Jonas-Kambli_230-scaled.jpg?resize=2048%2C1365&amp;ssl=1 2048w, https:\/\/i0.wp.com\/schrittmacherfestival.nl\/wp-content\/uploads\/2022\/02\/smf_22_game_theory_Top-player-photo-Jonas-Kambli_230-scaled.jpg?resize=600%2C400&amp;ssl=1 600w, https:\/\/i0.wp.com\/schrittmacherfestival.nl\/wp-content\/uploads\/2022\/02\/smf_22_game_theory_Top-player-photo-Jonas-Kambli_230-scaled.jpg?w=1280&amp;ssl=1 1280w, https:\/\/i0.wp.com\/schrittmacherfestival.nl\/wp-content\/uploads\/2022\/02\/smf_22_game_theory_Top-player-photo-Jonas-Kambli_230-scaled.jpg?w=1920&amp;ssl=1 1920w\" sizes=\"(max-width: 640px) 100vw, 640px\" \/><\/figure><\/figure>\n\n<hr class=\"wp-block-separator\"\/>\n\n<p><\/p>\n","protected":false},"excerpt":{"rendered":"<p>Joshua Monten Dance Company (CHE)\u00a0 Theater KerkradeSo 13.03.202215.00 Uhr Von 15,- \u20ac Bevor sich Tanz als Kunst- oder Ausdrucksform durchsetzte, war Tanz ein Spiel aus Bewegungen und K\u00f6rpern. Welche Spiele sind eigentlich am sch\u00f6nsten? Oft sind das die Spiele, die wir eigentlich nicht spielen d\u00fcrfen, da sie risikoreich sind oder Herzen brechen. In \u201eGame Theory\u201c sind f\u00fcnf T\u00e4nzer*innen auf der [&hellip;]<\/p>\n","protected":false},"author":1,"featured_media":0,"parent":0,"menu_order":0,"comment_status":"closed","ping_status":"closed","template":"","meta":{"_acf_changed":false,"footnotes":""},"class_list":["post-3135","page","type-page","status-publish","hentry"],"aioseo_notices":[],"acf":[],"jetpack_sharing_enabled":true,"_links":{"self":[{"href":"https:\/\/schrittmacherfestival.nl\/de\/wp-json\/wp\/v2\/pages\/3135","targetHints":{"allow":["GET"]}}],"collection":[{"href":"https:\/\/schrittmacherfestival.nl\/de\/wp-json\/wp\/v2\/pages"}],"about":[{"href":"https:\/\/schrittmacherfestival.nl\/de\/wp-json\/wp\/v2\/types\/page"}],"author":[{"embeddable":true,"href":"https:\/\/schrittmacherfestival.nl\/de\/wp-json\/wp\/v2\/users\/1"}],"replies":[{"embeddable":true,"href":"https:\/\/schrittmacherfestival.nl\/de\/wp-json\/wp\/v2\/comments?post=3135"}],"version-history":[{"count":6,"href":"https:\/\/schrittmacherfestival.nl\/de\/wp-json\/wp\/v2\/pages\/3135\/revisions"}],"predecessor-version":[{"id":3744,"href":"https:\/\/schrittmacherfestival.nl\/de\/wp-json\/wp\/v2\/pages\/3135\/revisions\/3744"}],"wp:attachment":[{"href":"https:\/\/schrittmacherfestival.nl\/de\/wp-json\/wp\/v2\/media?parent=3135"}],"curies":[{"name":"wp","href":"https:\/\/api.w.org\/{rel}","templated":true}]}}