{"id":3370,"date":"2022-02-14T12:23:18","date_gmt":"2022-02-14T12:23:18","guid":{"rendered":"https:\/\/schrittmacherfestival.nl\/lectures-talks-3\/"},"modified":"2022-03-31T17:16:21","modified_gmt":"2022-03-31T17:16:21","slug":"lectures-talks-3","status":"publish","type":"page","link":"https:\/\/schrittmacherfestival.nl\/de\/lectures-talks-3\/","title":{"rendered":"Salon"},"content":{"rendered":"\n<h1 class=\"wp-block-heading\" id=\"lectures-talks\">Lectures \/ Talks<\/h1>\n\n<h1 class=\"has-black-color has-text-color wp-block-heading\" id=\"salon-hiphop-romanticism-now\"><strong>Salon HIPHOP &amp; ROMANTICISM NOW!<\/strong><\/h1>\n\n<p><strong>Theater Heerlen, INGzaal<\/strong><br\/><strong><strong><strong>Abgesagt<\/strong><\/strong><\/strong><br\/><\/p>\n\n<figure class=\"wp-block-image alignwide size-large\"><img data-recalc-dims=\"1\" fetchpriority=\"high\" decoding=\"async\" width=\"640\" height=\"261\" src=\"https:\/\/i0.wp.com\/schrittmacherfestival.nl\/wp-content\/uploads\/2022\/02\/Salon-3-scaled-e1644841146361-1024x417.jpeg?resize=640%2C261&#038;ssl=1\" alt=\"\" class=\"wp-image-3367\" srcset=\"https:\/\/i0.wp.com\/schrittmacherfestival.nl\/wp-content\/uploads\/2022\/02\/Salon-3-scaled-e1644841146361.jpeg?resize=1024%2C417&amp;ssl=1 1024w, https:\/\/i0.wp.com\/schrittmacherfestival.nl\/wp-content\/uploads\/2022\/02\/Salon-3-scaled-e1644841146361.jpeg?resize=300%2C122&amp;ssl=1 300w, https:\/\/i0.wp.com\/schrittmacherfestival.nl\/wp-content\/uploads\/2022\/02\/Salon-3-scaled-e1644841146361.jpeg?resize=768%2C313&amp;ssl=1 768w, https:\/\/i0.wp.com\/schrittmacherfestival.nl\/wp-content\/uploads\/2022\/02\/Salon-3-scaled-e1644841146361.jpeg?w=1230&amp;ssl=1 1230w\" sizes=\"(max-width: 640px) 100vw, 640px\" \/><\/figure>\n<hr class=\"wp-block-separator\"\/>\n\n<p>In ihren Salons bringt schrit_tmacher Choreografin und Kuratorin Karin Post Tanz mit anderen (Kunst-)Richtungen in Verbindung. Im Salon Hiphop &amp; Romanticism Now! wird sie den Wert und die Bedeutung des Begriffs \u201aRomantik\u2019 f\u00fcr die zeitgen\u00f6ssische (Tanz-)Kultur diskutieren. Die romantischen Ansichten \u00fcber die Kunst und den K\u00fcnstler werden mit Ph\u00e4nomenen wie Leitkultur\/Gegenkultur, \u201ahohe\u2018 und \u201aniedrige\u2018 Kunst, lokal versus global, individuelles K\u00fcnstlertum versus Gemeinschaftskunst und akademische Tradition als Gegenpol zur \u201aurbanen Freiheit\u2018 in Verbindung gebracht. An dem Salon nehmen u.a. die Choreografin Dada Masilo, die Hip-Hop-Legenden Anne Nguyen (Cie par Terre, F), der Kulturphilosoph Maarten Doorman (Maastricht University) sowie die Soziologin Roberta Shapiro (F) teil.<\/p>\n\n<p>Koproduktion von Summer Dance Festival, Cinedans en schrit_tmacher.<\/p>\n\n<div class=\"wp-block-buttons is-layout-flex wp-block-buttons-is-layout-flex\">\n<div class=\"wp-block-button aligncenter\"><a class=\"wp-block-button__link has-white-color has-black-background-color has-text-color has-background\"><strong>Abgesagt<\/strong><\/a><\/div>\n<\/div>\n\n<hr class=\"wp-block-separator\"\/>\n","protected":false},"excerpt":{"rendered":"<p>Lectures \/ Talks Salon HIPHOP &amp; ROMANTICISM NOW! Theater Heerlen, INGzaalAbgesagt In ihren Salons bringt schrit_tmacher Choreografin und Kuratorin Karin Post Tanz mit anderen (Kunst-)Richtungen in Verbindung. Im Salon Hiphop &amp; Romanticism Now! wird sie den Wert und die Bedeutung des Begriffs \u201aRomantik\u2019 f\u00fcr die zeitgen\u00f6ssische (Tanz-)Kultur diskutieren. Die romantischen Ansichten \u00fcber die Kunst und den K\u00fcnstler werden mit Ph\u00e4nomenen [&hellip;]<\/p>\n","protected":false},"author":1,"featured_media":0,"parent":0,"menu_order":0,"comment_status":"closed","ping_status":"closed","template":"","meta":{"_acf_changed":false,"footnotes":""},"class_list":["post-3370","page","type-page","status-publish","hentry"],"aioseo_notices":[],"acf":[],"jetpack_sharing_enabled":true,"_links":{"self":[{"href":"https:\/\/schrittmacherfestival.nl\/de\/wp-json\/wp\/v2\/pages\/3370","targetHints":{"allow":["GET"]}}],"collection":[{"href":"https:\/\/schrittmacherfestival.nl\/de\/wp-json\/wp\/v2\/pages"}],"about":[{"href":"https:\/\/schrittmacherfestival.nl\/de\/wp-json\/wp\/v2\/types\/page"}],"author":[{"embeddable":true,"href":"https:\/\/schrittmacherfestival.nl\/de\/wp-json\/wp\/v2\/users\/1"}],"replies":[{"embeddable":true,"href":"https:\/\/schrittmacherfestival.nl\/de\/wp-json\/wp\/v2\/comments?post=3370"}],"version-history":[{"count":9,"href":"https:\/\/schrittmacherfestival.nl\/de\/wp-json\/wp\/v2\/pages\/3370\/revisions"}],"predecessor-version":[{"id":4109,"href":"https:\/\/schrittmacherfestival.nl\/de\/wp-json\/wp\/v2\/pages\/3370\/revisions\/4109"}],"wp:attachment":[{"href":"https:\/\/schrittmacherfestival.nl\/de\/wp-json\/wp\/v2\/media?parent=3370"}],"curies":[{"name":"wp","href":"https:\/\/api.w.org\/{rel}","templated":true}]}}