{"id":3395,"date":"2022-02-15T09:10:40","date_gmt":"2022-02-15T09:10:40","guid":{"rendered":"https:\/\/schrittmacherfestival.nl\/opening-space%ef%bf%bc\/"},"modified":"2022-02-15T09:13:28","modified_gmt":"2022-02-15T09:13:28","slug":"opening-space","status":"publish","type":"page","link":"https:\/\/schrittmacherfestival.nl\/de\/opening-space\/","title":{"rendered":"Opening Space\ufffc"},"content":{"rendered":"\n<h1 class=\"has-black-color has-text-color wp-block-heading\" id=\"daan-brand-stephen-shropshire\"><strong><strong><strong><strong><strong>Daan Brand &amp; Stephen Shropshire<\/strong><\/strong><\/strong><\/strong><\/strong><\/h1>\n\n<p><strong>Theater Heerlen foyer<\/strong><br\/><strong><strong><strong><strong><strong><strong><strong><strong><strong><strong><strong><strong><strong><strong>Di 08.03. \u2013 So 10.04.2022<\/strong><\/strong><\/strong><\/strong><\/strong><\/strong><\/strong><\/strong><\/strong><\/strong><\/strong><\/strong><\/strong><\/strong><br\/><strong><strong>Bei Vorstellungen im Festivalzeitraum zu sehen<\/strong><\/strong><br\/><strong>Eintritt frei<\/strong><\/p>\n\n<figure class=\"wp-block-image alignwide size-large\"><img data-recalc-dims=\"1\" fetchpriority=\"high\" decoding=\"async\" width=\"640\" height=\"900\" src=\"https:\/\/i0.wp.com\/schrittmacherfestival.nl\/wp-content\/uploads\/2021\/06\/daan.jpg?resize=640%2C900&#038;ssl=1\" alt=\"\" class=\"wp-image-1270\" srcset=\"https:\/\/i0.wp.com\/schrittmacherfestival.nl\/wp-content\/uploads\/2021\/06\/daan.jpg?resize=728%2C1024&amp;ssl=1 728w, https:\/\/i0.wp.com\/schrittmacherfestival.nl\/wp-content\/uploads\/2021\/06\/daan.jpg?resize=213%2C300&amp;ssl=1 213w, https:\/\/i0.wp.com\/schrittmacherfestival.nl\/wp-content\/uploads\/2021\/06\/daan.jpg?resize=768%2C1080&amp;ssl=1 768w, https:\/\/i0.wp.com\/schrittmacherfestival.nl\/wp-content\/uploads\/2021\/06\/daan.jpg?w=840&amp;ssl=1 840w\" sizes=\"(max-width: 640px) 100vw, 640px\" \/><\/figure>\n<hr class=\"wp-block-separator\"\/>\n\n<p>W\u00e4hrend schrit_tmacher 2022 pr\u00e4sentieren der Kurator\/Choreograf Stephen Shropshire und der Fotograf\/Regisseur Daan Brand \u201aOpening Space\u2018. Diese Sonderausstellung zeigt die Ergebnisse der spannenden Zusammenarbeit, die zwischen Shropshire und Brand im Jahr 2021 im Rahmen von Proeftuin Dans: Right Now! begonnen haben. Wenn wir an Raum und Bewegung denken, scheinen Fotografie und Tanz vielleicht widerspr\u00fcchlich zu sein. Bewegung gibt den Raum frei, w\u00e4hrend die Fotografie versucht, ihn zu erfassen. Aber die Fotografie kann auch den Raum \u00f6ffnen und Bewegungen sichtbar machen, die wir sonst nicht sehen. Durch Corona hat unser Raumgef\u00fchl eine neue Bedeutung bekommen. In ihrer dynamischen Ausstellung fangen Shropshire &amp; Brand den sich ver\u00e4ndernden Raum ein und machen ihn der \u00d6ffentlichkeit auf k\u00fcnstlerische Weise zug\u00e4nglich.<\/p>\n\n<p>Eine Koproduktion von schrit_tmacher, Nederlandse Dansdagen und Notorious IBE. Dank an Proeftuin Dans Right Now!<\/p>\n\n<hr class=\"wp-block-separator\"\/>\n","protected":false},"excerpt":{"rendered":"<p>Daan Brand &amp; Stephen Shropshire Theater Heerlen foyerDi 08.03. \u2013 So 10.04.2022Bei Vorstellungen im Festivalzeitraum zu sehenEintritt frei W\u00e4hrend schrit_tmacher 2022 pr\u00e4sentieren der Kurator\/Choreograf Stephen Shropshire und der Fotograf\/Regisseur Daan Brand \u201aOpening Space\u2018. Diese Sonderausstellung zeigt die Ergebnisse der spannenden Zusammenarbeit, die zwischen Shropshire und Brand im Jahr 2021 im Rahmen von Proeftuin Dans: Right Now! begonnen haben. Wenn wir [&hellip;]<\/p>\n","protected":false},"author":1,"featured_media":0,"parent":0,"menu_order":0,"comment_status":"closed","ping_status":"closed","template":"","meta":{"_acf_changed":false,"footnotes":""},"class_list":["post-3395","page","type-page","status-publish","hentry"],"aioseo_notices":[],"acf":[],"jetpack_sharing_enabled":true,"_links":{"self":[{"href":"https:\/\/schrittmacherfestival.nl\/de\/wp-json\/wp\/v2\/pages\/3395","targetHints":{"allow":["GET"]}}],"collection":[{"href":"https:\/\/schrittmacherfestival.nl\/de\/wp-json\/wp\/v2\/pages"}],"about":[{"href":"https:\/\/schrittmacherfestival.nl\/de\/wp-json\/wp\/v2\/types\/page"}],"author":[{"embeddable":true,"href":"https:\/\/schrittmacherfestival.nl\/de\/wp-json\/wp\/v2\/users\/1"}],"replies":[{"embeddable":true,"href":"https:\/\/schrittmacherfestival.nl\/de\/wp-json\/wp\/v2\/comments?post=3395"}],"version-history":[{"count":3,"href":"https:\/\/schrittmacherfestival.nl\/de\/wp-json\/wp\/v2\/pages\/3395\/revisions"}],"predecessor-version":[{"id":3399,"href":"https:\/\/schrittmacherfestival.nl\/de\/wp-json\/wp\/v2\/pages\/3395\/revisions\/3399"}],"wp:attachment":[{"href":"https:\/\/schrittmacherfestival.nl\/de\/wp-json\/wp\/v2\/media?parent=3395"}],"curies":[{"name":"wp","href":"https:\/\/api.w.org\/{rel}","templated":true}]}}