{"id":3491,"date":"2022-02-15T12:46:01","date_gmt":"2022-02-15T12:46:01","guid":{"rendered":"https:\/\/schrittmacherfestival.nl\/singin-in-the-rain%ef%bf%bc\/"},"modified":"2022-06-13T07:37:27","modified_gmt":"2022-06-13T07:37:27","slug":"singin-in-the-rain","status":"publish","type":"page","link":"https:\/\/schrittmacherfestival.nl\/de\/singin-in-the-rain\/","title":{"rendered":"Singin\u2019 in the rain\ufffc"},"content":{"rendered":"\n<h1 class=\"has-black-color has-text-color wp-block-heading\" id=\"regie-stanley-donen-gene-kelly-1952\"><strong><strong>regie: Stanley Donen \/ Gene Kelly (1952)<\/strong><\/strong><\/h1>\n\n\n\n<p><strong>Filmhuis De Spiegel<\/strong><br><strong><strong><strong><strong><strong><strong><strong><strong><strong><strong><strong><strong><strong><strong>So 03.04.2022<\/strong><\/strong><\/strong><\/strong><\/strong><\/strong><\/strong><\/strong><\/strong><\/strong><\/strong><\/strong><\/strong> | 14.00 Uhr <\/strong><br><strong>Film<\/strong><br><strong>Von 8,50 \u20ac<\/strong><\/p>\n\n\n\n<figure class=\"wp-block-image alignwide size-large\"><img data-recalc-dims=\"1\" fetchpriority=\"high\" decoding=\"async\" width=\"640\" height=\"261\" src=\"https:\/\/i0.wp.com\/schrittmacherfestival.nl\/wp-content\/uploads\/2022\/02\/Singin-in-the-rain-e1644928750364-1024x417.jpeg?resize=640%2C261&#038;ssl=1\" alt=\"\" class=\"wp-image-3489\" srcset=\"https:\/\/i0.wp.com\/schrittmacherfestival.nl\/wp-content\/uploads\/2022\/02\/Singin-in-the-rain-e1702306414516.jpeg?resize=1024%2C417&amp;ssl=1 1024w, https:\/\/i0.wp.com\/schrittmacherfestival.nl\/wp-content\/uploads\/2022\/02\/Singin-in-the-rain-e1702306414516.jpeg?resize=300%2C122&amp;ssl=1 300w, https:\/\/i0.wp.com\/schrittmacherfestival.nl\/wp-content\/uploads\/2022\/02\/Singin-in-the-rain-e1702306414516.jpeg?resize=768%2C313&amp;ssl=1 768w, https:\/\/i0.wp.com\/schrittmacherfestival.nl\/wp-content\/uploads\/2022\/02\/Singin-in-the-rain-e1702306414516.jpeg?w=1230&amp;ssl=1 1230w\" sizes=\"(max-width: 640px) 100vw, 640px\" \/><\/figure>\n\n\n\n<hr class=\"wp-block-separator has-css-opacity\"\/>\n\n\n\n<h3 class=\"wp-block-heading\" id=\"met-nederlandse-ondertiteling\">Mit niederl\u00e4ndischen Untertiteln<\/h3>\n\n\n\n<p>Hollywood, 1927. Eine begeisterte Menge dr\u00e4ngt sich um das ber\u00fchmte Chinese Theater, um die Idole Don Lockwood und Lina Lamont zu bejubeln, die der Premiere ihres Stummfilms \u201eThe Royal Rascal\u201c beiwohnen. Als einige Zeit sp\u00e4ter der Tonfilm aufkommt, stellt sich heraus, dass die gutaussehende, ziemlich dumme und eingebildete Diva Lamont eine unheimliche und unangenehme Stimme hat. Sprachunterricht hilft nicht. Dons bester Freund Cosmo kommt auf die Idee, eine andere Frau den Text lesen und singen zu lassen, w\u00e4hrend Lina nur die Lippen bewegen muss. Die andere Stimme geh\u00f6rt der charmanten Revues\u00e4ngerin Kathy Shelden, in die sich Don bald verliebt.<\/p>\n\n\n\n<p>Dauer: ~ 100 Min.<\/p>\n\n\n\n<hr class=\"wp-block-separator has-css-opacity\"\/>\n\n\n\n<div class=\"wp-block-buttons is-horizontal is-content-justification-center is-layout-flex wp-container-core-buttons-is-layout-499968f5 wp-block-buttons-is-layout-flex\">\n<div class=\"wp-block-button\"><a class=\"wp-block-button__link has-white-color has-black-background-color has-text-color has-background\" href=\"https:\/\/tickets.filmhuisdespiegel.nl\/shop\/tickets-new.php?showid=3719\" target=\"_blank\" rel=\"noreferrer noopener\"><strong>Tickets bestellen <\/strong><\/a><\/div>\n<\/div>\n\n\n\n<hr class=\"wp-block-separator has-css-opacity\"\/>\n\n\n\n<figure class=\"wp-block-gallery aligncenter has-nested-images columns-default is-cropped wp-block-gallery-1 is-layout-flex wp-block-gallery-is-layout-flex\">\n<figure class=\"wp-block-image size-full\"><img data-recalc-dims=\"1\" decoding=\"async\" width=\"490\" height=\"300\" data-id=\"3524\" src=\"https:\/\/i0.wp.com\/schrittmacherfestival.nl\/wp-content\/uploads\/2022\/02\/Singin-in-the-rain2.jpg?resize=490%2C300&#038;ssl=1\" alt=\"\" class=\"wp-image-3524\" srcset=\"https:\/\/i0.wp.com\/schrittmacherfestival.nl\/wp-content\/uploads\/2022\/02\/Singin-in-the-rain2.jpg?w=490&amp;ssl=1 490w, https:\/\/i0.wp.com\/schrittmacherfestival.nl\/wp-content\/uploads\/2022\/02\/Singin-in-the-rain2.jpg?resize=300%2C184&amp;ssl=1 300w\" sizes=\"(max-width: 490px) 100vw, 490px\" \/><\/figure>\n<\/figure>\n\n\n\n<hr class=\"wp-block-separator has-css-opacity\"\/>\n\n\n\n<p><\/p>\n","protected":false},"excerpt":{"rendered":"<p>regie: Stanley Donen \/ Gene Kelly (1952) Filmhuis De SpiegelSo 03.04.2022 | 14.00 Uhr FilmVon 8,50 \u20ac Mit niederl\u00e4ndischen Untertiteln Hollywood, 1927. Eine begeisterte Menge dr\u00e4ngt sich um das ber\u00fchmte Chinese Theater, um die Idole Don Lockwood und Lina Lamont zu bejubeln, die der Premiere ihres Stummfilms \u201eThe Royal Rascal\u201c beiwohnen. Als einige Zeit sp\u00e4ter der Tonfilm aufkommt, stellt sich [&hellip;]<\/p>\n","protected":false},"author":1,"featured_media":0,"parent":0,"menu_order":0,"comment_status":"closed","ping_status":"closed","template":"","meta":{"_acf_changed":false,"footnotes":""},"class_list":["post-3491","page","type-page","status-publish","hentry"],"aioseo_notices":[],"acf":[],"jetpack_sharing_enabled":true,"_links":{"self":[{"href":"https:\/\/schrittmacherfestival.nl\/de\/wp-json\/wp\/v2\/pages\/3491","targetHints":{"allow":["GET"]}}],"collection":[{"href":"https:\/\/schrittmacherfestival.nl\/de\/wp-json\/wp\/v2\/pages"}],"about":[{"href":"https:\/\/schrittmacherfestival.nl\/de\/wp-json\/wp\/v2\/types\/page"}],"author":[{"embeddable":true,"href":"https:\/\/schrittmacherfestival.nl\/de\/wp-json\/wp\/v2\/users\/1"}],"replies":[{"embeddable":true,"href":"https:\/\/schrittmacherfestival.nl\/de\/wp-json\/wp\/v2\/comments?post=3491"}],"version-history":[{"count":5,"href":"https:\/\/schrittmacherfestival.nl\/de\/wp-json\/wp\/v2\/pages\/3491\/revisions"}],"predecessor-version":[{"id":4245,"href":"https:\/\/schrittmacherfestival.nl\/de\/wp-json\/wp\/v2\/pages\/3491\/revisions\/4245"}],"wp:attachment":[{"href":"https:\/\/schrittmacherfestival.nl\/de\/wp-json\/wp\/v2\/media?parent=3491"}],"curies":[{"name":"wp","href":"https:\/\/api.w.org\/{rel}","templated":true}]}}