{"id":3544,"date":"2022-02-16T09:39:26","date_gmt":"2022-02-16T09:39:26","guid":{"rendered":"https:\/\/schrittmacherfestival.nl\/workshops\/"},"modified":"2022-04-04T14:25:32","modified_gmt":"2022-04-04T14:25:32","slug":"workshops","status":"publish","type":"page","link":"https:\/\/schrittmacherfestival.nl\/de\/workshops\/","title":{"rendered":"Workshops"},"content":{"rendered":"\n<h1 class=\"has-black-color has-text-color wp-block-heading\" id=\"in-samenwerking-met-huis-voor-de-kunsten-limburg\"><strong><strong>In Zusammenarbeit mit dem Huis voor de Kunsten Limburg<\/strong><\/strong><\/h1>\n\n<p><strong>Die Workshops k\u00f6nnen nur bei ausreichender Anmeldung angeboten werden!<\/strong><\/p>\n\n<figure class=\"wp-block-image alignwide size-large\"><img data-recalc-dims=\"1\" fetchpriority=\"high\" decoding=\"async\" width=\"640\" height=\"261\" src=\"https:\/\/i0.wp.com\/schrittmacherfestival.nl\/wp-content\/uploads\/2022\/02\/smf_22_DOUBLE-MURDER_CLOWNS_c-Todd-MacDonald-Illuminations-kopie-scaled-e1645002103924-1024x417.jpeg?resize=640%2C261&#038;ssl=1\" alt=\"\" class=\"wp-image-3547\" srcset=\"https:\/\/i0.wp.com\/schrittmacherfestival.nl\/wp-content\/uploads\/2022\/02\/smf_22_DOUBLE-MURDER_CLOWNS_c-Todd-MacDonald-Illuminations-kopie-scaled-e1645002103924.jpeg?resize=1024%2C417&amp;ssl=1 1024w, https:\/\/i0.wp.com\/schrittmacherfestival.nl\/wp-content\/uploads\/2022\/02\/smf_22_DOUBLE-MURDER_CLOWNS_c-Todd-MacDonald-Illuminations-kopie-scaled-e1645002103924.jpeg?resize=300%2C122&amp;ssl=1 300w, https:\/\/i0.wp.com\/schrittmacherfestival.nl\/wp-content\/uploads\/2022\/02\/smf_22_DOUBLE-MURDER_CLOWNS_c-Todd-MacDonald-Illuminations-kopie-scaled-e1645002103924.jpeg?resize=768%2C313&amp;ssl=1 768w, https:\/\/i0.wp.com\/schrittmacherfestival.nl\/wp-content\/uploads\/2022\/02\/smf_22_DOUBLE-MURDER_CLOWNS_c-Todd-MacDonald-Illuminations-kopie-scaled-e1645002103924.jpeg?w=1230&amp;ssl=1 1230w\" sizes=\"(max-width: 640px) 100vw, 640px\" \/><\/figure>\n<hr class=\"wp-block-separator\"\/>\n\n<h3 class=\"wp-block-heading\" id=\"workshops\"><strong>Workshops<\/strong><\/h3>\n\n<p><strong><u><a href=\"https:\/\/schrittmacherfestival.nl\/de\/double-murder\/\" title=\"Hofesh Shechter Company \">Hofesh Shechter Company <\/a><\/u><\/strong>(GB)<\/p>\n\n<p><strong>F\u00fcr Anf\u00e4nger<\/strong> <strong>und Fortgeschrittene,<\/strong> keine Tanzerfahrungen erforderlich.<br\/>Warm-Up &amp; Erarbeitung von Choreografieausschnitten. Mit einem Mitglied der Kompanie.<\/p>\n\n<p><strong>Mo 07.03.2022, 19.00 \u2013 20.20 Uhr, Theater Heerlen, LIMBURGzaal<\/strong><br\/>10,- \u20ac Teilnehmergeb\u00fchr, <a href=\"https:\/\/www.plt.nl\/bestel\/9434\" target=\"_blank\" rel=\"noreferrer noopener\" title=\"Anmeldung\">Anmeldung<\/a>.<\/p>\n\n<hr class=\"wp-block-separator\"\/>\n\n<p><strong><u><a href=\"https:\/\/schrittmacherfestival.nl\/de\/wakatt\/\" title=\"Faso Danse Th&#xE9;&#xE2;tre \">Faso Danse Th\u00e9\u00e2tre <\/a><\/u><\/strong>(BE\/BDI)<\/p>\n\n<p><strong>F\u00fcr Anf\u00e4nger<\/strong> <strong>und Fortgeschrittene,<\/strong> keine Tanzerfahrungen erforderlich.<br\/>Warm-Up &amp; Erarbeitung von Choreografieausschnitten. Mit einem Mitglied der Kompanie.<\/p>\n\n<p>Wir mussten diese Veranstaltung aufgrund von Umst\u00e4nden absagen.<\/p>\n\n<hr class=\"wp-block-separator\"\/>\n\n<p><strong><u><a href=\"https:\/\/schrittmacherfestival.nl\/de\/the-sacrifice\/\" title=\"Dada Masilo \/ The Dance Factory \">Dada Masilo \/ The Dance Factory <\/a><\/u><\/strong>(ZAF)<\/p>\n\n<p><strong>F\u00fcr Anf\u00e4nger<\/strong> <strong>und Fortgeschrittene,<\/strong> keine Tanzerfahrungen erforderlich.<br\/>Warm-Up &amp; Erarbeitung von Choreografieausschnitten. Mit einem Mitglied der Kompanie.<\/p>\n\n<p>Wir mussten diese Veranstaltung aufgrund von Umst\u00e4nden absagen.<\/p>\n\n<hr class=\"wp-block-separator\"\/>\n\n<h3 class=\"wp-block-heading\" id=\"combinatieticket-heerlen\"><strong>Kombi-Ticket Heerlen<\/strong><\/h3>\n\n<p>Workshopteilnahme &amp; Ticket zur Abendvorstellung. Workshopteilnehmer in Heerlen erhalten verg\u00fcnstigte Preise f\u00fcr die Abendvorstellung der betreffenden Kompanie. <\/p>\n\n<p><strong><u><a href=\"https:\/\/schrittmacherfestival.nl\/de\/double-murder\/\" title=\"Hofesh Shechter Company \">Hofesh Shechter Company <\/a><\/u><\/strong>(GB)<\/p>\n\n<p><strong>Workshop Mo 07.03.2022 + Vorstellung: Di 08.03.2022 \/ Mi 09.03.2022<\/strong><br\/>Kombiticket Workshop &amp; Vorstellung (Rang 1): 25,- \u20ac<\/p>\n\n<p><strong><u><a href=\"https:\/\/schrittmacherfestival.nl\/de\/wakatt\/\" title=\"Faso Danse Th&#xE9;&#xE2;tre \">Faso Danse Th\u00e9\u00e2tre <\/a><\/u><\/strong>(BE\/BDI)<\/p>\n\n<p><strong>Workshop: So 13.03.2022 + Vorstellung: Di 15.03.2022<\/strong><br\/>Kombiticket Workshop &amp; Vorstellung (Rang 1): 20,- \u20ac<\/p>\n\n<p><strong><u><a href=\"https:\/\/schrittmacherfestival.nl\/de\/the-sacrifice\/\" title=\"Dada Masilo \/ The Dance Factory \">Dada Masilo \/ The Dance Factory <\/a><\/u><\/strong>(ZAF)<\/p>\n\n<p><strong>Workshop: Mo 04.05.2022 + Vorstellung: Di 05.04.2022<\/strong><br\/>Kombiticket Workshop &amp; Vorstellung (Rang 1): 20,- \u20ac<\/p>\n\n<h3 class=\"has-black-color has-text-color wp-block-heading\" id=\"aanmelding-via-parkstad-limburg-theaters-t-31-0-45-5716607\">Anmeldung: <br\/>Parkstad Limburg Theaters <br\/>T.: +31(0)45-5716607<\/h3>\n\n<hr class=\"wp-block-separator\"\/>\n","protected":false},"excerpt":{"rendered":"<p>In Zusammenarbeit mit dem Huis voor de Kunsten Limburg Die Workshops k\u00f6nnen nur bei ausreichender Anmeldung angeboten werden! Workshops Hofesh Shechter Company (GB) F\u00fcr Anf\u00e4nger und Fortgeschrittene, keine Tanzerfahrungen erforderlich.Warm-Up &amp; Erarbeitung von Choreografieausschnitten. Mit einem Mitglied der Kompanie. Mo 07.03.2022, 19.00 \u2013 20.20 Uhr, Theater Heerlen, LIMBURGzaal10,- \u20ac Teilnehmergeb\u00fchr, Anmeldung. Faso Danse Th\u00e9\u00e2tre (BE\/BDI) F\u00fcr Anf\u00e4nger und Fortgeschrittene, keine [&hellip;]<\/p>\n","protected":false},"author":1,"featured_media":0,"parent":0,"menu_order":0,"comment_status":"closed","ping_status":"closed","template":"","meta":{"_acf_changed":false,"footnotes":""},"class_list":["post-3544","page","type-page","status-publish","hentry"],"aioseo_notices":[],"acf":[],"jetpack_sharing_enabled":true,"_links":{"self":[{"href":"https:\/\/schrittmacherfestival.nl\/de\/wp-json\/wp\/v2\/pages\/3544","targetHints":{"allow":["GET"]}}],"collection":[{"href":"https:\/\/schrittmacherfestival.nl\/de\/wp-json\/wp\/v2\/pages"}],"about":[{"href":"https:\/\/schrittmacherfestival.nl\/de\/wp-json\/wp\/v2\/types\/page"}],"author":[{"embeddable":true,"href":"https:\/\/schrittmacherfestival.nl\/de\/wp-json\/wp\/v2\/users\/1"}],"replies":[{"embeddable":true,"href":"https:\/\/schrittmacherfestival.nl\/de\/wp-json\/wp\/v2\/comments?post=3544"}],"version-history":[{"count":12,"href":"https:\/\/schrittmacherfestival.nl\/de\/wp-json\/wp\/v2\/pages\/3544\/revisions"}],"predecessor-version":[{"id":4137,"href":"https:\/\/schrittmacherfestival.nl\/de\/wp-json\/wp\/v2\/pages\/3544\/revisions\/4137"}],"wp:attachment":[{"href":"https:\/\/schrittmacherfestival.nl\/de\/wp-json\/wp\/v2\/media?parent=3544"}],"curies":[{"name":"wp","href":"https:\/\/api.w.org\/{rel}","templated":true}]}}