{"id":3600,"date":"2022-02-17T09:20:22","date_gmt":"2022-02-17T09:20:22","guid":{"rendered":"https:\/\/schrittmacherfestival.nl\/tickets\/"},"modified":"2025-12-17T10:05:37","modified_gmt":"2025-12-17T10:05:37","slug":"tickets","status":"publish","type":"page","link":"https:\/\/schrittmacherfestival.nl\/de\/tickets\/","title":{"rendered":"TICKETS"},"content":{"rendered":"\n<figure class=\"wp-block-image alignwide size-full\"><img data-recalc-dims=\"1\" decoding=\"async\" src=\"https:\/\/i0.wp.com\/schrittmacherfestival.nl\/wp-content\/uploads\/2025\/05\/in-c_sasha-waltz-guests_terry-riley_ensemble%C2%A9yanina-isla_0603-1-scaled-e1747718235148.jpg?w=640&#038;ssl=1\" alt=\"\" class=\"wp-image-11689\"\/><\/figure>\n\n<hr class=\"wp-block-separator has-css-opacity\"\/>\n\n<h3 class=\"wp-block-heading\" id=\"voorverkoop-vvk\"><strong>VORVERKAUF(VVK)<\/strong><\/h3>\n\n<p><strong>Von 18.12.2025, 11.00 Uhr<\/strong><\/p>\n\n<p><strong>online via:<br\/><a href=\"https:\/\/schrittmacherfestival.com\/\" target=\"_blank\" rel=\"noopener\" title=\"\">www.schrittmacherfestival.com<\/a><\/strong><a href=\"http:\/\/www.schrittmacherfestival.com\"><strong><br\/><\/strong><\/a><strong><a href=\"https:\/\/www.plt.nl\/\" target=\"_blank\" rel=\"noopener\" title=\"\">www.plt.nl<\/a><\/strong><br\/><strong>www.schrittmacher.reservix.de\/events<br\/><a href=\"https:\/\/www.adticket.de\/\" target=\"_blank\" rel=\"noopener\" title=\"\">www.adticket.de<\/a><\/strong> and ADticket-HotlineT.: +49 (0)69 90283986 (06:00 &#8211; 22:00)<strong><br\/><a href=\"https:\/\/www.theateraachen.de\/\" target=\"_blank\" rel=\"noopener\" title=\"\">www.theateraachen.de<\/a><\/strong><a href=\"http:\/\/www.theateraachen.de\"><br\/><\/a><strong><a href=\"https:\/\/www.alter-schlachthof.be\/\" target=\"_blank\" rel=\"noopener\" title=\"\">www.alter-schlachthof.be<\/a><\/strong> (only for events at Kulturzentrum Alter Schlachthof Eupen)<\/p>\n\n<p><strong>via the following ticket offices:<\/strong><\/p>\n\n<p><strong>DE<\/strong><br\/><strong>Theater Aachen<\/strong><br\/>Theaterplatz 1<br\/>D-52062 Aachen<br\/><a href=\"https:\/\/www.theateraachen.de\/\" target=\"_blank\" rel=\"noopener\" title=\"\">www.theateraachen.de<\/a><a href=\"http:\/\/www.theateraachen.de\"><br\/><\/a>T.: +49 (0)241 4784244<br\/>Tue\u2013Fri 11:00\u201318:00 \/ Sat 10:00\u201314:00 \/ closed Mon<\/p>\n\n<p><strong>Mediahuis Aachen GmbH<\/strong><strong><br\/><\/strong>Dresdener Str. 3<br\/>D-52068 Aachen<br\/>Mon &#8211; Fri 8:00-17:00<\/p>\n\n<p><strong>Buchhandlung am Markt<\/strong><strong><br\/><\/strong>Trierer Str. 788<br\/>D-52078 Aachen-Brand<br\/>Mon &#8211; Fri 9:30-18:30<br\/>Sat 9:00-14:00<\/p>\n\n<p><strong>NL<\/strong><br\/><strong>PLT, Theater Heerlen<br\/><\/strong>Burgemeester van Grunsvenplein 145<br\/>NL-6411 AS Heerlen<br\/>T.: +31 (0)45 5716607<br\/><a href=\"https:\/\/www.plt.nl\" target=\"_blank\" rel=\"noopener\" title=\"\">www.plt.nl<\/a>\u00a0<br\/>Mon &#8211; Fri: 11.00 &#8211; 17.00<br\/>Sat: 11.00 &#8211; 14.00<br\/><strong><br\/>PLT, Theater Kerkrade <br\/><\/strong>Theaterplein 30<br\/>NL-6461 DR Kerkrade<br\/>T.: +31 (0)45 5716607<br\/><a href=\"https:\/\/www.plt.nl\" target=\"_blank\" rel=\"noopener\" title=\"\">www.plt.nl<\/a>\u00a0<br\/>Mon 13.00 &#8211; 18.00<br\/>Tue + Wed + Fri 10.00 &#8211; 13.00 + 13.30 &#8211; 18.00<br\/>Thu 10.00 &#8211; 13.00 + 13.30 &#8211; 21.00<br\/>Sat 10.00 &#8211; 13.00 + 13.30 &#8211; 17.00 <strong><br\/><br\/>PLT, Toon Hermans Theater Sittard<br\/><\/strong>Mgr. Claessensstraat 2<br\/>NL-6131 AJ Sittard<br\/>+31 (0)88 5995500<br\/><a href=\"http:\/\/www.plt.nl\" target=\"_blank\" rel=\"noopener\" title=\"\">www.plt.nl<\/a>\u00a0<br\/>Mon &#8211; Fri 10.00 &#8211; 15.00\u00a0<\/p>\n\n<p><strong>BE<\/strong><br\/><strong>Office of Alter Schlachthof <\/strong>(only for events at Kulturzentrum Alter Schlachthof Eupen)<br\/>Rotenbergplatz 19<br\/>B-4700 Eupen<br\/>(Mon\u2013Fri 09:00\u201312:30 &amp; 13:30\u201316:00 \/ closed Sat &amp; Sun)<\/p>\n\n<p><strong>Abendkasse \/ Tageskasse (AK \/ TK):<br\/><\/strong>Die Abendkasse \/ Tageskasse ist jeweils eine Stunde vor Veranstaltungsbeginn ge\u00f6ffnet.<br\/>Keine Garantie f\u00fcr den Erhalt von Tickets an der Abendkasse \/ Tageskasse!<br\/><\/p>\n\n<hr class=\"wp-block-separator has-css-opacity\"\/>\n\n<p><strong><strong>ERM\u00c4SSIGUNGEN<\/strong><\/strong><br\/>Es stehen verschiedene Erm\u00e4\u00dfigungen zur Verf\u00fcgung, u. a. f\u00fcr Sch\u00fclerinnen, Studierende (Last-Minute), Inhaberinnen des Aachen-Passes oder Ehrenpasses sowie f\u00fcr Menschen mit schwerer Behinderung und (mit Merkzeichen \u201eB\u201c) ihre Begleitpersonen \u2013 jeweils gegen Vorlage eines g\u00fcltigen Ausweises. Bitte erkundigen Sie sich bei den Vorverkaufsstellen oder online.<\/p>\n\n<p><strong>ABO \/ PASSE-PARTOUT (<strong>nur NL<\/strong>) <br\/><a href=\"https:\/\/schrittmacherfestival.nl\/de\/abo\/\" title=\"\">20 % Rabatt beim Kauf von 4 verschiedenen Vorstellungen.<\/a><\/strong><\/p>\n\n<p><strong>BARRIEREFREIHEIT<\/strong><br\/>In der Liste der <a href=\"https:\/\/schrittmacherfestival.nl\/de\/spielorte\/\" title=\"\">Veranstaltungsorte<\/a> finden Sie Symbole, die auf Zug\u00e4nglichkeit f\u00fcr Rollstuhlfahrer*innen und die Verf\u00fcgbarkeit barrierefreier Toiletten hinweisen. Die Barrierefreiheit kann je nach Veranstaltungsort variieren, daher empfehlen wir Ihnen, sich auf unserer Website \u00fcber alle Details zu informieren. Wenn Sie einen Rollstuhlplatz reservieren m\u00f6chten oder spezielle Fragen zur Barrierefreiheit haben, besuchen Sie bitte unsere Website oder wenden Sie sich direkt an den Veranstaltungsort. Wir helfen Ihnen gerne dabei, ein angenehmes und unterhaltsames Festivalerlebnis zu gew\u00e4hrleisten.<\/p>\n\n<hr class=\"wp-block-separator has-css-opacity\"\/>\n\n<figure class=\"wp-block-image alignwide size-large is-style-rounded\"><a href=\"https:\/\/schrittmacherfestival.nl\/de\/newsletter\/\"><img data-recalc-dims=\"1\" fetchpriority=\"high\" decoding=\"async\" width=\"640\" height=\"251\" src=\"https:\/\/i0.wp.com\/schrittmacherfestival.nl\/wp-content\/uploads\/2024\/05\/Nieuwsbrief-banner-DEF.jpeg?resize=640%2C251&#038;ssl=1\" alt=\"\" class=\"wp-image-9119\" srcset=\"https:\/\/i0.wp.com\/schrittmacherfestival.nl\/wp-content\/uploads\/2024\/05\/Nieuwsbrief-banner-DEF.jpeg?resize=1024%2C402&amp;ssl=1 1024w, https:\/\/i0.wp.com\/schrittmacherfestival.nl\/wp-content\/uploads\/2024\/05\/Nieuwsbrief-banner-DEF.jpeg?resize=300%2C118&amp;ssl=1 300w, https:\/\/i0.wp.com\/schrittmacherfestival.nl\/wp-content\/uploads\/2024\/05\/Nieuwsbrief-banner-DEF.jpeg?resize=768%2C302&amp;ssl=1 768w, https:\/\/i0.wp.com\/schrittmacherfestival.nl\/wp-content\/uploads\/2024\/05\/Nieuwsbrief-banner-DEF.jpeg?resize=1536%2C603&amp;ssl=1 1536w, https:\/\/i0.wp.com\/schrittmacherfestival.nl\/wp-content\/uploads\/2024\/05\/Nieuwsbrief-banner-DEF.jpeg?resize=31%2C12&amp;ssl=1 31w, https:\/\/i0.wp.com\/schrittmacherfestival.nl\/wp-content\/uploads\/2024\/05\/Nieuwsbrief-banner-DEF.jpeg?w=1772&amp;ssl=1 1772w, https:\/\/i0.wp.com\/schrittmacherfestival.nl\/wp-content\/uploads\/2024\/05\/Nieuwsbrief-banner-DEF.jpeg?w=1280&amp;ssl=1 1280w\" sizes=\"(max-width: 640px) 100vw, 640px\" \/><\/a><\/figure>\n\n<hr class=\"wp-block-separator has-css-opacity\"\/>\n","protected":false},"excerpt":{"rendered":"<p>VORVERKAUF(VVK) Von 18.12.2025, 11.00 Uhr online via:www.schrittmacherfestival.comwww.plt.nlwww.schrittmacher.reservix.de\/eventswww.adticket.de and ADticket-HotlineT.: +49 (0)69 90283986 (06:00 &#8211; 22:00)www.theateraachen.dewww.alter-schlachthof.be (only for events at Kulturzentrum Alter Schlachthof Eupen) via the following ticket offices: DETheater AachenTheaterplatz 1D-52062 Aachenwww.theateraachen.deT.: +49 (0)241 4784244Tue\u2013Fri 11:00\u201318:00 \/ Sat 10:00\u201314:00 \/ closed Mon Mediahuis Aachen GmbHDresdener Str. 3D-52068 AachenMon &#8211; Fri 8:00-17:00 Buchhandlung am MarktTrierer Str. 788D-52078 Aachen-BrandMon &#8211; Fri 9:30-18:30Sat [&hellip;]<\/p>\n","protected":false},"author":1,"featured_media":0,"parent":0,"menu_order":0,"comment_status":"closed","ping_status":"closed","template":"","meta":{"_acf_changed":false,"footnotes":""},"class_list":["post-3600","page","type-page","status-publish","hentry"],"aioseo_notices":[],"acf":[],"jetpack_sharing_enabled":true,"_links":{"self":[{"href":"https:\/\/schrittmacherfestival.nl\/de\/wp-json\/wp\/v2\/pages\/3600","targetHints":{"allow":["GET"]}}],"collection":[{"href":"https:\/\/schrittmacherfestival.nl\/de\/wp-json\/wp\/v2\/pages"}],"about":[{"href":"https:\/\/schrittmacherfestival.nl\/de\/wp-json\/wp\/v2\/types\/page"}],"author":[{"embeddable":true,"href":"https:\/\/schrittmacherfestival.nl\/de\/wp-json\/wp\/v2\/users\/1"}],"replies":[{"embeddable":true,"href":"https:\/\/schrittmacherfestival.nl\/de\/wp-json\/wp\/v2\/comments?post=3600"}],"version-history":[{"count":33,"href":"https:\/\/schrittmacherfestival.nl\/de\/wp-json\/wp\/v2\/pages\/3600\/revisions"}],"predecessor-version":[{"id":13158,"href":"https:\/\/schrittmacherfestival.nl\/de\/wp-json\/wp\/v2\/pages\/3600\/revisions\/13158"}],"wp:attachment":[{"href":"https:\/\/schrittmacherfestival.nl\/de\/wp-json\/wp\/v2\/media?parent=3600"}],"curies":[{"name":"wp","href":"https:\/\/api.w.org\/{rel}","templated":true}]}}