{"id":3625,"date":"2022-02-17T10:52:25","date_gmt":"2022-02-17T10:52:25","guid":{"rendered":"https:\/\/schrittmacherfestival.nl\/abo\/"},"modified":"2025-12-17T09:38:01","modified_gmt":"2025-12-17T09:38:01","slug":"abo","status":"publish","type":"page","link":"https:\/\/schrittmacherfestival.nl\/de\/abo\/","title":{"rendered":"ABO"},"content":{"rendered":"\n<figure class=\"wp-block-image alignwide size-full\"><img data-recalc-dims=\"1\" decoding=\"async\" src=\"https:\/\/i0.wp.com\/schrittmacherfestival.nl\/wp-content\/uploads\/2025\/05\/in-c_sasha-waltz-guests_terry-riley_ensemble%C2%A9yanina-isla_0603-1-scaled-e1747718235148.jpg?w=640&#038;ssl=1\" alt=\"\" class=\"wp-image-11689\"\/><\/figure>\n\n<hr class=\"wp-block-separator has-css-opacity\"\/>\n\n<h3 class=\"wp-block-heading\" id=\"20-korting-op-de-totaalprijs\">20 % Preisnachlass auf den Gesamtpreis<\/h3>\n\n<p><strong>\u00dcber PLT<\/strong><em><br\/><\/em>Bei Buchung \u00fcber das Theater Heerlen, Theater Kerkrade oder das Toon Hermans Theater Sittard (online \/ telefonisch \/ vor Ort) erhalten Sie ab Tickets f\u00fcr vier unterschiedliche Auff\u00fchrungen 20 % Rabatt auf den Gesamtpreis (ausgenommen sind erm\u00e4\u00dfigte Tickets). Dies gilt f\u00fcr Vorstellungen aus NL categorie\u00ebn PERFORMANCES, YOUNG und TALENT, und auch das context programma performances in NL.<\/p>\n\n<p>Abos \u00fcber das Theater Heerlen \/ Theater  Kerkrade \/ Toon Hermans Theater k\u00f6nnen erworben werden \u00fcber <a href=\"https:\/\/www.plt.nl\/\" target=\"_blank\" rel=\"noopener\" title=\"\">www.plt.nl<\/a>, telefonisch T.: +31(0)45-5716607 oder an den Theaterkassen in Heerlen \/ Kerkrade \/ Sittard.<br\/><\/p>\n\n<hr class=\"wp-block-separator has-css-opacity\"\/>\n\n<figure class=\"wp-block-image alignwide size-large is-style-rounded\"><a href=\"https:\/\/schrittmacherfestival.nl\/de\/newsletter\/\"><img data-recalc-dims=\"1\" fetchpriority=\"high\" decoding=\"async\" width=\"640\" height=\"251\" src=\"https:\/\/i0.wp.com\/schrittmacherfestival.nl\/wp-content\/uploads\/2024\/05\/Nieuwsbrief-banner-DEF.jpeg?resize=640%2C251&#038;ssl=1\" alt=\"\" class=\"wp-image-9119\" srcset=\"https:\/\/i0.wp.com\/schrittmacherfestival.nl\/wp-content\/uploads\/2024\/05\/Nieuwsbrief-banner-DEF.jpeg?resize=1024%2C402&amp;ssl=1 1024w, https:\/\/i0.wp.com\/schrittmacherfestival.nl\/wp-content\/uploads\/2024\/05\/Nieuwsbrief-banner-DEF.jpeg?resize=300%2C118&amp;ssl=1 300w, https:\/\/i0.wp.com\/schrittmacherfestival.nl\/wp-content\/uploads\/2024\/05\/Nieuwsbrief-banner-DEF.jpeg?resize=768%2C302&amp;ssl=1 768w, https:\/\/i0.wp.com\/schrittmacherfestival.nl\/wp-content\/uploads\/2024\/05\/Nieuwsbrief-banner-DEF.jpeg?resize=1536%2C603&amp;ssl=1 1536w, https:\/\/i0.wp.com\/schrittmacherfestival.nl\/wp-content\/uploads\/2024\/05\/Nieuwsbrief-banner-DEF.jpeg?resize=31%2C12&amp;ssl=1 31w, https:\/\/i0.wp.com\/schrittmacherfestival.nl\/wp-content\/uploads\/2024\/05\/Nieuwsbrief-banner-DEF.jpeg?w=1772&amp;ssl=1 1772w, https:\/\/i0.wp.com\/schrittmacherfestival.nl\/wp-content\/uploads\/2024\/05\/Nieuwsbrief-banner-DEF.jpeg?w=1280&amp;ssl=1 1280w\" sizes=\"(max-width: 640px) 100vw, 640px\" \/><\/a><\/figure>\n\n<hr class=\"wp-block-separator has-css-opacity\"\/>\n","protected":false},"excerpt":{"rendered":"<p>20 % Preisnachlass auf den Gesamtpreis \u00dcber PLTBei Buchung \u00fcber das Theater Heerlen, Theater Kerkrade oder das Toon Hermans Theater Sittard (online \/ telefonisch \/ vor Ort) erhalten Sie ab Tickets f\u00fcr vier unterschiedliche Auff\u00fchrungen 20 % Rabatt auf den Gesamtpreis (ausgenommen sind erm\u00e4\u00dfigte Tickets). Dies gilt f\u00fcr Vorstellungen aus NL categorie\u00ebn PERFORMANCES, YOUNG und TALENT, und auch das context [&hellip;]<\/p>\n","protected":false},"author":1,"featured_media":0,"parent":0,"menu_order":0,"comment_status":"closed","ping_status":"closed","template":"","meta":{"_acf_changed":false,"footnotes":""},"class_list":["post-3625","page","type-page","status-publish","hentry"],"aioseo_notices":[],"acf":[],"jetpack_sharing_enabled":true,"_links":{"self":[{"href":"https:\/\/schrittmacherfestival.nl\/de\/wp-json\/wp\/v2\/pages\/3625","targetHints":{"allow":["GET"]}}],"collection":[{"href":"https:\/\/schrittmacherfestival.nl\/de\/wp-json\/wp\/v2\/pages"}],"about":[{"href":"https:\/\/schrittmacherfestival.nl\/de\/wp-json\/wp\/v2\/types\/page"}],"author":[{"embeddable":true,"href":"https:\/\/schrittmacherfestival.nl\/de\/wp-json\/wp\/v2\/users\/1"}],"replies":[{"embeddable":true,"href":"https:\/\/schrittmacherfestival.nl\/de\/wp-json\/wp\/v2\/comments?post=3625"}],"version-history":[{"count":15,"href":"https:\/\/schrittmacherfestival.nl\/de\/wp-json\/wp\/v2\/pages\/3625\/revisions"}],"predecessor-version":[{"id":13153,"href":"https:\/\/schrittmacherfestival.nl\/de\/wp-json\/wp\/v2\/pages\/3625\/revisions\/13153"}],"wp:attachment":[{"href":"https:\/\/schrittmacherfestival.nl\/de\/wp-json\/wp\/v2\/media?parent=3625"}],"curies":[{"name":"wp","href":"https:\/\/api.w.org\/{rel}","templated":true}]}}