{"id":3837,"date":"2022-02-25T09:30:11","date_gmt":"2022-02-25T09:30:11","guid":{"rendered":"https:\/\/schrittmacherfestival.nl\/main\/"},"modified":"2022-02-25T09:31:37","modified_gmt":"2022-02-25T09:31:37","slug":"main","status":"publish","type":"page","link":"https:\/\/schrittmacherfestival.nl\/de\/main\/","title":{"rendered":"Main"},"content":{"rendered":"\n<hr class=\"wp-block-separator\"\/>\n\n<h1 class=\"wp-block-heading\" id=\"voorstellingen\">performances<\/h1>\n\n<div class=\"wp-block-columns is-layout-flex wp-container-core-columns-is-layout-9d6595d7 wp-block-columns-is-layout-flex\">\n<div class=\"wp-block-column is-layout-flow wp-block-column-is-layout-flow\">\n<figure class=\"wp-block-image size-large\"><a href=\"https:\/\/schrittmacherfestival.nl\/de\/double-murder\/\"><img data-recalc-dims=\"1\" fetchpriority=\"high\" decoding=\"async\" width=\"640\" height=\"427\" src=\"https:\/\/i0.wp.com\/schrittmacherfestival.nl\/wp-content\/uploads\/2021\/12\/smf_22_DOUBLE-MURDER_CLOWNS_IMAGE-1_Todd-MacDonald-1-1.jpg?resize=640%2C427&#038;ssl=1\" alt=\"\" class=\"wp-image-2617\" srcset=\"https:\/\/i0.wp.com\/schrittmacherfestival.nl\/wp-content\/uploads\/2021\/12\/smf_22_DOUBLE-MURDER_CLOWNS_IMAGE-1_Todd-MacDonald-1-1-scaled.jpg?resize=1024%2C683&amp;ssl=1 1024w, https:\/\/i0.wp.com\/schrittmacherfestival.nl\/wp-content\/uploads\/2021\/12\/smf_22_DOUBLE-MURDER_CLOWNS_IMAGE-1_Todd-MacDonald-1-1-scaled.jpg?resize=300%2C200&amp;ssl=1 300w, https:\/\/i0.wp.com\/schrittmacherfestival.nl\/wp-content\/uploads\/2021\/12\/smf_22_DOUBLE-MURDER_CLOWNS_IMAGE-1_Todd-MacDonald-1-1-scaled.jpg?resize=768%2C512&amp;ssl=1 768w, https:\/\/i0.wp.com\/schrittmacherfestival.nl\/wp-content\/uploads\/2021\/12\/smf_22_DOUBLE-MURDER_CLOWNS_IMAGE-1_Todd-MacDonald-1-1-scaled.jpg?resize=1536%2C1024&amp;ssl=1 1536w, https:\/\/i0.wp.com\/schrittmacherfestival.nl\/wp-content\/uploads\/2021\/12\/smf_22_DOUBLE-MURDER_CLOWNS_IMAGE-1_Todd-MacDonald-1-1-scaled.jpg?resize=2048%2C1365&amp;ssl=1 2048w, https:\/\/i0.wp.com\/schrittmacherfestival.nl\/wp-content\/uploads\/2021\/12\/smf_22_DOUBLE-MURDER_CLOWNS_IMAGE-1_Todd-MacDonald-1-1-scaled.jpg?resize=600%2C400&amp;ssl=1 600w, https:\/\/i0.wp.com\/schrittmacherfestival.nl\/wp-content\/uploads\/2021\/12\/smf_22_DOUBLE-MURDER_CLOWNS_IMAGE-1_Todd-MacDonald-1-1-scaled.jpg?w=1280&amp;ssl=1 1280w, https:\/\/i0.wp.com\/schrittmacherfestival.nl\/wp-content\/uploads\/2021\/12\/smf_22_DOUBLE-MURDER_CLOWNS_IMAGE-1_Todd-MacDonald-1-1-scaled.jpg?w=1920&amp;ssl=1 1920w\" sizes=\"(max-width: 640px) 100vw, 640px\" \/><\/a><\/figure>\n\n\n<h4 class=\"wp-block-heading\" id=\"hofesh-shechter-company-gbr\"><strong><strong>Hofesh Shechter Company <\/strong><\/strong><br\/><strong><strong>(GBR)<\/strong><\/strong><\/h4>\n\n\n\n<h4 class=\"wp-block-heading\" id=\"double-murder\"><a href=\"https:\/\/schrittmacherfestival.nl\/de\/double-murder\/\"><strong>Double murder<\/strong><\/a><\/h4>\n\n\n\n<p>Di 08.03.2022 + Mi 09.03.2022<\/p>\n<\/div>\n\n\n\n<div class=\"wp-block-column is-layout-flow wp-block-column-is-layout-flow\">\n<figure class=\"wp-block-image size-large\"><a href=\"https:\/\/schrittmacherfestival.nl\/de\/only-bones-v-1-6-and-cuir\/\"><img data-recalc-dims=\"1\" height=\"427\" width=\"640\" decoding=\"async\" src=\"https:\/\/i0.wp.com\/schrittmacherfestival.nl\/wp-content\/uploads\/2021\/12\/smf_22_CUIR%C2%AE-Valerie-Frossard-HD-1.jpg?resize=640%2C427&#038;ssl=1\" alt=\"\" class=\"wp-image-2633\"\/><\/a><\/figure>\n\n\n<h4 class=\"wp-block-heading\" id=\"marina-cherry-usa-swe-and-cie-un-loup-pour-l-homme-fr\"><strong><strong>Marina Cherry <\/strong>(USA\/SWE<\/strong>) and <strong>Cie Un Loup pour l\u2019Homme <\/strong>(FR)<\/h4>\n\n\n\n<h4 class=\"wp-block-heading\" id=\"only-bones-v-1-6-and-cuir\"><a href=\"https:\/\/schrittmacherfestival.nl\/de\/only-bones-v-1-6-and-cuir\/\">Only Bones v.1.6 and CUIR<\/a><\/h4>\n\n\n\n<p>Mi 09.03. + Do 10.03.2022<\/p>\n<\/div>\n\n\n\n<div class=\"wp-block-column is-layout-flow wp-block-column-is-layout-flow\">\n<figure class=\"wp-block-image size-large\"><a href=\"https:\/\/schrittmacherfestival.nl\/de\/overflow\/\"><img data-recalc-dims=\"1\" decoding=\"async\" width=\"640\" height=\"427\" src=\"https:\/\/i0.wp.com\/schrittmacherfestival.nl\/wp-content\/uploads\/2021\/12\/smf_22_awoverflow2019jp_11314-2-1.jpg?resize=640%2C427&#038;ssl=1\" alt=\"\" class=\"wp-image-2495\" srcset=\"https:\/\/i0.wp.com\/schrittmacherfestival.nl\/wp-content\/uploads\/2021\/12\/smf_22_awoverflow2019jp_11314-2-1-scaled.jpg?resize=1024%2C683&amp;ssl=1 1024w, https:\/\/i0.wp.com\/schrittmacherfestival.nl\/wp-content\/uploads\/2021\/12\/smf_22_awoverflow2019jp_11314-2-1-scaled.jpg?resize=300%2C200&amp;ssl=1 300w, https:\/\/i0.wp.com\/schrittmacherfestival.nl\/wp-content\/uploads\/2021\/12\/smf_22_awoverflow2019jp_11314-2-1-scaled.jpg?resize=768%2C512&amp;ssl=1 768w, https:\/\/i0.wp.com\/schrittmacherfestival.nl\/wp-content\/uploads\/2021\/12\/smf_22_awoverflow2019jp_11314-2-1-scaled.jpg?resize=1536%2C1024&amp;ssl=1 1536w, https:\/\/i0.wp.com\/schrittmacherfestival.nl\/wp-content\/uploads\/2021\/12\/smf_22_awoverflow2019jp_11314-2-1-scaled.jpg?resize=2048%2C1365&amp;ssl=1 2048w, https:\/\/i0.wp.com\/schrittmacherfestival.nl\/wp-content\/uploads\/2021\/12\/smf_22_awoverflow2019jp_11314-2-1-scaled.jpg?resize=600%2C400&amp;ssl=1 600w, https:\/\/i0.wp.com\/schrittmacherfestival.nl\/wp-content\/uploads\/2021\/12\/smf_22_awoverflow2019jp_11314-2-1-scaled.jpg?w=1280&amp;ssl=1 1280w, https:\/\/i0.wp.com\/schrittmacherfestival.nl\/wp-content\/uploads\/2021\/12\/smf_22_awoverflow2019jp_11314-2-1-scaled.jpg?w=1920&amp;ssl=1 1920w\" sizes=\"(max-width: 640px) 100vw, 640px\" \/><\/a><\/figure>\n\n\n<h4 class=\"wp-block-heading\" id=\"alexander-whitley-dance-company-gbr\"><strong>Alexander Whitley Dance Company\u00a0(GBR)<\/strong><\/h4>\n\n\n\n<h4 class=\"wp-block-heading\" id=\"overflow\"><a href=\"https:\/\/schrittmacherfestival.nl\/de\/overflow\/\">Overflow<\/a><\/h4>\n\n\n\n<p>Fr 11.03. \u2013 Mo 14.03.2022<\/p>\n<\/div>\n<\/div>\n\n<div class=\"wp-block-columns is-layout-flex wp-container-core-columns-is-layout-9d6595d7 wp-block-columns-is-layout-flex\">\n<div class=\"wp-block-column is-layout-flow wp-block-column-is-layout-flow\">\n<figure class=\"wp-block-image size-large\"><a href=\"https:\/\/schrittmacherfestival.nl\/de\/wakatt\/\"><img data-recalc-dims=\"1\" height=\"427\" width=\"640\" decoding=\"async\" src=\"https:\/\/i0.wp.com\/schrittmacherfestival.nl\/wp-content\/uploads\/2021\/12\/smf_22_Wakatt-Faso-Danse-Theatre-10%C2%AESophie-Garcia-1.jpg?resize=640%2C427&#038;ssl=1\" alt=\"\" class=\"wp-image-2648\"\/><\/a><\/figure>\n\n\n<h4 class=\"wp-block-heading\" id=\"faso-danse-theatre-serge-aime-coulibaly-magic-malik-be-bdi\"><strong><strong>Faso Danse Th\u00e9\u00e2tre | Serge Aim\u00e9 Coulibaly &amp; Magic Malik (BE\/BDI)<\/strong><\/strong><\/h4>\n\n\n\n<h4 class=\"wp-block-heading\" id=\"wakatt\"><a href=\"https:\/\/schrittmacherfestival.nl\/de\/wakatt\/\"><strong>Wakatt<\/strong><\/a><\/h4>\n\n\n\n<p>Di 15.03.2022<\/p>\n<\/div>\n\n\n\n<div class=\"wp-block-column is-layout-flow wp-block-column-is-layout-flow\">\n<figure class=\"wp-block-image size-large\"><a href=\"https:\/\/schrittmacherfestival.nl\/de\/white-out\/\"><img data-recalc-dims=\"1\" decoding=\"async\" width=\"640\" height=\"426\" src=\"https:\/\/i0.wp.com\/schrittmacherfestival.nl\/wp-content\/uploads\/2021\/12\/smf_22_WHITE-OUT_PiergiorgioMilano_cAndrea-Macchia_5-1.jpg?resize=640%2C426&#038;ssl=1\" alt=\"\" class=\"wp-image-2669\" srcset=\"https:\/\/i0.wp.com\/schrittmacherfestival.nl\/wp-content\/uploads\/2021\/12\/smf_22_WHITE-OUT_PiergiorgioMilano_cAndrea-Macchia_5-1-scaled.jpg?resize=1024%2C681&amp;ssl=1 1024w, https:\/\/i0.wp.com\/schrittmacherfestival.nl\/wp-content\/uploads\/2021\/12\/smf_22_WHITE-OUT_PiergiorgioMilano_cAndrea-Macchia_5-1-scaled.jpg?resize=300%2C200&amp;ssl=1 300w, https:\/\/i0.wp.com\/schrittmacherfestival.nl\/wp-content\/uploads\/2021\/12\/smf_22_WHITE-OUT_PiergiorgioMilano_cAndrea-Macchia_5-1-scaled.jpg?resize=768%2C511&amp;ssl=1 768w, https:\/\/i0.wp.com\/schrittmacherfestival.nl\/wp-content\/uploads\/2021\/12\/smf_22_WHITE-OUT_PiergiorgioMilano_cAndrea-Macchia_5-1-scaled.jpg?resize=1536%2C1022&amp;ssl=1 1536w, https:\/\/i0.wp.com\/schrittmacherfestival.nl\/wp-content\/uploads\/2021\/12\/smf_22_WHITE-OUT_PiergiorgioMilano_cAndrea-Macchia_5-1-scaled.jpg?resize=2048%2C1363&amp;ssl=1 2048w, https:\/\/i0.wp.com\/schrittmacherfestival.nl\/wp-content\/uploads\/2021\/12\/smf_22_WHITE-OUT_PiergiorgioMilano_cAndrea-Macchia_5-1-scaled.jpg?resize=600%2C400&amp;ssl=1 600w, https:\/\/i0.wp.com\/schrittmacherfestival.nl\/wp-content\/uploads\/2021\/12\/smf_22_WHITE-OUT_PiergiorgioMilano_cAndrea-Macchia_5-1-scaled.jpg?w=1280&amp;ssl=1 1280w, https:\/\/i0.wp.com\/schrittmacherfestival.nl\/wp-content\/uploads\/2021\/12\/smf_22_WHITE-OUT_PiergiorgioMilano_cAndrea-Macchia_5-1-scaled.jpg?w=1920&amp;ssl=1 1920w\" sizes=\"(max-width: 640px) 100vw, 640px\" \/><\/a><\/figure>\n\n\n<h4 class=\"wp-block-heading\" id=\"piergiorgio-milano-be-it\"><strong><strong>Piergiorgio Milano\u00a0<\/strong><\/strong><br\/><strong><strong>(BE\/IT)<\/strong><\/strong><\/h4>\n\n\n\n<h4 class=\"wp-block-heading\" id=\"white-out\"><a href=\"https:\/\/schrittmacherfestival.nl\/de\/white-out\/\">White Out<\/a><\/h4>\n\n\n\n<p>Mi 16.03. + Do 17.03.2022<\/p>\n<\/div>\n\n\n\n<div class=\"wp-block-column is-layout-flow wp-block-column-is-layout-flow\">\n<figure class=\"wp-block-image size-large\"><a href=\"https:\/\/schrittmacherfestival.nl\/de\/drift-the-four-seasons\/\"><img data-recalc-dims=\"1\" loading=\"lazy\" decoding=\"async\" width=\"640\" height=\"427\" src=\"https:\/\/i0.wp.com\/schrittmacherfestival.nl\/wp-content\/uploads\/2021\/12\/smf_22_wilton_7M9A0067-1.jpg?resize=640%2C427&#038;ssl=1\" alt=\"\" class=\"wp-image-2683\" srcset=\"https:\/\/i0.wp.com\/schrittmacherfestival.nl\/wp-content\/uploads\/2021\/12\/smf_22_wilton_7M9A0067-1-scaled.jpg?resize=1024%2C683&amp;ssl=1 1024w, https:\/\/i0.wp.com\/schrittmacherfestival.nl\/wp-content\/uploads\/2021\/12\/smf_22_wilton_7M9A0067-1-scaled.jpg?resize=300%2C200&amp;ssl=1 300w, https:\/\/i0.wp.com\/schrittmacherfestival.nl\/wp-content\/uploads\/2021\/12\/smf_22_wilton_7M9A0067-1-scaled.jpg?resize=768%2C512&amp;ssl=1 768w, https:\/\/i0.wp.com\/schrittmacherfestival.nl\/wp-content\/uploads\/2021\/12\/smf_22_wilton_7M9A0067-1-scaled.jpg?resize=1536%2C1025&amp;ssl=1 1536w, https:\/\/i0.wp.com\/schrittmacherfestival.nl\/wp-content\/uploads\/2021\/12\/smf_22_wilton_7M9A0067-1-scaled.jpg?resize=2048%2C1366&amp;ssl=1 2048w, https:\/\/i0.wp.com\/schrittmacherfestival.nl\/wp-content\/uploads\/2021\/12\/smf_22_wilton_7M9A0067-1-scaled.jpg?resize=600%2C400&amp;ssl=1 600w, https:\/\/i0.wp.com\/schrittmacherfestival.nl\/wp-content\/uploads\/2021\/12\/smf_22_wilton_7M9A0067-1-scaled.jpg?w=1280&amp;ssl=1 1280w, https:\/\/i0.wp.com\/schrittmacherfestival.nl\/wp-content\/uploads\/2021\/12\/smf_22_wilton_7M9A0067-1-scaled.jpg?w=1920&amp;ssl=1 1920w\" sizes=\"(max-width: 640px) 100vw, 640px\" \/><\/a><\/figure>\n\n\n<h4 class=\"wp-block-heading\" id=\"james-wilton-dance-gbr\"><strong><strong>James Wilton Dance\u00a0<\/strong><\/strong><br\/><strong>(GBR)<\/strong><\/h4>\n\n\n\n<h4 class=\"wp-block-heading\" id=\"drift-the-four-seasons\"><a href=\"https:\/\/schrittmacherfestival.nl\/de\/drift-the-four-seasons\/\">Drift \/ The Four Seasons<\/a><\/h4>\n\n\n\n<p>Do 17.03. \u2013 So 20.03.2022<\/p>\n<\/div>\n<\/div>\n\n<div class=\"wp-block-columns is-layout-flex wp-container-core-columns-is-layout-9d6595d7 wp-block-columns-is-layout-flex\">\n<div class=\"wp-block-column is-layout-flow wp-block-column-is-layout-flow\">\n<figure class=\"wp-block-image size-large\"><a href=\"https:\/\/schrittmacherfestival.nl\/de\/north-korea-dance\/\"><img data-recalc-dims=\"1\" height=\"427\" width=\"640\" decoding=\"async\" src=\"https:\/\/i0.wp.com\/schrittmacherfestival.nl\/wp-content\/uploads\/2021\/12\/smf_22_Eun-Me-Ahn-North-Korea-Dance_6774%C2%AEJM-Chabot-1.jpg?resize=640%2C427&#038;ssl=1\" alt=\"\" class=\"wp-image-2704\"\/><\/a><\/figure>\n\n\n<h4 class=\"wp-block-heading\" id=\"eun-me-ahn-kor\"><strong><strong><strong>Eun-Me Ahn\u00a0<\/strong><\/strong><\/strong><br\/><strong><strong>(KOR)\u00a0<\/strong><\/strong><\/h4>\n\n\n\n<h4 class=\"wp-block-heading\" id=\"north-korea-dance\"><a href=\"https:\/\/schrittmacherfestival.nl\/de\/north-korea-dance\/\">North Korea Dance<\/a><\/h4>\n\n\n\n<p>Di 22.03.2022<\/p>\n<\/div>\n\n\n\n<div class=\"wp-block-column is-layout-flow wp-block-column-is-layout-flow\">\n<figure class=\"wp-block-image size-large\"><a href=\"https:\/\/schrittmacherfestival.nl\/de\/floating-flowers\/\"><img data-recalc-dims=\"1\" decoding=\"async\" src=\"https:\/\/i0.wp.com\/schrittmacherfestival.nl\/wp-content\/uploads\/2021\/12\/smf_22_1524-B.Dance2015-1-scaled-e1639225165364.jpg?w=640&#038;ssl=1\" alt=\"\" class=\"wp-image-2586\"\/><\/a><\/figure>\n\n\n<h4 class=\"wp-block-heading\" id=\"b-dance-roc\"><strong><strong>B.Dance <\/strong><\/strong><br\/><strong>(ROC)<\/strong><\/h4>\n\n\n\n<h4 class=\"wp-block-heading\" id=\"floating-flowers\"><a href=\"https:\/\/schrittmacherfestival.nl\/de\/floating-flowers\/\"><strong>Floating Flowers<\/strong><\/a><\/h4>\n\n\n\n<p>Do 24.03. \u2013 So 27.03.2022<\/p>\n<\/div>\n\n\n\n<div class=\"wp-block-column is-layout-flow wp-block-column-is-layout-flow\">\n<figure class=\"wp-block-image size-large\"><a href=\"https:\/\/schrittmacherfestival.nl\/de\/di-lassos-tranen-van-petrus\/\"><img data-recalc-dims=\"1\" decoding=\"async\" src=\"https:\/\/i0.wp.com\/schrittmacherfestival.nl\/wp-content\/uploads\/2021\/12\/smf_22_Campagnebeeld-breedbeeld-HR-beeld-Onno-van-Ameijde-1-scaled-e1639227580785.jpg?w=640&#038;ssl=1\" alt=\"\" class=\"wp-image-2724\"\/><\/a><\/figure>\n\n\n<h4 class=\"wp-block-heading\" id=\"dance-company-nanine-linning-nederlands-kamerkoor-d-nl\"><strong><strong>Dance Company Nanine Linning &amp; Nederlands Kamerkoor\u00a0(D\/NL)<\/strong><\/strong><\/h4>\n\n\n\n<h4 class=\"wp-block-heading\" id=\"di-lasso-s-tranen-van-petrus\"><a href=\"https:\/\/schrittmacherfestival.nl\/de\/di-lassos-tranen-van-petrus\/\">Di Lasso\u2019s Tranen van Petrus<\/a><\/h4>\n\n\n\n<p>So 27.03.2022<\/p>\n<\/div>\n<\/div>\n\n<div class=\"wp-block-columns is-layout-flex wp-container-core-columns-is-layout-9d6595d7 wp-block-columns-is-layout-flex\">\n<div class=\"wp-block-column is-layout-flow wp-block-column-is-layout-flow\">\n<figure class=\"wp-block-image size-large\"><a href=\"https:\/\/schrittmacherfestival.nl\/de\/asylum\/\"><img data-recalc-dims=\"1\" loading=\"lazy\" decoding=\"async\" width=\"640\" height=\"426\" src=\"https:\/\/i0.wp.com\/schrittmacherfestival.nl\/wp-content\/uploads\/2021\/12\/smf_22_Asylum-Kibbutz-Contemporary-Dance-Company-Photo-by-Eyal-Hirsch-8453-1.jpg?resize=640%2C426&#038;ssl=1\" alt=\"\" class=\"wp-image-2763\" srcset=\"https:\/\/i0.wp.com\/schrittmacherfestival.nl\/wp-content\/uploads\/2021\/12\/smf_22_Asylum-Kibbutz-Contemporary-Dance-Company-Photo-by-Eyal-Hirsch-8453-1.jpg?resize=1024%2C682&amp;ssl=1 1024w, https:\/\/i0.wp.com\/schrittmacherfestival.nl\/wp-content\/uploads\/2021\/12\/smf_22_Asylum-Kibbutz-Contemporary-Dance-Company-Photo-by-Eyal-Hirsch-8453-1.jpg?resize=300%2C200&amp;ssl=1 300w, https:\/\/i0.wp.com\/schrittmacherfestival.nl\/wp-content\/uploads\/2021\/12\/smf_22_Asylum-Kibbutz-Contemporary-Dance-Company-Photo-by-Eyal-Hirsch-8453-1.jpg?resize=768%2C512&amp;ssl=1 768w, https:\/\/i0.wp.com\/schrittmacherfestival.nl\/wp-content\/uploads\/2021\/12\/smf_22_Asylum-Kibbutz-Contemporary-Dance-Company-Photo-by-Eyal-Hirsch-8453-1.jpg?resize=1536%2C1024&amp;ssl=1 1536w, https:\/\/i0.wp.com\/schrittmacherfestival.nl\/wp-content\/uploads\/2021\/12\/smf_22_Asylum-Kibbutz-Contemporary-Dance-Company-Photo-by-Eyal-Hirsch-8453-1.jpg?resize=600%2C400&amp;ssl=1 600w, https:\/\/i0.wp.com\/schrittmacherfestival.nl\/wp-content\/uploads\/2021\/12\/smf_22_Asylum-Kibbutz-Contemporary-Dance-Company-Photo-by-Eyal-Hirsch-8453-1.jpg?w=2000&amp;ssl=1 2000w, https:\/\/i0.wp.com\/schrittmacherfestival.nl\/wp-content\/uploads\/2021\/12\/smf_22_Asylum-Kibbutz-Contemporary-Dance-Company-Photo-by-Eyal-Hirsch-8453-1.jpg?w=1280&amp;ssl=1 1280w, https:\/\/i0.wp.com\/schrittmacherfestival.nl\/wp-content\/uploads\/2021\/12\/smf_22_Asylum-Kibbutz-Contemporary-Dance-Company-Photo-by-Eyal-Hirsch-8453-1.jpg?w=1920&amp;ssl=1 1920w\" sizes=\"(max-width: 640px) 100vw, 640px\" \/><\/a><\/figure>\n\n\n<h4 class=\"wp-block-heading\" id=\"kibbutz-contemporary-dance-company-il\"><strong>Kibbutz Contemporary Dance Company\u00a0<\/strong>(IL)<\/h4>\n\n\n\n<h4 class=\"wp-block-heading\" id=\"asylum\"><a href=\"https:\/\/schrittmacherfestival.nl\/de\/asylum\/\">Asylum<\/a><\/h4>\n\n\n\n<p>Do 31.03. \u2013 So 03.04.2022<\/p>\n<\/div>\n\n\n\n<div class=\"wp-block-column is-layout-flow wp-block-column-is-layout-flow\">\n<figure class=\"wp-block-image size-large\"><a href=\"https:\/\/schrittmacherfestival.nl\/de\/and-everything-in-between\/\"><img data-recalc-dims=\"1\" loading=\"lazy\" decoding=\"async\" width=\"640\" height=\"427\" src=\"https:\/\/i0.wp.com\/schrittmacherfestival.nl\/wp-content\/uploads\/2021\/12\/smf_22_Shropshire_And-Everything-In-Between-1.jpg?resize=640%2C427&#038;ssl=1\" alt=\"\" class=\"wp-image-2743\" srcset=\"https:\/\/i0.wp.com\/schrittmacherfestival.nl\/wp-content\/uploads\/2021\/12\/smf_22_Shropshire_And-Everything-In-Between-1-scaled.jpg?resize=1024%2C683&amp;ssl=1 1024w, https:\/\/i0.wp.com\/schrittmacherfestival.nl\/wp-content\/uploads\/2021\/12\/smf_22_Shropshire_And-Everything-In-Between-1-scaled.jpg?resize=300%2C200&amp;ssl=1 300w, https:\/\/i0.wp.com\/schrittmacherfestival.nl\/wp-content\/uploads\/2021\/12\/smf_22_Shropshire_And-Everything-In-Between-1-scaled.jpg?resize=768%2C512&amp;ssl=1 768w, https:\/\/i0.wp.com\/schrittmacherfestival.nl\/wp-content\/uploads\/2021\/12\/smf_22_Shropshire_And-Everything-In-Between-1-scaled.jpg?resize=1536%2C1024&amp;ssl=1 1536w, https:\/\/i0.wp.com\/schrittmacherfestival.nl\/wp-content\/uploads\/2021\/12\/smf_22_Shropshire_And-Everything-In-Between-1-scaled.jpg?resize=2048%2C1365&amp;ssl=1 2048w, https:\/\/i0.wp.com\/schrittmacherfestival.nl\/wp-content\/uploads\/2021\/12\/smf_22_Shropshire_And-Everything-In-Between-1-scaled.jpg?resize=600%2C400&amp;ssl=1 600w, https:\/\/i0.wp.com\/schrittmacherfestival.nl\/wp-content\/uploads\/2021\/12\/smf_22_Shropshire_And-Everything-In-Between-1-scaled.jpg?w=1280&amp;ssl=1 1280w, https:\/\/i0.wp.com\/schrittmacherfestival.nl\/wp-content\/uploads\/2021\/12\/smf_22_Shropshire_And-Everything-In-Between-1-scaled.jpg?w=1920&amp;ssl=1 1920w\" sizes=\"(max-width: 640px) 100vw, 640px\" \/><\/a><\/figure>\n\n\n<h4 class=\"wp-block-heading\" id=\"stephen-shropshire-usa-nl\"><meta charset=\"utf-8\"\/><meta charset=\"utf-8\"\/><strong>Stephen Shropshire\u00a0<\/strong><br\/>(USA\/NL)<\/h4>\n\n\n\n<h4 class=\"wp-block-heading\" id=\"and-everything-in-between\"><a href=\"https:\/\/schrittmacherfestival.nl\/de\/and-everything-in-between\/\">And Everything In Between<\/a><\/h4>\n\n\n\n<p><meta charset=\"utf-8\"\/>Do 31.03. + Fr 01.04.2022<\/p>\n<\/div>\n\n\n\n<div class=\"wp-block-column is-layout-flow wp-block-column-is-layout-flow\">\n<figure class=\"wp-block-image size-large\"><a href=\"https:\/\/schrittmacherfestival.nl\/de\/set-of-sets\/\"><img data-recalc-dims=\"1\" height=\"427\" width=\"640\" decoding=\"async\" src=\"https:\/\/i0.wp.com\/schrittmacherfestival.nl\/wp-content\/uploads\/2021\/12\/smf_22_2_foto%C2%AEMarti-Albesa-1.jpg?resize=640%2C427&#038;ssl=1\" alt=\"\" class=\"wp-image-2775\"\/><\/a><\/figure>\n\n\n<h4 class=\"wp-block-heading\" id=\"gn-mc-guy-nader-maria-campos-lbn-esp\"><strong><strong><strong>GN | MC Guy Nader | Maria Campos\u00a0(LBN\/ESP)<\/strong><\/strong><\/strong><\/h4>\n\n\n\n<h4 class=\"wp-block-heading\" id=\"set-of-sets\"><a href=\"https:\/\/schrittmacherfestival.nl\/de\/set-of-sets\/\">Set of sets<\/a><\/h4>\n\n\n\n<p>Mo 04.04.2022<\/p>\n<\/div>\n<\/div>\n\n<div class=\"wp-block-columns is-layout-flex wp-container-core-columns-is-layout-9d6595d7 wp-block-columns-is-layout-flex\">\n<div class=\"wp-block-column is-layout-flow wp-block-column-is-layout-flow\">\n<figure class=\"wp-block-image size-large\"><a href=\"https:\/\/schrittmacherfestival.nl\/de\/the-sacrifice\/\"><img data-recalc-dims=\"1\" decoding=\"async\" src=\"https:\/\/i0.wp.com\/schrittmacherfestival.nl\/wp-content\/uploads\/2021\/12\/smf_22_DadaMasilosTheSacrifice_06March2020__0096-1-scaled-e1639385092264.jpg?w=640&#038;ssl=1\" alt=\"\" class=\"wp-image-2803\"\/><\/a><\/figure>\n\n\n<h4 class=\"wp-block-heading\" id=\"dada-masilo-the-dance-factory-zaf\"><strong><strong>Dada Masilo | The Dance Factory\u00a0<\/strong>(ZAF)<\/strong><\/h4>\n\n\n\n<h4 class=\"wp-block-heading\" id=\"the-sacrifice\"><a href=\"https:\/\/schrittmacherfestival.nl\/de\/the-sacrifice\/\">The Sacrifice<\/a><\/h4>\n\n\n\n<p>Di 05.04.2022<\/p>\n<\/div>\n\n\n\n<div class=\"wp-block-column is-layout-flow wp-block-column-is-layout-flow\">\n<figure class=\"wp-block-image size-large\"><a href=\"https:\/\/schrittmacherfestival.nl\/de\/flow\/\"><img data-recalc-dims=\"1\" height=\"427\" width=\"640\" decoding=\"async\" src=\"https:\/\/i0.wp.com\/schrittmacherfestival.nl\/wp-content\/uploads\/2021\/12\/smf_22_Flow%C2%AEMichel_Bovay.20180228_-Flow_Linga_3943-1.jpg?resize=640%2C427&#038;ssl=1\" alt=\"\" class=\"wp-image-2818\"\/><\/a><\/figure>\n\n\n<h4 class=\"wp-block-heading\" id=\"linga-keda-ch\"><strong>Linga &amp; Keda\u00a0<\/strong><br\/><strong>(CH<\/strong>)<\/h4>\n\n\n\n<h4 class=\"wp-block-heading\" id=\"flow\"><a href=\"https:\/\/schrittmacherfestival.nl\/de\/flow\/\">Flow<\/a><\/h4>\n\n\n\n<p>Do 07.04. \u2013 So 10.04.2022<\/p>\n<\/div>\n\n\n\n<div class=\"wp-block-column is-layout-flow wp-block-column-is-layout-flow\"><\/div>\n<\/div>\n\n<hr class=\"wp-block-separator\"\/>\n","protected":false},"excerpt":{"rendered":"<p>performances Hofesh Shechter Company (GBR) Double murder Di 08.03.2022 + Mi 09.03.2022 Marina Cherry (USA\/SWE) and Cie Un Loup pour l\u2019Homme (FR) Only Bones v.1.6 and CUIR Mi 09.03. + Do 10.03.2022 Alexander Whitley Dance Company\u00a0(GBR) Overflow Fr 11.03. \u2013 Mo 14.03.2022 Faso Danse Th\u00e9\u00e2tre | Serge Aim\u00e9 Coulibaly &amp; Magic Malik (BE\/BDI) Wakatt Di 15.03.2022 Piergiorgio Milano\u00a0(BE\/IT) White Out [&hellip;]<\/p>\n","protected":false},"author":1,"featured_media":0,"parent":0,"menu_order":0,"comment_status":"closed","ping_status":"closed","template":"","meta":{"_acf_changed":false,"footnotes":""},"class_list":["post-3837","page","type-page","status-publish","hentry"],"aioseo_notices":[],"acf":[],"jetpack_sharing_enabled":true,"_links":{"self":[{"href":"https:\/\/schrittmacherfestival.nl\/de\/wp-json\/wp\/v2\/pages\/3837","targetHints":{"allow":["GET"]}}],"collection":[{"href":"https:\/\/schrittmacherfestival.nl\/de\/wp-json\/wp\/v2\/pages"}],"about":[{"href":"https:\/\/schrittmacherfestival.nl\/de\/wp-json\/wp\/v2\/types\/page"}],"author":[{"embeddable":true,"href":"https:\/\/schrittmacherfestival.nl\/de\/wp-json\/wp\/v2\/users\/1"}],"replies":[{"embeddable":true,"href":"https:\/\/schrittmacherfestival.nl\/de\/wp-json\/wp\/v2\/comments?post=3837"}],"version-history":[{"count":1,"href":"https:\/\/schrittmacherfestival.nl\/de\/wp-json\/wp\/v2\/pages\/3837\/revisions"}],"predecessor-version":[{"id":3838,"href":"https:\/\/schrittmacherfestival.nl\/de\/wp-json\/wp\/v2\/pages\/3837\/revisions\/3838"}],"wp:attachment":[{"href":"https:\/\/schrittmacherfestival.nl\/de\/wp-json\/wp\/v2\/media?parent=3837"}],"curies":[{"name":"wp","href":"https:\/\/api.w.org\/{rel}","templated":true}]}}