{"id":4675,"date":"2022-06-13T11:04:41","date_gmt":"2022-06-13T11:04:41","guid":{"rendered":"https:\/\/schrittmacherfestival.nl\/revisor\/"},"modified":"2023-03-28T11:34:26","modified_gmt":"2023-03-28T11:34:26","slug":"revisor","status":"publish","type":"page","link":"https:\/\/schrittmacherfestival.nl\/de\/revisor\/","title":{"rendered":"Revisor"},"content":{"rendered":"\n<h1 class=\"has-black-color has-text-color wp-block-heading\" id=\"hofesh-shechter-company-gbr\"><strong>Crystal Pite \/ Kidd Pivot (CDN)<\/strong><\/h1>\n\n<p><strong>Theater Heerlen \/ RABOzaal<\/strong><br\/><strong><strong><strong>Di 28.03.2023<\/strong><\/strong><\/strong> <strong>+ Mi 29.03.2023<\/strong><br\/><strong>20.00 Uhr <\/strong><br\/><strong>von 15,50 \u20ac<\/strong><\/p>\n\n<figure class=\"wp-block-image alignwide size-large\"><img data-recalc-dims=\"1\" fetchpriority=\"high\" decoding=\"async\" width=\"640\" height=\"260\" src=\"https:\/\/i0.wp.com\/schrittmacherfestival.nl\/wp-content\/uploads\/2023\/03\/revisor_shoot_15022019_389-photo_michael-slobodian.1230x500.jpg?resize=640%2C260&#038;ssl=1\" alt=\"\" class=\"wp-image-6584\" srcset=\"https:\/\/i0.wp.com\/schrittmacherfestival.nl\/wp-content\/uploads\/2023\/03\/revisor_shoot_15022019_389-photo_michael-slobodian.1230x500.jpg?resize=1024%2C416&amp;ssl=1 1024w, https:\/\/i0.wp.com\/schrittmacherfestival.nl\/wp-content\/uploads\/2023\/03\/revisor_shoot_15022019_389-photo_michael-slobodian.1230x500.jpg?resize=300%2C122&amp;ssl=1 300w, https:\/\/i0.wp.com\/schrittmacherfestival.nl\/wp-content\/uploads\/2023\/03\/revisor_shoot_15022019_389-photo_michael-slobodian.1230x500.jpg?resize=768%2C312&amp;ssl=1 768w, https:\/\/i0.wp.com\/schrittmacherfestival.nl\/wp-content\/uploads\/2023\/03\/revisor_shoot_15022019_389-photo_michael-slobodian.1230x500.jpg?resize=31%2C13&amp;ssl=1 31w, https:\/\/i0.wp.com\/schrittmacherfestival.nl\/wp-content\/uploads\/2023\/03\/revisor_shoot_15022019_389-photo_michael-slobodian.1230x500.jpg?w=1230&amp;ssl=1 1230w\" sizes=\"(max-width: 640px) 100vw, 640px\" \/><\/figure>\n<hr class=\"wp-block-separator has-css-opacity\"\/>\n\n<p>Crystal Pite ist Associate Choreographer beim Nederlands Dans Theater. 2012 erhielt sie beim schrit_tmacher Festival viel Lob f\u00fcr \u201eDark Matters&#8220;. 2020 sollte sie mit \u201eRevisor\u201c erneut dabei sein, doch Corona machte ihr einen Strich durch die Rechnung. Umso erfreulicher ist, dass sie dieses Meisterwerk nun hier pr\u00e4sentiert, nachdem es in diesem Jahr schon den prestigetr\u00e4chtigen Olivier Award f\u00fcr die beste neue Tanzproduktion 2022 gewinnen konnte.<\/p>\n\n<p>Pite schrieb \u201eRevisor\u201c gemeinsam mit dem B\u00fchnenautor Jonathan Young. In dieser hybriden Produktion an der Schnittstelle von Tanz, Theater und bildender Kunst sehen wir einer Gruppe von B\u00fcrokraten bei der Arbeit zu. Bei der Ankunft eines Revisors h\u00e4lt die Gruppe ihn f\u00fcr einen h\u00f6heren Beamten&#8230; Mit einem eindeutigen Verweis auf Gogols Klassiker von 1836 \u00e4u\u00dfern Pite und Young mit ihrem St\u00fcck bei\u00dfende Gesellschaftskritik.<\/p>\n\n<p><br\/>\u201cA nightmarish, beautiful, mind-blowing journey.\u201d \u2013 The Telegraph <em>\u2605\u2605\u2605\u2605\u2605<\/em><\/p>\n\n<p>\u201cMarvelously danced and superbly staged.\u201d \u2013 Independent <em>\u2605\u2605\u2605\u2605\u2605<\/em><\/p>\n\n<p><br\/>19.00 Uhr, INGzaal Einf\u00fchrung [nl] 3,50 \u20ac.<br\/>F\u00fcr Freunde von Parkstad Limburg Theaters Eintritt frei.<br\/>Mit anschlie\u00dfender Diskussion, Eintritt frei [eng]<\/p>\n\n<p>Dauer ~ 95 min. ohne Pause<\/p>\n\n<p><a href=\"https:\/\/schrittmacherfestival.nl\/de\/workshops-2023\/\"> Klicken Sie hier f\u00fcr weitere Informationen zum Workshop&#13;\n.<\/a><\/p>\n\n<hr class=\"wp-block-separator has-css-opacity\"\/>\n\n<div class=\"wp-block-buttons is-horizontal is-content-justification-center is-layout-flex wp-container-core-buttons-is-layout-499968f5 wp-block-buttons-is-layout-flex\">\n<div class=\"wp-block-button\"><a class=\"wp-block-button__link has-white-color has-black-background-color has-text-color has-background wp-element-button\" href=\"https:\/\/www.plt.nl\/bestel\/6375\" target=\"_blank\" rel=\"noreferrer noopener\"><strong>Tickets Di 28.03<\/strong><\/a><\/div>\n\n\n\n<div class=\"wp-block-button\"><a class=\"wp-block-button__link has-white-color has-black-background-color has-text-color has-background wp-element-button\" href=\"https:\/\/www.plt.nl\/bestel\/6376\" target=\"_blank\" rel=\"noreferrer noopener\"><strong>Tickets Mi 29.03<\/strong><\/a><\/div>\n<\/div>\n\n<hr class=\"wp-block-separator has-css-opacity\"\/>\n\n<figure class=\"wp-block-embed is-type-video is-provider-youtube wp-block-embed-youtube wp-embed-aspect-16-9 wp-has-aspect-ratio\"><div class=\"wp-block-embed__wrapper\">\r\n<iframe  id=\"_ytid_22589\"  width=\"640\" height=\"360\"  data-origwidth=\"640\" data-origheight=\"360\" src=\"https:\/\/www.youtube.com\/embed\/TAURcKfQc94?enablejsapi=1&#038;autoplay=0&#038;cc_load_policy=0&#038;cc_lang_pref=&#038;iv_load_policy=1&#038;loop=0&#038;rel=1&#038;fs=1&#038;playsinline=0&#038;autohide=2&#038;theme=dark&#038;color=red&#038;controls=1&#038;disablekb=0&#038;\" class=\"__youtube_prefs__  epyt-is-override  no-lazyload\" title=\"YouTube player\"  allow=\"fullscreen; accelerometer; autoplay; clipboard-write; encrypted-media; gyroscope; picture-in-picture; web-share\" referrerpolicy=\"strict-origin-when-cross-origin\" allowfullscreen data-no-lazy=\"1\" data-skipgform_ajax_framebjll=\"\"><\/iframe>\n<\/div><\/figure>\r\n\n<hr class=\"wp-block-separator has-css-opacity\"\/>\n\n<figure class=\"wp-block-gallery aligncenter has-nested-images columns-default is-cropped wp-block-gallery-1 is-layout-flex wp-block-gallery-is-layout-flex\">\n<figure class=\"wp-block-image size-large\"><img data-recalc-dims=\"1\" decoding=\"async\" width=\"600\" height=\"400\" data-id=\"6592\" src=\"https:\/\/i0.wp.com\/schrittmacherfestival.nl\/wp-content\/uploads\/2023\/03\/revisor_shoot_15022019_72-photo_michael-slobodian.600x800.jpg?resize=600%2C400&#038;ssl=1\" alt=\"\" class=\"wp-image-6592\" srcset=\"https:\/\/i0.wp.com\/schrittmacherfestival.nl\/wp-content\/uploads\/2023\/03\/revisor_shoot_15022019_72-photo_michael-slobodian.600x800.jpg?w=600&amp;ssl=1 600w, https:\/\/i0.wp.com\/schrittmacherfestival.nl\/wp-content\/uploads\/2023\/03\/revisor_shoot_15022019_72-photo_michael-slobodian.600x800.jpg?resize=300%2C200&amp;ssl=1 300w, https:\/\/i0.wp.com\/schrittmacherfestival.nl\/wp-content\/uploads\/2023\/03\/revisor_shoot_15022019_72-photo_michael-slobodian.600x800.jpg?resize=31%2C21&amp;ssl=1 31w\" sizes=\"(max-width: 600px) 100vw, 600px\" \/><\/figure>\n\n\n<figure class=\"wp-block-image size-large\"><img data-recalc-dims=\"1\" decoding=\"async\" width=\"534\" height=\"800\" data-id=\"6598\" src=\"https:\/\/i0.wp.com\/schrittmacherfestival.nl\/wp-content\/uploads\/2023\/03\/revisor_shoot_15022019_321-photo_michael-slobodian.600x800.jpg?resize=534%2C800&#038;ssl=1\" alt=\"\" class=\"wp-image-6598\" srcset=\"https:\/\/i0.wp.com\/schrittmacherfestival.nl\/wp-content\/uploads\/2023\/03\/revisor_shoot_15022019_321-photo_michael-slobodian.600x800.jpg?w=534&amp;ssl=1 534w, https:\/\/i0.wp.com\/schrittmacherfestival.nl\/wp-content\/uploads\/2023\/03\/revisor_shoot_15022019_321-photo_michael-slobodian.600x800.jpg?resize=200%2C300&amp;ssl=1 200w, https:\/\/i0.wp.com\/schrittmacherfestival.nl\/wp-content\/uploads\/2023\/03\/revisor_shoot_15022019_321-photo_michael-slobodian.600x800.jpg?resize=18%2C27&amp;ssl=1 18w\" sizes=\"(max-width: 534px) 100vw, 534px\" \/><\/figure>\n\n\n<figure class=\"wp-block-image size-large\"><img data-recalc-dims=\"1\" loading=\"lazy\" decoding=\"async\" width=\"600\" height=\"400\" data-id=\"6593\" src=\"https:\/\/i0.wp.com\/schrittmacherfestival.nl\/wp-content\/uploads\/2023\/03\/data46091069-99b345.600x800.jpg?resize=600%2C400&#038;ssl=1\" alt=\"\" class=\"wp-image-6593\" srcset=\"https:\/\/i0.wp.com\/schrittmacherfestival.nl\/wp-content\/uploads\/2023\/03\/data46091069-99b345.600x800.jpg?w=600&amp;ssl=1 600w, https:\/\/i0.wp.com\/schrittmacherfestival.nl\/wp-content\/uploads\/2023\/03\/data46091069-99b345.600x800.jpg?resize=300%2C200&amp;ssl=1 300w, https:\/\/i0.wp.com\/schrittmacherfestival.nl\/wp-content\/uploads\/2023\/03\/data46091069-99b345.600x800.jpg?resize=31%2C21&amp;ssl=1 31w\" sizes=\"(max-width: 600px) 100vw, 600px\" \/><\/figure>\n\n\n<figure class=\"wp-block-image size-large\"><img data-recalc-dims=\"1\" loading=\"lazy\" decoding=\"async\" width=\"600\" height=\"400\" data-id=\"6594\" src=\"https:\/\/i0.wp.com\/schrittmacherfestival.nl\/wp-content\/uploads\/2023\/03\/revisor_shoot_15022019_141-photo_michael-slobodian.600x800-1.jpg?resize=600%2C400&#038;ssl=1\" alt=\"\" class=\"wp-image-6594\" srcset=\"https:\/\/i0.wp.com\/schrittmacherfestival.nl\/wp-content\/uploads\/2023\/03\/revisor_shoot_15022019_141-photo_michael-slobodian.600x800-1.jpg?w=600&amp;ssl=1 600w, https:\/\/i0.wp.com\/schrittmacherfestival.nl\/wp-content\/uploads\/2023\/03\/revisor_shoot_15022019_141-photo_michael-slobodian.600x800-1.jpg?resize=300%2C200&amp;ssl=1 300w, https:\/\/i0.wp.com\/schrittmacherfestival.nl\/wp-content\/uploads\/2023\/03\/revisor_shoot_15022019_141-photo_michael-slobodian.600x800-1.jpg?resize=31%2C21&amp;ssl=1 31w\" sizes=\"(max-width: 600px) 100vw, 600px\" \/><\/figure><\/figure>\n\n<hr class=\"wp-block-separator has-css-opacity\"\/>\n\n<p><\/p>\n","protected":false},"excerpt":{"rendered":"<p>Crystal Pite \/ Kidd Pivot (CDN) Theater Heerlen \/ RABOzaalDi 28.03.2023 + Mi 29.03.202320.00 Uhr von 15,50 \u20ac Crystal Pite ist Associate Choreographer beim Nederlands Dans Theater. 2012 erhielt sie beim schrit_tmacher Festival viel Lob f\u00fcr \u201eDark Matters&#8220;. 2020 sollte sie mit \u201eRevisor\u201c erneut dabei sein, doch Corona machte ihr einen Strich durch die Rechnung. Umso erfreulicher ist, dass sie [&hellip;]<\/p>\n","protected":false},"author":1,"featured_media":0,"parent":0,"menu_order":0,"comment_status":"closed","ping_status":"closed","template":"","meta":{"_acf_changed":false,"footnotes":""},"class_list":["post-4675","page","type-page","status-publish","hentry"],"aioseo_notices":[],"acf":[],"jetpack_sharing_enabled":true,"_links":{"self":[{"href":"https:\/\/schrittmacherfestival.nl\/de\/wp-json\/wp\/v2\/pages\/4675","targetHints":{"allow":["GET"]}}],"collection":[{"href":"https:\/\/schrittmacherfestival.nl\/de\/wp-json\/wp\/v2\/pages"}],"about":[{"href":"https:\/\/schrittmacherfestival.nl\/de\/wp-json\/wp\/v2\/types\/page"}],"author":[{"embeddable":true,"href":"https:\/\/schrittmacherfestival.nl\/de\/wp-json\/wp\/v2\/users\/1"}],"replies":[{"embeddable":true,"href":"https:\/\/schrittmacherfestival.nl\/de\/wp-json\/wp\/v2\/comments?post=4675"}],"version-history":[{"count":9,"href":"https:\/\/schrittmacherfestival.nl\/de\/wp-json\/wp\/v2\/pages\/4675\/revisions"}],"predecessor-version":[{"id":6601,"href":"https:\/\/schrittmacherfestival.nl\/de\/wp-json\/wp\/v2\/pages\/4675\/revisions\/6601"}],"wp:attachment":[{"href":"https:\/\/schrittmacherfestival.nl\/de\/wp-json\/wp\/v2\/media?parent=4675"}],"curies":[{"name":"wp","href":"https:\/\/api.w.org\/{rel}","templated":true}]}}