{"id":4759,"date":"2022-06-13T13:47:58","date_gmt":"2022-06-13T13:47:58","guid":{"rendered":"https:\/\/schrittmacherfestival.nl\/sribi-switi\/"},"modified":"2023-01-26T10:18:47","modified_gmt":"2023-01-26T10:18:47","slug":"sribi-switi","status":"publish","type":"page","link":"https:\/\/schrittmacherfestival.nl\/de\/sribi-switi\/","title":{"rendered":"Sribi Switi (4+)"},"content":{"rendered":"\n<h1 class=\"has-black-color has-text-color wp-block-heading\" id=\"hofesh-shechter-company-gbr\">Lloyd Marengo (NL)<\/h1>\n\n<p><strong>Theater Heerlen \/ LIMBURGzaal<\/strong><br\/><strong><strong><strong>So 12.03.2023<\/strong><\/strong><\/strong><br\/><strong>13.00 Uhr <\/strong><br\/><strong>von 11,00 \u20ac.<\/strong><\/p>\n\n<figure class=\"wp-block-image alignwide size-large\"><img data-recalc-dims=\"1\" height=\"268\" width=\"640\" decoding=\"async\" src=\"https:\/\/i0.wp.com\/schrittmacherfestival.nl\/wp-content\/uploads\/2023\/01\/Sribi-Switi-campagnebeeld_Lloydscompany_%C2%A9-Rhaida-El-Touny_liggend-1-2-scaled-e1674728208994-1024x428.webp?resize=640%2C268&#038;ssl=1\" alt=\"\" class=\"wp-image-6369\"\/><\/figure>\n<hr class=\"wp-block-separator has-css-opacity\"\/>\n\n<h2 class=\"wp-block-heading\">Eine traumartige Hip-Hop-Tanzvorstellung<\/h2>\n\n<p>\u201eSribi Switi\u201c (Surinamisch f\u00fcr \u201eschlaf sch\u00f6n\u201c) ist eine heitere Vorstellung mit einer universellen Handlung, die von niederl\u00e4ndischen und surinamischen Kindergeschichten und -liedern inspiriert wurde. In einer unbeschwerten Traumwelt entf\u00fchren zwei Hip-Hop-T\u00e4nzer und ein Beatboxer den Betrachter auf eine n\u00e4chtliche Reise ins Land der Fantasie. Hip-Hop-Tanzstile wie Popping, Robotics, Tutting und Waving werden live mit Sounds unterlegt, Samples und Beatbox-Musik verschmelzen in einer vergn\u00fcglichen Welt miteinander, in der nichts so ist, wie es scheint und in der Tr\u00e4ume Wirklichkeit werden. <\/p>\n\n<p>Dauer: ~ 45 min. ohne Pause<\/p>\n\n<hr class=\"wp-block-separator has-css-opacity\"\/>\n\n<div class=\"wp-block-buttons is-horizontal is-content-justification-center is-layout-flex wp-container-core-buttons-is-layout-499968f5 wp-block-buttons-is-layout-flex\">\n<div class=\"wp-block-button\"><a class=\"wp-block-button__link has-white-color has-black-background-color has-text-color has-background wp-element-button\" href=\"https:\/\/www.plt.nl\/bestel\/9899\" target=\"_blank\" rel=\"noreferrer noopener\"><strong>Tickets So 12.03<\/strong><\/a><\/div>\n<\/div>\n\n<hr class=\"wp-block-separator has-css-opacity\"\/>\n\n<figure class=\"wp-block-embed is-type-video is-provider-youtube wp-block-embed-youtube wp-embed-aspect-4-3 wp-has-aspect-ratio\"><div class=\"wp-block-embed__wrapper\">\r\n<iframe  id=\"_ytid_55352\"  width=\"640\" height=\"480\"  data-origwidth=\"640\" data-origheight=\"480\" src=\"https:\/\/www.youtube.com\/embed\/PeXE0wevXF0?enablejsapi=1&#038;autoplay=0&#038;cc_load_policy=0&#038;cc_lang_pref=&#038;iv_load_policy=1&#038;loop=0&#038;rel=1&#038;fs=1&#038;playsinline=0&#038;autohide=2&#038;theme=dark&#038;color=red&#038;controls=1&#038;disablekb=0&#038;\" class=\"__youtube_prefs__  epyt-is-override  no-lazyload\" title=\"YouTube player\"  allow=\"fullscreen; accelerometer; autoplay; clipboard-write; encrypted-media; gyroscope; picture-in-picture; web-share\" referrerpolicy=\"strict-origin-when-cross-origin\" allowfullscreen data-no-lazy=\"1\" data-skipgform_ajax_framebjll=\"\"><\/iframe>\n<\/div><\/figure>\r\n\n<hr class=\"wp-block-separator has-css-opacity\"\/>\n\n<figure class=\"wp-block-gallery aligncenter has-nested-images columns-default is-cropped wp-block-gallery-1 is-layout-flex wp-block-gallery-is-layout-flex\">\n<figure class=\"wp-block-image size-large\"><img data-recalc-dims=\"1\" height=\"426\" width=\"640\" decoding=\"async\" data-id=\"6271\" src=\"https:\/\/i0.wp.com\/schrittmacherfestival.nl\/wp-content\/uploads\/2023\/01\/Sribi-Switi_Lloydscompany_%C2%A9Bart-Grietens-4.jpg?resize=640%2C426&#038;ssl=1\" alt=\"\" class=\"wp-image-6271\"\/><\/figure>\n\n\n<figure class=\"wp-block-image size-large\"><img data-recalc-dims=\"1\" height=\"960\" width=\"640\" decoding=\"async\" data-id=\"6273\" src=\"https:\/\/i0.wp.com\/schrittmacherfestival.nl\/wp-content\/uploads\/2023\/01\/Sribi-Switi_Lloydscompany_%C2%A9Bart-Grietens-15.jpg?resize=640%2C960&#038;ssl=1\" alt=\"\" class=\"wp-image-6273\"\/><\/figure>\n\n\n<figure class=\"wp-block-image size-large\"><img data-recalc-dims=\"1\" height=\"427\" width=\"640\" decoding=\"async\" data-id=\"6275\" src=\"https:\/\/i0.wp.com\/schrittmacherfestival.nl\/wp-content\/uploads\/2023\/01\/Sribi-Switi_Lloydscompany_%C2%A9Bart-Grietens-25.jpg?resize=640%2C427&#038;ssl=1\" alt=\"\" class=\"wp-image-6275\"\/><\/figure>\n\n\n<figure class=\"wp-block-image size-large\"><img data-recalc-dims=\"1\" height=\"426\" width=\"640\" decoding=\"async\" data-id=\"6277\" src=\"https:\/\/i0.wp.com\/schrittmacherfestival.nl\/wp-content\/uploads\/2023\/01\/Sribi-Switi_Lloydscompany_%C2%A9Bart-Grietens-28.jpg?resize=640%2C426&#038;ssl=1\" alt=\"\" class=\"wp-image-6277\"\/><\/figure>\n\n\n<figure class=\"wp-block-image size-large\"><img data-recalc-dims=\"1\" height=\"426\" width=\"640\" decoding=\"async\" data-id=\"6279\" src=\"https:\/\/i0.wp.com\/schrittmacherfestival.nl\/wp-content\/uploads\/2023\/01\/Sribi-Switi_Lloydscompany_%C2%A9Bart-Grietens-29.jpg?resize=640%2C426&#038;ssl=1\" alt=\"\" class=\"wp-image-6279\"\/><\/figure>\n\n\n<figure class=\"wp-block-image size-large\"><img data-recalc-dims=\"1\" height=\"426\" width=\"640\" decoding=\"async\" data-id=\"6281\" src=\"https:\/\/i0.wp.com\/schrittmacherfestival.nl\/wp-content\/uploads\/2023\/01\/Sribi-Switi_Lloydscompany_%C2%A9Bart-Grietens-33.jpg?resize=640%2C426&#038;ssl=1\" alt=\"\" class=\"wp-image-6281\"\/><\/figure>\n\n\n<figure class=\"wp-block-image size-large\"><img data-recalc-dims=\"1\" height=\"427\" width=\"640\" decoding=\"async\" data-id=\"6283\" src=\"https:\/\/i0.wp.com\/schrittmacherfestival.nl\/wp-content\/uploads\/2023\/01\/Sribi-Switi_Lloydscompany_%C2%A9Bart-Grietens-43.jpg?resize=640%2C427&#038;ssl=1\" alt=\"\" class=\"wp-image-6283\"\/><\/figure><\/figure>\n\n<hr class=\"wp-block-separator has-css-opacity\"\/>\n\n<p><\/p>\n","protected":false},"excerpt":{"rendered":"<p>Lloyd Marengo (NL) Theater Heerlen \/ LIMBURGzaalSo 12.03.202313.00 Uhr von 11,00 \u20ac. Eine traumartige Hip-Hop-Tanzvorstellung \u201eSribi Switi\u201c (Surinamisch f\u00fcr \u201eschlaf sch\u00f6n\u201c) ist eine heitere Vorstellung mit einer universellen Handlung, die von niederl\u00e4ndischen und surinamischen Kindergeschichten und -liedern inspiriert wurde. In einer unbeschwerten Traumwelt entf\u00fchren zwei Hip-Hop-T\u00e4nzer und ein Beatboxer den Betrachter auf eine n\u00e4chtliche Reise ins Land der Fantasie. Hip-Hop-Tanzstile [&hellip;]<\/p>\n","protected":false},"author":1,"featured_media":0,"parent":0,"menu_order":0,"comment_status":"closed","ping_status":"closed","template":"","meta":{"_acf_changed":false,"footnotes":""},"class_list":["post-4759","page","type-page","status-publish","hentry"],"aioseo_notices":[],"acf":[],"jetpack_sharing_enabled":true,"_links":{"self":[{"href":"https:\/\/schrittmacherfestival.nl\/de\/wp-json\/wp\/v2\/pages\/4759","targetHints":{"allow":["GET"]}}],"collection":[{"href":"https:\/\/schrittmacherfestival.nl\/de\/wp-json\/wp\/v2\/pages"}],"about":[{"href":"https:\/\/schrittmacherfestival.nl\/de\/wp-json\/wp\/v2\/types\/page"}],"author":[{"embeddable":true,"href":"https:\/\/schrittmacherfestival.nl\/de\/wp-json\/wp\/v2\/users\/1"}],"replies":[{"embeddable":true,"href":"https:\/\/schrittmacherfestival.nl\/de\/wp-json\/wp\/v2\/comments?post=4759"}],"version-history":[{"count":8,"href":"https:\/\/schrittmacherfestival.nl\/de\/wp-json\/wp\/v2\/pages\/4759\/revisions"}],"predecessor-version":[{"id":6374,"href":"https:\/\/schrittmacherfestival.nl\/de\/wp-json\/wp\/v2\/pages\/4759\/revisions\/6374"}],"wp:attachment":[{"href":"https:\/\/schrittmacherfestival.nl\/de\/wp-json\/wp\/v2\/media?parent=4759"}],"curies":[{"name":"wp","href":"https:\/\/api.w.org\/{rel}","templated":true}]}}